{"id":243,"date":"2022-02-21T20:59:03","date_gmt":"2022-02-21T23:59:03","guid":{"rendered":"https:\/\/cbr.org.br\/?page_id=243"},"modified":"2022-04-04T11:09:14","modified_gmt":"2022-04-04T14:09:14","slug":"historico","status":"publish","type":"page","link":"https:\/\/cbr.org.br\/en\/sobre\/historico\/","title":{"rendered":"Historic"},"content":{"rendered":"<h2 class=\"wp-block-heading\">CBR: since 1948 working for Brazilian Radiology<\/h2>\n\n\n\n<p><em>The Brazilian College of Radiology and Image Diagnosis (CBR) is a national entity, affiliated to the Brazilian Medical Association (AMB), which represents doctors in the specialty of Radiology and Imaging. Among the entity&#039;s main objectives are to disseminate scientific knowledge, defend the specialty, encourage professional improvement and support the principles of excellence in diagnostic and therapeutic imaging methods and procedures.<\/em><\/p>\n\n\n\n<p><strong>Founded in 1948, today the CBR has 27 affiliated regional societies, distributed in all regions of the country, and has around 10,000 associated radiologists.<\/strong><\/p>\n\n\n\n<p><em>The CBR was founded on September 15, 1948, on the occasion of the 1st Brazilian Radiology Conference, held at the Faculty of Medicine of the University of S\u00e3o Paulo (FMUSP), by professors Rafael de Barros, Jos\u00e9 Maria Cabello Campos, Carlos Os\u00f3rio Lopes , Adelaido Ribeiro, Jo\u00e3o Baptista Pulch\u00e9rio Filho and Walter Bomfim Pontes. The event brought together radiologists from all over the country and was created to promote, represent, coordinate activities, integrate, regulate and professionalize specialists in Radiology.<\/em><\/p>\n\n\n\n<p><em>In 1949, CBR gained its first headquarters, located on Rua Sete de Abril, in the central region of the city of S\u00e3o Paulo. At the time, radiologist Jos\u00e9 Maria Cabello Campos, responsible for the first management of the entity, assumed the presidency of the CBR, and, on the same occasion, Rafael de Barros was appointed as the College&#039;s First Honorary Member.<\/em><\/p>\n\n\n\n<p><em>In 1950, the CBR was made official, being registered as a company with legal personality, in the Registry of Deeds and Documents of the 3rd Office of S\u00e3o Paulo. In 1951, the CBR moved to Rua Marconi, 94, in the center of S\u00e3o Paulo and was declared a state public utility entity by Decree n\u00ba 1.268\/1951. In 1953, the College already had 150 associates, a number that, year after year, grew and offered the entity an important representativeness in the medical field.<\/em><\/p>\n\n\n\n<p><em>In the pursuit of quality in the provision of services, since 1992 the CBR has developed qualification programs in Mammography, Ultrasound, Computed Tomography and Magnetic Resonance. Each one is made up of a National Quality Commission which, after a series of evaluations and inspections, grants the Quality Seal in the specific area and the CBR Qualification Certificate.<\/em><\/p>\n\n\n\n<p><em>Throughout its history, the CBR has dedicated itself to the struggles of the medical profession and the professional development of its associate members. The entity&#039;s trajectory was and continues to be built through the work of radiologists from all over the country, who have dedicated themselves to the institution, whether forming part of the boards of each administration, or spontaneously collaborating in scientific activities and professional defense.<\/em><\/p>\n\n\n\n<p><em>CBR has always been behind the development of the specialty, which has ceased to be a part of the health care process and has become one of its most important areas. Today Radiology and Diagnostic Imaging is fundamental in the diagnostic and healing processes developed by other medical specialties and the College is proud to be part of this success story.<\/em><\/p>","protected":false},"excerpt":{"rendered":"<p>CBR: since 1948 working for Brazilian Radiology The Brazilian College of Radiology and Image Diagnosis (CBR) is a national entity, affiliated to the Brazilian Medical Association (AMB), which represents doctors in the specialty of Radiology and Imaging. Among the main objectives of the entity are to disseminate scientific knowledge, defend the specialty, encourage professional improvement and \u2026 <a href=\"https:\/\/cbr.org.br\/en\/sobre\/historico\/\">Keep reading<\/a><\/p>","protected":false},"author":15,"featured_media":0,"parent":26,"menu_order":0,"comment_status":"closed","ping_status":"closed","template":"","meta":{"_acf_changed":false,"footnotes":""},"class_list":["post-243","page","type-page","status-publish","hentry"],"acf":[],"_links":{"self":[{"href":"https:\/\/cbr.org.br\/en\/wp-json\/wp\/v2\/pages\/243","targetHints":{"allow":["GET"]}}],"collection":[{"href":"https:\/\/cbr.org.br\/en\/wp-json\/wp\/v2\/pages"}],"about":[{"href":"https:\/\/cbr.org.br\/en\/wp-json\/wp\/v2\/types\/page"}],"author":[{"embeddable":true,"href":"https:\/\/cbr.org.br\/en\/wp-json\/wp\/v2\/users\/15"}],"replies":[{"embeddable":true,"href":"https:\/\/cbr.org.br\/en\/wp-json\/wp\/v2\/comments?post=243"}],"version-history":[{"count":2,"href":"https:\/\/cbr.org.br\/en\/wp-json\/wp\/v2\/pages\/243\/revisions"}],"predecessor-version":[{"id":40639,"href":"https:\/\/cbr.org.br\/en\/wp-json\/wp\/v2\/pages\/243\/revisions\/40639"}],"up":[{"embeddable":true,"href":"https:\/\/cbr.org.br\/en\/wp-json\/wp\/v2\/pages\/26"}],"wp:attachment":[{"href":"https:\/\/cbr.org.br\/en\/wp-json\/wp\/v2\/media?parent=243"}],"curies":[{"name":"wp","href":"https:\/\/api.w.org\/{rel}","templated":true}]}}