{"id":41544,"date":"2022-05-27T17:32:07","date_gmt":"2022-05-27T20:32:07","guid":{"rendered":"https:\/\/cbr.org.br\/?page_id=41544"},"modified":"2023-04-14T14:12:24","modified_gmt":"2023-04-14T17:12:24","slug":"covid-19","status":"publish","type":"page","link":"https:\/\/cbr.org.br\/en\/covid-19\/","title":{"rendered":"Covid-19"},"content":{"rendered":"<figure class=\"wp-block-image size-full\"><img fetchpriority=\"high\" decoding=\"async\" width=\"1000\" height=\"150\" src=\"https:\/\/cbr.org.br\/wp-content\/uploads\/2022\/05\/Banner-Site-CBR-1000x150px_Coronavirus-1-omnzqe8vgo1335r6cu27ar8mksojroem95qiix42qk.png\" alt=\"\" class=\"wp-image-41545\" srcset=\"https:\/\/cbr.org.br\/wp-content\/uploads\/2022\/05\/Banner-Site-CBR-1000x150px_Coronavirus-1-omnzqe8vgo1335r6cu27ar8mksojroem95qiix42qk.png 1000w, https:\/\/cbr.org.br\/wp-content\/uploads\/2022\/05\/Banner-Site-CBR-1000x150px_Coronavirus-1-omnzqe8vgo1335r6cu27ar8mksojroem95qiix42qk-960x144.png 960w, https:\/\/cbr.org.br\/wp-content\/uploads\/2022\/05\/Banner-Site-CBR-1000x150px_Coronavirus-1-omnzqe8vgo1335r6cu27ar8mksojroem95qiix42qk-450x68.png 450w, https:\/\/cbr.org.br\/wp-content\/uploads\/2022\/05\/Banner-Site-CBR-1000x150px_Coronavirus-1-omnzqe8vgo1335r6cu27ar8mksojroem95qiix42qk-768x115.png 768w\" sizes=\"(max-width: 1000px) 100vw, 1000px\" \/><\/figure>\n\n\n\n<div class=\"wp-block-columns is-layout-flex wp-container-core-columns-is-layout-9d6595d7 wp-block-columns-is-layout-flex\">\n<div class=\"wp-block-column is-layout-flow wp-block-column-is-layout-flow\" style=\"flex-basis:50%\">\n<p>The Brazilian College of Radiology and Image Diagnosis (CBR) reserved this space for everyone: radiologists and diagnostic imaging physicians, medical colleagues from other specialties, professionals in the health area in general, journalists and opinion makers and, mainly, the population have access to responsible and quality information.<\/p>\n<\/div>\n\n\n\n<div class=\"wp-block-column is-layout-flow wp-block-column-is-layout-flow\" style=\"flex-basis:50%\"><\/div>\n<\/div>\n\n\n\n<div class=\"wp-block-columns is-layout-flex wp-container-core-columns-is-layout-9d6595d7 wp-block-columns-is-layout-flex\">\n<div class=\"wp-block-column is-layout-flow wp-block-column-is-layout-flow\" style=\"flex-basis:50%\">\n<p>In addition to the CBR recommendations, we have gathered here guidelines from other medical societies that seek to guide people to prevent themselves from the new Corona Virus.<\/p>\n<\/div>\n\n\n\n<div class=\"wp-block-column is-layout-flow wp-block-column-is-layout-flow\" style=\"flex-basis:50%\"><\/div>\n<\/div>\n\n\n\n<p>Follow!<\/p>\n\n\n\n<div style=\"height:10px\" aria-hidden=\"true\" class=\"wp-block-spacer\"><\/div>\n\n\n\n<hr class=\"wp-block-separator has-css-opacity\"\/>\n\n\n\n<div style=\"height:0px\" aria-hidden=\"true\" class=\"wp-block-spacer\"><\/div>\n\n\n<div class=\"lightweight-accordion bordered has-text-color has-background\"><details><summary class=\"lightweight-accordion-title\" style=\"color:#000000;background:#ffffff;\"><h2>CBR Documents and Recommendations<\/h2><\/summary><div class=\"lightweight-accordion-body\" style=\"border-color:#ffffff;\">\n\n<p><strong>\u25b6<\/strong> <a href=\"https:\/\/cbr.org.br\/wp-content\/uploads\/2020\/05\/Como-o-radiologista-deve-proceder-ao-se-deparar-com-anormalidades-pulmonares-15.05.2020-V1.pdf\" target=\"_blank\" rel=\"noreferrer noopener\">See how the radiologist should proceed when faced with lung abnormalities identified on CT scans of the abdomen during the SARS-CoV-2 pandemic?<\/a><\/p>\n\n\n\n<p><strong>\u25b6<\/strong> <a href=\"https:\/\/associadocbr.com.br\/wp-content\/uploads\/2020\/04\/Nota-T\u00e9cnica-n-04-2020-GVIMS-GGTES-ANVISA-ATUALIZADA.pdf-1.pdf\" target=\"_blank\" rel=\"noreferrer noopener\">Discover Anvisa&#039;s Technical Note No. 04-2020 GVIMS-GGTES.<\/a><\/p>\n\n\n\n<p><strong>\u25b6<\/strong> <a href=\"https:\/\/cbr.org.br\/wp-content\/uploads\/2020\/06\/Nota-t\u00e9cnica-06-2020-GVIMS-GGTES-ANVISA-revis\u00e3o-29-maio-2020.pdf\" target=\"_blank\" rel=\"noreferrer noopener\">Get to know technical note GVIMS\/GGTES\/ANVISA n\u00ba 06\/2020 \u2013 Guidelines for the prevention and control of infections by the new Coronavirus (SARS-CoV-2) in Anvisa surgical procedures.<\/a><\/p>\n\n\n\n<p><strong>\u25b6<\/strong> <a href=\"https:\/\/cbr.org.br\/wp-content\/uploads\/2020\/08\/Nota-Tecnica-GIMS-GGTES-ANVISA-N\u00ba-07-2020-atualizada-em-05-08-20-1.pdf\" target=\"_blank\" rel=\"noreferrer noopener\">Discover Technical Note No. 07-2020 GVIMS-GGTES guidelines for the prevention and epidemiological surveillance of SARS-CoV-2 (COVID-19) Infections within health services \u2013 08\/05\/2020 by Anvisa.<\/a><\/p>\n\n\n\n<p><strong>\u25b6<\/strong> <a href=\"https:\/\/associadocbr.com.br\/wp-content\/uploads\/2020\/03\/CBR_Carta-sobre-exames-eletivos_18_03_20_Id.-Visual.pdf\" target=\"_blank\" rel=\"noreferrer noopener\">Get to know the Letter on elective exams from the Brazilian College of Radiology and Imaging Diagnosis<\/a><\/p>\n\n\n\n<p><strong>\u25b6<\/strong> <a href=\"https:\/\/cbr.org.br\/wp-content\/uploads\/2020\/04\/CBR_COVID-19-e-seus-impactos-legais-no-Brasil_compilado-do-que-o-associado-precisa-saber.pdf\" target=\"_blank\" rel=\"noreferrer noopener\">Learn about the legal impacts of COVID-19 in Brazil \u2013 Compiled from what members need to know<\/a><\/p>\n\n\n\n<p><strong>\u25b6<\/strong> <a href=\"https:\/\/cbr.org.br\/wp-content\/uploads\/2020\/12\/CBR_Cuidados-espec%C3%ADficos-para-servi\u00e7os-de-ultrassonografia-diagn\u00f3stica-durante-o-surto-de-COVID-19_v3_11_12_2020.pdf\" target=\"_blank\" rel=\"noreferrer noopener\">Learn about the specific care for diagnostic ultrasound services during the COVID-19 outbreak<\/a><\/p>\n\n\n\n<p><strong>\u25b6<\/strong> <a href=\"https:\/\/cbr.org.br\/wp-content\/uploads\/2020\/03\/Interpreta\u00e7\u00e3o-dos-achados-de-imagem_21_03_20.pdf\" target=\"_blank\" rel=\"noreferrer noopener\">Get to know the CBR Guide_Image findings in COVID-19_Indication and interpretation.<\/a><\/p>\n\n\n\n<p><strong>\u25b6<\/strong> <a href=\"https:\/\/cbr.org.br\/wp-content\/uploads\/2020\/03\/NOTA-CONJUNTA-DO-CBR_FEBRASGO_SBMSOBRE-AS-ORIENTA\u00c7\u00d5ES-PARA-AGENDAMENTO-DOS-EXAMES-DE-DE-IMAGEM-DA-MAMA-DURANTE-A-PANDEMIA-DE-COVID-19-.pdf\" target=\"_blank\" rel=\"noreferrer noopener\">Find out about the CBR-Febrasgo-SBM Joint Note on guidelines for scheduling Breast Imaging exams during the COVID-19 pandemic.<\/a><\/p>\n\n\n\n<p><strong>\u25b6<\/strong> <a href=\"https:\/\/cbr.org.br\/wp-content\/uploads\/2020\/04\/Covid-Recomenda\u00e7\u00e3o-For\u00e7a-Tarefa-min.pdf\" target=\"_blank\" rel=\"noreferrer noopener\">Learn about the Guidelines on Diagnosis, Treatment and Isolation of Patients with COVID-19.<\/a><\/p>\n\n\n\n<p><strong>\u25b6<\/strong> <a href=\"https:\/\/associadocbr.com.br\/wp-content\/uploads\/2020\/03\/RECOMENDA\u00c7\u00d5ES-da-CNRM-PARA-ENFRENTAMENTO-DA-PANDEMIA-2.pdf\" target=\"_blank\" rel=\"noreferrer noopener\">Learn about the CNRM Recommendations for coping with the pandemic.<\/a><\/p>\n\n\n\n<p><strong>\u25b6<\/strong> <a href=\"https:\/\/cbr.org.br\/wp-content\/uploads\/2020\/03\/CBR_Recomenda\u00e7\u00f5es-da-CEAR-sobre-o-documento-da-CNRM-Covid-19.pdf\" target=\"_blank\" rel=\"noreferrer noopener\">Learn about CEAR&#039;s Recommendations for coping with the pandemic.<\/a><\/p>\n\n\n\n<p><strong>\u25b6<\/strong> <a href=\"https:\/\/cbr.org.br\/wp-content\/uploads\/2020\/10\/Recomenda\u00e7\u00f5es-da-CEAR-a-respeito-das-retomadas-das-atividades-p\u00f3s-pandemia.pdf\" target=\"_blank\" rel=\"noreferrer noopener\">CEAR recommendations regarding the resumption of post-pandemic activities.<\/a><\/p>\n\n\n\n<p><strong>\u25b6<\/strong> <a href=\"https:\/\/cbr.org.br\/wp-content\/uploads\/2021\/06\/RECOMENDACAO-CEAR_APERFEICOANDA-GESTANTE_COVID_19.pdf\" target=\"_blank\" rel=\"noreferrer noopener\">CEAR&#039;s recommendations to pregnant perfectees.<\/a><\/p>\n\n\n\n<p><strong>\u25b6<\/strong> <a href=\"https:\/\/cbr.org.br\/wp-content\/uploads\/2020\/06\/Recomendacoes-de-uso-de-metodos-de-imagem-para-pacientes-suspeitos-de-infeccao-pelo-COVID19_v3.pdf\" target=\"_blank\" rel=\"noreferrer noopener\">Check out the COVID-19 imaging recommendations from the Brazilian College of Radiology and Image Diagnosis<\/a><\/p>\n\n\n\n<p><strong>\u25b6<\/strong> <a href=\"https:\/\/associadocbr.com.br\/wp-content\/uploads\/2020\/03\/CBR_Recomenda\u00e7\u00f5es-gerais-de-preven\u00e7\u00e3o-de-infec\u00e7\u00e3o-pelo-COVID-19-para-cl%C3%ADnicas-e-servi\u00e7os-hospitalares-de-diagn\u00f3stico-por-imagem.pdf\" target=\"_blank\" rel=\"noreferrer noopener\">Learn about the recommendations of the Brazilian College of Radiology and Diagnostic Imaging for the prevention of COVID-19 for clinics and hospital diagnostic imaging services.<\/a><\/p>\n\n\n\n<p><strong>\u25b6<\/strong> <a href=\"https:\/\/associadocbr.com.br\/wp-content\/uploads\/2020\/05\/POCUS_COVID_19_ABRAMEDE_2.101.pdf\" target=\"_blank\" rel=\"noreferrer noopener\">See Recommendations for the use of Point of Care Ultrasound (POCUS) in the initial care of COVID-19 Version #2 \/2020 Updated 5\/25\/20<\/a><\/p>\n\n\n\n<p><strong>\u25b6<\/strong> <a href=\"https:\/\/cbr.org.br\/wp-content\/uploads\/2020\/04\/SOBRICE-COVID19.pdf\" target=\"_blank\" rel=\"noreferrer noopener\">Learn about the specific recommendations on patient care by interventional physicians during the COVID-19 pandemic from the Brazilian Society of Interventional Radiology and Endovascular Surgery (Sobrice) and the Brazilian College of Radiology and Diagnostic Imaging (CBR).<\/a><\/p>\n\n\n\n<p class=\"has-small-font-size\">*(The documents are periodically revised, including the update date and version);&nbsp;<br>**Documents prepared by CBR and also in partnership with partner institutions.<\/p>\n\n<\/div><\/details><\/div>\n\n\n<div style=\"height:10px\" aria-hidden=\"true\" class=\"wp-block-spacer\"><\/div>\n\n\n\n<hr class=\"wp-block-separator has-css-opacity\"\/>\n\n\n\n<div style=\"height:0px\" aria-hidden=\"true\" class=\"wp-block-spacer\"><\/div>\n\n\n<div class=\"lightweight-accordion bordered has-text-color has-background\"><details><summary class=\"lightweight-accordion-title\" style=\"color:#000000;background:#ffffff;\"><h2>Recommendations from other entities<\/h2><\/summary><div class=\"lightweight-accordion-body\" style=\"border-color:#ffffff;\">\n\n<p><strong>\u25b6<\/strong> <a href=\"https:\/\/associadocbr.com.br\/wp-content\/uploads\/2020\/03\/POSICIONAMENTO_ABRAMEDE_-_CORONAVIRUS_-_03-__10032020.pdf\" target=\"_blank\" rel=\"noreferrer noopener\">Find out about the positioning of the Brazilian Association of Medical Emergencies (Abramede).<\/a><\/p>\n\n\n\n<p><strong>\u25b6<\/strong> <a href=\"https:\/\/associadocbr.com.br\/wp-content\/uploads\/2020\/03\/Protocolo_de_Intubacao_Orotraqueal.pdf\" target=\"_blank\" rel=\"noreferrer noopener\">Discover the recommendations of the Brazilian Association of Medical Emergencies (Abramede), the Intensive Association of Brazilian Medicine (AMIB) and the Brazilian Medical Association (AMB) for Orotracheal Intubation for suspected or confirmed cases of COVID-19.<\/a><\/p>\n\n\n\n<p><strong>\u25b6<\/strong> <a href=\"https:\/\/associadocbr.com.br\/wp-content\/uploads\/2020\/03\/Protocolo_Manejo_Broncoespasmo.pdf\" target=\"_blank\" rel=\"noreferrer noopener\">Learn about the bronchospasm management protocol in suspected or confirmed cases of COVID-19 from the Brazilian Association of Medical Emergencies (Abramede), Intensive Association of Brazilian Medicine (AMIB) and Brazilian Medical Association (AMB).<\/a><\/p>\n\n\n\n<p><strong>\u25b6<\/strong> <a href=\"https:\/\/associadocbr.com.br\/wp-content\/uploads\/2020\/03\/protocolo_oxigenioterapia_covid19.pdf\" target=\"_blank\" rel=\"noreferrer noopener\">Learn about the oxygen supplementation protocol in patients with suspected or confirmed COVID-19 infection from the Brazilian Association of Medical Emergencies (Abramede), Associa\u00e7\u00e3o Intensiva de Medicina Brasileira (AMIB) and Associa\u00e7\u00e3o M\u00e9dica Brasileira (AMB).<\/a><\/p>\n\n\n\n<p><strong>\u25b6<\/strong> <a href=\"https:\/\/www.acr.org\/Coronavirus-Covid-19-Resources\" target=\"_blank\" rel=\"noreferrer noopener\">Check out the American College of Radiology website on COVID-19.<\/a><\/p>\n\n\n\n<p><strong>\u25b6<\/strong> <a href=\"https:\/\/associadocbr.com.br\/wp-content\/uploads\/2020\/05\/Diretrizes-para-o-Tratamento-Farmacologico-da-COVID-v18mai2020-1.pdf\" target=\"_blank\" rel=\"noreferrer noopener\">Get to know the Guidelines for the Pharmacological Treatment of COVID-19 from AMIB, SBI and SBPT.<\/a><\/p>\n\n\n\n<p><strong>\u25b6<\/strong> <a href=\"https:\/\/associadocbr.com.br\/wp-content\/uploads\/2020\/04\/Nota-T\u00e9cnica-n-04-2020-GVIMS-GGTES-ANVISA-ATUALIZADA.pdf-1.pdf\" target=\"_blank\" rel=\"noreferrer noopener\">Discover Anvisa&#039;s Technical Note No. 04-2020 GVIMS-GGTES.<\/a><\/p>\n\n\n\n<p><strong>\u25b6<\/strong> <a href=\"https:\/\/www.acronline.org\/COVID-19\" target=\"_blank\" rel=\"noreferrer noopener\">Discover the Asociaci\u00f3n Colombiana de Radiolog\u00eda website on COVID-19.<\/a><\/p>\n\n\n\n<p><strong>\u25b6<\/strong> <a rel=\"noreferrer noopener\" href=\"https:\/\/www.webcir.org\/noticir\/2020_vol17_n04\/por\/n0.html\" target=\"_blank\">Discover the website of the Colegio Interamericano de Radiolog\u00eda \u2013 CIR on COVID-19.<\/a>     <strong><a rel=\"noreferrer noopener\" href=\"https:\/\/www.webcir.org\/noticir\/2020_vol17_n04\/esp\/n0.html\" target=\"_blank\">Spanish<\/a><\/strong> &#8211; <a rel=\"noreferrer noopener\" href=\"https:\/\/www.webcir.org\/noticir\/2020_vol17_n04\/eng\/n0.html\" target=\"_blank\">I<\/a><strong><a rel=\"noreferrer noopener\" href=\"https:\/\/www.webcir.org\/noticir\/2020_vol17_n04\/eng\/n0.html\" target=\"_blank\">english<\/a><\/strong><\/p>\n\n\n\n<p><strong>\u25b6<\/strong> <a href=\"https:\/\/www.myesr.org\/covid-19-resources\" target=\"_blank\" rel=\"noreferrer noopener\">Discover the website of the European Society of Radiology \u2013 ESR on COVID-19.<\/a><\/p>\n\n\n\n<p><strong>\u25b6<\/strong> <a href=\"https:\/\/associadocbr.com.br\/wp-content\/uploads\/2020\/03\/plano_de_contingencia_coronavirus_Fiocruz_2020-03-13_Menor.pdf\" target=\"_blank\" rel=\"noreferrer noopener\">Get to know FioCruz&#039;s contingency plan in the face of the SARS-CoV2 (Covid-19) disease pandemic.<\/a><\/p>\n\n\n\n<p><strong>\u25b6<\/strong> <a href=\"https:\/\/cbr.org.br\/wp-content\/uploads\/2020\/04\/ISR_COVID.pdf\" target=\"_blank\" rel=\"noreferrer noopener\">Learn about the recommendations for radiologists from the International Society of Radiology (ISR) regarding COVID-19.<\/a><\/p>\n\n\n\n<p><strong>\u25b6<\/strong> <a href=\"https:\/\/www.isuog.org\/clinical-resources\/coronavirus-covid-19-resources.html\" target=\"_blank\" rel=\"noreferrer noopener\">Check out the International Society of Ultrasound in Obstetrics and Gynecology (ISUOG) website on COVID-19.<\/a><\/p>\n\n\n\n<p><strong>\u25b6<\/strong> <a href=\"https:\/\/www.rsna.org\/covid-19\" target=\"_blank\" rel=\"noreferrer noopener\">Discover the Radiological Society of North America (RSNA) website on COVID-19.<\/a><\/p>\n\n\n\n<p><strong>\u25b6<\/strong> <a href=\"https:\/\/covid19.espacio-seram.com\/index.php\" target=\"_blank\" rel=\"noreferrer noopener\">Discover the website of the Sociedad Espa\u00f1ola de Radiolog\u00eda M\u00e9dica \u2013 SERAM on COVID-19.<\/a><\/p>\n\n\n\n<p><strong>\u25b6<\/strong> <a href=\"https:\/\/associadocbr.com.br\/wp-content\/uploads\/2020\/03\/Informativo-em-PDF-CoV-12-03-2020.pdf.pdf\" target=\"_blank\" rel=\"noreferrer noopener\">Check out the guidelines of the Brazilian Society of Infectology (SBI) on the new coronavirus.<\/a><\/p>\n\n\n\n<p><strong>\u25b6<\/strong> <a href=\"https:\/\/cbr.org.br\/wp-content\/uploads\/2020\/04\/NotaEsclarecimentoSBI_02-04_Mascaras-1.pdf\" target=\"_blank\" rel=\"noreferrer noopener\">Check out the Clarification Note from the Brazilian Society of Infectious Diseases (SBI) on the use of masks in the COVID-19 pandemic.<\/a><\/p>\n\n\n\n<p><strong>\u25b6<\/strong> <a href=\"https:\/\/ebulletin.radiologie.fr\/covid19\" target=\"_blank\" rel=\"noreferrer noopener\">Discover the website of the Soci\u00e9t\u00e9 Fran\u00e7aise de Radiologie \u2013 SFR on COVID-19.<\/a><\/p>\n\n\n\n<p><strong>\u25b6<\/strong> <a href=\"https:\/\/arrs.org\/covid19\" target=\"_blank\" rel=\"noreferrer noopener\">Check out The American Roentgen Ray Society (ARRS) website on COVID-19.<\/a><\/p>\n\n\n\n<p><strong>\u25b6<\/strong> <a href=\"https:\/\/www.bir.org.uk\/useful-information\/covid-19-resources.aspx\" target=\"_blank\" rel=\"noreferrer noopener\">Discover the website of The British Institute Radiology (BIR) about COVID-19.<\/a><\/p>\n\n<\/div><\/details><\/div>\n\n\n<div style=\"height:10px\" aria-hidden=\"true\" class=\"wp-block-spacer\"><\/div>","protected":false},"excerpt":{"rendered":"<p>The Brazilian College of Radiology and Image Diagnosis (CBR) reserved this space for everyone: radiologists and diagnostic imaging physicians, medical colleagues from other specialties, professionals in the health area in general, journalists and opinion makers and, mainly, the population have access to responsible and quality information. In addition to recommendations\u2026 <a href=\"https:\/\/cbr.org.br\/en\/covid-19\/\">Keep reading<\/a><\/p>","protected":false},"author":17,"featured_media":0,"parent":0,"menu_order":0,"comment_status":"closed","ping_status":"closed","template":"","meta":{"_acf_changed":false,"footnotes":""},"class_list":["post-41544","page","type-page","status-publish","hentry"],"acf":[],"_links":{"self":[{"href":"https:\/\/cbr.org.br\/en\/wp-json\/wp\/v2\/pages\/41544","targetHints":{"allow":["GET"]}}],"collection":[{"href":"https:\/\/cbr.org.br\/en\/wp-json\/wp\/v2\/pages"}],"about":[{"href":"https:\/\/cbr.org.br\/en\/wp-json\/wp\/v2\/types\/page"}],"author":[{"embeddable":true,"href":"https:\/\/cbr.org.br\/en\/wp-json\/wp\/v2\/users\/17"}],"replies":[{"embeddable":true,"href":"https:\/\/cbr.org.br\/en\/wp-json\/wp\/v2\/comments?post=41544"}],"version-history":[{"count":3,"href":"https:\/\/cbr.org.br\/en\/wp-json\/wp\/v2\/pages\/41544\/revisions"}],"predecessor-version":[{"id":45114,"href":"https:\/\/cbr.org.br\/en\/wp-json\/wp\/v2\/pages\/41544\/revisions\/45114"}],"wp:attachment":[{"href":"https:\/\/cbr.org.br\/en\/wp-json\/wp\/v2\/media?parent=41544"}],"curies":[{"name":"wp","href":"https:\/\/api.w.org\/{rel}","templated":true}]}}