{"id":43421,"date":"2022-11-16T08:05:12","date_gmt":"2022-11-16T11:05:12","guid":{"rendered":"https:\/\/cbr.org.br\/?page_id=43421"},"modified":"2026-02-11T16:44:28","modified_gmt":"2026-02-11T19:44:28","slug":"pareceres","status":"publish","type":"page","link":"https:\/\/cbr.org.br\/en\/pareceres\/","title":{"rendered":"Opinions"},"content":{"rendered":"<div data-elementor-type=\"wp-page\" data-elementor-id=\"43421\" class=\"elementor elementor-43421\" data-elementor-post-type=\"page\">\n\t\t\t\t<div class=\"elementor-element elementor-element-8119608 e-flex e-con-boxed e-con e-parent\" data-id=\"8119608\" data-element_type=\"container\">\n\t\t\t\t\t<div class=\"e-con-inner\">\n\t\t\t\t<div class=\"elementor-element elementor-element-f788034 elementor-widget elementor-widget-spacer\" data-id=\"f788034\" data-element_type=\"widget\" data-widget_type=\"spacer.default\">\n\t\t\t\t<div class=\"elementor-widget-container\">\n\t\t\t\t\t\t\t<div class=\"elementor-spacer\">\n\t\t\t<div class=\"elementor-spacer-inner\"><\/div>\n\t\t<\/div>\n\t\t\t\t\t\t<\/div>\n\t\t\t\t<\/div>\n\t\t\t\t\t<\/div>\n\t\t\t\t<\/div>\n\t\t<div class=\"elementor-element elementor-element-b46eeb5 e-flex e-con-boxed e-con e-parent\" data-id=\"b46eeb5\" data-element_type=\"container\">\n\t\t\t\t\t<div class=\"e-con-inner\">\n\t\t\t\t<div class=\"elementor-element elementor-element-7bce6bf elementor-widget elementor-widget-text-editor\" data-id=\"7bce6bf\" data-element_type=\"widget\" data-widget_type=\"text-editor.default\">\n\t\t\t\t<div class=\"elementor-widget-container\">\n\t\t\t\t\t\t\t\t\t<p>Find below the collection of opinions issued by the commissions of the Brazilian College of Radiology and Imaging Diagnostics (CBR):<\/p>\t\t\t\t\t\t\t\t<\/div>\n\t\t\t\t<\/div>\n\t\t\t\t\t<\/div>\n\t\t\t\t<\/div>\n\t\t<div class=\"elementor-element elementor-element-85ea618 e-flex e-con-boxed e-con e-parent\" data-id=\"85ea618\" data-element_type=\"container\">\n\t\t\t\t\t<div class=\"e-con-inner\">\n\t\t\t\t<div class=\"elementor-element elementor-element-911e583 elementor-widget elementor-widget-spacer\" data-id=\"911e583\" data-element_type=\"widget\" data-widget_type=\"spacer.default\">\n\t\t\t\t<div class=\"elementor-widget-container\">\n\t\t\t\t\t\t\t<div class=\"elementor-spacer\">\n\t\t\t<div class=\"elementor-spacer-inner\"><\/div>\n\t\t<\/div>\n\t\t\t\t\t\t<\/div>\n\t\t\t\t<\/div>\n\t\t\t\t\t<\/div>\n\t\t\t\t<\/div>\n\t\t<div class=\"elementor-element elementor-element-07a2246 e-flex e-con-boxed e-con e-parent\" data-id=\"07a2246\" data-element_type=\"container\">\n\t\t\t\t\t<div class=\"e-con-inner\">\n\t\t<div class=\"elementor-element elementor-element-da0c79e e-con-full e-flex e-con e-child\" data-id=\"da0c79e\" data-element_type=\"container\">\n\t\t\t\t<div class=\"elementor-element elementor-element-5c9710f elementor-widget elementor-widget-image\" data-id=\"5c9710f\" data-element_type=\"widget\" data-widget_type=\"image.default\">\n\t\t\t\t<div class=\"elementor-widget-container\">\n\t\t\t\t\t\t\t\t\t\t\t\t\t\t\t<img fetchpriority=\"high\" decoding=\"async\" width=\"1620\" height=\"1080\" src=\"https:\/\/cbr.org.br\/wp-content\/uploads\/2023\/06\/SiteCBR_Parecer_DefesaProfissional.jpg\" class=\"attachment-large size-large wp-image-46051\" alt=\"\" srcset=\"https:\/\/cbr.org.br\/wp-content\/uploads\/2023\/06\/SiteCBR_Parecer_DefesaProfissional.jpg 1620w, https:\/\/cbr.org.br\/wp-content\/uploads\/2023\/06\/SiteCBR_Parecer_DefesaProfissional-810x540.jpg 810w, https:\/\/cbr.org.br\/wp-content\/uploads\/2023\/06\/SiteCBR_Parecer_DefesaProfissional-381x254.jpg 381w, https:\/\/cbr.org.br\/wp-content\/uploads\/2023\/06\/SiteCBR_Parecer_DefesaProfissional-768x512.jpg 768w, https:\/\/cbr.org.br\/wp-content\/uploads\/2023\/06\/SiteCBR_Parecer_DefesaProfissional-1536x1024.jpg 1536w, https:\/\/cbr.org.br\/wp-content\/uploads\/2023\/06\/SiteCBR_Parecer_DefesaProfissional-18x12.jpg 18w\" sizes=\"(max-width: 1620px) 100vw, 1620px\" \/>\t\t\t\t\t\t\t\t\t\t\t\t\t\t\t<\/div>\n\t\t\t\t<\/div>\n\t\t\t\t<div class=\"elementor-element elementor-element-f15384d elementor-widget elementor-widget-text-editor\" data-id=\"f15384d\" data-element_type=\"widget\" data-widget_type=\"text-editor.default\">\n\t\t\t\t<div class=\"elementor-widget-container\">\n\t\t\t\t\t\t\t\t\t<h4 style=\"text-align: center;\"><strong>Professional Defense Committee<\/strong><\/h4>\t\t\t\t\t\t\t\t<\/div>\n\t\t\t\t<\/div>\n\t\t\t\t<div class=\"elementor-element elementor-element-0c31033 elementor-align-center elementor-widget elementor-widget-button\" data-id=\"0c31033\" data-element_type=\"widget\" data-widget_type=\"button.default\">\n\t\t\t\t<div class=\"elementor-widget-container\">\n\t\t\t\t\t\t\t\t\t<div class=\"elementor-button-wrapper\">\n\t\t\t\t\t<a class=\"elementor-button elementor-button-link elementor-size-sm\" href=\"https:\/\/cbr.org.br\/en\/comissao-de-defesa-profissional-cbr\/\">\n\t\t\t\t\t\t<span class=\"elementor-button-content-wrapper\">\n\t\t\t\t\t\t\t\t\t<span class=\"elementor-button-text\">Access here<\/span>\n\t\t\t\t\t<\/span>\n\t\t\t\t\t<\/a>\n\t\t\t\t<\/div>\n\t\t\t\t\t\t\t\t<\/div>\n\t\t\t\t<\/div>\n\t\t\t\t<\/div>\n\t\t<div class=\"elementor-element elementor-element-a8e32dd e-con-full e-flex e-con e-child\" data-id=\"a8e32dd\" data-element_type=\"container\">\n\t\t\t\t<div class=\"elementor-element elementor-element-6e68886 elementor-widget elementor-widget-image\" data-id=\"6e68886\" data-element_type=\"widget\" data-widget_type=\"image.default\">\n\t\t\t\t<div class=\"elementor-widget-container\">\n\t\t\t\t\t\t\t\t\t\t\t\t\t\t\t<img decoding=\"async\" width=\"1620\" height=\"1080\" src=\"https:\/\/cbr.org.br\/wp-content\/uploads\/2023\/06\/CNM_Parecer-1620x1080-3.png\" class=\"attachment-large size-large wp-image-46050\" alt=\"\" srcset=\"https:\/\/cbr.org.br\/wp-content\/uploads\/2023\/06\/CNM_Parecer-1620x1080-3.png 1620w, https:\/\/cbr.org.br\/wp-content\/uploads\/2023\/06\/CNM_Parecer-1620x1080-3-810x540.png 810w, https:\/\/cbr.org.br\/wp-content\/uploads\/2023\/06\/CNM_Parecer-1620x1080-3-381x254.png 381w, https:\/\/cbr.org.br\/wp-content\/uploads\/2023\/06\/CNM_Parecer-1620x1080-3-768x512.png 768w, https:\/\/cbr.org.br\/wp-content\/uploads\/2023\/06\/CNM_Parecer-1620x1080-3-1536x1024.png 1536w, https:\/\/cbr.org.br\/wp-content\/uploads\/2023\/06\/CNM_Parecer-1620x1080-3-18x12.png 18w\" sizes=\"(max-width: 1620px) 100vw, 1620px\" \/>\t\t\t\t\t\t\t\t\t\t\t\t\t\t\t<\/div>\n\t\t\t\t<\/div>\n\t\t\t\t<div class=\"elementor-element elementor-element-809e84b elementor-widget elementor-widget-text-editor\" data-id=\"809e84b\" data-element_type=\"widget\" data-widget_type=\"text-editor.default\">\n\t\t\t\t<div class=\"elementor-widget-container\">\n\t\t\t\t\t\t\t\t\t<h4 style=\"text-align: center;\">National Mammography Commission (CNM)<\/h4>\t\t\t\t\t\t\t\t<\/div>\n\t\t\t\t<\/div>\n\t\t\t\t<div class=\"elementor-element elementor-element-af07be8 elementor-align-center elementor-widget elementor-widget-button\" data-id=\"af07be8\" data-element_type=\"widget\" data-widget_type=\"button.default\">\n\t\t\t\t<div class=\"elementor-widget-container\">\n\t\t\t\t\t\t\t\t\t<div class=\"elementor-button-wrapper\">\n\t\t\t\t\t<a class=\"elementor-button elementor-button-link elementor-size-sm\" href=\"https:\/\/cbr.org.br\/en\/comissao-nacional-de-mamografia\/\">\n\t\t\t\t\t\t<span class=\"elementor-button-content-wrapper\">\n\t\t\t\t\t\t\t\t\t<span class=\"elementor-button-text\">Access here<\/span>\n\t\t\t\t\t<\/span>\n\t\t\t\t\t<\/a>\n\t\t\t\t<\/div>\n\t\t\t\t\t\t\t\t<\/div>\n\t\t\t\t<\/div>\n\t\t\t\t<\/div>\n\t\t<div class=\"elementor-element elementor-element-cbaaeff e-con-full e-flex e-con e-child\" data-id=\"cbaaeff\" data-element_type=\"container\">\n\t\t\t\t<div class=\"elementor-element elementor-element-ad0d9ed elementor-widget elementor-widget-image\" data-id=\"ad0d9ed\" data-element_type=\"widget\" data-widget_type=\"image.default\">\n\t\t\t\t<div class=\"elementor-widget-container\">\n\t\t\t\t\t\t\t\t\t\t\t\t\t\t\t<img decoding=\"async\" width=\"1620\" height=\"1080\" src=\"https:\/\/cbr.org.br\/wp-content\/uploads\/2022\/11\/medical-technician-starting-mri-scan-procedure-of-mature-patient-in-examination-room-1620x1080.jpg\" class=\"attachment-large size-large wp-image-43423\" alt=\"\" srcset=\"https:\/\/cbr.org.br\/wp-content\/uploads\/2022\/11\/medical-technician-starting-mri-scan-procedure-of-mature-patient-in-examination-room-1620x1080.jpg 1620w, https:\/\/cbr.org.br\/wp-content\/uploads\/2022\/11\/medical-technician-starting-mri-scan-procedure-of-mature-patient-in-examination-room-810x540.jpg 810w, https:\/\/cbr.org.br\/wp-content\/uploads\/2022\/11\/medical-technician-starting-mri-scan-procedure-of-mature-patient-in-examination-room-381x254.jpg 381w, https:\/\/cbr.org.br\/wp-content\/uploads\/2022\/11\/medical-technician-starting-mri-scan-procedure-of-mature-patient-in-examination-room-768x512.jpg 768w, https:\/\/cbr.org.br\/wp-content\/uploads\/2022\/11\/medical-technician-starting-mri-scan-procedure-of-mature-patient-in-examination-room-1536x1024.jpg 1536w, https:\/\/cbr.org.br\/wp-content\/uploads\/2022\/11\/medical-technician-starting-mri-scan-procedure-of-mature-patient-in-examination-room-2048x1365.jpg 2048w, https:\/\/cbr.org.br\/wp-content\/uploads\/2022\/11\/medical-technician-starting-mri-scan-procedure-of-mature-patient-in-examination-room-18x12.jpg 18w\" sizes=\"(max-width: 1620px) 100vw, 1620px\" \/>\t\t\t\t\t\t\t\t\t\t\t\t\t\t\t<\/div>\n\t\t\t\t<\/div>\n\t\t\t\t<div class=\"elementor-element elementor-element-91b1e9a elementor-widget elementor-widget-text-editor\" data-id=\"91b1e9a\" data-element_type=\"widget\" data-widget_type=\"text-editor.default\">\n\t\t\t\t<div class=\"elementor-widget-container\">\n\t\t\t\t\t\t\t\t\t<h4 style=\"text-align: center;\">National Commission<br \/>CT and MRI<\/h4>\t\t\t\t\t\t\t\t<\/div>\n\t\t\t\t<\/div>\n\t\t\t\t<div class=\"elementor-element elementor-element-12b115b elementor-align-center elementor-widget elementor-widget-button\" data-id=\"12b115b\" data-element_type=\"widget\" data-widget_type=\"button.default\">\n\t\t\t\t<div class=\"elementor-widget-container\">\n\t\t\t\t\t\t\t\t\t<div class=\"elementor-button-wrapper\">\n\t\t\t\t\t<a class=\"elementor-button elementor-button-link elementor-size-sm\" href=\"https:\/\/cbr.org.br\/en\/comissao-nacional-de-tomografia-computadorizada-e-ressonancia-magnetica\/\">\n\t\t\t\t\t\t<span class=\"elementor-button-content-wrapper\">\n\t\t\t\t\t\t\t\t\t<span class=\"elementor-button-text\">Access here<\/span>\n\t\t\t\t\t<\/span>\n\t\t\t\t\t<\/a>\n\t\t\t\t<\/div>\n\t\t\t\t\t\t\t\t<\/div>\n\t\t\t\t<\/div>\n\t\t\t\t<\/div>\n\t\t<div class=\"elementor-element elementor-element-c05510c e-con-full e-flex e-con e-child\" data-id=\"c05510c\" data-element_type=\"container\">\n\t\t\t\t<div class=\"elementor-element elementor-element-65c726c elementor-widget elementor-widget-image\" data-id=\"65c726c\" data-element_type=\"widget\" data-widget_type=\"image.default\">\n\t\t\t\t<div class=\"elementor-widget-container\">\n\t\t\t\t\t\t\t\t\t\t\t\t\t\t\t<img loading=\"lazy\" decoding=\"async\" width=\"1618\" height=\"1080\" src=\"https:\/\/cbr.org.br\/wp-content\/uploads\/2022\/11\/medical-devise-working-with-help-of-ultra-sound-1618x1080.jpg\" class=\"attachment-large size-large wp-image-43422\" alt=\"\" srcset=\"https:\/\/cbr.org.br\/wp-content\/uploads\/2022\/11\/medical-devise-working-with-help-of-ultra-sound-1618x1080.jpg 1618w, https:\/\/cbr.org.br\/wp-content\/uploads\/2022\/11\/medical-devise-working-with-help-of-ultra-sound-809x540.jpg 809w, https:\/\/cbr.org.br\/wp-content\/uploads\/2022\/11\/medical-devise-working-with-help-of-ultra-sound-381x254.jpg 381w, https:\/\/cbr.org.br\/wp-content\/uploads\/2022\/11\/medical-devise-working-with-help-of-ultra-sound-768x513.jpg 768w, https:\/\/cbr.org.br\/wp-content\/uploads\/2022\/11\/medical-devise-working-with-help-of-ultra-sound-1536x1025.jpg 1536w, https:\/\/cbr.org.br\/wp-content\/uploads\/2022\/11\/medical-devise-working-with-help-of-ultra-sound-2048x1367.jpg 2048w, https:\/\/cbr.org.br\/wp-content\/uploads\/2022\/11\/medical-devise-working-with-help-of-ultra-sound-18x12.jpg 18w\" sizes=\"(max-width: 1618px) 100vw, 1618px\" \/>\t\t\t\t\t\t\t\t\t\t\t\t\t\t\t<\/div>\n\t\t\t\t<\/div>\n\t\t\t\t<div class=\"elementor-element elementor-element-906de06 elementor-widget elementor-widget-text-editor\" data-id=\"906de06\" data-element_type=\"widget\" data-widget_type=\"text-editor.default\">\n\t\t\t\t<div class=\"elementor-widget-container\">\n\t\t\t\t\t\t\t\t\t<h4 style=\"text-align: center;\">National Ultrasound Commission (CNUS-CBR)<\/h4>\t\t\t\t\t\t\t\t<\/div>\n\t\t\t\t<\/div>\n\t\t\t\t<div class=\"elementor-element elementor-element-4858bbe elementor-align-center elementor-widget elementor-widget-button\" data-id=\"4858bbe\" data-element_type=\"widget\" data-widget_type=\"button.default\">\n\t\t\t\t<div class=\"elementor-widget-container\">\n\t\t\t\t\t\t\t\t\t<div class=\"elementor-button-wrapper\">\n\t\t\t\t\t<a class=\"elementor-button elementor-button-link elementor-size-sm\" href=\"https:\/\/cbr.org.br\/en\/comissao-nacional-de-ultrassonografia\/\">\n\t\t\t\t\t\t<span class=\"elementor-button-content-wrapper\">\n\t\t\t\t\t\t\t\t\t<span class=\"elementor-button-text\">Access here<\/span>\n\t\t\t\t\t<\/span>\n\t\t\t\t\t<\/a>\n\t\t\t\t<\/div>\n\t\t\t\t\t\t\t\t<\/div>\n\t\t\t\t<\/div>\n\t\t\t\t<\/div>\n\t\t<div class=\"elementor-element elementor-element-2239bda e-con-full e-flex e-con e-child\" data-id=\"2239bda\" data-element_type=\"container\">\n\t\t\t\t<div class=\"elementor-element elementor-element-9cb52d4 elementor-widget elementor-widget-image\" data-id=\"9cb52d4\" data-element_type=\"widget\" data-widget_type=\"image.default\">\n\t\t\t\t<div class=\"elementor-widget-container\">\n\t\t\t\t\t\t\t\t\t\t\t\t\t\t\t<img loading=\"lazy\" decoding=\"async\" width=\"960\" height=\"540\" src=\"https:\/\/cbr.org.br\/wp-content\/uploads\/2026\/02\/imagem-banner_960x540px.jpg\" class=\"attachment-large size-large wp-image-54899\" alt=\"\" srcset=\"https:\/\/cbr.org.br\/wp-content\/uploads\/2026\/02\/imagem-banner_960x540px.jpg 960w, https:\/\/cbr.org.br\/wp-content\/uploads\/2026\/02\/imagem-banner_960x540px-450x254.jpg 450w, https:\/\/cbr.org.br\/wp-content\/uploads\/2026\/02\/imagem-banner_960x540px-768x432.jpg 768w, https:\/\/cbr.org.br\/wp-content\/uploads\/2026\/02\/imagem-banner_960x540px-18x10.jpg 18w\" sizes=\"(max-width: 960px) 100vw, 960px\" \/>\t\t\t\t\t\t\t\t\t\t\t\t\t\t\t<\/div>\n\t\t\t\t<\/div>\n\t\t\t\t<div class=\"elementor-element elementor-element-4842d4b elementor-widget elementor-widget-text-editor\" data-id=\"4842d4b\" data-element_type=\"widget\" data-widget_type=\"text-editor.default\">\n\t\t\t\t<div class=\"elementor-widget-container\">\n\t\t\t\t\t\t\t\t\t<h4 style=\"text-align: center;\">Opinions<br \/>legal<\/h4>\t\t\t\t\t\t\t\t<\/div>\n\t\t\t\t<\/div>\n\t\t\t\t<div class=\"elementor-element elementor-element-8e71e6c elementor-align-center elementor-widget elementor-widget-button\" data-id=\"8e71e6c\" data-element_type=\"widget\" data-widget_type=\"button.default\">\n\t\t\t\t<div class=\"elementor-widget-container\">\n\t\t\t\t\t\t\t\t\t<div class=\"elementor-button-wrapper\">\n\t\t\t\t\t<a class=\"elementor-button elementor-button-link elementor-size-sm\" href=\"https:\/\/cbr.org.br\/en\/biblioteca-juridica\/\">\n\t\t\t\t\t\t<span class=\"elementor-button-content-wrapper\">\n\t\t\t\t\t\t\t\t\t<span class=\"elementor-button-text\">Access here<\/span>\n\t\t\t\t\t<\/span>\n\t\t\t\t\t<\/a>\n\t\t\t\t<\/div>\n\t\t\t\t\t\t\t\t<\/div>\n\t\t\t\t<\/div>\n\t\t\t\t<\/div>\n\t\t<div class=\"elementor-element elementor-element-ec4ddcf e-con-full e-flex e-con e-child\" data-id=\"ec4ddcf\" data-element_type=\"container\">\n\t\t\t\t<\/div>\n\t\t\t\t\t<\/div>\n\t\t\t\t<\/div>\n\t\t<div class=\"elementor-element elementor-element-cac7798 e-flex e-con-boxed e-con e-parent\" data-id=\"cac7798\" data-element_type=\"container\">\n\t\t\t\t\t<div class=\"e-con-inner\">\n\t\t\t\t<div class=\"elementor-element elementor-element-531ddb9 elementor-widget elementor-widget-spacer\" data-id=\"531ddb9\" data-element_type=\"widget\" data-widget_type=\"spacer.default\">\n\t\t\t\t<div class=\"elementor-widget-container\">\n\t\t\t\t\t\t\t<div class=\"elementor-spacer\">\n\t\t\t<div class=\"elementor-spacer-inner\"><\/div>\n\t\t<\/div>\n\t\t\t\t\t\t<\/div>\n\t\t\t\t<\/div>\n\t\t\t\t\t<\/div>\n\t\t\t\t<\/div>\n\t\t\t\t<\/div>","protected":false},"excerpt":{"rendered":"<p>Conhe\u00e7a abaixo o acervo de pareceres emitidos pelas comiss\u00f5es do Col\u00e9gio Brasileiro de Radiologia e Diagn\u00f3stico por Imagem (CBR): Comiss\u00e3o de Defesa Profissional Acesse aqui Comiss\u00e3o Nacional de Mamografia (CNM) Acesse aqui Comiss\u00e3o Nacionalde TC e RM Acesse aqui Comiss\u00e3o Nacional de Ultrassonografia (CNUS-CBR) Acesse aqui Pareceresjur\u00eddicos Acesse aqui<\/p>","protected":false},"author":8,"featured_media":0,"parent":0,"menu_order":0,"comment_status":"closed","ping_status":"closed","template":"","meta":{"_acf_changed":false,"footnotes":""},"class_list":["post-43421","page","type-page","status-publish","hentry"],"acf":[],"_links":{"self":[{"href":"https:\/\/cbr.org.br\/en\/wp-json\/wp\/v2\/pages\/43421","targetHints":{"allow":["GET"]}}],"collection":[{"href":"https:\/\/cbr.org.br\/en\/wp-json\/wp\/v2\/pages"}],"about":[{"href":"https:\/\/cbr.org.br\/en\/wp-json\/wp\/v2\/types\/page"}],"author":[{"embeddable":true,"href":"https:\/\/cbr.org.br\/en\/wp-json\/wp\/v2\/users\/8"}],"replies":[{"embeddable":true,"href":"https:\/\/cbr.org.br\/en\/wp-json\/wp\/v2\/comments?post=43421"}],"version-history":[{"count":3,"href":"https:\/\/cbr.org.br\/en\/wp-json\/wp\/v2\/pages\/43421\/revisions"}],"predecessor-version":[{"id":54902,"href":"https:\/\/cbr.org.br\/en\/wp-json\/wp\/v2\/pages\/43421\/revisions\/54902"}],"wp:attachment":[{"href":"https:\/\/cbr.org.br\/en\/wp-json\/wp\/v2\/media?parent=43421"}],"curies":[{"name":"wp","href":"https:\/\/api.w.org\/{rel}","templated":true}]}}