{"id":53319,"date":"2025-10-31T11:21:46","date_gmt":"2025-10-31T14:21:46","guid":{"rendered":"https:\/\/cbr.org.br\/?page_id=53319"},"modified":"2025-12-15T16:01:13","modified_gmt":"2025-12-15T19:01:13","slug":"informativo-para-pacientes-cpr-cbr","status":"publish","type":"page","link":"https:\/\/cbr.org.br\/en\/comissao-de-protecao-radiologica\/informativo-para-pacientes-cpr-cbr\/","title":{"rendered":"Patient Information \u2013 CPR-CBR"},"content":{"rendered":"<div data-elementor-type=\"wp-page\" data-elementor-id=\"53319\" class=\"elementor elementor-53319\" data-elementor-post-type=\"page\">\n\t\t\t\t<div class=\"elementor-element elementor-element-19ac4d3 e-flex e-con-boxed e-con e-parent\" data-id=\"19ac4d3\" data-element_type=\"container\">\n\t\t\t\t\t<div class=\"e-con-inner\">\n\t\t\t\t<div class=\"elementor-element elementor-element-6d86440 elementor-widget elementor-widget-spacer\" data-id=\"6d86440\" data-element_type=\"widget\" data-widget_type=\"spacer.default\">\n\t\t\t\t<div class=\"elementor-widget-container\">\n\t\t\t\t\t\t\t<div class=\"elementor-spacer\">\n\t\t\t<div class=\"elementor-spacer-inner\"><\/div>\n\t\t<\/div>\n\t\t\t\t\t\t<\/div>\n\t\t\t\t<\/div>\n\t\t\t\t\t<\/div>\n\t\t\t\t<\/div>\n\t\t<div class=\"elementor-element elementor-element-eeed23c e-flex e-con-boxed e-con e-parent\" data-id=\"eeed23c\" data-element_type=\"container\">\n\t\t\t\t\t<div class=\"e-con-inner\">\n\t\t\t\t<div class=\"elementor-element elementor-element-0b49b4c elementor-widget elementor-widget-spacer\" data-id=\"0b49b4c\" data-element_type=\"widget\" data-widget_type=\"spacer.default\">\n\t\t\t\t<div class=\"elementor-widget-container\">\n\t\t\t\t\t\t\t<div class=\"elementor-spacer\">\n\t\t\t<div class=\"elementor-spacer-inner\"><\/div>\n\t\t<\/div>\n\t\t\t\t\t\t<\/div>\n\t\t\t\t<\/div>\n\t\t\t\t\t<\/div>\n\t\t\t\t<\/div>\n\t\t<div class=\"elementor-element elementor-element-06bea83 e-flex e-con-boxed e-con e-parent\" data-id=\"06bea83\" data-element_type=\"container\">\n\t\t\t\t\t<div class=\"e-con-inner\">\n\t\t\t\t<div class=\"elementor-element elementor-element-89a95ef elementor-widget elementor-widget-image\" data-id=\"89a95ef\" data-element_type=\"widget\" data-widget_type=\"image.default\">\n\t\t\t\t<div class=\"elementor-widget-container\">\n\t\t\t\t\t\t\t\t\t\t\t\t\t\t\t<img decoding=\"async\" src=\"https:\/\/cbr.org.br\/wp-content\/uploads\/elementor\/thumbs\/Banner-Informativo-para-pacientes-rg1ua9omoj9f8wwox4uehvw29g3wn69m3ru79sanyo.jpg\" title=\"Banner \u2013 Information for patients\" alt=\"Banner - Informativo para pacientes\" loading=\"lazy\" \/>\t\t\t\t\t\t\t\t\t\t\t\t\t\t\t<\/div>\n\t\t\t\t<\/div>\n\t\t\t\t<div class=\"elementor-element elementor-element-f2e32ab elementor-widget elementor-widget-spacer\" data-id=\"f2e32ab\" data-element_type=\"widget\" data-widget_type=\"spacer.default\">\n\t\t\t\t<div class=\"elementor-widget-container\">\n\t\t\t\t\t\t\t<div class=\"elementor-spacer\">\n\t\t\t<div class=\"elementor-spacer-inner\"><\/div>\n\t\t<\/div>\n\t\t\t\t\t\t<\/div>\n\t\t\t\t<\/div>\n\t\t\t\t\t<\/div>\n\t\t\t\t<\/div>\n\t\t<div class=\"elementor-element elementor-element-c0d04c0 e-flex e-con-boxed e-con e-parent\" data-id=\"c0d04c0\" data-element_type=\"container\">\n\t\t\t\t\t<div class=\"e-con-inner\">\n\t\t\t\t<div class=\"elementor-element elementor-element-de9e832 elementor-widget elementor-widget-text-editor\" data-id=\"de9e832\" data-element_type=\"widget\" data-widget_type=\"text-editor.default\">\n\t\t\t\t<div class=\"elementor-widget-container\">\n\t\t\t\t\t\t\t\t\t<p style=\"text-align: justify;\"><span style=\"font-weight: 400;\">Discover the newsletters developed by CPR-CBR and partner organizations.<\/span><\/p>\n<p style=\"text-align: left;\"><span style=\"font-weight: 400;\">The Radiation Protection Committee of the Brazilian College of Radiology (CBR), in collaboration with national and international institutions, develops educational materials aimed at clear and safe communication with patients and their families. These informational materials aim to provide guidance on the responsible use of ionizing radiation, clarify common doubts, reduce unnecessary fears, and promote a culture of safety in all diagnostic imaging services.<\/span><\/p>\n<p style=\"text-align: left;\"><span style=\"font-weight: 400;\">Explore the content below, specially designed to support healthcare professionals in informing, welcoming, and guiding their patients in a simple, reliable, and evidence-based manner.<\/span><\/p>\t\t\t\t\t\t\t\t<\/div>\n\t\t\t\t<\/div>\n\t\t\t\t<div class=\"elementor-element elementor-element-f17885d elementor-widget elementor-widget-spacer\" data-id=\"f17885d\" data-element_type=\"widget\" data-widget_type=\"spacer.default\">\n\t\t\t\t<div class=\"elementor-widget-container\">\n\t\t\t\t\t\t\t<div class=\"elementor-spacer\">\n\t\t\t<div class=\"elementor-spacer-inner\"><\/div>\n\t\t<\/div>\n\t\t\t\t\t\t<\/div>\n\t\t\t\t<\/div>\n\t\t\t\t<div class=\"elementor-element elementor-element-5f499e1 elementor-widget elementor-widget-heading\" data-id=\"5f499e1\" data-element_type=\"widget\" data-widget_type=\"heading.default\">\n\t\t\t\t<div class=\"elementor-widget-container\">\n\t\t\t\t\t<h3 class=\"elementor-heading-title elementor-size-default\">Access the complete collection:<\/h3>\t\t\t\t<\/div>\n\t\t\t\t<\/div>\n\t\t\t\t\t<\/div>\n\t\t\t\t<\/div>\n\t\t<div class=\"elementor-element elementor-element-0cf1e9b e-flex e-con-boxed e-con e-parent\" data-id=\"0cf1e9b\" data-element_type=\"container\">\n\t\t\t\t\t<div class=\"e-con-inner\">\n\t\t\t\t<div class=\"elementor-element elementor-element-fc10ebc elementor-widget elementor-widget-spacer\" data-id=\"fc10ebc\" data-element_type=\"widget\" data-widget_type=\"spacer.default\">\n\t\t\t\t<div class=\"elementor-widget-container\">\n\t\t\t\t\t\t\t<div class=\"elementor-spacer\">\n\t\t\t<div class=\"elementor-spacer-inner\"><\/div>\n\t\t<\/div>\n\t\t\t\t\t\t<\/div>\n\t\t\t\t<\/div>\n\t\t\t\t\t<\/div>\n\t\t\t\t<\/div>\n\t\t<div class=\"elementor-element elementor-element-f4a6be2 e-flex e-con-boxed e-con e-parent\" data-id=\"f4a6be2\" data-element_type=\"container\">\n\t\t\t\t\t<div class=\"e-con-inner\">\n\t\t<div class=\"elementor-element elementor-element-24f989f e-con-full e-flex e-con e-child\" data-id=\"24f989f\" data-element_type=\"container\">\n\t\t\t\t<div class=\"elementor-element elementor-element-f48558b elementor-widget elementor-widget-image\" data-id=\"f48558b\" data-element_type=\"widget\" data-widget_type=\"image.default\">\n\t\t\t\t<div class=\"elementor-widget-container\">\n\t\t\t\t\t\t\t\t\t\t\t\t\t\t\t<img fetchpriority=\"high\" decoding=\"async\" width=\"450\" height=\"300\" src=\"https:\/\/cbr.org.br\/wp-content\/uploads\/2025\/11\/OMS-Exames-Radiologicos.jpg\" class=\"attachment-large size-large wp-image-53662\" alt=\"\" srcset=\"https:\/\/cbr.org.br\/wp-content\/uploads\/2025\/11\/OMS-Exames-Radiologicos.jpg 450w, https:\/\/cbr.org.br\/wp-content\/uploads\/2025\/11\/OMS-Exames-Radiologicos-381x254.jpg 381w, https:\/\/cbr.org.br\/wp-content\/uploads\/2025\/11\/OMS-Exames-Radiologicos-18x12.jpg 18w\" sizes=\"(max-width: 450px) 100vw, 450px\" \/>\t\t\t\t\t\t\t\t\t\t\t\t\t\t\t<\/div>\n\t\t\t\t<\/div>\n\t\t\t\t<div class=\"elementor-element elementor-element-5328d4c elementor-widget elementor-widget-heading\" data-id=\"5328d4c\" data-element_type=\"widget\" data-widget_type=\"heading.default\">\n\t\t\t\t<div class=\"elementor-widget-container\">\n\t\t\t\t\t<h4 class=\"elementor-heading-title elementor-size-default\">WHO - Radiological Examinations<\/h4>\t\t\t\t<\/div>\n\t\t\t\t<\/div>\n\t\t\t\t<div class=\"elementor-element elementor-element-4b5a257 elementor-align-center elementor-widget elementor-widget-button\" data-id=\"4b5a257\" data-element_type=\"widget\" data-widget_type=\"button.default\">\n\t\t\t\t<div class=\"elementor-widget-container\">\n\t\t\t\t\t\t\t\t\t<div class=\"elementor-button-wrapper\">\n\t\t\t\t\t<a class=\"elementor-button elementor-button-link elementor-size-sm\" href=\"https:\/\/cbr.org.br\/wp-content\/uploads\/2025\/10\/OMS-Folder-Exames-Radiologicos.pdf\">\n\t\t\t\t\t\t<span class=\"elementor-button-content-wrapper\">\n\t\t\t\t\t\t\t\t\t<span class=\"elementor-button-text\">Access here<\/span>\n\t\t\t\t\t<\/span>\n\t\t\t\t\t<\/a>\n\t\t\t\t<\/div>\n\t\t\t\t\t\t\t\t<\/div>\n\t\t\t\t<\/div>\n\t\t\t\t<\/div>\n\t\t<div class=\"elementor-element elementor-element-5e120a1 e-con-full e-flex e-con e-child\" data-id=\"5e120a1\" data-element_type=\"container\">\n\t\t\t\t<div class=\"elementor-element elementor-element-dd7a146 elementor-widget elementor-widget-image\" data-id=\"dd7a146\" data-element_type=\"widget\" data-widget_type=\"image.default\">\n\t\t\t\t<div class=\"elementor-widget-container\">\n\t\t\t\t\t\t\t\t\t\t\t\t\t\t\t<img decoding=\"async\" width=\"450\" height=\"300\" src=\"https:\/\/cbr.org.br\/wp-content\/uploads\/2025\/11\/OMS-Intevencao-Radiologica.jpg\" class=\"attachment-large size-large wp-image-53663\" alt=\"\" srcset=\"https:\/\/cbr.org.br\/wp-content\/uploads\/2025\/11\/OMS-Intevencao-Radiologica.jpg 450w, https:\/\/cbr.org.br\/wp-content\/uploads\/2025\/11\/OMS-Intevencao-Radiologica-381x254.jpg 381w, https:\/\/cbr.org.br\/wp-content\/uploads\/2025\/11\/OMS-Intevencao-Radiologica-18x12.jpg 18w\" sizes=\"(max-width: 450px) 100vw, 450px\" \/>\t\t\t\t\t\t\t\t\t\t\t\t\t\t\t<\/div>\n\t\t\t\t<\/div>\n\t\t\t\t<div class=\"elementor-element elementor-element-36ce100 elementor-widget elementor-widget-heading\" data-id=\"36ce100\" data-element_type=\"widget\" data-widget_type=\"heading.default\">\n\t\t\t\t<div class=\"elementor-widget-container\">\n\t\t\t\t\t<h4 class=\"elementor-heading-title elementor-size-default\">WHO - Radiological Intervention<\/h4>\t\t\t\t<\/div>\n\t\t\t\t<\/div>\n\t\t\t\t<div class=\"elementor-element elementor-element-81a42ea elementor-align-center elementor-widget elementor-widget-button\" data-id=\"81a42ea\" data-element_type=\"widget\" data-widget_type=\"button.default\">\n\t\t\t\t<div class=\"elementor-widget-container\">\n\t\t\t\t\t\t\t\t\t<div class=\"elementor-button-wrapper\">\n\t\t\t\t\t<a class=\"elementor-button elementor-button-link elementor-size-sm\" href=\"https:\/\/cbr.org.br\/wp-content\/uploads\/2025\/11\/Folders_Edicao-de-folders-OMS-Intevencao-Radiologica_2022.pdf\">\n\t\t\t\t\t\t<span class=\"elementor-button-content-wrapper\">\n\t\t\t\t\t\t\t\t\t<span class=\"elementor-button-text\">Access here<\/span>\n\t\t\t\t\t<\/span>\n\t\t\t\t\t<\/a>\n\t\t\t\t<\/div>\n\t\t\t\t\t\t\t\t<\/div>\n\t\t\t\t<\/div>\n\t\t\t\t<\/div>\n\t\t<div class=\"elementor-element elementor-element-5663970 e-con-full e-flex e-con e-child\" data-id=\"5663970\" data-element_type=\"container\">\n\t\t\t\t<div class=\"elementor-element elementor-element-76b3842 elementor-widget elementor-widget-image\" data-id=\"76b3842\" data-element_type=\"widget\" data-widget_type=\"image.default\">\n\t\t\t\t<div class=\"elementor-widget-container\">\n\t\t\t\t\t\t\t\t\t\t\t\t\t\t\t<img decoding=\"async\" width=\"450\" height=\"300\" src=\"https:\/\/cbr.org.br\/wp-content\/uploads\/2025\/11\/OMS-Medicina-Nuclear.jpg\" class=\"attachment-large size-large wp-image-53660\" alt=\"\" srcset=\"https:\/\/cbr.org.br\/wp-content\/uploads\/2025\/11\/OMS-Medicina-Nuclear.jpg 450w, https:\/\/cbr.org.br\/wp-content\/uploads\/2025\/11\/OMS-Medicina-Nuclear-381x254.jpg 381w, https:\/\/cbr.org.br\/wp-content\/uploads\/2025\/11\/OMS-Medicina-Nuclear-18x12.jpg 18w\" sizes=\"(max-width: 450px) 100vw, 450px\" \/>\t\t\t\t\t\t\t\t\t\t\t\t\t\t\t<\/div>\n\t\t\t\t<\/div>\n\t\t\t\t<div class=\"elementor-element elementor-element-6e82e60 elementor-widget elementor-widget-heading\" data-id=\"6e82e60\" data-element_type=\"widget\" data-widget_type=\"heading.default\">\n\t\t\t\t<div class=\"elementor-widget-container\">\n\t\t\t\t\t<h4 class=\"elementor-heading-title elementor-size-default\">WHO - Nuclear Medicine<\/h4>\t\t\t\t<\/div>\n\t\t\t\t<\/div>\n\t\t\t\t<div class=\"elementor-element elementor-element-b7b03c0 elementor-align-center elementor-widget elementor-widget-button\" data-id=\"b7b03c0\" data-element_type=\"widget\" data-widget_type=\"button.default\">\n\t\t\t\t<div class=\"elementor-widget-container\">\n\t\t\t\t\t\t\t\t\t<div class=\"elementor-button-wrapper\">\n\t\t\t\t\t<a class=\"elementor-button elementor-button-link elementor-size-sm\" href=\"https:\/\/cbr.org.br\/wp-content\/uploads\/2025\/10\/OMS-Folder-Medicina-Nuclear.pdf\">\n\t\t\t\t\t\t<span class=\"elementor-button-content-wrapper\">\n\t\t\t\t\t\t\t\t\t<span class=\"elementor-button-text\">Access here<\/span>\n\t\t\t\t\t<\/span>\n\t\t\t\t\t<\/a>\n\t\t\t\t<\/div>\n\t\t\t\t\t\t\t\t<\/div>\n\t\t\t\t<\/div>\n\t\t\t\t<\/div>\n\t\t\t\t\t<\/div>\n\t\t\t\t<\/div>\n\t\t<div class=\"elementor-element elementor-element-d4241d5 e-flex e-con-boxed e-con e-parent\" data-id=\"d4241d5\" data-element_type=\"container\">\n\t\t\t\t\t<div class=\"e-con-inner\">\n\t\t<div class=\"elementor-element elementor-element-7c99027 e-con-full e-flex e-con e-child\" data-id=\"7c99027\" data-element_type=\"container\">\n\t\t\t\t<div class=\"elementor-element elementor-element-a090961 elementor-widget elementor-widget-image\" data-id=\"a090961\" data-element_type=\"widget\" data-widget_type=\"image.default\">\n\t\t\t\t<div class=\"elementor-widget-container\">\n\t\t\t\t\t\t\t\t\t\t\t\t\t\t\t<img loading=\"lazy\" decoding=\"async\" width=\"450\" height=\"300\" src=\"https:\/\/cbr.org.br\/wp-content\/uploads\/2025\/11\/OMS-Tomografia.jpg\" class=\"attachment-large size-large wp-image-53661\" alt=\"\" srcset=\"https:\/\/cbr.org.br\/wp-content\/uploads\/2025\/11\/OMS-Tomografia.jpg 450w, https:\/\/cbr.org.br\/wp-content\/uploads\/2025\/11\/OMS-Tomografia-381x254.jpg 381w, https:\/\/cbr.org.br\/wp-content\/uploads\/2025\/11\/OMS-Tomografia-18x12.jpg 18w\" sizes=\"(max-width: 450px) 100vw, 450px\" \/>\t\t\t\t\t\t\t\t\t\t\t\t\t\t\t<\/div>\n\t\t\t\t<\/div>\n\t\t\t\t<div class=\"elementor-element elementor-element-3255f3d elementor-widget elementor-widget-heading\" data-id=\"3255f3d\" data-element_type=\"widget\" data-widget_type=\"heading.default\">\n\t\t\t\t<div class=\"elementor-widget-container\">\n\t\t\t\t\t<h4 class=\"elementor-heading-title elementor-size-default\">WHO<br>Tomography<br>.<\/h4>\t\t\t\t<\/div>\n\t\t\t\t<\/div>\n\t\t\t\t<div class=\"elementor-element elementor-element-d1542e8 elementor-align-center elementor-widget elementor-widget-button\" data-id=\"d1542e8\" data-element_type=\"widget\" data-widget_type=\"button.default\">\n\t\t\t\t<div class=\"elementor-widget-container\">\n\t\t\t\t\t\t\t\t\t<div class=\"elementor-button-wrapper\">\n\t\t\t\t\t<a class=\"elementor-button elementor-button-link elementor-size-sm\" href=\"https:\/\/cbr.org.br\/wp-content\/uploads\/2025\/10\/OMS-Folder-Tomografia.pdf\">\n\t\t\t\t\t\t<span class=\"elementor-button-content-wrapper\">\n\t\t\t\t\t\t\t\t\t<span class=\"elementor-button-text\">Click here<\/span>\n\t\t\t\t\t<\/span>\n\t\t\t\t\t<\/a>\n\t\t\t\t<\/div>\n\t\t\t\t\t\t\t\t<\/div>\n\t\t\t\t<\/div>\n\t\t\t\t<\/div>\n\t\t<div class=\"elementor-element elementor-element-403b194 e-con-full e-flex e-con e-child\" data-id=\"403b194\" data-element_type=\"container\">\n\t\t\t\t<div class=\"elementor-element elementor-element-acef327 elementor-widget elementor-widget-image\" data-id=\"acef327\" data-element_type=\"widget\" data-widget_type=\"image.default\">\n\t\t\t\t<div class=\"elementor-widget-container\">\n\t\t\t\t\t\t\t\t\t\t\t\t\t\t\t<img loading=\"lazy\" decoding=\"async\" width=\"450\" height=\"300\" src=\"https:\/\/cbr.org.br\/wp-content\/uploads\/2025\/11\/OMS-Logotipo-IAEA_1.jpg\" class=\"attachment-large size-large wp-image-53659\" alt=\"\" srcset=\"https:\/\/cbr.org.br\/wp-content\/uploads\/2025\/11\/OMS-Logotipo-IAEA_1.jpg 450w, https:\/\/cbr.org.br\/wp-content\/uploads\/2025\/11\/OMS-Logotipo-IAEA_1-381x254.jpg 381w, https:\/\/cbr.org.br\/wp-content\/uploads\/2025\/11\/OMS-Logotipo-IAEA_1-18x12.jpg 18w\" sizes=\"(max-width: 450px) 100vw, 450px\" \/>\t\t\t\t\t\t\t\t\t\t\t\t\t\t\t<\/div>\n\t\t\t\t<\/div>\n\t\t\t\t<div class=\"elementor-element elementor-element-a3011c9 elementor-widget elementor-widget-heading\" data-id=\"a3011c9\" data-element_type=\"widget\" data-widget_type=\"heading.default\">\n\t\t\t\t<div class=\"elementor-widget-container\">\n\t\t\t\t\t<h4 class=\"elementor-heading-title elementor-size-default\">Poster: \u201cAre you pregnant? Or do you think you might be pregnant?\u201d<br>\n IAEA<\/h4>\t\t\t\t<\/div>\n\t\t\t\t<\/div>\n\t\t\t\t<div class=\"elementor-element elementor-element-4b65c88 elementor-align-center elementor-widget elementor-widget-button\" data-id=\"4b65c88\" data-element_type=\"widget\" data-widget_type=\"button.default\">\n\t\t\t\t<div class=\"elementor-widget-container\">\n\t\t\t\t\t\t\t\t\t<div class=\"elementor-button-wrapper\">\n\t\t\t\t\t<a class=\"elementor-button elementor-button-link elementor-size-sm\" href=\"https:\/\/cbr.org.br\/wp-content\/uploads\/2025\/10\/PORTUGUESE-pregnancy-web-1.pdf\">\n\t\t\t\t\t\t<span class=\"elementor-button-content-wrapper\">\n\t\t\t\t\t\t\t\t\t<span class=\"elementor-button-text\">Access here<\/span>\n\t\t\t\t\t<\/span>\n\t\t\t\t\t<\/a>\n\t\t\t\t<\/div>\n\t\t\t\t\t\t\t\t<\/div>\n\t\t\t\t<\/div>\n\t\t\t\t<\/div>\n\t\t<div class=\"elementor-element elementor-element-95bb74f e-con-full e-flex e-con e-child\" data-id=\"95bb74f\" data-element_type=\"container\">\n\t\t\t\t<div class=\"elementor-element elementor-element-a72686f elementor-widget elementor-widget-image\" data-id=\"a72686f\" data-element_type=\"widget\" data-widget_type=\"image.default\">\n\t\t\t\t<div class=\"elementor-widget-container\">\n\t\t\t\t\t\t\t\t\t\t\t\t\t\t\t<img loading=\"lazy\" decoding=\"async\" width=\"450\" height=\"300\" src=\"https:\/\/cbr.org.br\/wp-content\/uploads\/2025\/11\/OMS-Logotipo-IAEA-_2.jpg\" class=\"attachment-large size-large wp-image-53658\" alt=\"\" srcset=\"https:\/\/cbr.org.br\/wp-content\/uploads\/2025\/11\/OMS-Logotipo-IAEA-_2.jpg 450w, https:\/\/cbr.org.br\/wp-content\/uploads\/2025\/11\/OMS-Logotipo-IAEA-_2-381x254.jpg 381w, https:\/\/cbr.org.br\/wp-content\/uploads\/2025\/11\/OMS-Logotipo-IAEA-_2-18x12.jpg 18w\" sizes=\"(max-width: 450px) 100vw, 450px\" \/>\t\t\t\t\t\t\t\t\t\t\t\t\t\t\t<\/div>\n\t\t\t\t<\/div>\n\t\t\t\t<div class=\"elementor-element elementor-element-8713e16 elementor-widget elementor-widget-heading\" data-id=\"8713e16\" data-element_type=\"widget\" data-widget_type=\"heading.default\">\n\t\t\t\t<div class=\"elementor-widget-container\">\n\t\t\t\t\t<h4 class=\"elementor-heading-title elementor-size-default\">Radiation Protection of Patients (RPOP) - IAEA: Patients and Public<\/h4>\t\t\t\t<\/div>\n\t\t\t\t<\/div>\n\t\t\t\t<div class=\"elementor-element elementor-element-72a7fca elementor-align-center elementor-widget elementor-widget-button\" data-id=\"72a7fca\" data-element_type=\"widget\" data-widget_type=\"button.default\">\n\t\t\t\t<div class=\"elementor-widget-container\">\n\t\t\t\t\t\t\t\t\t<div class=\"elementor-button-wrapper\">\n\t\t\t\t\t<a class=\"elementor-button elementor-button-link elementor-size-sm\" href=\"https:\/\/www.iaea.org\/resources\/rpop\/patients-and-public\">\n\t\t\t\t\t\t<span class=\"elementor-button-content-wrapper\">\n\t\t\t\t\t\t\t\t\t<span class=\"elementor-button-text\">Access here<\/span>\n\t\t\t\t\t<\/span>\n\t\t\t\t\t<\/a>\n\t\t\t\t<\/div>\n\t\t\t\t\t\t\t\t<\/div>\n\t\t\t\t<\/div>\n\t\t\t\t<\/div>\n\t\t\t\t\t<\/div>\n\t\t\t\t<\/div>\n\t\t<div class=\"elementor-element elementor-element-dc74199 e-flex e-con-boxed e-con e-parent\" data-id=\"dc74199\" data-element_type=\"container\">\n\t\t\t\t\t<div class=\"e-con-inner\">\n\t\t<div class=\"elementor-element elementor-element-f853d56 e-con-full e-flex e-con e-child\" data-id=\"f853d56\" data-element_type=\"container\">\n\t\t\t\t<div class=\"elementor-element elementor-element-957aeb6 elementor-widget elementor-widget-image\" data-id=\"957aeb6\" data-element_type=\"widget\" data-widget_type=\"image.default\">\n\t\t\t\t<div class=\"elementor-widget-container\">\n\t\t\t\t\t\t\t\t\t\t\t\t\t\t\t<img loading=\"lazy\" decoding=\"async\" width=\"450\" height=\"300\" src=\"https:\/\/cbr.org.br\/wp-content\/uploads\/2025\/11\/OMS-Tomografia.jpg\" class=\"attachment-large size-large wp-image-53661\" alt=\"\" srcset=\"https:\/\/cbr.org.br\/wp-content\/uploads\/2025\/11\/OMS-Tomografia.jpg 450w, https:\/\/cbr.org.br\/wp-content\/uploads\/2025\/11\/OMS-Tomografia-381x254.jpg 381w, https:\/\/cbr.org.br\/wp-content\/uploads\/2025\/11\/OMS-Tomografia-18x12.jpg 18w\" sizes=\"(max-width: 450px) 100vw, 450px\" \/>\t\t\t\t\t\t\t\t\t\t\t\t\t\t\t<\/div>\n\t\t\t\t<\/div>\n\t\t\t\t<div class=\"elementor-element elementor-element-38d380a elementor-widget elementor-widget-heading\" data-id=\"38d380a\" data-element_type=\"widget\" data-widget_type=\"heading.default\">\n\t\t\t\t<div class=\"elementor-widget-container\">\n\t\t\t\t\t<h4 class=\"elementor-heading-title elementor-size-default\">Radiation Dose to Adults From Common Imaging Examinations<\/h4>\t\t\t\t<\/div>\n\t\t\t\t<\/div>\n\t\t\t\t<div class=\"elementor-element elementor-element-874eb45 elementor-align-center elementor-widget elementor-widget-button\" data-id=\"874eb45\" data-element_type=\"widget\" data-widget_type=\"button.default\">\n\t\t\t\t<div class=\"elementor-widget-container\">\n\t\t\t\t\t\t\t\t\t<div class=\"elementor-button-wrapper\">\n\t\t\t\t\t<a class=\"elementor-button elementor-button-link elementor-size-sm\" href=\"https:\/\/edge.sitecorecloud.io\/americancoldf5f-acrorgf92a-productioncb02-3650\/media\/ACR\/Files\/Clinical\/Radiology-Safety\/Dose-Reference-Card.pdf\">\n\t\t\t\t\t\t<span class=\"elementor-button-content-wrapper\">\n\t\t\t\t\t\t\t\t\t<span class=\"elementor-button-text\">Click here<\/span>\n\t\t\t\t\t<\/span>\n\t\t\t\t\t<\/a>\n\t\t\t\t<\/div>\n\t\t\t\t\t\t\t\t<\/div>\n\t\t\t\t<\/div>\n\t\t\t\t<\/div>\n\t\t<div class=\"elementor-element elementor-element-f51ab89 e-con-full e-flex e-con e-child\" data-id=\"f51ab89\" data-element_type=\"container\">\n\t\t\t\t<\/div>\n\t\t<div class=\"elementor-element elementor-element-15c3379 e-con-full e-flex e-con e-child\" data-id=\"15c3379\" data-element_type=\"container\">\n\t\t\t\t<\/div>\n\t\t\t\t\t<\/div>\n\t\t\t\t<\/div>\n\t\t<div class=\"elementor-element elementor-element-4f579e1 e-flex e-con-boxed e-con e-parent\" data-id=\"4f579e1\" data-element_type=\"container\">\n\t\t\t\t\t<div class=\"e-con-inner\">\n\t\t\t\t<div class=\"elementor-element elementor-element-93456b5 elementor-widget elementor-widget-spacer\" data-id=\"93456b5\" data-element_type=\"widget\" data-widget_type=\"spacer.default\">\n\t\t\t\t<div class=\"elementor-widget-container\">\n\t\t\t\t\t\t\t<div class=\"elementor-spacer\">\n\t\t\t<div class=\"elementor-spacer-inner\"><\/div>\n\t\t<\/div>\n\t\t\t\t\t\t<\/div>\n\t\t\t\t<\/div>\n\t\t\t\t\t<\/div>\n\t\t\t\t<\/div>\n\t\t\t\t<\/div>","protected":false},"excerpt":{"rendered":"<p>Conhe\u00e7a os informativos desenvolvidos pela CPR-CBR e por organiza\u00e7\u00f5es parceiras A Comiss\u00e3o de Prote\u00e7\u00e3o Radiol\u00f3gica do CBR, em colabora\u00e7\u00e3o com institui\u00e7\u00f5es nacionais e internacionais, desenvolve materiais educativos voltados \u00e0 comunica\u00e7\u00e3o clara e segura com pacientes e seus familiares. Esses informativos t\u00eam como objetivo orientar sobre o uso respons\u00e1vel das radia\u00e7\u00f5es ionizantes, esclarecer d\u00favidas comuns, reduzir &hellip; <a href=\"https:\/\/cbr.org.br\/en\/comissao-de-protecao-radiologica\/informativo-para-pacientes-cpr-cbr\/\">Keep reading<\/a><\/p>","protected":false},"author":8,"featured_media":0,"parent":51757,"menu_order":0,"comment_status":"closed","ping_status":"closed","template":"","meta":{"_acf_changed":false,"footnotes":""},"class_list":["post-53319","page","type-page","status-publish","hentry"],"acf":[],"_links":{"self":[{"href":"https:\/\/cbr.org.br\/en\/wp-json\/wp\/v2\/pages\/53319","targetHints":{"allow":["GET"]}}],"collection":[{"href":"https:\/\/cbr.org.br\/en\/wp-json\/wp\/v2\/pages"}],"about":[{"href":"https:\/\/cbr.org.br\/en\/wp-json\/wp\/v2\/types\/page"}],"author":[{"embeddable":true,"href":"https:\/\/cbr.org.br\/en\/wp-json\/wp\/v2\/users\/8"}],"replies":[{"embeddable":true,"href":"https:\/\/cbr.org.br\/en\/wp-json\/wp\/v2\/comments?post=53319"}],"version-history":[{"count":3,"href":"https:\/\/cbr.org.br\/en\/wp-json\/wp\/v2\/pages\/53319\/revisions"}],"predecessor-version":[{"id":53998,"href":"https:\/\/cbr.org.br\/en\/wp-json\/wp\/v2\/pages\/53319\/revisions\/53998"}],"up":[{"embeddable":true,"href":"https:\/\/cbr.org.br\/en\/wp-json\/wp\/v2\/pages\/51757"}],"wp:attachment":[{"href":"https:\/\/cbr.org.br\/en\/wp-json\/wp\/v2\/media?parent=53319"}],"curies":[{"name":"wp","href":"https:\/\/api.w.org\/{rel}","templated":true}]}}