{"id":218,"date":"2022-02-15T16:19:57","date_gmt":"2022-02-15T19:19:57","guid":{"rendered":"https:\/\/cbr.org.br\/?page_id=218"},"modified":"2023-12-13T12:18:33","modified_gmt":"2023-12-13T15:18:33","slug":"circuito-nacional-da-radiologia","status":"publish","type":"page","link":"https:\/\/cbr.org.br\/es\/cbr-educa\/circuito-nacional-da-radiologia\/","title":{"rendered":"Circuito Nacional de Radiolog\u00eda"},"content":{"rendered":"<div style=\"height:100px\" aria-hidden=\"true\" class=\"wp-block-spacer\"><\/div>\n\n\n\n<figure class=\"wp-block-embed aligncenter is-type-video is-provider-youtube wp-block-embed-youtube wp-embed-aspect-16-9 wp-has-aspect-ratio\"><div class=\"wp-block-embed__wrapper\">\nhttps:\/\/youtu.be\/ffZsjW4nGfc\n<\/div><figcaption class=\"wp-element-caption\">V\u00eddeo Institucional de Atualiza<\/figcaption><\/figure>\n\n\n\n<p>O <strong>ACTUALIZACI\u00d3N24<\/strong> tiene una amplia gama de cursos <em>las manos en<\/em> y Demostraciones Pr\u00e1cticas de Ultrasonido en formato online, con recursos tecnol\u00f3gicos avanzados para la visualizaci\u00f3n de im\u00e1genes en una plataforma DICOM espec\u00edfica. Este a\u00f1o contamos con 32 cursos en las diversas subespecialidades de Radiolog\u00eda e Imagen Diagn\u00f3stica. <\/p>\n\n\n\n<p>Todos los cursos cuentan con clases previas, plan de estudios y materiales de estudio complementarios, que estar\u00e1n disponibles antes de las discusiones en vivo, que se llevar\u00e1n a cabo el <strong>5-7 de abril de 2023<\/strong>, por la ma\u00f1ana y\/o por la tarde. En Demostraciones Pr\u00e1cticas de Ultrasonido, el p\u00fablico sigue la realizaci\u00f3n de ex\u00e1menes transmitidos en vivo por los profesores.<br><br><br><strong>Atualiza24 \u2013 Circuito Nacional de Radiolog\u00eda<\/strong><br><br>fechas<br><strong>5-7 de abril de 2024 <\/strong><br><br>Formato:<br><strong>100% en l\u00ednea<\/strong><br><br>P\u00fablico-objetivo: <br><strong>Residentes y Radi\u00f3logos<\/strong><br><br><\/p>\n\n\n\n<figure class=\"wp-block-image aligncenter size-full is-resized\"><img fetchpriority=\"high\" decoding=\"async\" width=\"800\" height=\"457\" src=\"https:\/\/cbr.org.br\/wp-content\/uploads\/2023\/10\/banner-Agenda_Atualiza24.jpg\" alt=\"\" class=\"wp-image-47188\" style=\"width:504px;height:auto\" srcset=\"https:\/\/cbr.org.br\/wp-content\/uploads\/2023\/10\/banner-Agenda_Atualiza24.jpg 800w, https:\/\/cbr.org.br\/wp-content\/uploads\/2023\/10\/banner-Agenda_Atualiza24-445x254.jpg 445w, https:\/\/cbr.org.br\/wp-content\/uploads\/2023\/10\/banner-Agenda_Atualiza24-768x439.jpg 768w, https:\/\/cbr.org.br\/wp-content\/uploads\/2023\/10\/banner-Agenda_Atualiza24-18x10.jpg 18w\" sizes=\"(max-width: 800px) 100vw, 800px\" \/><\/figure>\n\n\n\n<figure class=\"wp-block-video\"><\/figure>","protected":false},"excerpt":{"rendered":"<p>ATUALIZA24 dispone de una amplia oferta de cursos Hands On y Demostraciones Pr\u00e1cticas de Ultrasonido en formato online, con recursos tecnol\u00f3gicos avanzados para la visualizaci\u00f3n de im\u00e1genes en una plataforma DICOM espec\u00edfica. Este a\u00f1o contamos con 32 cursos en las diversas subespecialidades de Radiolog\u00eda y Diagn\u00f3stico por Im\u00e1genes. Todos los cursos cuentan con preclases, Syllabus y materiales complementarios\u2026 <a href=\"https:\/\/cbr.org.br\/es\/cbr-educa\/circuito-nacional-da-radiologia\/\">Sigue leyendo<\/a><\/p>","protected":false},"author":15,"featured_media":0,"parent":7,"menu_order":0,"comment_status":"closed","ping_status":"closed","template":"","meta":{"_acf_changed":false,"footnotes":""},"class_list":["post-218","page","type-page","status-publish","hentry"],"acf":[],"_links":{"self":[{"href":"https:\/\/cbr.org.br\/es\/wp-json\/wp\/v2\/pages\/218","targetHints":{"allow":["GET"]}}],"collection":[{"href":"https:\/\/cbr.org.br\/es\/wp-json\/wp\/v2\/pages"}],"about":[{"href":"https:\/\/cbr.org.br\/es\/wp-json\/wp\/v2\/types\/page"}],"author":[{"embeddable":true,"href":"https:\/\/cbr.org.br\/es\/wp-json\/wp\/v2\/users\/15"}],"replies":[{"embeddable":true,"href":"https:\/\/cbr.org.br\/es\/wp-json\/wp\/v2\/comments?post=218"}],"version-history":[{"count":3,"href":"https:\/\/cbr.org.br\/es\/wp-json\/wp\/v2\/pages\/218\/revisions"}],"predecessor-version":[{"id":47551,"href":"https:\/\/cbr.org.br\/es\/wp-json\/wp\/v2\/pages\/218\/revisions\/47551"}],"up":[{"embeddable":true,"href":"https:\/\/cbr.org.br\/es\/wp-json\/wp\/v2\/pages\/7"}],"wp:attachment":[{"href":"https:\/\/cbr.org.br\/es\/wp-json\/wp\/v2\/media?parent=218"}],"curies":[{"name":"wp","href":"https:\/\/api.w.org\/{rel}","templated":true}]}}