{"id":221,"date":"2022-02-15T16:51:32","date_gmt":"2022-02-15T19:51:32","guid":{"rendered":"https:\/\/cbr.org.br\/?page_id=221"},"modified":"2025-10-29T08:23:54","modified_gmt":"2025-10-29T11:23:54","slug":"classificados","status":"publish","type":"page","link":"https:\/\/cbr.org.br\/es\/classificados\/","title":{"rendered":"Clasificado"},"content":{"rendered":"<p>El Colegio Brasile\u00f1o de Radiolog\u00eda y Diagn\u00f3stico por Im\u00e1genes (CBR) pone a disposici\u00f3n en su bolet\u00edn mensual, Boletim do CBR, y en el portal CBR (www.cbr.org.br), un espacio de anuncios clasificados para la compra y venta de cl\u00ednicas, oportunidades de trabajo y denuncias de hurto\/hurto. No se ofrecen anuncios de compra y venta de equipos.<\/p>\n\n\n\n<p>CBR no se responsabiliza del contenido transmitido en los anuncios de esta secci\u00f3n, no comprometi\u00e9ndose con la veracidad de la informaci\u00f3n contenida en los mismos.<\/p>\n\n\n\n<div style=\"height:12px\" aria-hidden=\"true\" class=\"wp-block-spacer\"><\/div>\n\n\n\n<div class=\"wp-block-columns is-layout-flex wp-container-core-columns-is-layout-9d6595d7 wp-block-columns-is-layout-flex\">\n<div class=\"wp-block-column is-layout-flow wp-block-column-is-layout-flow\">\n<div style=\"height:25px\" aria-hidden=\"true\" class=\"wp-block-spacer\"><\/div>\n\n\n\n<p class=\"bold mb-2 has-medium-font-size\" style=\"font-style:normal;font-weight:700\">Reglas y Procedimientos para publicidad<\/p>\n\n\n\n<div class=\"wp-block-buttons is-layout-flex wp-block-buttons-is-layout-flex\">\n<div class=\"wp-block-button is-style-fill no-border\"><a class=\"wp-block-button__link has-blue-background-color has-background wp-element-button\" href=\"https:\/\/cbr.org.br\/es\/classificados\/regras-e-prodecimentos\/\">Acceso<\/a><\/div>\n<\/div>\n<\/div>\n\n\n\n<div class=\"wp-block-column is-layout-flow wp-block-column-is-layout-flow\">\n<div style=\"height:25px\" aria-hidden=\"true\" class=\"wp-block-spacer\"><\/div>\n\n\n\n<p class=\"bold mb-2 has-medium-font-size\" style=\"font-style:normal;font-weight:700\">Solicita tu anuncio<\/p>\n\n\n\n<div class=\"wp-block-buttons is-layout-flex wp-block-buttons-is-layout-flex\">\n<div class=\"wp-block-button is-style-fill no-border\"><a class=\"wp-block-button__link has-blue-background-color has-background wp-element-button\" href=\"http:\/\/faleconosco.cbr.org.br\/classificados\" target=\"_blank\" rel=\"noreferrer noopener\">Haga clic aqu\u00ed<\/a><\/div>\n<\/div>\n<\/div>\n<\/div>\n\n\n\n<div style=\"height:20px\" aria-hidden=\"true\" class=\"wp-block-spacer\"><\/div>\n\n\n\n<p><\/p>","protected":false},"excerpt":{"rendered":"<p>El Colegio Brasile\u00f1o de Radiolog\u00eda y Diagn\u00f3stico por Im\u00e1genes (CBR) pone a disposici\u00f3n en su bolet\u00edn mensual, Boletim do CBR, y en el portal CBR (www.cbr.org.br), un espacio de anuncios clasificados para la compra y venta de cl\u00ednicas, oportunidades de trabajo y denuncias de hurto\/hurto. No se ofrecen anuncios de compra y venta de equipos. El CBR... <a href=\"https:\/\/cbr.org.br\/es\/classificados\/\">Sigue leyendo<\/a><\/p>","protected":false},"author":25,"featured_media":0,"parent":0,"menu_order":0,"comment_status":"closed","ping_status":"closed","template":"","meta":{"_acf_changed":false,"footnotes":""},"class_list":["post-221","page","type-page","status-publish","hentry"],"acf":[],"_links":{"self":[{"href":"https:\/\/cbr.org.br\/es\/wp-json\/wp\/v2\/pages\/221","targetHints":{"allow":["GET"]}}],"collection":[{"href":"https:\/\/cbr.org.br\/es\/wp-json\/wp\/v2\/pages"}],"about":[{"href":"https:\/\/cbr.org.br\/es\/wp-json\/wp\/v2\/types\/page"}],"author":[{"embeddable":true,"href":"https:\/\/cbr.org.br\/es\/wp-json\/wp\/v2\/users\/25"}],"replies":[{"embeddable":true,"href":"https:\/\/cbr.org.br\/es\/wp-json\/wp\/v2\/comments?post=221"}],"version-history":[{"count":2,"href":"https:\/\/cbr.org.br\/es\/wp-json\/wp\/v2\/pages\/221\/revisions"}],"predecessor-version":[{"id":48755,"href":"https:\/\/cbr.org.br\/es\/wp-json\/wp\/v2\/pages\/221\/revisions\/48755"}],"wp:attachment":[{"href":"https:\/\/cbr.org.br\/es\/wp-json\/wp\/v2\/media?parent=221"}],"curies":[{"name":"wp","href":"https:\/\/api.w.org\/{rel}","templated":true}]}}