{"id":225,"date":"2022-02-15T16:52:15","date_gmt":"2022-02-15T19:52:15","guid":{"rendered":"https:\/\/cbr.org.br\/?page_id=225"},"modified":"2026-02-18T13:49:44","modified_gmt":"2026-02-18T16:49:44","slug":"boletim-cbr","status":"publish","type":"page","link":"https:\/\/cbr.org.br\/es\/boletim-cbr\/","title":{"rendered":"Bolet\u00edn CBR"},"content":{"rendered":"<h3 class=\"wp-block-heading\">Publicidad<\/h3>\n\n\n\n<p>Para CBR, la formaci\u00f3n y actualizaci\u00f3n de profesionales en Radiolog\u00eda y Diagn\u00f3stico por Imagen tambi\u00e9n significa difundir los avances tecnol\u00f3gicos en el mercado de equipos y productos m\u00e9dicos. Para ello, CBR pone a disposici\u00f3n en su bolet\u00edn mensual, el Bolet\u00edn CBR, espacios para avisos (insertos publicitarios) que pueden ser contratados por empresas, industrias y dem\u00e1s interesados. El Bolet\u00edn CBR tiene circulaci\u00f3n nacional y una tirada de aproximadamente 10.000 ejemplares, distribuidos gratuitamente a los miembros y mediante suscripci\u00f3n anual a los no miembros interesados. Su penetraci\u00f3n nacional permite un alcance y una eficiencia incomparables, lo que permite a los anunciantes posicionar su marca frente a su p\u00fablico objetivo en todo Brasil. La publicaci\u00f3n tambi\u00e9n ofrece contenido completo totalmente gratuito a trav\u00e9s del Portal CBR (www.cbr.org.br), con una audiencia estimada de 45.000 lectores en todo el pa\u00eds. Para anunciarse, los interesados deber\u00e1n contactar con el departamento de Comunicaci\u00f3n y Marketing de CBR:<\/p>\n\n\n\n<p><strong>Departamento Comunicaci\u00f3n y Marketing<br>Tel\u00e9fono: (11) 3372-4544<br>Correo electr\u00f3nico: comunicacao@cbr.org.br<\/strong><\/p>\n\n\n\n<p><\/p>","protected":false},"excerpt":{"rendered":"<p>Anuncios Para CBR, la formaci\u00f3n y actualizaci\u00f3n de profesionales en Radiolog\u00eda y Diagn\u00f3stico por Imagen tambi\u00e9n significa difundir los avances tecnol\u00f3gicos en el mercado de equipos y productos m\u00e9dicos. Para ello, CBR pone a disposici\u00f3n en su bolet\u00edn mensual, el Bolet\u00edn CBR, espacios para anuncios (insertos publicitarios) que pueden ser contratados por empresas, industrias\u2026 <a href=\"https:\/\/cbr.org.br\/es\/boletim-cbr\/\">Sigue leyendo<\/a><\/p>","protected":false},"author":15,"featured_media":0,"parent":0,"menu_order":0,"comment_status":"closed","ping_status":"closed","template":"","meta":{"_acf_changed":false,"footnotes":""},"class_list":["post-225","page","type-page","status-publish","hentry"],"acf":[],"_links":{"self":[{"href":"https:\/\/cbr.org.br\/es\/wp-json\/wp\/v2\/pages\/225","targetHints":{"allow":["GET"]}}],"collection":[{"href":"https:\/\/cbr.org.br\/es\/wp-json\/wp\/v2\/pages"}],"about":[{"href":"https:\/\/cbr.org.br\/es\/wp-json\/wp\/v2\/types\/page"}],"author":[{"embeddable":true,"href":"https:\/\/cbr.org.br\/es\/wp-json\/wp\/v2\/users\/15"}],"replies":[{"embeddable":true,"href":"https:\/\/cbr.org.br\/es\/wp-json\/wp\/v2\/comments?post=225"}],"version-history":[{"count":2,"href":"https:\/\/cbr.org.br\/es\/wp-json\/wp\/v2\/pages\/225\/revisions"}],"predecessor-version":[{"id":54949,"href":"https:\/\/cbr.org.br\/es\/wp-json\/wp\/v2\/pages\/225\/revisions\/54949"}],"wp:attachment":[{"href":"https:\/\/cbr.org.br\/es\/wp-json\/wp\/v2\/media?parent=225"}],"curies":[{"name":"wp","href":"https:\/\/api.w.org\/{rel}","templated":true}]}}