{"id":243,"date":"2022-02-21T20:59:03","date_gmt":"2022-02-21T23:59:03","guid":{"rendered":"https:\/\/cbr.org.br\/?page_id=243"},"modified":"2022-04-04T11:09:14","modified_gmt":"2022-04-04T14:09:14","slug":"historico","status":"publish","type":"page","link":"https:\/\/cbr.org.br\/es\/sobre\/historico\/","title":{"rendered":"Hist\u00f3rico"},"content":{"rendered":"<h2 class=\"wp-block-heading\">CBR: desde 1948 trabajando para Radiolog\u00eda Brasile\u00f1a<\/h2>\n\n\n\n<p><em>El Colegio Brasile\u00f1o de Radiolog\u00eda y Diagn\u00f3stico por Imagen (CBR) es una entidad nacional, afiliada a la Asociaci\u00f3n M\u00e9dica Brasile\u00f1a (AMB), que representa a los m\u00e9dicos en la especialidad de Radiolog\u00eda e Imagen. Entre los principales objetivos de la entidad se encuentran difundir el conocimiento cient\u00edfico, defender la especialidad, fomentar la superaci\u00f3n profesional y sustentar los principios de excelencia en los m\u00e9todos y procedimientos diagn\u00f3sticos y terap\u00e9uticos por la imagen.<\/em><\/p>\n\n\n\n<p><strong>Fundado en 1948, el CBR cuenta hoy con 27 sociedades regionales afiliadas, distribuidas en todas las regiones del pa\u00eds, y cuenta con alrededor de 10.000 radi\u00f3logos asociados.<\/strong><\/p>\n\n\n\n<p><em>El CBR fue fundado el 15 de septiembre de 1948, con motivo de la 1\u00aa Conferencia Brasile\u00f1a de Radiolog\u00eda, realizada en la Facultad de Medicina de la Universidad de S\u00e3o Paulo (FMUSP), por los profesores Rafael de Barros, Jos\u00e9 Maria Cabello Campos, Carlos Os\u00f3rio Lopes , Adelaido Ribeiro, Jo\u00e3o Baptista Pulch\u00e9rio Filho and Walter Bomfim Pontes. El evento reuni\u00f3 a radi\u00f3logos de todo el pa\u00eds y fue creado para promover, representar, coordinar actividades, integrar, regular y profesionalizar a los especialistas en Radiolog\u00eda.<\/em><\/p>\n\n\n\n<p><em>En 1949, CBR gan\u00f3 su primera sede, ubicada en la Rua Sete de Abril, en la regi\u00f3n central de la ciudad de S\u00e3o Paulo. En ese momento, asumi\u00f3 la presidencia del CBR el m\u00e9dico radi\u00f3logo Jos\u00e9 Mar\u00eda Cabello Campos, responsable de la primera gesti\u00f3n de la entidad, y en la misma ocasi\u00f3n, Rafael de Barros fue designado como Primer Miembro de Honor del Colegio.<\/em><\/p>\n\n\n\n<p><em>En 1950, la CBR se oficializ\u00f3, siendo registrada como empresa con personalidad jur\u00eddica, en el Registro de T\u00edtulos y Documentos de la 3\u00aa Oficina de S\u00e3o Paulo. En 1951, la CBR se traslad\u00f3 a la Rua Marconi, 94, en el centro de S\u00e3o Paulo y fue declarada entidad de utilidad p\u00fablica del estado por Decreto n\u00ba 1.268\/1951. En 1953, el Colegio ya contaba con 150 asociados, n\u00famero que, a\u00f1o tras a\u00f1o, fue creciendo y brindando a la entidad una importante representatividad en el \u00e1rea m\u00e9dica.<\/em><\/p>\n\n\n\n<p><em>En la b\u00fasqueda de la calidad en la prestaci\u00f3n de los servicios, desde 1992 el CBR desarrolla programas de capacitaci\u00f3n en Mamograf\u00eda, Ultrasonido, Tomograf\u00eda Computarizada y Resonancia Magn\u00e9tica. Cada una est\u00e1 formada por una Comisi\u00f3n Nacional de Calidad que, tras una serie de evaluaciones e inspecciones, otorga el Sello de Calidad en el \u00e1rea espec\u00edfica y el Certificado de Cualificaci\u00f3n CBR.<\/em><\/p>\n\n\n\n<p><em>A lo largo de su historia, la CBR se ha dedicado a las luchas de la profesi\u00f3n m\u00e9dica y al desarrollo profesional de sus miembros asociados. La trayectoria de la entidad fue y se sigue construyendo a trav\u00e9s del trabajo de radi\u00f3logos de todo el pa\u00eds, que se han dedicado a la instituci\u00f3n, ya sea formando parte de los directorios de cada administraci\u00f3n, o colaborando espont\u00e1neamente en actividades cient\u00edficas y de defensa profesional.<\/em><\/p>\n\n\n\n<p><em>La RBC siempre ha estado detr\u00e1s del desarrollo de la especialidad, que ha dejado de ser parte del proceso asistencial para convertirse en una de sus \u00e1reas m\u00e1s importantes. Hoy la Radiolog\u00eda y el Diagn\u00f3stico por Im\u00e1genes es fundamental en los procesos de diagn\u00f3stico y curaci\u00f3n que desarrollan otras especialidades m\u00e9dicas y el Colegio se enorgullece de ser parte de esta historia de \u00e9xito.<\/em><\/p>","protected":false},"excerpt":{"rendered":"<p>CBR: desde 1948 trabajando para la Radiolog\u00eda Brasile\u00f1a El Colegio Brasile\u00f1o de Radiolog\u00eda y Diagn\u00f3stico por Imagen (CBR) es una entidad nacional, afiliada a la Asociaci\u00f3n M\u00e9dica Brasile\u00f1a (AMB), que representa a los m\u00e9dicos en la especialidad de Radiolog\u00eda e Imagen. Entre los principales objetivos de la entidad se encuentran difundir el conocimiento cient\u00edfico, defender la especialidad, fomentar la superaci\u00f3n profesional y\u2026 <a href=\"https:\/\/cbr.org.br\/es\/sobre\/historico\/\">Sigue leyendo<\/a><\/p>","protected":false},"author":15,"featured_media":0,"parent":26,"menu_order":0,"comment_status":"closed","ping_status":"closed","template":"","meta":{"_acf_changed":false,"footnotes":""},"class_list":["post-243","page","type-page","status-publish","hentry"],"acf":[],"_links":{"self":[{"href":"https:\/\/cbr.org.br\/es\/wp-json\/wp\/v2\/pages\/243","targetHints":{"allow":["GET"]}}],"collection":[{"href":"https:\/\/cbr.org.br\/es\/wp-json\/wp\/v2\/pages"}],"about":[{"href":"https:\/\/cbr.org.br\/es\/wp-json\/wp\/v2\/types\/page"}],"author":[{"embeddable":true,"href":"https:\/\/cbr.org.br\/es\/wp-json\/wp\/v2\/users\/15"}],"replies":[{"embeddable":true,"href":"https:\/\/cbr.org.br\/es\/wp-json\/wp\/v2\/comments?post=243"}],"version-history":[{"count":2,"href":"https:\/\/cbr.org.br\/es\/wp-json\/wp\/v2\/pages\/243\/revisions"}],"predecessor-version":[{"id":40639,"href":"https:\/\/cbr.org.br\/es\/wp-json\/wp\/v2\/pages\/243\/revisions\/40639"}],"up":[{"embeddable":true,"href":"https:\/\/cbr.org.br\/es\/wp-json\/wp\/v2\/pages\/26"}],"wp:attachment":[{"href":"https:\/\/cbr.org.br\/es\/wp-json\/wp\/v2\/media?parent=243"}],"curies":[{"name":"wp","href":"https:\/\/api.w.org\/{rel}","templated":true}]}}