{"id":249,"date":"2022-02-21T20:59:42","date_gmt":"2022-02-21T23:59:42","guid":{"rendered":"https:\/\/cbr.org.br\/?page_id=249"},"modified":"2026-04-01T09:25:59","modified_gmt":"2026-04-01T12:25:59","slug":"sociedades-estaduais","status":"publish","type":"page","link":"https:\/\/cbr.org.br\/es\/sobre\/sociedades-estaduais\/","title":{"rendered":"sociedades estatales"},"content":{"rendered":"<p><em>El Colegio Brasile\u00f1o de Radiolog\u00eda y Diagn\u00f3stico por Im\u00e1genes (CBR) re\u00fane asociados de todo el pa\u00eds, junto con sus 27 sociedades estatales. Junto con sus afiliados, opera de manera uniforme con el objetivo de entregar servicios que agreguen valor a la vida profesional y garanticen una atenci\u00f3n de calidad con seguridad para el paciente.<\/em><br><em>Todas las regionales cuentan con el apoyo institucional de CBR en todas las actividades que realizan, sumando fortaleza a la valorizaci\u00f3n de la especialidad en todo el territorio nacional.<\/em><\/p>","protected":false},"excerpt":{"rendered":"<p>El Colegio Brasile\u00f1o de Radiolog\u00eda y Diagn\u00f3stico por Im\u00e1genes (CBR) re\u00fane asociados de todo el pa\u00eds, junto con sus 27 sociedades estatales. Junto con sus afiliados, tiene una actuaci\u00f3n uniforme con el objetivo de entregar servicios que agreguen valor a la vida profesional y garanticen una atenci\u00f3n de calidad con seguridad para el paciente. <a href=\"https:\/\/cbr.org.br\/es\/sobre\/sociedades-estaduais\/\">Sigue leyendo<\/a><\/p>","protected":false},"author":15,"featured_media":0,"parent":26,"menu_order":0,"comment_status":"closed","ping_status":"closed","template":"","meta":{"_acf_changed":false,"footnotes":""},"class_list":["post-249","page","type-page","status-publish","hentry"],"acf":[],"_links":{"self":[{"href":"https:\/\/cbr.org.br\/es\/wp-json\/wp\/v2\/pages\/249","targetHints":{"allow":["GET"]}}],"collection":[{"href":"https:\/\/cbr.org.br\/es\/wp-json\/wp\/v2\/pages"}],"about":[{"href":"https:\/\/cbr.org.br\/es\/wp-json\/wp\/v2\/types\/page"}],"author":[{"embeddable":true,"href":"https:\/\/cbr.org.br\/es\/wp-json\/wp\/v2\/users\/15"}],"replies":[{"embeddable":true,"href":"https:\/\/cbr.org.br\/es\/wp-json\/wp\/v2\/comments?post=249"}],"version-history":[{"count":3,"href":"https:\/\/cbr.org.br\/es\/wp-json\/wp\/v2\/pages\/249\/revisions"}],"predecessor-version":[{"id":54992,"href":"https:\/\/cbr.org.br\/es\/wp-json\/wp\/v2\/pages\/249\/revisions\/54992"}],"up":[{"embeddable":true,"href":"https:\/\/cbr.org.br\/es\/wp-json\/wp\/v2\/pages\/26"}],"wp:attachment":[{"href":"https:\/\/cbr.org.br\/es\/wp-json\/wp\/v2\/media?parent=249"}],"curies":[{"name":"wp","href":"https:\/\/api.w.org\/{rel}","templated":true}]}}