{"id":40339,"date":"2022-03-15T10:59:38","date_gmt":"2022-03-15T13:59:38","guid":{"rendered":"https:\/\/cbr.org.br\/?page_id=40339"},"modified":"2026-03-27T15:41:55","modified_gmt":"2026-03-27T18:41:55","slug":"selos-de-qualidade","status":"publish","type":"page","link":"https:\/\/cbr.org.br\/es\/cbr-clinicas\/selos-de-qualidade\/","title":{"rendered":"Sellos de Calidad"},"content":{"rendered":"<p>Desde 1992, el Colegio ha desarrollado programas de Certificaci\u00f3n de Calidad para las \u00e1reas de Mamograf\u00eda, Ultrasonograf\u00eda, Tomograf\u00eda Computarizada y Resonancia Magn\u00e9tica, brindando m\u00e1s <strong>calidad y seguridad para los pacientes en los ex\u00e1menes realizados.<\/strong><\/p>\n\n\n\n<figure class=\"wp-block-image size-full is-resized\"><img fetchpriority=\"high\" decoding=\"async\" src=\"https:\/\/cbr.org.br\/wp-content\/uploads\/2022\/03\/cbr-clincias-selos-de-qualidade-e1646520550826.png\" alt=\"\" class=\"wp-image-40340\" width=\"520\" height=\"177\" srcset=\"https:\/\/cbr.org.br\/wp-content\/uploads\/2022\/03\/cbr-clincias-selos-de-qualidade-e1646520550826.png 833w, https:\/\/cbr.org.br\/wp-content\/uploads\/2022\/03\/cbr-clincias-selos-de-qualidade-e1646520550826-300x103.png 300w, https:\/\/cbr.org.br\/wp-content\/uploads\/2022\/03\/cbr-clincias-selos-de-qualidade-e1646520550826-768x263.png 768w\" sizes=\"(max-width: 520px) 100vw, 520px\" \/><\/figure>","protected":false},"excerpt":{"rendered":"<p>Desde 1992, el Colegio desarrolla programas de Certificaci\u00f3n de Calidad para las \u00e1reas de Mamograf\u00eda, Ultrasonido, Tomograf\u00eda Computarizada y Resonancia Magn\u00e9tica, brindando m\u00e1s calidad y seguridad a los pacientes en los ex\u00e1menes realizados.<\/p>","protected":false},"author":15,"featured_media":0,"parent":9,"menu_order":0,"comment_status":"closed","ping_status":"closed","template":"","meta":{"_acf_changed":false,"footnotes":""},"class_list":["post-40339","page","type-page","status-publish","hentry"],"acf":[],"_links":{"self":[{"href":"https:\/\/cbr.org.br\/es\/wp-json\/wp\/v2\/pages\/40339","targetHints":{"allow":["GET"]}}],"collection":[{"href":"https:\/\/cbr.org.br\/es\/wp-json\/wp\/v2\/pages"}],"about":[{"href":"https:\/\/cbr.org.br\/es\/wp-json\/wp\/v2\/types\/page"}],"author":[{"embeddable":true,"href":"https:\/\/cbr.org.br\/es\/wp-json\/wp\/v2\/users\/15"}],"replies":[{"embeddable":true,"href":"https:\/\/cbr.org.br\/es\/wp-json\/wp\/v2\/comments?post=40339"}],"version-history":[{"count":3,"href":"https:\/\/cbr.org.br\/es\/wp-json\/wp\/v2\/pages\/40339\/revisions"}],"predecessor-version":[{"id":55216,"href":"https:\/\/cbr.org.br\/es\/wp-json\/wp\/v2\/pages\/40339\/revisions\/55216"}],"up":[{"embeddable":true,"href":"https:\/\/cbr.org.br\/es\/wp-json\/wp\/v2\/pages\/9"}],"wp:attachment":[{"href":"https:\/\/cbr.org.br\/es\/wp-json\/wp\/v2\/media?parent=40339"}],"curies":[{"name":"wp","href":"https:\/\/api.w.org\/{rel}","templated":true}]}}