{"id":40420,"date":"2022-03-15T17:00:04","date_gmt":"2022-03-15T20:00:04","guid":{"rendered":"https:\/\/cbr.org.br\/?page_id=40420"},"modified":"2023-07-24T11:09:04","modified_gmt":"2023-07-24T14:09:04","slug":"regras-e-prodecimentos","status":"publish","type":"page","link":"https:\/\/cbr.org.br\/es\/classificados\/regras-e-prodecimentos\/","title":{"rendered":"Reglas y Procedimientos para publicidad"},"content":{"rendered":"<p>Para hacer publicidad, es necesario seguir las reglas y procedimientos que se describen a continuaci\u00f3n:<\/p>\n\n\n\n<p><strong>Solicitar la publicaci\u00f3n del anuncio<\/strong><br>Para iniciar la solicitud de anuncio, ser\u00e1 necesario completar este&nbsp;<strong><a href=\"http:\/\/faleconosco.cbr.org.br\/classificados\">forma<\/a><\/strong>.<\/p>\n\n\n\n<p><strong>\u00bfCu\u00e1l es el valor del anuncio?<\/strong><br>Los miembros de CBR y ABCDI en regla con sus obligaciones estatutarias (anualidades) pueden anunciar&nbsp;<strong>libre de cargo<\/strong>&nbsp;(limitado a&nbsp;<strong>un anuncio por n\u00famero\/mes<\/strong>; si quieres publicar m\u00e1s de&nbsp;<strong>un anuncio<\/strong>&nbsp;en la misma edici\u00f3n, deber\u00e1 abonar el importe que se describe a continuaci\u00f3n).<\/p>\n\n\n\n<p>Los no afiliados o afiliados que no est\u00e9n al d\u00eda con sus obligaciones estatutarias (anualidades) y no deseen realizar el ajuste deber\u00e1n pagar la Tarifa de Inserci\u00f3n de Anuncio de acuerdo al tiempo de colocaci\u00f3n deseado, a saber:<\/p>\n\n\n\n<p>1 mes: R$ 214<br>2 meses: R$ 321<br>3 meses: R$ 428<\/p>\n\n\n\n<p><strong>\u00bfQui\u00e9n puede anunciarse?<\/strong><br>La colocaci\u00f3n de anuncios solo est\u00e1 permitida para profesionales en el campo de la Radiolog\u00eda y el Diagn\u00f3stico por Imagen.<\/p>\n\n\n\n<p><strong>\u00bfCu\u00e1les son las categor\u00edas de anuncios?<\/strong><br>Venta de Cl\u00ednica\/Servicio de Diagn\u00f3stico por Im\u00e1genes, Robo y hurto de equipos, puestos de trabajo y oportunidades laborales.<\/p>\n\n\n\n<p><strong>\u00bfC\u00f3mo debe ser el anuncio?<\/strong><br>El tama\u00f1o del anuncio es est\u00e1ndar y puede contener un m\u00e1ximo de 300 caracteres con espacios.<br><br>El anuncio debe contener la mayor cantidad de informaci\u00f3n posible sobre el producto o servicio y los datos de contacto. En el caso del robo\/denuncia de hurto, tambi\u00e9n es necesario informar: marca, modelo, n\u00famero de serie, origen y a\u00f1o de fabricaci\u00f3n.<br><br>El contenido expresado en el anuncio es responsabilidad del anunciante.<\/p>\n\n\n\n<p><strong>\u00bfCu\u00e1ndo se publicar\u00e1 el anuncio?<\/strong><br>El anunciante ser\u00e1 informado por correo electr\u00f3nico, ya que la colocaci\u00f3n del anuncio est\u00e1 sujeta a disponibilidad de espacio y cumplir\u00e1 con la fecha de solicitud y confirmaci\u00f3n por parte de CBR.<br><br>En el portal, el anuncio se publicar\u00e1 poco despu\u00e9s de la confirmaci\u00f3n por parte de CBR. En el Bolet\u00edn entrar\u00e1 en la pr\u00f3xima edici\u00f3n con espacio disponible.<\/p>\n\n\n\n<p><strong>\u00bfCu\u00e1nto tiempo se publicar\u00e1 cada anuncio?<\/strong><br>Los anuncios de los miembros que est\u00e9n actualizados tendr\u00e1n una duraci\u00f3n de 1 (un) mes y podr\u00e1n renovarse contact\u00e1ndolos nuevamente, siguiendo las mismas reglas y procedimientos adoptados en su primera ubicaci\u00f3n.<br><br>Los dem\u00e1s anuncios ser\u00e1n servidos seg\u00fan el horario y la respectiva tarifa elegida por el anunciante.<\/p>\n\n\n\n<p><\/p>\n\n\n\n<h3 class=\"wp-block-heading mb-1\">Solicita tu anuncio<\/h3>\n\n\n\n<div class=\"wp-block-buttons is-layout-flex wp-block-buttons-is-layout-flex\">\n<div class=\"wp-block-button is-style-fill no-border\"><a class=\"wp-block-button__link has-blue-background-color has-background wp-element-button\" href=\"http:\/\/faleconosco.cbr.org.br\/classificados\" target=\"_blank\" rel=\"noreferrer noopener\">Haga clic aqu\u00ed<\/a><\/div>\n<\/div>","protected":false},"excerpt":{"rendered":"<p>Para anunciarse, es necesario seguir las normas y procedimientos que se describen a continuaci\u00f3n: Solicitar la publicaci\u00f3n del anuncio Para empezar a solicitar el anuncio, ser\u00e1 necesario rellenar este formulario. \u00bfCu\u00e1l es el valor del anuncio? Los miembros de CBR y ABCDI al d\u00eda con sus obligaciones legales (anualidades) pueden anunciarse de forma gratuita (limitado a un anuncio por n\u00famero\/mes; si desea publicar m\u00e1s de uno... <a href=\"https:\/\/cbr.org.br\/es\/classificados\/regras-e-prodecimentos\/\">Sigue leyendo<\/a><\/p>","protected":false},"author":15,"featured_media":0,"parent":221,"menu_order":0,"comment_status":"closed","ping_status":"closed","template":"","meta":{"_acf_changed":false,"footnotes":""},"class_list":["post-40420","page","type-page","status-publish","hentry"],"acf":[],"_links":{"self":[{"href":"https:\/\/cbr.org.br\/es\/wp-json\/wp\/v2\/pages\/40420","targetHints":{"allow":["GET"]}}],"collection":[{"href":"https:\/\/cbr.org.br\/es\/wp-json\/wp\/v2\/pages"}],"about":[{"href":"https:\/\/cbr.org.br\/es\/wp-json\/wp\/v2\/types\/page"}],"author":[{"embeddable":true,"href":"https:\/\/cbr.org.br\/es\/wp-json\/wp\/v2\/users\/15"}],"replies":[{"embeddable":true,"href":"https:\/\/cbr.org.br\/es\/wp-json\/wp\/v2\/comments?post=40420"}],"version-history":[{"count":2,"href":"https:\/\/cbr.org.br\/es\/wp-json\/wp\/v2\/pages\/40420\/revisions"}],"predecessor-version":[{"id":46451,"href":"https:\/\/cbr.org.br\/es\/wp-json\/wp\/v2\/pages\/40420\/revisions\/46451"}],"up":[{"embeddable":true,"href":"https:\/\/cbr.org.br\/es\/wp-json\/wp\/v2\/pages\/221"}],"wp:attachment":[{"href":"https:\/\/cbr.org.br\/es\/wp-json\/wp\/v2\/media?parent=40420"}],"curies":[{"name":"wp","href":"https:\/\/api.w.org\/{rel}","templated":true}]}}