{"id":407,"date":"2022-03-11T16:14:08","date_gmt":"2022-03-11T19:14:08","guid":{"rendered":"https:\/\/cbr.org.br\/?page_id=407"},"modified":"2024-11-26T17:48:17","modified_gmt":"2024-11-26T20:48:17","slug":"comissao-nacional-de-tomografia-computadorizada-e-ressonancia-magnetica","status":"publish","type":"page","link":"https:\/\/cbr.org.br\/es\/comissao-nacional-de-tomografia-computadorizada-e-ressonancia-magnetica\/","title":{"rendered":"Comisi\u00f3n Nacional de Tomograf\u00eda Computarizada y Resonancia Magn\u00e9tica"},"content":{"rendered":"<div data-elementor-type=\"wp-page\" data-elementor-id=\"407\" class=\"elementor elementor-407\" data-elementor-post-type=\"page\">\n\t\t\t\t\t\t<section class=\"elementor-section elementor-top-section elementor-element elementor-element-72fb8042 elementor-section-boxed elementor-section-height-default elementor-section-height-default\" data-id=\"72fb8042\" data-element_type=\"section\">\n\t\t\t\t\t\t<div class=\"elementor-container elementor-column-gap-default\">\n\t\t\t\t\t<div class=\"elementor-column elementor-col-100 elementor-top-column elementor-element elementor-element-6ceced66\" data-id=\"6ceced66\" data-element_type=\"column\">\n\t\t\t<div class=\"elementor-widget-wrap elementor-element-populated\">\n\t\t\t\t\t\t<div class=\"elementor-element elementor-element-51cd76a1 elementor-widget elementor-widget-text-editor\" data-id=\"51cd76a1\" data-element_type=\"widget\" data-widget_type=\"text-editor.default\">\n\t\t\t\t<div class=\"elementor-widget-container\">\n\t\t\t\t\t\t\t\t\t<p>Conozca aqu\u00ed los dict\u00e1menes emitidos por la Comisi\u00f3n Nacional de Tomograf\u00eda Computarizada y Resonancia Magn\u00e9tica:<\/p>\t\t\t\t\t\t\t\t<\/div>\n\t\t\t\t<\/div>\n\t\t\t\t\t<\/div>\n\t\t<\/div>\n\t\t\t\t\t<\/div>\n\t\t<\/section>\n\t\t\t\t<section class=\"elementor-section elementor-top-section elementor-element elementor-element-3fd46f0 elementor-section-boxed elementor-section-height-default elementor-section-height-default\" data-id=\"3fd46f0\" data-element_type=\"section\">\n\t\t\t\t\t\t<div class=\"elementor-container elementor-column-gap-default\">\n\t\t\t\t\t<div class=\"elementor-column elementor-col-100 elementor-top-column elementor-element elementor-element-424aa7f\" data-id=\"424aa7f\" data-element_type=\"column\">\n\t\t\t<div class=\"elementor-widget-wrap elementor-element-populated\">\n\t\t\t\t\t\t<div class=\"elementor-element elementor-element-16ce2aa e-transform elementor-widget elementor-widget-toggle\" data-id=\"16ce2aa\" data-element_type=\"widget\" data-settings=\"{&quot;_transform_skewX_effect&quot;:{&quot;unit&quot;:&quot;px&quot;,&quot;size&quot;:&quot;&quot;,&quot;sizes&quot;:[]},&quot;_transform_skewX_effect_tablet&quot;:{&quot;unit&quot;:&quot;deg&quot;,&quot;size&quot;:&quot;&quot;,&quot;sizes&quot;:[]},&quot;_transform_skewX_effect_mobile&quot;:{&quot;unit&quot;:&quot;deg&quot;,&quot;size&quot;:&quot;&quot;,&quot;sizes&quot;:[]},&quot;_transform_skewY_effect&quot;:{&quot;unit&quot;:&quot;px&quot;,&quot;size&quot;:&quot;&quot;,&quot;sizes&quot;:[]},&quot;_transform_skewY_effect_tablet&quot;:{&quot;unit&quot;:&quot;deg&quot;,&quot;size&quot;:&quot;&quot;,&quot;sizes&quot;:[]},&quot;_transform_skewY_effect_mobile&quot;:{&quot;unit&quot;:&quot;deg&quot;,&quot;size&quot;:&quot;&quot;,&quot;sizes&quot;:[]}}\" data-widget_type=\"toggle.default\">\n\t\t\t\t<div class=\"elementor-widget-container\">\n\t\t\t\t\t\t\t<div class=\"elementor-toggle\">\n\t\t\t\t\t\t\t<div class=\"elementor-toggle-item\">\n\t\t\t\t\t<div id=\"elementor-tab-title-2391\" class=\"elementor-tab-title\" data-tab=\"1\" role=\"button\" aria-controls=\"elementor-tab-content-2391\" aria-expanded=\"false\">\n\t\t\t\t\t\t\t\t\t\t\t\t<span class=\"elementor-toggle-icon elementor-toggle-icon-left\" aria-hidden=\"true\">\n\t\t\t\t\t\t\t\t\t\t\t\t\t\t\t<span class=\"elementor-toggle-icon-closed\"><i class=\"fas fa-folder-open\"><\/i><\/span>\n\t\t\t\t\t\t\t\t<span class=\"elementor-toggle-icon-opened\"><i class=\"elementor-toggle-icon-opened fas fa-caret-up\"><\/i><\/span>\n\t\t\t\t\t\t\t\t\t\t\t\t\t<\/span>\n\t\t\t\t\t\t\t\t\t\t\t\t<a class=\"elementor-toggle-title\" tabindex=\"0\"><h4>2023<\/h4><\/a>\n\t\t\t\t\t<\/div>\n\n\t\t\t\t\t<div id=\"elementor-tab-content-2391\" class=\"elementor-tab-content elementor-clearfix\" data-tab=\"1\" role=\"region\" aria-labelledby=\"elementor-tab-title-2391\"><p><strong>\u25b6 <a href=\"https:\/\/cbr.org.br\/wp-content\/uploads\/2024\/11\/Parecer-sobre-a-seguranca-do-uso-dos-meios-de-contraste-a-base-de-gadolinio-em-exames-de-ressonancia-magnetica-das-mamas.pdf\">Opini\u00f3n sobre la seguridad del uso de medios de contraste a base de gadolinio en ex\u00e1menes de resonancia magn\u00e9tica mamaria<\/a><\/strong><\/p><\/div>\n\t\t\t\t<\/div>\n\t\t\t\t\t\t\t<div class=\"elementor-toggle-item\">\n\t\t\t\t\t<div id=\"elementor-tab-title-2392\" class=\"elementor-tab-title\" data-tab=\"2\" role=\"button\" aria-controls=\"elementor-tab-content-2392\" aria-expanded=\"false\">\n\t\t\t\t\t\t\t\t\t\t\t\t<span class=\"elementor-toggle-icon elementor-toggle-icon-left\" aria-hidden=\"true\">\n\t\t\t\t\t\t\t\t\t\t\t\t\t\t\t<span class=\"elementor-toggle-icon-closed\"><i class=\"fas fa-folder-open\"><\/i><\/span>\n\t\t\t\t\t\t\t\t<span class=\"elementor-toggle-icon-opened\"><i class=\"elementor-toggle-icon-opened fas fa-caret-up\"><\/i><\/span>\n\t\t\t\t\t\t\t\t\t\t\t\t\t<\/span>\n\t\t\t\t\t\t\t\t\t\t\t\t<a class=\"elementor-toggle-title\" tabindex=\"0\"><h4>2022<\/h4><\/a>\n\t\t\t\t\t<\/div>\n\n\t\t\t\t\t<div id=\"elementor-tab-content-2392\" class=\"elementor-tab-content elementor-clearfix\" data-tab=\"2\" role=\"region\" aria-labelledby=\"elementor-tab-title-2392\"><p><strong>\u25b6&nbsp;<\/strong><a href=\"https:\/\/cbr.org.br\/wp-content\/uploads\/2023\/11\/Parecer-sobre-Solicitacao-e-Cobranca-de-Procedimentos-Tomograficos-da-Coluna-Vertebral.pdf\" target=\"_blank\" style=\"font-family: var( --e-global-typography-text-font-family ), Sans-serif; font-weight: var( --e-global-typography-text-font-weight ); font-size: 1rem;\">Solicitud y Facturaci\u00f3n de Procedimientos de Tomograf\u00eda de Columna Vertebral<\/a><\/p><\/div>\n\t\t\t\t<\/div>\n\t\t\t\t\t\t\t<div class=\"elementor-toggle-item\">\n\t\t\t\t\t<div id=\"elementor-tab-title-2393\" class=\"elementor-tab-title\" data-tab=\"3\" role=\"button\" aria-controls=\"elementor-tab-content-2393\" aria-expanded=\"false\">\n\t\t\t\t\t\t\t\t\t\t\t\t<span class=\"elementor-toggle-icon elementor-toggle-icon-left\" aria-hidden=\"true\">\n\t\t\t\t\t\t\t\t\t\t\t\t\t\t\t<span class=\"elementor-toggle-icon-closed\"><i class=\"fas fa-folder-open\"><\/i><\/span>\n\t\t\t\t\t\t\t\t<span class=\"elementor-toggle-icon-opened\"><i class=\"elementor-toggle-icon-opened fas fa-caret-up\"><\/i><\/span>\n\t\t\t\t\t\t\t\t\t\t\t\t\t<\/span>\n\t\t\t\t\t\t\t\t\t\t\t\t<a class=\"elementor-toggle-title\" tabindex=\"0\"><h4>2021<\/h4><\/a>\n\t\t\t\t\t<\/div>\n\n\t\t\t\t\t<div id=\"elementor-tab-content-2393\" class=\"elementor-tab-content elementor-clearfix\" data-tab=\"3\" role=\"region\" aria-labelledby=\"elementor-tab-title-2393\"><p><!-- \/wp:paragraph --><!-- wp:paragraph --><\/p>\n<p><strong>\u25b6<\/strong> <strong><a href=\"https:\/\/cbr.org.br\/wp-content\/uploads\/2021\/10\/Equipamentos-de-Anestesia-e-Assistencia-a-Vida-Recomendados-pelo-CBR_07-10-21.pdf\" target=\"_blank\" rel=\"noreferrer noopener\">Equipo de Anestesia y Soporte Vital \u2013 Recomendado por CBR<\/a><\/strong><\/p>\n<p><!-- \/wp:paragraph --><!-- wp:paragraph --><\/p>\n<p><strong>\u25b6<\/strong> <strong><a href=\"https:\/\/cbr.org.br\/wp-content\/uploads\/2024\/11\/Parecer-Meios-de-contraste.pdf\">Opini\u00f3n t\u00e9cnica de CBR - Medios de contraste<\/a><\/strong><\/p><\/div>\n\t\t\t\t<\/div>\n\t\t\t\t\t\t\t\t<\/div>\n\t\t\t\t\t\t<\/div>\n\t\t\t\t<\/div>\n\t\t\t\t\t<\/div>\n\t\t<\/div>\n\t\t\t\t\t<\/div>\n\t\t<\/section>\n\t\t\t\t<\/div>","protected":false},"excerpt":{"rendered":"<p>Conozca aqu\u00ed los dict\u00e1menes emitidos por la Comisi\u00f3n Nacional de Tomograf\u00eda Computarizada y Resonancia Magn\u00e9tica: 2023 \u25b6 Opini\u00f3n sobre la seguridad del uso de medios de contraste a base de gadolinio en ex\u00e1menes de resonancia magn\u00e9tica de mama 2022 \u25b6 Solicitud y Facturaci\u00f3n de Procedimientos Tomogr\u00e1ficos de Columna 2021 \u25b6 Anestesia y Asistencia M\u00e9dica Equipo\u2026 <a href=\"https:\/\/cbr.org.br\/es\/comissao-nacional-de-tomografia-computadorizada-e-ressonancia-magnetica\/\">Sigue leyendo<\/a><\/p>","protected":false},"author":15,"featured_media":0,"parent":0,"menu_order":0,"comment_status":"closed","ping_status":"closed","template":"","meta":{"_acf_changed":false,"footnotes":""},"class_list":["post-407","page","type-page","status-publish","hentry"],"acf":[],"_links":{"self":[{"href":"https:\/\/cbr.org.br\/es\/wp-json\/wp\/v2\/pages\/407","targetHints":{"allow":["GET"]}}],"collection":[{"href":"https:\/\/cbr.org.br\/es\/wp-json\/wp\/v2\/pages"}],"about":[{"href":"https:\/\/cbr.org.br\/es\/wp-json\/wp\/v2\/types\/page"}],"author":[{"embeddable":true,"href":"https:\/\/cbr.org.br\/es\/wp-json\/wp\/v2\/users\/15"}],"replies":[{"embeddable":true,"href":"https:\/\/cbr.org.br\/es\/wp-json\/wp\/v2\/comments?post=407"}],"version-history":[{"count":3,"href":"https:\/\/cbr.org.br\/es\/wp-json\/wp\/v2\/pages\/407\/revisions"}],"predecessor-version":[{"id":50020,"href":"https:\/\/cbr.org.br\/es\/wp-json\/wp\/v2\/pages\/407\/revisions\/50020"}],"wp:attachment":[{"href":"https:\/\/cbr.org.br\/es\/wp-json\/wp\/v2\/media?parent=407"}],"curies":[{"name":"wp","href":"https:\/\/api.w.org\/{rel}","templated":true}]}}