{"id":42992,"date":"2022-10-04T17:52:16","date_gmt":"2022-10-04T20:52:16","guid":{"rendered":"https:\/\/cbr.org.br\/?page_id=42992"},"modified":"2022-11-04T10:39:59","modified_gmt":"2022-11-04T13:39:59","slug":"curso-de-fisica-medica-para-residencia","status":"publish","type":"page","link":"https:\/\/cbr.org.br\/es\/curso-de-fisica-medica-para-residencia\/","title":{"rendered":"Curso de Revisi\u00f3n de F\u00edsica M\u00e9dica para Residentes"},"content":{"rendered":"<div style=\"height:100px\" aria-hidden=\"true\" class=\"wp-block-spacer\"><\/div>\n\n\n\n<div class=\"wp-block-columns is-layout-flex wp-container-core-columns-is-layout-9d6595d7 wp-block-columns-is-layout-flex\">\n<div class=\"wp-block-column is-vertically-aligned-center is-layout-flow wp-block-column-is-layout-flow\" style=\"flex-basis:33.33%\">\n<figure class=\"wp-block-image aligncenter size-large is-resized\"><img decoding=\"async\" src=\"https:\/\/cbr.org.br\/wp-content\/uploads\/2022\/10\/logo_fisica-medica-residentes-1-1920x474.png\" alt=\"\" class=\"wp-image-43138\" width=\"272\" height=\"67\" srcset=\"https:\/\/cbr.org.br\/wp-content\/uploads\/2022\/10\/logo_fisica-medica-residentes-1-1920x474.png 1920w, https:\/\/cbr.org.br\/wp-content\/uploads\/2022\/10\/logo_fisica-medica-residentes-1-960x237.png 960w, https:\/\/cbr.org.br\/wp-content\/uploads\/2022\/10\/logo_fisica-medica-residentes-1-450x111.png 450w, https:\/\/cbr.org.br\/wp-content\/uploads\/2022\/10\/logo_fisica-medica-residentes-1-768x189.png 768w, https:\/\/cbr.org.br\/wp-content\/uploads\/2022\/10\/logo_fisica-medica-residentes-1-1536x379.png 1536w, https:\/\/cbr.org.br\/wp-content\/uploads\/2022\/10\/logo_fisica-medica-residentes-1-2048x505.png 2048w, https:\/\/cbr.org.br\/wp-content\/uploads\/2022\/10\/logo_fisica-medica-residentes-1-18x4.png 18w\" sizes=\"(max-width: 272px) 100vw, 272px\" \/><\/figure>\n<\/div>\n\n\n\n<div class=\"wp-block-column is-layout-flow wp-block-column-is-layout-flow\" style=\"flex-basis:66.66%\">\n<p>El objetivo del curso es brindar una revisi\u00f3n general de aspectos de la f\u00edsica y de las tecnolog\u00edas utilizadas en radiodiagn\u00f3stico, as\u00ed como fortalecer la cultura de protecci\u00f3n radiol\u00f3gica en la formaci\u00f3n de radi\u00f3logos, adoptando como estructura bibliogr\u00e1fica b\u00e1sica el nuevo Workbook on Physics. y Radioprotecci\u00f3n en Radiolog\u00eda Diagn\u00f3stica e Intervencionista del Colegio Brasile\u00f1o de Radiolog\u00eda y Diagn\u00f3stico por Im\u00e1genes.<\/p>\n\n\n\n<p><strong>P\u00fablico objetivo (requisito previo):<\/strong><br><strong>M\u00e9dicos y Residentes en Radiolog\u00eda e Imagen Diagn\u00f3stica<\/strong><br><strong>Valores:<\/strong> Gratis para miembros de CBR<br><strong>Vacantes: <\/strong>100 estudiantes | 100% en l\u00ednea<br><strong>Carga horaria:<\/strong> 22 horas | S\u00e1bados (5, 12, 19 y 26 de noviembre)<\/p>\n<\/div>\n<\/div>\n\n\n<div class=\"lightweight-accordion has-text-color has-background\"><details><summary class=\"lightweight-accordion-title\" style=\"color:#ffffff;background:#6429f7;\"><span><strong>CONTENIDO DEL PROGRAMA<\/strong><\/span><\/summary><div class=\"lightweight-accordion-body\" style=\"border-color:#6429f7;\">\n\n<p>\u25cf Principios f\u00edsicos y caracter\u00edsticas de la formaci\u00f3n de im\u00e1genes en radiolog\u00eda;<br>\u25cf Receptores de imagen en radiograf\u00eda m\u00e9dica: aspectos f\u00edsicos e indicadores de calidad de imagen de sistemas anal\u00f3gicos x CR x DR;<br>\u25cf Fluoroscopia: Im\u00e1genes, Seguridad y Aplicaciones;<br>\u25cf Mamograf\u00eda: Formaci\u00f3n de Im\u00e1genes y Control de Calidad;<br>\u25cf Tomograf\u00eda Computarizada: Principios F\u00edsicos, Dosis de Radiaci\u00f3n y Calidad de Imagen;<br>\u25cf Riesgos Radiol\u00f3gicos: Radioprotecci\u00f3n y Legislaci\u00f3n Aplicada;<br>\u25cf Im\u00e1genes por resonancia magn\u00e9tica: principios f\u00edsicos y seguridad;<br>\u25cf Ultrasonograf\u00eda: Principios f\u00edsicos y aplicaciones;<br>\u25cf Bases F\u00edsicas y Tecnol\u00f3gicas de la Medicina Nuclear.<\/p>\n\n<\/div><\/details><\/div>\n\n\n<div class=\"wp-block-columns is-layout-flex wp-container-core-columns-is-layout-9d6595d7 wp-block-columns-is-layout-flex\">\n<div class=\"wp-block-column is-layout-flow wp-block-column-is-layout-flow\"><div class=\"lightweight-accordion has-text-color has-background\"><details><summary class=\"lightweight-accordion-title\" style=\"color:#ffffff;background:#6429f7;\"><span><strong>VALORES<\/strong><\/span><\/summary><div class=\"lightweight-accordion-body\" style=\"border-color:#6429f7;\">\n\n<figure class=\"wp-block-table is-style-stripes\"><table class=\"has-black-color has-white-background-color has-text-color has-background has-fixed-layout\"><tbody><tr><td class=\"has-text-align-center\" data-align=\"center\"><strong>DESCRIPCI\u00d3N<\/strong><\/td><td class=\"has-text-align-center\" data-align=\"center\"><strong>CATEGOR\u00cdA<\/strong><\/td><td class=\"has-text-align-center\" data-align=\"center\"><strong>VALORES<\/strong><\/td><\/tr><tr><td class=\"has-text-align-center\" data-align=\"center\">Curso de Revisi\u00f3n de F\u00edsica M\u00e9dica para Residentes<br>(100% en l\u00ednea)<\/td><td class=\"has-text-align-center\" data-align=\"center\">Asociado de CBR<\/td><td class=\"has-text-align-center\" data-align=\"center\"><strong>Gratis<\/strong><\/td><\/tr><tr><td class=\"has-text-align-center\" data-align=\"center\"><\/td><td class=\"has-text-align-center\" data-align=\"center\">residente no asociado<\/td><td class=\"has-text-align-center\" data-align=\"center\"><strong>R$ 40<\/strong><\/td><\/tr><tr><td class=\"has-text-align-center\" data-align=\"center\"><\/td><td class=\"has-text-align-center\" data-align=\"center\">m\u00e9dico no afiliado<\/td><td class=\"has-text-align-center\" data-align=\"center\"><strong>R$ 80<\/strong><\/td><\/tr><tr><td class=\"has-text-align-center\" data-align=\"center\"><\/td><td class=\"has-text-align-center\" data-align=\"center\"><\/td><td class=\"has-text-align-center\" data-align=\"center\"><\/td><\/tr><\/tbody><\/table><\/figure>\n\n<\/div><\/details><\/div><\/div>\n<\/div>\n\n\n\n<div class=\"wp-block-buttons is-content-justification-center is-layout-flex wp-container-core-buttons-is-layout-16018d1d wp-block-buttons-is-layout-flex\">\n<div class=\"wp-block-button has-custom-width wp-block-button__width-25 has-custom-font-size is-style-fill has-medium-font-size\"><a class=\"wp-block-button__link has-white-color has-blue-background-color has-text-color has-background\" href=\"https:\/\/icase.newcbr.itarget.com.br\/estacao\/index\/index\/evento\/98\"><strong>Suscribirse<\/strong> <\/a><\/div>\n<\/div>\n\n\n\n<p> <\/p>\n\n\n\n<div style=\"height:100px\" aria-hidden=\"true\" class=\"wp-block-spacer\"><\/div>\n\n\n\n<h3 class=\"wp-block-heading\">HORARIO PRELIMINAR<\/h3>\n\n\n\n<hr class=\"wp-block-separator has-alpha-channel-opacity\"\/>\n\n\n<div class=\"lightweight-accordion has-text-color has-background\"><details><summary class=\"lightweight-accordion-title\" style=\"color:#ffffff;background:#6429f7;\"><span><strong>5 de noviembre de 2022<\/strong><\/span><\/summary><div class=\"lightweight-accordion-body\" style=\"border-color:#6429f7;\">\n\n<div class=\"wp-block-columns is-layout-flex wp-container-core-columns-is-layout-9d6595d7 wp-block-columns-is-layout-flex\">\n<div class=\"wp-block-column is-layout-flow wp-block-column-is-layout-flow\" style=\"flex-basis:100%\">\n<figure class=\"wp-block-table is-style-stripes\"><table class=\"has-fixed-layout\"><tbody><tr><td class=\"has-text-align-center\" data-align=\"center\"><strong>TIEMPO<\/strong><\/td><td class=\"has-text-align-center\" data-align=\"center\"><strong>TEMA<\/strong><\/td><td class=\"has-text-align-center\" data-align=\"center\"><strong>MAESTRO<\/strong><\/td><\/tr><tr><td class=\"has-text-align-center\" data-align=\"center\">9 am a 9:15 am<\/td><td class=\"has-text-align-center\" data-align=\"center\">Apertura<\/td><td class=\"has-text-align-center\" data-align=\"center\">doctor Valdair Muglia<br>Dr. luciana costa<br>Dr. Mayra Veloso<br>Dr. M\u00f3nica Bernardo<br>F\u00edsico Marcel Zago<\/td><\/tr><tr><td class=\"has-text-align-center\" data-align=\"center\">9:15 am a 9:45 am      <\/td><td class=\"has-text-align-center\" data-align=\"center\">El papel del radi\u00f3logo en la calidad y seguridad del diagn\u00f3stico por imagen<\/td><td class=\"has-text-align-center\" data-align=\"center\">doctor Alair Sarmet<\/td><\/tr><tr><td class=\"has-text-align-center\" data-align=\"center\">9:45 a 10:45<\/td><td class=\"has-text-align-center\" data-align=\"center\">Principios f\u00edsicos y caracter\u00edsticas de la formaci\u00f3n de im\u00e1genes en radiolog\u00eda<\/td><td class=\"has-text-align-center\" data-align=\"center\">F\u00edsico Marcel Zago Botelho<\/td><\/tr><tr><td class=\"has-text-align-center\" data-align=\"center\">10:45 a 11:00<\/td><td class=\"has-text-align-center\" data-align=\"center\"><strong>Intervalo<\/strong><\/td><td class=\"has-text-align-center\" data-align=\"center\"><\/td><\/tr><tr><td class=\"has-text-align-center\" data-align=\"center\">11am a 12pm<\/td><td class=\"has-text-align-center\" data-align=\"center\">Receptores de imagen en radiograf\u00eda m\u00e9dica: aspectos f\u00edsicos e indicadores de calidad de imagen de sistemas anal\u00f3gicos x CR x DR;<\/td><td class=\"has-text-align-center\" data-align=\"center\">F\u00edsico Marcel Zago Botelho<\/td><\/tr><tr><td class=\"has-text-align-center\" data-align=\"center\"><strong>12pm a 2pm<\/strong><\/td><td class=\"has-text-align-center\" data-align=\"center\"><strong>pausa para almorzar<\/strong><\/td><td class=\"has-text-align-center\" data-align=\"center\"><\/td><\/tr><tr><td class=\"has-text-align-center\" data-align=\"center\">14:00 a 14:30<\/td><td class=\"has-text-align-center\" data-align=\"center\">El papel de la mamograf\u00eda en el diagn\u00f3stico del c\u00e1ncer de mama<\/td><td class=\"has-text-align-center\" data-align=\"center\">Dr. Salete Rego <\/td><\/tr><tr><td class=\"has-text-align-center\" data-align=\"center\">14:30 a 15:00<\/td><td class=\"has-text-align-center\" data-align=\"center\">Mamograf\u00eda: Formaci\u00f3n de Im\u00e1genes y Control de Calidad;<\/td><td class=\"has-text-align-center\" data-align=\"center\">F\u00edsico Fernanda Rojas<\/td><\/tr><tr><td class=\"has-text-align-center\" data-align=\"center\">15:00 a 15:45<\/td><td class=\"has-text-align-center\" data-align=\"center\"><strong>Intervalo<\/strong><\/td><td class=\"has-text-align-center\" data-align=\"center\"><\/td><\/tr><tr><td class=\"has-text-align-center\" data-align=\"center\">15:45 a 16:15<\/td><td class=\"has-text-align-center\" data-align=\"center\">Aplicaciones y M\u00e9todos Utilizados en Radiolog\u00eda Intervencionista<\/td><td class=\"has-text-align-center\" data-align=\"center\">doctor lucas monse\u00f1or<\/td><\/tr><tr><td class=\"has-text-align-center\" data-align=\"center\">16:15 a 17:00<\/td><td class=\"has-text-align-center\" data-align=\"center\">Fluoroscopia: im\u00e1genes y seguridad<\/td><td class=\"has-text-align-center\" data-align=\"center\">F\u00edsico Rochelle Lykawka<\/td><\/tr><\/tbody><\/table><\/figure>\n<\/div>\n<\/div>\n\n<\/div><\/details><\/div>\n\n<div class=\"lightweight-accordion has-text-color has-background\"><details><summary class=\"lightweight-accordion-title\" style=\"color:#ffffff;background:#6429f7;\"><span><strong>12 de noviembre de 2022<\/strong><\/span><\/summary><div class=\"lightweight-accordion-body\" style=\"border-color:#6429f7;\">\n\n<div class=\"wp-block-columns is-layout-flex wp-container-core-columns-is-layout-9d6595d7 wp-block-columns-is-layout-flex\">\n<div class=\"wp-block-column is-layout-flow wp-block-column-is-layout-flow\" style=\"flex-basis:100%\">\n<figure class=\"wp-block-table is-style-stripes\"><table class=\"has-fixed-layout\"><tbody><tr><td class=\"has-text-align-center\" data-align=\"center\"><strong>TIEMPO<\/strong><\/td><td class=\"has-text-align-center\" data-align=\"center\"><strong>TEMA<\/strong><\/td><td class=\"has-text-align-center\" data-align=\"center\"><strong>MAESTRO<\/strong><\/td><\/tr><tr><td class=\"has-text-align-center\" data-align=\"center\">9 am a 9:30 am      <\/td><td class=\"has-text-align-center\" data-align=\"center\">Optimizaci\u00f3n de las dosis de TC en la pr\u00e1ctica cl\u00ednica<\/td><td class=\"has-text-align-center\" data-align=\"center\">Dr. Eloisa Gebrim<\/td><\/tr><tr><td class=\"has-text-align-center\" data-align=\"center\">9:30 am a 10:30 am<\/td><td class=\"has-text-align-center\" data-align=\"center\">Principios F\u00edsicos, Evoluci\u00f3n y Tecnolog\u00edas en TC<\/td><td class=\"has-text-align-center\" data-align=\"center\">F\u00edsico Denise Nersissian<\/td><\/tr><tr><td class=\"has-text-align-center\" data-align=\"center\">10:30 a 10:45<\/td><td class=\"has-text-align-center\" data-align=\"center\"><strong>Intervalo<\/strong><\/td><td class=\"has-text-align-center\" data-align=\"center\"><\/td><\/tr><tr><td class=\"has-text-align-center\" data-align=\"center\">10:45 a 11:30<\/td><td class=\"has-text-align-center\" data-align=\"center\">Tomograf\u00eda computarizada: dosis de radiaci\u00f3n y calidad de imagen<\/td><td class=\"has-text-align-center\" data-align=\"center\">F\u00edsico Denise Nersissian<\/td><\/tr><tr><td class=\"has-text-align-center\" data-align=\"center\">11:30 a 12:00<\/td><td class=\"has-text-align-center\" data-align=\"center\">Niveles de referencia de diagn\u00f3stico: \u00bfc\u00f3mo optimizar las dosis de TC?<\/td><td class=\"has-text-align-center\" data-align=\"center\">Dr. M\u00f3nica Bernardo<\/td><\/tr><tr><td class=\"has-text-align-center\" data-align=\"center\"><strong>12pm a 2pm<\/strong><\/td><td class=\"has-text-align-center\" data-align=\"center\"><strong>pausa para almorzar<\/strong><\/td><td class=\"has-text-align-center\" data-align=\"center\"><\/td><\/tr><tr><td class=\"has-text-align-center\" data-align=\"center\">14:00 a 14:30<\/td><td class=\"has-text-align-center\" data-align=\"center\">Funci\u00f3n y responsabilidades del m\u00e9dico supervisor de protecci\u00f3n radiol\u00f3gica<\/td><td class=\"has-text-align-center\" data-align=\"center\">Dr. Juliana Tapaj\u00f3s<\/td><\/tr><tr><td class=\"has-text-align-center\" data-align=\"center\">14:30 a 15:30<\/td><td class=\"has-text-align-center\" data-align=\"center\">Radioprotecci\u00f3n Aplicada en Radiodiagn\u00f3stico<\/td><td class=\"has-text-align-center\" data-align=\"center\">F\u00edsico walter paes<\/td><\/tr><tr><td class=\"has-text-align-center\" data-align=\"center\">15:30 a 16:00<\/td><td class=\"has-text-align-center\" data-align=\"center\">Gesti\u00f3n de riesgos y PADI<\/td><td class=\"has-text-align-center\" data-align=\"center\">doctor Adriano Tachibana<\/td><\/tr><tr><td class=\"has-text-align-center\" data-align=\"center\">4pm a 5pm<\/td><td class=\"has-text-align-center\" data-align=\"center\">Gesti\u00f3n de Riesgos y Legislaci\u00f3n Aplicada a la Radioprotecci\u00f3n<\/td><td class=\"has-text-align-center\" data-align=\"center\">F\u00edsico Rochelle Lykawka<\/td><\/tr><\/tbody><\/table><\/figure>\n<\/div>\n<\/div>\n\n<\/div><\/details><\/div>\n\n<div class=\"lightweight-accordion has-text-color has-background\"><details><summary class=\"lightweight-accordion-title\" style=\"color:#ffffff;background:#6429f7;\"><span><strong>19 de noviembre de 2022<\/strong><\/span><\/summary><div class=\"lightweight-accordion-body\" style=\"border-color:#6429f7;\">\n\n<div class=\"wp-block-columns is-layout-flex wp-container-core-columns-is-layout-9d6595d7 wp-block-columns-is-layout-flex\">\n<div class=\"wp-block-column is-layout-flow wp-block-column-is-layout-flow\" style=\"flex-basis:100%\">\n<figure class=\"wp-block-table is-style-stripes\"><table class=\"has-fixed-layout\"><tbody><tr><td class=\"has-text-align-center\" data-align=\"center\"><strong>TIEMPO<\/strong><\/td><td class=\"has-text-align-center\" data-align=\"center\"><strong>TEMA<\/strong><\/td><td class=\"has-text-align-center\" data-align=\"center\"><strong>MAESTRO<\/strong><\/td><\/tr><tr><td class=\"has-text-align-center\" data-align=\"center\">9 am a 9:30 am      <\/td><td class=\"has-text-align-center\" data-align=\"center\">Calidad y seguridad m\u00e1s all\u00e1 de los rayos X: indicaciones y aplicaciones cl\u00ednicas de las im\u00e1genes por resonancia magn\u00e9tica<\/td><td class=\"has-text-align-center\" data-align=\"center\">doctor Hilton Le\u00f3n<\/td><\/tr><tr><td class=\"has-text-align-center\" data-align=\"center\">9:30 a 10:15<\/td><td class=\"has-text-align-center\" data-align=\"center\">Resonancia Magn\u00e9tica: Principios y Sistemas F\u00edsicos<\/td><td class=\"has-text-align-center\" data-align=\"center\">F\u00edsico mauricio anes<\/td><\/tr><tr><td class=\"has-text-align-center\" data-align=\"center\">10:15 a 10:30<\/td><td class=\"has-text-align-center\" data-align=\"center\">Intervalo<\/td><td class=\"has-text-align-center\" data-align=\"center\"><\/td><\/tr><tr><td class=\"has-text-align-center\" data-align=\"center\">10:30 a 12:00<\/td><td class=\"has-text-align-center\" data-align=\"center\">Resonancia Magn\u00e9tica: Seguridad y Calidad<\/td><td class=\"has-text-align-center\" data-align=\"center\">F\u00edsico mauricio anes<\/td><\/tr><tr><td class=\"has-text-align-center\" data-align=\"center\"><strong>12pm a 2pm<\/strong><\/td><td class=\"has-text-align-center\" data-align=\"center\"><strong>pausa para almorzar<\/strong><\/td><td class=\"has-text-align-center\" data-align=\"center\"><\/td><\/tr><tr><td class=\"has-text-align-center\" data-align=\"center\">14:00 a 14:30<\/td><td class=\"has-text-align-center\" data-align=\"center\">Ultrasonograf\u00eda: aplicaciones cl\u00ednicas<\/td><td class=\"has-text-align-center\" data-align=\"center\">Para confirmar<\/td><\/tr><tr><td class=\"has-text-align-center\" data-align=\"center\">14:00 a 15:15<\/td><td class=\"has-text-align-center\" data-align=\"center\">Ultrasonograf\u00eda: principios f\u00edsicos de la formaci\u00f3n de im\u00e1genes<\/td><td class=\"has-text-align-center\" data-align=\"center\">F\u00edsico Vitor Gelonezi<\/td><\/tr><tr><td class=\"has-text-align-center\" data-align=\"center\">15:15 a 15:30<\/td><td class=\"has-text-align-center\" data-align=\"center\"><strong>Intervalo<\/strong><\/td><td class=\"has-text-align-center\" data-align=\"center\"><\/td><\/tr><tr><td class=\"has-text-align-center\" data-align=\"center\">15:30 a 17:00<\/td><td class=\"has-text-align-center\" data-align=\"center\">Modo de ultrasonido <em>doppler<\/em>: Principios f\u00edsicos<\/td><td class=\"has-text-align-center\" data-align=\"center\">F\u00edsico Vitor Gelonezi<\/td><\/tr><tr><td class=\"has-text-align-center\" data-align=\"center\"><\/td><td class=\"has-text-align-center\" data-align=\"center\"><\/td><td class=\"has-text-align-center\" data-align=\"center\"><\/td><\/tr><\/tbody><\/table><\/figure>\n<\/div>\n<\/div>\n\n<\/div><\/details><\/div>\n\n<div class=\"lightweight-accordion has-text-color has-background\"><details><summary class=\"lightweight-accordion-title\" style=\"color:#ffffff;background:#6429f7;\"><span><strong>26 de noviembre de 2022<\/strong><\/span><\/summary><div class=\"lightweight-accordion-body\" style=\"border-color:#6429f7;\">\n\n<div class=\"wp-block-columns is-layout-flex wp-container-core-columns-is-layout-9d6595d7 wp-block-columns-is-layout-flex\">\n<div class=\"wp-block-column is-layout-flow wp-block-column-is-layout-flow\" style=\"flex-basis:100%\">\n<figure class=\"wp-block-table is-style-stripes\"><table class=\"has-fixed-layout\"><tbody><tr><td class=\"has-text-align-center\" data-align=\"center\"><strong>TIEMPO<\/strong><\/td><td class=\"has-text-align-center\" data-align=\"center\"><strong>TEMA<\/strong><\/td><td class=\"has-text-align-center\" data-align=\"center\"><strong>MAESTRO<\/strong><\/td><\/tr><tr><td class=\"has-text-align-center\" data-align=\"center\">9 am a 10:30 am      <\/td><td class=\"has-text-align-center\" data-align=\"center\">Bases F\u00edsicas y Tecnol\u00f3gicas de la Medicina Nuclear<\/td><td class=\"has-text-align-center\" data-align=\"center\">F\u00edsico Andr\u00e9 Leitao<\/td><\/tr><tr><td class=\"has-text-align-center\" data-align=\"center\">10:30 a 10:45<\/td><td class=\"has-text-align-center\" data-align=\"center\">Intervalo<\/td><td class=\"has-text-align-center\" data-align=\"center\"><\/td><\/tr><tr><td class=\"has-text-align-center\" data-align=\"center\">10:45 a 12:00<\/td><td class=\"has-text-align-center\" data-align=\"center\">El papel del radi\u00f3logo en medicina nuclear<\/td><td class=\"has-text-align-center\" data-align=\"center\">doctor Adelair Barroso<\/td><\/tr><tr><td class=\"has-text-align-center\" data-align=\"center\"><\/td><td class=\"has-text-align-center\" data-align=\"center\"><\/td><td class=\"has-text-align-center\" data-align=\"center\"><\/td><\/tr><\/tbody><\/table><\/figure>\n<\/div>\n<\/div>\n\n<\/div><\/details><\/div>\n\n\n<div style=\"height:100px\" aria-hidden=\"true\" class=\"wp-block-spacer\"><\/div>\n\n\n\n<h4 class=\"wp-block-heading\">Realizaci\u00f3n:<\/h4>\n\n\n\n<div class=\"wp-block-columns is-layout-flex wp-container-core-columns-is-layout-9d6595d7 wp-block-columns-is-layout-flex\">\n<div class=\"wp-block-column is-layout-flow wp-block-column-is-layout-flow\">\n<figure class=\"wp-block-image aligncenter size-large is-resized\"><img decoding=\"async\" src=\"https:\/\/cbr.org.br\/wp-content\/uploads\/2022\/10\/AF.01_LOGO_ABFM_2020-1488x1080.png\" alt=\"\" class=\"wp-image-43140\" width=\"99\" height=\"72\" srcset=\"https:\/\/cbr.org.br\/wp-content\/uploads\/2022\/10\/AF.01_LOGO_ABFM_2020-1488x1080.png 1488w, https:\/\/cbr.org.br\/wp-content\/uploads\/2022\/10\/AF.01_LOGO_ABFM_2020-744x540.png 744w, https:\/\/cbr.org.br\/wp-content\/uploads\/2022\/10\/AF.01_LOGO_ABFM_2020-350x254.png 350w, https:\/\/cbr.org.br\/wp-content\/uploads\/2022\/10\/AF.01_LOGO_ABFM_2020-768x558.png 768w, https:\/\/cbr.org.br\/wp-content\/uploads\/2022\/10\/AF.01_LOGO_ABFM_2020-1536x1115.png 1536w, https:\/\/cbr.org.br\/wp-content\/uploads\/2022\/10\/AF.01_LOGO_ABFM_2020-2048x1487.png 2048w, https:\/\/cbr.org.br\/wp-content\/uploads\/2022\/10\/AF.01_LOGO_ABFM_2020-18x12.png 18w\" sizes=\"(max-width: 99px) 100vw, 99px\" \/><\/figure>\n<\/div>\n\n\n\n<div class=\"wp-block-column is-layout-flow wp-block-column-is-layout-flow\">\n<figure class=\"wp-block-image aligncenter size-full is-resized\"><img decoding=\"async\" src=\"https:\/\/cbr.org.br\/wp-content\/uploads\/2022\/10\/logo-Comissao-de-Protecao-Radiologica.png\" alt=\"\" class=\"wp-image-43129\" width=\"256\" height=\"66\" srcset=\"https:\/\/cbr.org.br\/wp-content\/uploads\/2022\/10\/logo-Comissao-de-Protecao-Radiologica.png 800w, https:\/\/cbr.org.br\/wp-content\/uploads\/2022\/10\/logo-Comissao-de-Protecao-Radiologica-450x118.png 450w, https:\/\/cbr.org.br\/wp-content\/uploads\/2022\/10\/logo-Comissao-de-Protecao-Radiologica-768x201.png 768w, https:\/\/cbr.org.br\/wp-content\/uploads\/2022\/10\/logo-Comissao-de-Protecao-Radiologica-18x5.png 18w\" sizes=\"(max-width: 256px) 100vw, 256px\" \/><\/figure>\n<\/div>\n\n\n\n<div class=\"wp-block-column is-layout-flow wp-block-column-is-layout-flow\">\n<figure class=\"wp-block-image aligncenter size-full is-resized\"><img loading=\"lazy\" decoding=\"async\" src=\"https:\/\/cbr.org.br\/wp-content\/uploads\/2022\/10\/Simbolo-CBR.png\" alt=\"\" class=\"wp-image-43128\" width=\"124\" height=\"57\"\/><\/figure>\n<\/div>\n<\/div>\n\n\n\n<div style=\"height:100px\" aria-hidden=\"true\" class=\"wp-block-spacer\"><\/div>","protected":false},"excerpt":{"rendered":"<p>El objetivo del curso es brindar una revisi\u00f3n general de aspectos de la f\u00edsica y de las tecnolog\u00edas utilizadas en radiodiagn\u00f3stico, as\u00ed como fortalecer la cultura de protecci\u00f3n radiol\u00f3gica en la formaci\u00f3n de radi\u00f3logos, adoptando como estructura bibliogr\u00e1fica b\u00e1sica el nuevo Workbook on Physics. y Radioprotecci\u00f3n en Radiolog\u00eda Diagn\u00f3stica e Intervencionista del Colegio Brasile\u00f1o de Radiolog\u00eda y Diagn\u00f3stico\u2026 <a href=\"https:\/\/cbr.org.br\/es\/curso-de-fisica-medica-para-residencia\/\">Sigue leyendo<\/a><\/p>","protected":false},"author":8,"featured_media":0,"parent":0,"menu_order":0,"comment_status":"closed","ping_status":"closed","template":"","meta":{"_acf_changed":false,"footnotes":""},"class_list":["post-42992","page","type-page","status-publish","hentry"],"acf":[],"_links":{"self":[{"href":"https:\/\/cbr.org.br\/es\/wp-json\/wp\/v2\/pages\/42992","targetHints":{"allow":["GET"]}}],"collection":[{"href":"https:\/\/cbr.org.br\/es\/wp-json\/wp\/v2\/pages"}],"about":[{"href":"https:\/\/cbr.org.br\/es\/wp-json\/wp\/v2\/types\/page"}],"author":[{"embeddable":true,"href":"https:\/\/cbr.org.br\/es\/wp-json\/wp\/v2\/users\/8"}],"replies":[{"embeddable":true,"href":"https:\/\/cbr.org.br\/es\/wp-json\/wp\/v2\/comments?post=42992"}],"version-history":[{"count":3,"href":"https:\/\/cbr.org.br\/es\/wp-json\/wp\/v2\/pages\/42992\/revisions"}],"predecessor-version":[{"id":43335,"href":"https:\/\/cbr.org.br\/es\/wp-json\/wp\/v2\/pages\/42992\/revisions\/43335"}],"wp:attachment":[{"href":"https:\/\/cbr.org.br\/es\/wp-json\/wp\/v2\/media?parent=42992"}],"curies":[{"name":"wp","href":"https:\/\/api.w.org\/{rel}","templated":true}]}}