{"id":44008,"date":"2023-02-09T14:27:38","date_gmt":"2023-02-09T17:27:38","guid":{"rendered":"https:\/\/cbr.org.br\/?page_id=44008"},"modified":"2023-08-24T12:08:43","modified_gmt":"2023-08-24T15:08:43","slug":"ligas-academicas","status":"publish","type":"page","link":"https:\/\/cbr.org.br\/es\/cbr-formacao\/ligas-academicas\/","title":{"rendered":"Ligas Acad\u00e9micas"},"content":{"rendered":"<p>El Colegio Brasile\u00f1o de Radiolog\u00eda e Imagen Diagn\u00f3stica fomenta la formaci\u00f3n de Ligas Acad\u00e9micas de Radiolog\u00eda e Imagen Diagn\u00f3stica.<\/p>\n\n\n\n<p>Como su nombre lo indica, son grupos de estudiantes de medicina interesados en aprender sobre Radiolog\u00eda e Imagen Diagn\u00f3stica y conocer las novedades de la especialidad.<\/p>\n\n\n\n<p>Conozca aqu\u00ed todas las ligas acad\u00e9micas de Radiolog\u00eda y Diagn\u00f3stico registradas en el Colegio por instituci\u00f3n, estado y ciudad.<\/p>","protected":false},"excerpt":{"rendered":"<p>El Colegio Brasile\u00f1o de Radiolog\u00eda e Imagen Diagn\u00f3stica fomenta la formaci\u00f3n de Ligas Acad\u00e9micas de Radiolog\u00eda e Imagen Diagn\u00f3stica. Como su nombre lo indica, son grupos de estudiantes de medicina interesados en aprender sobre Radiolog\u00eda e Imagen Diagn\u00f3stica y conocer novedades en la especialidad. Inf\u00f3rmate aqu\u00ed de todas las ligas acad\u00e9micas de Radiolog\u00eda\u2026 <a href=\"https:\/\/cbr.org.br\/es\/cbr-formacao\/ligas-academicas\/\">Sigue leyendo<\/a><\/p>","protected":false},"author":18,"featured_media":0,"parent":13,"menu_order":0,"comment_status":"closed","ping_status":"closed","template":"","meta":{"_acf_changed":false,"footnotes":""},"class_list":["post-44008","page","type-page","status-publish","hentry"],"acf":[],"_links":{"self":[{"href":"https:\/\/cbr.org.br\/es\/wp-json\/wp\/v2\/pages\/44008","targetHints":{"allow":["GET"]}}],"collection":[{"href":"https:\/\/cbr.org.br\/es\/wp-json\/wp\/v2\/pages"}],"about":[{"href":"https:\/\/cbr.org.br\/es\/wp-json\/wp\/v2\/types\/page"}],"author":[{"embeddable":true,"href":"https:\/\/cbr.org.br\/es\/wp-json\/wp\/v2\/users\/18"}],"replies":[{"embeddable":true,"href":"https:\/\/cbr.org.br\/es\/wp-json\/wp\/v2\/comments?post=44008"}],"version-history":[{"count":3,"href":"https:\/\/cbr.org.br\/es\/wp-json\/wp\/v2\/pages\/44008\/revisions"}],"predecessor-version":[{"id":45901,"href":"https:\/\/cbr.org.br\/es\/wp-json\/wp\/v2\/pages\/44008\/revisions\/45901"}],"up":[{"embeddable":true,"href":"https:\/\/cbr.org.br\/es\/wp-json\/wp\/v2\/pages\/13"}],"wp:attachment":[{"href":"https:\/\/cbr.org.br\/es\/wp-json\/wp\/v2\/media?parent=44008"}],"curies":[{"name":"wp","href":"https:\/\/api.w.org\/{rel}","templated":true}]}}