{"id":44563,"date":"2023-03-08T16:37:09","date_gmt":"2023-03-08T19:37:09","guid":{"rendered":"https:\/\/cbr.org.br\/?page_id=44563"},"modified":"2023-03-08T16:43:46","modified_gmt":"2023-03-08T19:43:46","slug":"cmrad-cbr","status":"publish","type":"page","link":"https:\/\/cbr.org.br\/es\/cmrad-cbr\/","title":{"rendered":"Radiolog\u00eda de mentes colectivas"},"content":{"rendered":"<div style=\"height:10px\" aria-hidden=\"true\" class=\"wp-block-spacer\"><\/div>\n\n\n\n<h2 class=\"has-text-align-center wp-block-heading\"><strong>Todas las actividades educativas de CBR cuentan con el apoyo de Collective Minds:<\/strong><\/h2>\n\n\n\n<div style=\"height:10px\" aria-hidden=\"true\" class=\"wp-block-spacer\"><\/div>\n\n\n\n<div class=\"wp-block-columns is-layout-flex wp-container-core-columns-is-layout-9d6595d7 wp-block-columns-is-layout-flex\">\n<div class=\"wp-block-column is-vertically-aligned-center is-layout-flow wp-block-column-is-layout-flow\" style=\"flex-basis:66.66%\">\n<figure class=\"wp-block-image aligncenter size-full\"><img fetchpriority=\"high\" decoding=\"async\" width=\"600\" height=\"99\" src=\"https:\/\/cbr.org.br\/wp-content\/uploads\/2023\/03\/Collective-Minds-Radiology.png\" alt=\"\" class=\"wp-image-44492\" srcset=\"https:\/\/cbr.org.br\/wp-content\/uploads\/2023\/03\/Collective-Minds-Radiology.png 600w, https:\/\/cbr.org.br\/wp-content\/uploads\/2023\/03\/Collective-Minds-Radiology-450x74.png 450w, https:\/\/cbr.org.br\/wp-content\/uploads\/2023\/03\/Collective-Minds-Radiology-18x3.png 18w\" sizes=\"(max-width: 600px) 100vw, 600px\" \/><\/figure>\n<\/div>\n\n\n\n<div class=\"wp-block-column is-layout-flow wp-block-column-is-layout-flow\" style=\"flex-basis:33.33%\">\n<figure class=\"wp-block-video\"><video controls loop src=\"https:\/\/cbr.org.br\/wp-content\/uploads\/2023\/03\/Collective-Mind-Radiology-with-subtitles-HD-1.mp4\"><\/video><\/figure>\n<\/div>\n<\/div>\n\n\n\n<div style=\"height:10px\" aria-hidden=\"true\" class=\"wp-block-spacer\"><\/div>\n\n\n\n<h4 class=\"has-text-align-center wp-block-heading\"><strong>M\u00e1s que una plataforma, un servicio de atenci\u00f3n m\u00e9dica basado en la nube para la colaboraci\u00f3n,<\/strong><br><strong>consulta y acceso a nuevas herramientas digitales y experiencia humana.<\/strong><\/h4>\n\n\n\n<div style=\"height:10px\" aria-hidden=\"true\" class=\"wp-block-spacer\"><\/div>\n\n\n\n<div class=\"wp-block-columns is-layout-flex wp-container-core-columns-is-layout-9d6595d7 wp-block-columns-is-layout-flex\">\n<div class=\"wp-block-column is-layout-flow wp-block-column-is-layout-flow\"><\/div>\n\n\n\n<div class=\"wp-block-column is-layout-flow wp-block-column-is-layout-flow\">\n<div class=\"wp-block-buttons is-content-justification-center is-layout-flex wp-container-core-buttons-is-layout-16018d1d wp-block-buttons-is-layout-flex\">\n<div class=\"wp-block-button\"><a class=\"wp-block-button__link wp-element-button\" href=\"https:\/\/www.cmrad.com\/home\"><strong>Acceso<\/strong><\/a><\/div>\n<\/div>\n<\/div>\n\n\n\n<div class=\"wp-block-column is-layout-flow wp-block-column-is-layout-flow\"><\/div>\n<\/div>\n\n\n\n<div style=\"height:10px\" aria-hidden=\"true\" class=\"wp-block-spacer\"><\/div>\n\n\n\n<p><\/p>","protected":false},"excerpt":{"rendered":"<p>Todas las actividades educativas de CBR est\u00e1n respaldadas por Collective Minds: m\u00e1s que una plataforma, un servicio de salud basado en la nube para colaboraci\u00f3n, consulta y acceso a nuevas herramientas digitales y experiencia humana.<\/p>","protected":false},"author":8,"featured_media":0,"parent":0,"menu_order":0,"comment_status":"closed","ping_status":"closed","template":"","meta":{"_acf_changed":false,"footnotes":""},"class_list":["post-44563","page","type-page","status-publish","hentry"],"acf":[],"_links":{"self":[{"href":"https:\/\/cbr.org.br\/es\/wp-json\/wp\/v2\/pages\/44563","targetHints":{"allow":["GET"]}}],"collection":[{"href":"https:\/\/cbr.org.br\/es\/wp-json\/wp\/v2\/pages"}],"about":[{"href":"https:\/\/cbr.org.br\/es\/wp-json\/wp\/v2\/types\/page"}],"author":[{"embeddable":true,"href":"https:\/\/cbr.org.br\/es\/wp-json\/wp\/v2\/users\/8"}],"replies":[{"embeddable":true,"href":"https:\/\/cbr.org.br\/es\/wp-json\/wp\/v2\/comments?post=44563"}],"version-history":[{"count":4,"href":"https:\/\/cbr.org.br\/es\/wp-json\/wp\/v2\/pages\/44563\/revisions"}],"predecessor-version":[{"id":44594,"href":"https:\/\/cbr.org.br\/es\/wp-json\/wp\/v2\/pages\/44563\/revisions\/44594"}],"wp:attachment":[{"href":"https:\/\/cbr.org.br\/es\/wp-json\/wp\/v2\/media?parent=44563"}],"curies":[{"name":"wp","href":"https:\/\/api.w.org\/{rel}","templated":true}]}}