{"id":45075,"date":"2023-04-14T13:28:29","date_gmt":"2023-04-14T16:28:29","guid":{"rendered":"https:\/\/cbr.org.br\/?page_id=45075"},"modified":"2026-01-14T17:01:23","modified_gmt":"2026-01-14T20:01:23","slug":"perfil-do-medico-radiologista-no-brasil","status":"publish","type":"page","link":"https:\/\/cbr.org.br\/es\/perfil-do-medico-radiologista-no-brasil\/","title":{"rendered":"Perfil del Radi\u00f3logo en Brasil"},"content":{"rendered":"<div data-elementor-type=\"wp-page\" data-elementor-id=\"45075\" class=\"elementor elementor-45075\" data-elementor-post-type=\"page\">\n\t\t\t\t<div class=\"elementor-element elementor-element-841d8a7 e-flex e-con-boxed e-con e-parent\" data-id=\"841d8a7\" data-element_type=\"container\">\n\t\t\t\t\t<div class=\"e-con-inner\">\n\t\t\t\t<div class=\"elementor-element elementor-element-c0daa71 elementor-widget elementor-widget-spacer\" data-id=\"c0daa71\" data-element_type=\"widget\" data-widget_type=\"spacer.default\">\n\t\t\t\t<div class=\"elementor-widget-container\">\n\t\t\t\t\t\t\t<div class=\"elementor-spacer\">\n\t\t\t<div class=\"elementor-spacer-inner\"><\/div>\n\t\t<\/div>\n\t\t\t\t\t\t<\/div>\n\t\t\t\t<\/div>\n\t\t\t\t\t<\/div>\n\t\t\t\t<\/div>\n\t\t<div class=\"elementor-element elementor-element-5888a5e e-flex e-con-boxed e-con e-parent\" data-id=\"5888a5e\" data-element_type=\"container\">\n\t\t\t\t\t<div class=\"e-con-inner\">\n\t\t\t\t<div class=\"elementor-element elementor-element-da67cb0 elementor-widget elementor-widget-text-editor\" data-id=\"da67cb0\" data-element_type=\"widget\" data-widget_type=\"text-editor.default\">\n\t\t\t\t<div class=\"elementor-widget-container\">\n\t\t\t\t\t\t\t\t\t<p>Consulte las ediciones disponibles del Perfil del Especialista en Radiolog\u00eda y Diagn\u00f3stico por Imagen en Brasil y del Atlas de Radiolog\u00eda en Brasil 2025:<\/p>\t\t\t\t\t\t\t\t<\/div>\n\t\t\t\t<\/div>\n\t\t\t\t\t<\/div>\n\t\t\t\t<\/div>\n\t\t<div class=\"elementor-element elementor-element-781041a e-flex e-con-boxed e-con e-parent\" data-id=\"781041a\" data-element_type=\"container\">\n\t\t\t\t\t<div class=\"e-con-inner\">\n\t\t\t\t<div class=\"elementor-element elementor-element-95b29b0 elementor-widget elementor-widget-spacer\" data-id=\"95b29b0\" data-element_type=\"widget\" data-widget_type=\"spacer.default\">\n\t\t\t\t<div class=\"elementor-widget-container\">\n\t\t\t\t\t\t\t<div class=\"elementor-spacer\">\n\t\t\t<div class=\"elementor-spacer-inner\"><\/div>\n\t\t<\/div>\n\t\t\t\t\t\t<\/div>\n\t\t\t\t<\/div>\n\t\t\t\t\t<\/div>\n\t\t\t\t<\/div>\n\t\t<div class=\"elementor-element elementor-element-8db8ad6 e-flex e-con-boxed e-con e-parent\" data-id=\"8db8ad6\" data-element_type=\"container\">\n\t\t\t\t\t<div class=\"e-con-inner\">\n\t\t<div class=\"elementor-element elementor-element-93c12ac e-con-full e-flex e-con e-child\" data-id=\"93c12ac\" data-element_type=\"container\">\n\t\t\t\t<div class=\"elementor-element elementor-element-aeaf8b2 elementor-widget elementor-widget-image\" data-id=\"aeaf8b2\" data-element_type=\"widget\" data-widget_type=\"image.default\">\n\t\t\t\t<div class=\"elementor-widget-container\">\n\t\t\t\t\t\t\t\t\t\t\t\t\t\t\t<img fetchpriority=\"high\" decoding=\"async\" width=\"368\" height=\"245\" src=\"https:\/\/cbr.org.br\/wp-content\/uploads\/2026\/01\/Atlas-da-Radiologia-Brasileira-2025_368x245.jpg\" class=\"attachment-large size-large wp-image-54446\" alt=\"\" srcset=\"https:\/\/cbr.org.br\/wp-content\/uploads\/2026\/01\/Atlas-da-Radiologia-Brasileira-2025_368x245.jpg 368w, https:\/\/cbr.org.br\/wp-content\/uploads\/2026\/01\/Atlas-da-Radiologia-Brasileira-2025_368x245-18x12.jpg 18w\" sizes=\"(max-width: 368px) 100vw, 368px\" \/>\t\t\t\t\t\t\t\t\t\t\t\t\t\t\t<\/div>\n\t\t\t\t<\/div>\n\t\t\t\t<div class=\"elementor-element elementor-element-871c978 elementor-widget elementor-widget-heading\" data-id=\"871c978\" data-element_type=\"widget\" data-widget_type=\"heading.default\">\n\t\t\t\t<div class=\"elementor-widget-container\">\n\t\t\t\t\t<h3 class=\"elementor-heading-title elementor-size-default\">Atlas de Radiolog\u00eda en Brasil 2025<\/h3>\t\t\t\t<\/div>\n\t\t\t\t<\/div>\n\t\t\t\t<div class=\"elementor-element elementor-element-4cec6f8 elementor-widget elementor-widget-text-editor\" data-id=\"4cec6f8\" data-element_type=\"widget\" data-widget_type=\"text-editor.default\">\n\t\t\t\t<div class=\"elementor-widget-container\">\n\t\t\t\t\t\t\t\t\t<p style=\"text-align: center;\">Lanzado en 2025, el Atlas re\u00fane los datos m\u00e1s actualizados en nuestro campo.<\/p>\t\t\t\t\t\t\t\t<\/div>\n\t\t\t\t<\/div>\n\t\t\t\t<div class=\"elementor-element elementor-element-95c3e63 elementor-align-center elementor-widget elementor-widget-button\" data-id=\"95c3e63\" data-element_type=\"widget\" data-widget_type=\"button.default\">\n\t\t\t\t<div class=\"elementor-widget-container\">\n\t\t\t\t\t\t\t\t\t<div class=\"elementor-button-wrapper\">\n\t\t\t\t\t<a class=\"elementor-button elementor-button-link elementor-size-sm\" href=\"https:\/\/cbr.org.br\/wp-content\/uploads\/2025\/09\/Atlas-da-Radiologia-no-Brasil-2025.pdf\">\n\t\t\t\t\t\t<span class=\"elementor-button-content-wrapper\">\n\t\t\t\t\t\t\t\t\t<span class=\"elementor-button-text\">Accede aqu\u00ed<\/span>\n\t\t\t\t\t<\/span>\n\t\t\t\t\t<\/a>\n\t\t\t\t<\/div>\n\t\t\t\t\t\t\t\t<\/div>\n\t\t\t\t<\/div>\n\t\t\t\t<\/div>\n\t\t<div class=\"elementor-element elementor-element-8f4cd12 e-con-full e-flex e-con e-child\" data-id=\"8f4cd12\" data-element_type=\"container\">\n\t\t\t\t<div class=\"elementor-element elementor-element-56e0e6a elementor-widget elementor-widget-image\" data-id=\"56e0e6a\" data-element_type=\"widget\" data-widget_type=\"image.default\">\n\t\t\t\t<div class=\"elementor-widget-container\">\n\t\t\t\t\t\t\t\t\t\t\t\t\t\t\t<img decoding=\"async\" width=\"368\" height=\"245\" src=\"https:\/\/cbr.org.br\/wp-content\/uploads\/2023\/04\/Design-sem-nome-51.png\" class=\"attachment-large size-large wp-image-45077\" alt=\"\" srcset=\"https:\/\/cbr.org.br\/wp-content\/uploads\/2023\/04\/Design-sem-nome-51.png 368w, https:\/\/cbr.org.br\/wp-content\/uploads\/2023\/04\/Design-sem-nome-51-18x12.png 18w\" sizes=\"(max-width: 368px) 100vw, 368px\" \/>\t\t\t\t\t\t\t\t\t\t\t\t\t\t\t<\/div>\n\t\t\t\t<\/div>\n\t\t\t\t<div class=\"elementor-element elementor-element-99b15d9 elementor-widget elementor-widget-heading\" data-id=\"99b15d9\" data-element_type=\"widget\" data-widget_type=\"heading.default\">\n\t\t\t\t<div class=\"elementor-widget-container\">\n\t\t\t\t\t<h3 class=\"elementor-heading-title elementor-size-default\"><span>Perfil del Radi\u00f3logo en Brasil<\/span><\/h3>\t\t\t\t<\/div>\n\t\t\t\t<\/div>\n\t\t\t\t<div class=\"elementor-element elementor-element-061e441 elementor-widget elementor-widget-text-editor\" data-id=\"061e441\" data-element_type=\"widget\" data-widget_type=\"text-editor.default\">\n\t\t\t\t<div class=\"elementor-widget-container\">\n\t\t\t\t\t\t\t\t\t<p style=\"text-align: center;\">Acceda a la 2\u00aa edici\u00f3n del Perfil M\u00e9dico del Radi\u00f3logo en Brasil, publicado en 2022.<\/p>\t\t\t\t\t\t\t\t<\/div>\n\t\t\t\t<\/div>\n\t\t\t\t<div class=\"elementor-element elementor-element-1e61e5f elementor-align-center elementor-widget elementor-widget-button\" data-id=\"1e61e5f\" data-element_type=\"widget\" data-widget_type=\"button.default\">\n\t\t\t\t<div class=\"elementor-widget-container\">\n\t\t\t\t\t\t\t\t\t<div class=\"elementor-button-wrapper\">\n\t\t\t\t\t<a class=\"elementor-button elementor-button-link elementor-size-sm\" href=\"http:\/\/boletim.cbr.org.br\/Perfil%20Medico%20Radiologista2\/%20\">\n\t\t\t\t\t\t<span class=\"elementor-button-content-wrapper\">\n\t\t\t\t\t\t\t\t\t<span class=\"elementor-button-text\">Accede aqu\u00ed<\/span>\n\t\t\t\t\t<\/span>\n\t\t\t\t\t<\/a>\n\t\t\t\t<\/div>\n\t\t\t\t\t\t\t\t<\/div>\n\t\t\t\t<\/div>\n\t\t\t\t<\/div>\n\t\t<div class=\"elementor-element elementor-element-0bb47bd e-con-full e-flex e-con e-child\" data-id=\"0bb47bd\" data-element_type=\"container\">\n\t\t\t\t<div class=\"elementor-element elementor-element-8379dab elementor-widget elementor-widget-image\" data-id=\"8379dab\" data-element_type=\"widget\" data-widget_type=\"image.default\">\n\t\t\t\t<div class=\"elementor-widget-container\">\n\t\t\t\t\t\t\t\t\t\t\t\t\t\t\t<img decoding=\"async\" width=\"368\" height=\"245\" src=\"https:\/\/cbr.org.br\/wp-content\/uploads\/2023\/04\/Design-sem-nome-52.png\" class=\"attachment-large size-large wp-image-45079\" alt=\"\" srcset=\"https:\/\/cbr.org.br\/wp-content\/uploads\/2023\/04\/Design-sem-nome-52.png 368w, https:\/\/cbr.org.br\/wp-content\/uploads\/2023\/04\/Design-sem-nome-52-18x12.png 18w\" sizes=\"(max-width: 368px) 100vw, 368px\" \/>\t\t\t\t\t\t\t\t\t\t\t\t\t\t\t<\/div>\n\t\t\t\t<\/div>\n\t\t\t\t<div class=\"elementor-element elementor-element-53300d3 elementor-widget elementor-widget-heading\" data-id=\"53300d3\" data-element_type=\"widget\" data-widget_type=\"heading.default\">\n\t\t\t\t<div class=\"elementor-widget-container\">\n\t\t\t\t\t<h3 class=\"elementor-heading-title elementor-size-default\">Perfil del m\u00e9dico radiologista en Brasil<\/h3>\t\t\t\t<\/div>\n\t\t\t\t<\/div>\n\t\t\t\t<div class=\"elementor-element elementor-element-c55b5fc elementor-widget elementor-widget-text-editor\" data-id=\"c55b5fc\" data-element_type=\"widget\" data-widget_type=\"text-editor.default\">\n\t\t\t\t<div class=\"elementor-widget-container\">\n\t\t\t\t\t\t\t\t\t<p style=\"text-align: center;\">Acceda a la primera edici\u00f3n del Perfil M\u00e9dico del Radi\u00f3logo en Brasil, publicada en 2018.<\/p>\t\t\t\t\t\t\t\t<\/div>\n\t\t\t\t<\/div>\n\t\t\t\t<div class=\"elementor-element elementor-element-66632f5 elementor-align-center elementor-widget elementor-widget-button\" data-id=\"66632f5\" data-element_type=\"widget\" data-widget_type=\"button.default\">\n\t\t\t\t<div class=\"elementor-widget-container\">\n\t\t\t\t\t\t\t\t\t<div class=\"elementor-button-wrapper\">\n\t\t\t\t\t<a class=\"elementor-button elementor-button-link elementor-size-sm\" href=\"https:\/\/cbr.org.br\/wp-content\/uploads\/2022\/04\/Perfil%20Medico%20Especialista%20RDDI%20Brasil_Portugues_Digital_Vs%2011-03-20.pdf\">\n\t\t\t\t\t\t<span class=\"elementor-button-content-wrapper\">\n\t\t\t\t\t\t\t\t\t<span class=\"elementor-button-text\">Accede aqu\u00ed<\/span>\n\t\t\t\t\t<\/span>\n\t\t\t\t\t<\/a>\n\t\t\t\t<\/div>\n\t\t\t\t\t\t\t\t<\/div>\n\t\t\t\t<\/div>\n\t\t\t\t<\/div>\n\t\t\t\t\t<\/div>\n\t\t\t\t<\/div>\n\t\t<div class=\"elementor-element elementor-element-6156f05 e-flex e-con-boxed e-con e-parent\" data-id=\"6156f05\" data-element_type=\"container\">\n\t\t\t\t\t<div class=\"e-con-inner\">\n\t\t\t\t<div class=\"elementor-element elementor-element-a2a3c72 elementor-widget elementor-widget-spacer\" data-id=\"a2a3c72\" data-element_type=\"widget\" data-widget_type=\"spacer.default\">\n\t\t\t\t<div class=\"elementor-widget-container\">\n\t\t\t\t\t\t\t<div class=\"elementor-spacer\">\n\t\t\t<div class=\"elementor-spacer-inner\"><\/div>\n\t\t<\/div>\n\t\t\t\t\t\t<\/div>\n\t\t\t\t<\/div>\n\t\t\t\t\t<\/div>\n\t\t\t\t<\/div>\n\t\t\t\t<\/div>","protected":false},"excerpt":{"rendered":"<p>Consulte las ediciones disponibles del Perfil del Especialista en Radiolog\u00eda y Diagn\u00f3stico por Imagen en Brasil y el Atlas de Radiolog\u00eda en Brasil 2025: Atlas de Radiolog\u00eda en Brasil 2025. Publicado en 2025, el Atlas re\u00fane los datos m\u00e1s actualizados de nuestra especialidad. Acceda aqu\u00ed: Perfil del Radi\u00f3logo en Brasil\u2026 <a href=\"https:\/\/cbr.org.br\/es\/perfil-do-medico-radiologista-no-brasil\/\">Sigue leyendo<\/a><\/p>","protected":false},"author":8,"featured_media":0,"parent":0,"menu_order":0,"comment_status":"closed","ping_status":"closed","template":"","meta":{"_acf_changed":false,"footnotes":""},"class_list":["post-45075","page","type-page","status-publish","hentry"],"acf":[],"_links":{"self":[{"href":"https:\/\/cbr.org.br\/es\/wp-json\/wp\/v2\/pages\/45075","targetHints":{"allow":["GET"]}}],"collection":[{"href":"https:\/\/cbr.org.br\/es\/wp-json\/wp\/v2\/pages"}],"about":[{"href":"https:\/\/cbr.org.br\/es\/wp-json\/wp\/v2\/types\/page"}],"author":[{"embeddable":true,"href":"https:\/\/cbr.org.br\/es\/wp-json\/wp\/v2\/users\/8"}],"replies":[{"embeddable":true,"href":"https:\/\/cbr.org.br\/es\/wp-json\/wp\/v2\/comments?post=45075"}],"version-history":[{"count":3,"href":"https:\/\/cbr.org.br\/es\/wp-json\/wp\/v2\/pages\/45075\/revisions"}],"predecessor-version":[{"id":54466,"href":"https:\/\/cbr.org.br\/es\/wp-json\/wp\/v2\/pages\/45075\/revisions\/54466"}],"wp:attachment":[{"href":"https:\/\/cbr.org.br\/es\/wp-json\/wp\/v2\/media?parent=45075"}],"curies":[{"name":"wp","href":"https:\/\/api.w.org\/{rel}","templated":true}]}}