{"id":45116,"date":"2023-04-14T14:25:12","date_gmt":"2023-04-14T17:25:12","guid":{"rendered":"https:\/\/cbr.org.br\/?page_id=45116"},"modified":"2023-05-15T12:50:22","modified_gmt":"2023-05-15T15:50:22","slug":"diretrizes","status":"publish","type":"page","link":"https:\/\/cbr.org.br\/es\/diretrizes\/","title":{"rendered":"pautas"},"content":{"rendered":"<div data-elementor-type=\"wp-page\" data-elementor-id=\"45116\" class=\"elementor elementor-45116\" data-elementor-post-type=\"page\">\n\t\t\t\t\t\t<section class=\"elementor-section elementor-top-section elementor-element elementor-element-1e0b9485 elementor-section-boxed elementor-section-height-default elementor-section-height-default\" data-id=\"1e0b9485\" data-element_type=\"section\">\n\t\t\t\t\t\t<div class=\"elementor-container elementor-column-gap-default\">\n\t\t\t\t\t<div class=\"elementor-column elementor-col-100 elementor-top-column elementor-element elementor-element-15ec97ec\" data-id=\"15ec97ec\" data-element_type=\"column\">\n\t\t\t<div class=\"elementor-widget-wrap elementor-element-populated\">\n\t\t\t\t\t\t<div class=\"elementor-element elementor-element-6abaf599 elementor-widget elementor-widget-text-editor\" data-id=\"6abaf599\" data-element_type=\"widget\" data-widget_type=\"text-editor.default\">\n\t\t\t\t<div class=\"elementor-widget-container\">\n\t\t\t\t\t\t\t\t\t<p><\/p>\n<div class=\"wp-block-spacer\" style=\"height: 20px;\" aria-hidden=\"true\">\u00a0<\/div>\n<p><\/p>\n<p><\/p>\n<div class=\"wp-block-columns is-layout-flex wp-container-core-columns-is-layout-9d6595d7 wp-block-columns-is-layout-flex\">\n<p><\/p>\n<div class=\"wp-block-column is-layout-flow wp-block-column-is-layout-flow\">\n<p><\/p>\n<figure class=\"wp-block-image aligncenter size-full\"><a href=\"https:\/\/www.esur.org\/wp-content\/uploads\/2022\/03\/ESUR-Guidelines-10_0-Final-Version.pdf\"><img fetchpriority=\"high\" decoding=\"async\" class=\"alignnone wp-image-45117\" src=\"https:\/\/cbr.org.br\/wp-content\/uploads\/2023\/04\/Design-sem-nome-53.png\" alt=\"\" width=\"368\" height=\"245\" srcset=\"https:\/\/cbr.org.br\/wp-content\/uploads\/2023\/04\/Design-sem-nome-53.png 368w, https:\/\/cbr.org.br\/wp-content\/uploads\/2023\/04\/Design-sem-nome-53-18x12.png 18w\" sizes=\"(max-width: 368px) 100vw, 368px\" \/><\/a>\n<p>\u00a0<\/p>\n<figcaption class=\"wp-element-caption\"><strong>Directrices de la Sociedad Europea de Radiolog\u00eda<\/strong> <strong>Urogenital para el uso de medios de contraste \u2013<\/strong> <strong>Versi\u00f3n 10.0<\/strong><br \/><strong>A\u00f1o:\u00a0<\/strong>2018<br \/><br \/><\/figcaption>\n<\/figure>\n<p><\/p>\n<p><\/p>\n<div class=\"wp-block-buttons is-content-justification-center is-layout-flex wp-container-core-buttons-is-layout-16018d1d wp-block-buttons-is-layout-flex\">\n<p><\/p>\n<div class=\"wp-block-button aligncenter has-custom-width wp-block-button__width-50\"><a class=\"wp-block-button__link has-white-color has-black-background-color has-text-color has-background wp-element-button\" href=\"https:\/\/www.esur.org\/wp-content\/uploads\/2022\/03\/ESUR-Guidelines-10_0-Final-Version.pdf\" target=\"_blank\" rel=\"noreferrer noopener\"><strong>Acceso<\/strong><\/a><\/div>\n<p><\/p>\n<\/div>\n<p><\/p>\n<\/div>\n<p><\/p>\n<p><\/p>\n<div class=\"wp-block-column is-layout-flow wp-block-column-is-layout-flow\">\n<p><\/p>\n<figure class=\"wp-block-image aligncenter size-full\"><a href=\"https:\/\/cbr.org.br\/wp-content\/uploads\/2017\/06\/DIRETRIZ-RM-TC-SBC-CBR.pdf\"><img decoding=\"async\" width=\"368\" height=\"245\" class=\"wp-image-45118\" src=\"https:\/\/cbr.org.br\/wp-content\/uploads\/2023\/04\/Design-sem-nome-54.png\" alt=\"\" srcset=\"https:\/\/cbr.org.br\/wp-content\/uploads\/2023\/04\/Design-sem-nome-54.png 368w, https:\/\/cbr.org.br\/wp-content\/uploads\/2023\/04\/Design-sem-nome-54-18x12.png 18w\" sizes=\"(max-width: 368px) 100vw, 368px\" \/><\/a>\n<p>\u00a0<\/p>\n<figcaption class=\"wp-element-caption\"><strong>II Directrices para Resonancia Magn\u00e9tica Cardiovascular y Tomograf\u00eda Computarizada de la Sociedad Brasile\u00f1a de Cardiolog\u00eda y del Colegio Brasile\u00f1o de Radiolog\u00eda<\/strong><br \/><strong>A\u00f1o:\u00a0<\/strong>2014<\/figcaption>\n<\/figure>\n<p><\/p>\n<p><\/p>\n<div class=\"wp-block-buttons is-content-justification-center is-layout-flex wp-container-core-buttons-is-layout-16018d1d wp-block-buttons-is-layout-flex\">\n<p><\/p>\n<div class=\"wp-block-button aligncenter has-custom-width wp-block-button__width-50\"><a class=\"wp-block-button__link has-white-color has-black-background-color has-text-color has-background wp-element-button\" href=\"https:\/\/cbr.org.br\/wp-content\/uploads\/2017\/06\/DIRETRIZ-RM-TC-SBC-CBR.pdf\" target=\"_blank\" rel=\"noreferrer noopener\"><strong>Acceso<\/strong><\/a><\/div>\n<p><\/p>\n<\/div>\n<p><\/p>\n<\/div>\n<p><\/p>\n<\/div>\n<p><\/p>\t\t\t\t\t\t\t\t<\/div>\n\t\t\t\t<\/div>\n\t\t\t\t\t<\/div>\n\t\t<\/div>\n\t\t\t\t\t<\/div>\n\t\t<\/section>\n\t\t\t\t<\/div>","protected":false},"excerpt":{"rendered":"","protected":false},"author":8,"featured_media":0,"parent":0,"menu_order":0,"comment_status":"closed","ping_status":"closed","template":"","meta":{"_acf_changed":false,"footnotes":""},"class_list":["post-45116","page","type-page","status-publish","hentry"],"acf":[],"_links":{"self":[{"href":"https:\/\/cbr.org.br\/es\/wp-json\/wp\/v2\/pages\/45116","targetHints":{"allow":["GET"]}}],"collection":[{"href":"https:\/\/cbr.org.br\/es\/wp-json\/wp\/v2\/pages"}],"about":[{"href":"https:\/\/cbr.org.br\/es\/wp-json\/wp\/v2\/types\/page"}],"author":[{"embeddable":true,"href":"https:\/\/cbr.org.br\/es\/wp-json\/wp\/v2\/users\/8"}],"replies":[{"embeddable":true,"href":"https:\/\/cbr.org.br\/es\/wp-json\/wp\/v2\/comments?post=45116"}],"version-history":[{"count":3,"href":"https:\/\/cbr.org.br\/es\/wp-json\/wp\/v2\/pages\/45116\/revisions"}],"predecessor-version":[{"id":45713,"href":"https:\/\/cbr.org.br\/es\/wp-json\/wp\/v2\/pages\/45116\/revisions\/45713"}],"wp:attachment":[{"href":"https:\/\/cbr.org.br\/es\/wp-json\/wp\/v2\/media?parent=45116"}],"curies":[{"name":"wp","href":"https:\/\/api.w.org\/{rel}","templated":true}]}}