{"id":45130,"date":"2023-04-14T15:20:13","date_gmt":"2023-04-14T18:20:13","guid":{"rendered":"https:\/\/cbr.org.br\/?page_id=45130"},"modified":"2023-04-14T15:45:44","modified_gmt":"2023-04-14T18:45:44","slug":"pareceres-diretrizes-e-resolucoes","status":"publish","type":"page","link":"https:\/\/cbr.org.br\/es\/pareceres-diretrizes-e-resolucoes\/","title":{"rendered":"Dict\u00e1menes, lineamientos y resoluciones"},"content":{"rendered":"<p>Recopilaci\u00f3n de normas y recomendaciones que determinan la posici\u00f3n oficial del Colegio, en m\u00e9todos y procedimientos diagn\u00f3sticos y terap\u00e9uticos por imagen.<\/p>\n\n\n\n<div style=\"height:20px\" aria-hidden=\"true\" class=\"wp-block-spacer\"><\/div>\n\n\n\n<div class=\"wp-block-columns is-layout-flex wp-container-core-columns-is-layout-9d6595d7 wp-block-columns-is-layout-flex\">\n<div class=\"wp-block-column is-layout-flow wp-block-column-is-layout-flow\">\n<figure class=\"wp-block-image aligncenter size-full\"><img fetchpriority=\"high\" decoding=\"async\" width=\"368\" height=\"245\" src=\"https:\/\/cbr.org.br\/wp-content\/uploads\/2023\/04\/Design-sem-nome-55-1.png\" alt=\"\" class=\"wp-image-45146\" srcset=\"https:\/\/cbr.org.br\/wp-content\/uploads\/2023\/04\/Design-sem-nome-55-1.png 368w, https:\/\/cbr.org.br\/wp-content\/uploads\/2023\/04\/Design-sem-nome-55-1-18x12.png 18w\" sizes=\"(max-width: 368px) 100vw, 368px\" \/><figcaption class=\"wp-element-caption\"><strong>Opiniones<\/strong><\/figcaption><\/figure>\n\n\n\n<div class=\"wp-block-buttons is-content-justification-center is-layout-flex wp-container-core-buttons-is-layout-16018d1d wp-block-buttons-is-layout-flex\">\n<div class=\"wp-block-button\"><a class=\"wp-block-button__link has-black-background-color has-background wp-element-button\" href=\"https:\/\/cbr.org.br\/es\/pareceres\/\"><strong>Acceso<\/strong><\/a><\/div>\n<\/div>\n<\/div>\n\n\n\n<div class=\"wp-block-column is-layout-flow wp-block-column-is-layout-flow\">\n<figure class=\"wp-block-image aligncenter size-full\"><a href=\"https:\/\/cbr.org.br\/es\/criterios-de-adequacao-de-exames-de-imagem-e-radioterapia\/\"><img decoding=\"async\" width=\"368\" height=\"245\" src=\"https:\/\/cbr.org.br\/wp-content\/uploads\/2023\/04\/criterio-avaliacao-capa.png\" alt=\"\" class=\"wp-image-45133\" srcset=\"https:\/\/cbr.org.br\/wp-content\/uploads\/2023\/04\/criterio-avaliacao-capa.png 368w, https:\/\/cbr.org.br\/wp-content\/uploads\/2023\/04\/criterio-avaliacao-capa-18x12.png 18w\" sizes=\"(max-width: 368px) 100vw, 368px\" \/><\/a><figcaption class=\"wp-element-caption\"><strong>Criterios de adecuaci\u00f3n de imagen y radioterapia<\/strong><\/figcaption><\/figure>\n\n\n\n<div class=\"wp-block-buttons is-content-justification-center is-layout-flex wp-container-core-buttons-is-layout-16018d1d wp-block-buttons-is-layout-flex\">\n<div class=\"wp-block-button\"><a class=\"wp-block-button__link has-black-background-color has-background wp-element-button\" href=\"https:\/\/cbr.org.br\/es\/criterios-de-adequacao-de-exames-de-imagem-e-radioterapia\/\"><strong>Acceso<\/strong><\/a><\/div>\n<\/div>\n<\/div>\n\n\n\n<div class=\"wp-block-column is-layout-flow wp-block-column-is-layout-flow\">\n<figure class=\"wp-block-image aligncenter size-full\"><a href=\"https:\/\/cbr.org.br\/es\/covid-19\/\"><img decoding=\"async\" width=\"368\" height=\"245\" src=\"https:\/\/cbr.org.br\/wp-content\/uploads\/2023\/04\/covid-capa.png\" alt=\"\" class=\"wp-image-45134\" srcset=\"https:\/\/cbr.org.br\/wp-content\/uploads\/2023\/04\/covid-capa.png 368w, https:\/\/cbr.org.br\/wp-content\/uploads\/2023\/04\/covid-capa-18x12.png 18w\" sizes=\"(max-width: 368px) 100vw, 368px\" \/><\/a><figcaption class=\"wp-element-caption\"><strong>COVID-19<\/strong><\/figcaption><\/figure>\n\n\n\n<div class=\"wp-block-buttons is-content-justification-center is-layout-flex wp-container-core-buttons-is-layout-16018d1d wp-block-buttons-is-layout-flex\">\n<div class=\"wp-block-button\"><a class=\"wp-block-button__link has-black-background-color has-background wp-element-button\" href=\"https:\/\/cbr.org.br\/es\/covid-19\/\"><strong>Acceso<\/strong><\/a><\/div>\n<\/div>\n<\/div>\n<\/div>\n\n\n\n<div class=\"wp-block-columns is-layout-flex wp-container-core-columns-is-layout-9d6595d7 wp-block-columns-is-layout-flex\">\n<div class=\"wp-block-column is-layout-flow wp-block-column-is-layout-flow\">\n<figure class=\"wp-block-image aligncenter size-full\"><a href=\"https:\/\/cbr.org.br\/es\/diretrizes\/\"><img loading=\"lazy\" decoding=\"async\" width=\"368\" height=\"245\" src=\"https:\/\/cbr.org.br\/wp-content\/uploads\/2023\/04\/diretriz-capa.png\" alt=\"\" class=\"wp-image-45135\" srcset=\"https:\/\/cbr.org.br\/wp-content\/uploads\/2023\/04\/diretriz-capa.png 368w, https:\/\/cbr.org.br\/wp-content\/uploads\/2023\/04\/diretriz-capa-18x12.png 18w\" sizes=\"(max-width: 368px) 100vw, 368px\" \/><\/a><figcaption class=\"wp-element-caption\"><strong>pautas<\/strong><\/figcaption><\/figure>\n\n\n\n<div class=\"wp-block-buttons is-content-justification-center is-layout-flex wp-container-core-buttons-is-layout-16018d1d wp-block-buttons-is-layout-flex\">\n<div class=\"wp-block-button\"><a class=\"wp-block-button__link has-black-background-color has-background wp-element-button\" href=\"https:\/\/cbr.org.br\/es\/diretrizes\/\"><strong>Acceso<\/strong><\/a><\/div>\n<\/div>\n<\/div>\n\n\n\n<div class=\"wp-block-column is-layout-flow wp-block-column-is-layout-flow\">\n<figure class=\"wp-block-image aligncenter size-full\"><a href=\"https:\/\/cbr.org.br\/wp-content\/uploads\/2017\/08\/Protocolo-Brasileiro-de-Radiologia-e-Diagn%C3%B3stico-por-Imagem-v.final_.pdf\"><img loading=\"lazy\" decoding=\"async\" width=\"368\" height=\"245\" src=\"https:\/\/cbr.org.br\/wp-content\/uploads\/2023\/04\/protocolo-capa.png\" alt=\"\" class=\"wp-image-45136\" srcset=\"https:\/\/cbr.org.br\/wp-content\/uploads\/2023\/04\/protocolo-capa.png 368w, https:\/\/cbr.org.br\/wp-content\/uploads\/2023\/04\/protocolo-capa-18x12.png 18w\" sizes=\"(max-width: 368px) 100vw, 368px\" \/><\/a><figcaption class=\"wp-element-caption\"><strong>Protocolo Brasile\u00f1o de Radiolog\u00eda e Imagen Diagn\u00f3stica<\/strong><\/figcaption><\/figure>\n\n\n\n<div class=\"wp-block-buttons is-content-justification-center is-layout-flex wp-container-core-buttons-is-layout-16018d1d wp-block-buttons-is-layout-flex\">\n<div class=\"wp-block-button\"><a class=\"wp-block-button__link has-black-background-color has-background wp-element-button\" href=\"https:\/\/cbr.org.br\/wp-content\/uploads\/2017\/08\/Protocolo-Brasileiro-de-Radiologia-e-Diagn%C3%B3stico-por-Imagem-v.final_.pdf\"><strong>Acceso<\/strong><\/a><\/div>\n<\/div>\n<\/div>\n\n\n\n<div class=\"wp-block-column is-layout-flow wp-block-column-is-layout-flow\">\n<figure class=\"wp-block-image aligncenter size-full\"><a href=\"https:\/\/cbr.org.br\/wp-content\/uploads\/2022\/04\/RDC-no-611_ANVISA-para-Servicos-de-Radiologia-Diagnostica-ou-Intervencionista.pdf\"><img loading=\"lazy\" decoding=\"async\" width=\"368\" height=\"245\" src=\"https:\/\/cbr.org.br\/wp-content\/uploads\/2023\/04\/resolucoes-capa.png\" alt=\"\" class=\"wp-image-45137\" srcset=\"https:\/\/cbr.org.br\/wp-content\/uploads\/2023\/04\/resolucoes-capa.png 368w, https:\/\/cbr.org.br\/wp-content\/uploads\/2023\/04\/resolucoes-capa-18x12.png 18w\" sizes=\"(max-width: 368px) 100vw, 368px\" \/><\/a><figcaption class=\"wp-element-caption\"><strong>Resoluciones<\/strong><\/figcaption><\/figure>\n\n\n\n<div class=\"wp-block-buttons is-content-justification-center is-layout-flex wp-container-core-buttons-is-layout-16018d1d wp-block-buttons-is-layout-flex\">\n<div class=\"wp-block-button\"><a class=\"wp-block-button__link has-black-background-color has-background wp-element-button\" href=\"https:\/\/cbr.org.br\/wp-content\/uploads\/2022\/04\/RDC-no-611_ANVISA-para-Servicos-de-Radiologia-Diagnostica-ou-Intervencionista.pdf\"><strong>Acceso<\/strong><\/a><\/div>\n<\/div>\n<\/div>\n<\/div>","protected":false},"excerpt":{"rendered":"<p>Recopilaci\u00f3n de normas y recomendaciones que determinan la posici\u00f3n oficial del Colegio, en m\u00e9todos y procedimientos diagn\u00f3sticos y terap\u00e9uticos por imagen.<\/p>","protected":false},"author":8,"featured_media":0,"parent":0,"menu_order":0,"comment_status":"closed","ping_status":"closed","template":"","meta":{"_acf_changed":false,"footnotes":""},"class_list":["post-45130","page","type-page","status-publish","hentry"],"acf":[],"_links":{"self":[{"href":"https:\/\/cbr.org.br\/es\/wp-json\/wp\/v2\/pages\/45130","targetHints":{"allow":["GET"]}}],"collection":[{"href":"https:\/\/cbr.org.br\/es\/wp-json\/wp\/v2\/pages"}],"about":[{"href":"https:\/\/cbr.org.br\/es\/wp-json\/wp\/v2\/types\/page"}],"author":[{"embeddable":true,"href":"https:\/\/cbr.org.br\/es\/wp-json\/wp\/v2\/users\/8"}],"replies":[{"embeddable":true,"href":"https:\/\/cbr.org.br\/es\/wp-json\/wp\/v2\/comments?post=45130"}],"version-history":[{"count":2,"href":"https:\/\/cbr.org.br\/es\/wp-json\/wp\/v2\/pages\/45130\/revisions"}],"predecessor-version":[{"id":45147,"href":"https:\/\/cbr.org.br\/es\/wp-json\/wp\/v2\/pages\/45130\/revisions\/45147"}],"wp:attachment":[{"href":"https:\/\/cbr.org.br\/es\/wp-json\/wp\/v2\/media?parent=45130"}],"curies":[{"name":"wp","href":"https:\/\/api.w.org\/{rel}","templated":true}]}}