{"id":45615,"date":"2023-05-03T15:28:28","date_gmt":"2023-05-03T18:28:28","guid":{"rendered":"https:\/\/cbr.org.br\/?page_id=45615"},"modified":"2025-05-28T11:16:59","modified_gmt":"2025-05-28T14:16:59","slug":"radlex-cbr","status":"publish","type":"page","link":"https:\/\/cbr.org.br\/es\/radlex-cbr\/","title":{"rendered":"RadLex CBR"},"content":{"rendered":"<div data-elementor-type=\"wp-page\" data-elementor-id=\"45615\" class=\"elementor elementor-45615\" data-elementor-post-type=\"page\">\n\t\t\t\t\t\t<section class=\"elementor-section elementor-top-section elementor-element elementor-element-abffa2e elementor-section-boxed elementor-section-height-default elementor-section-height-default\" data-id=\"abffa2e\" data-element_type=\"section\">\n\t\t\t\t\t\t<div class=\"elementor-container elementor-column-gap-default\">\n\t\t\t\t\t<div class=\"elementor-column elementor-col-100 elementor-top-column elementor-element elementor-element-2d2677ba\" data-id=\"2d2677ba\" data-element_type=\"column\">\n\t\t\t<div class=\"elementor-widget-wrap elementor-element-populated\">\n\t\t\t\t\t\t<div class=\"elementor-element elementor-element-7fee92e9 elementor-widget elementor-widget-text-editor\" data-id=\"7fee92e9\" data-element_type=\"widget\" data-widget_type=\"text-editor.default\">\n\t\t\t\t<div class=\"elementor-widget-container\">\n\t\t\t\t\t\t\t\t\t<h2 class=\"wp-block-heading\">\u00a0<\/h2>\n<p><!-- \/wp:heading --><\/p>\n<p><!-- wp:media-text {\"align\":\"wide\",\"mediaId\":45719,\"mediaLink\":\"https:\/\/cbr.org.br\/radlex-cbr\/logo_radlex\/\",\"mediaType\":\"image\",\"mediaWidth\":28} --><\/p>\n<div class=\"wp-block-media-text alignwide is-stacked-on-mobile\" style=\"grid-template-columns: 28% auto;\">\n<figure class=\"wp-block-media-text__media\"><img fetchpriority=\"high\" decoding=\"async\" width=\"1716\" height=\"412\" class=\"wp-image-45719 size-full\" src=\"https:\/\/cbr.org.br\/wp-content\/uploads\/2023\/05\/logo_RadLex.jpg\" alt=\"\" srcset=\"https:\/\/cbr.org.br\/wp-content\/uploads\/2023\/05\/logo_RadLex.jpg 1716w, https:\/\/cbr.org.br\/wp-content\/uploads\/2023\/05\/logo_RadLex-960x230.jpg 960w, https:\/\/cbr.org.br\/wp-content\/uploads\/2023\/05\/logo_RadLex-450x108.jpg 450w, https:\/\/cbr.org.br\/wp-content\/uploads\/2023\/05\/logo_RadLex-768x184.jpg 768w, https:\/\/cbr.org.br\/wp-content\/uploads\/2023\/05\/logo_RadLex-1536x369.jpg 1536w, https:\/\/cbr.org.br\/wp-content\/uploads\/2023\/05\/logo_RadLex-18x4.jpg 18w\" sizes=\"(max-width: 1716px) 100vw, 1716px\" \/><\/figure>\n<div class=\"wp-block-media-text__content\">\n<p><!-- wp:paragraph {\"placeholder\":\"Conte\u00fado...\"} --><\/p>\n<p>RadLex CBR es un l\u00e9xico que estandariza la terminolog\u00eda radiol\u00f3gica creado por la RSNA, fue traducido al portugu\u00e9s con el apoyo del Colegio Brasile\u00f1o de Radiolog\u00eda y Diagn\u00f3stico por Im\u00e1genes (CBR). Esta traducci\u00f3n permite a los profesionales e investigadores brasile\u00f1os consultar t\u00e9rminos estandarizados en su propio idioma, beneficiando la pr\u00e1ctica cl\u00ednica y la investigaci\u00f3n a trav\u00e9s de una comunicaci\u00f3n y un an\u00e1lisis de datos m\u00e1s eficientes.<\/p>\n<p><!-- \/wp:paragraph --><\/p>\n<\/div>\n<\/div>\n<p><!-- \/wp:media-text --><\/p>\n<p class=\"has-text-align-center js-collaborators-trigger has-medium-font-size\"><strong><a href=\"#colaboracoes\">Colaboraci\u00f3n<\/a><\/strong><\/p>\n<p><!-- wp:paragraph {\"align\":\"center\"} --><\/p>\n<p class=\"has-text-align-center\">Desarrollado en conjunto con:<\/p>\n<p><!-- \/wp:paragraph --><\/p>\n<p><!-- wp:image {\"align\":\"center\",\"id\":45950,\"width\":101,\"height\":51,\"sizeSlug\":\"medium\",\"linkDestination\":\"none\"} --><\/p>\n<figure class=\"wp-block-image aligncenter size-medium is-resized\"><img decoding=\"async\" class=\"wp-image-45950\" style=\"width: 101px; height: 51px;\" src=\"https:\/\/cbr.org.br\/wp-content\/uploads\/2023\/06\/rsna-960x486.jpg\" alt=\"\" width=\"101\" height=\"51\" srcset=\"https:\/\/cbr.org.br\/wp-content\/uploads\/2023\/06\/rsna-960x486.jpg 960w, https:\/\/cbr.org.br\/wp-content\/uploads\/2023\/06\/rsna-1920x972.jpg 1920w, https:\/\/cbr.org.br\/wp-content\/uploads\/2023\/06\/rsna-450x228.jpg 450w, https:\/\/cbr.org.br\/wp-content\/uploads\/2023\/06\/rsna-768x389.jpg 768w, https:\/\/cbr.org.br\/wp-content\/uploads\/2023\/06\/rsna-1536x778.jpg 1536w, https:\/\/cbr.org.br\/wp-content\/uploads\/2023\/06\/rsna-2048x1037.jpg 2048w, https:\/\/cbr.org.br\/wp-content\/uploads\/2023\/06\/rsna-18x9.jpg 18w\" sizes=\"(max-width: 101px) 100vw, 101px\" \/><\/figure>\n<p><!-- \/wp:paragraph --><\/p>\t\t\t\t\t\t\t\t<\/div>\n\t\t\t\t<\/div>\n\t\t\t\t\t<\/div>\n\t\t<\/div>\n\t\t\t\t\t<\/div>\n\t\t<\/section>\n\t\t\t\t<\/div>","protected":false},"excerpt":{"rendered":"<p>\u00a0 RadLex CBR es un l\u00e9xico que estandariza la terminolog\u00eda radiol\u00f3gica creado por RSNA y fue traducido al portugu\u00e9s con el apoyo del Col\u00e9gio Brasileiro de Radiolog\u00eda e Diagn\u00f3stico por Imagem (CBR). Esta traducci\u00f3n permite a los profesionales e investigadores brasile\u00f1os consultar t\u00e9rminos estandarizados en su propio idioma, beneficiando la pr\u00e1ctica cl\u00ednica y la investigaci\u00f3n... <a href=\"https:\/\/cbr.org.br\/es\/radlex-cbr\/\">Sigue leyendo<\/a><\/p>","protected":false},"author":8,"featured_media":0,"parent":0,"menu_order":0,"comment_status":"closed","ping_status":"closed","template":"","meta":{"_acf_changed":false,"footnotes":""},"class_list":["post-45615","page","type-page","status-publish","hentry"],"acf":[],"_links":{"self":[{"href":"https:\/\/cbr.org.br\/es\/wp-json\/wp\/v2\/pages\/45615","targetHints":{"allow":["GET"]}}],"collection":[{"href":"https:\/\/cbr.org.br\/es\/wp-json\/wp\/v2\/pages"}],"about":[{"href":"https:\/\/cbr.org.br\/es\/wp-json\/wp\/v2\/types\/page"}],"author":[{"embeddable":true,"href":"https:\/\/cbr.org.br\/es\/wp-json\/wp\/v2\/users\/8"}],"replies":[{"embeddable":true,"href":"https:\/\/cbr.org.br\/es\/wp-json\/wp\/v2\/comments?post=45615"}],"version-history":[{"count":3,"href":"https:\/\/cbr.org.br\/es\/wp-json\/wp\/v2\/pages\/45615\/revisions"}],"predecessor-version":[{"id":52161,"href":"https:\/\/cbr.org.br\/es\/wp-json\/wp\/v2\/pages\/45615\/revisions\/52161"}],"wp:attachment":[{"href":"https:\/\/cbr.org.br\/es\/wp-json\/wp\/v2\/media?parent=45615"}],"curies":[{"name":"wp","href":"https:\/\/api.w.org\/{rel}","templated":true}]}}