{"id":46337,"date":"2023-07-20T10:33:19","date_gmt":"2023-07-20T13:33:19","guid":{"rendered":"https:\/\/cbr.org.br\/?page_id=46337"},"modified":"2023-07-20T17:57:25","modified_gmt":"2023-07-20T20:57:25","slug":"biblioteca-juridica","status":"publish","type":"page","link":"https:\/\/cbr.org.br\/es\/biblioteca-juridica\/","title":{"rendered":"biblioteca de derecho"},"content":{"rendered":"<div data-elementor-type=\"wp-page\" data-elementor-id=\"46337\" class=\"elementor elementor-46337\" data-elementor-post-type=\"page\">\n\t\t\t\t\t\t<section class=\"elementor-section elementor-top-section elementor-element elementor-element-d3299d8 elementor-section-boxed elementor-section-height-default elementor-section-height-default\" data-id=\"d3299d8\" data-element_type=\"section\">\n\t\t\t\t\t\t<div class=\"elementor-container elementor-column-gap-default\">\n\t\t\t\t\t<div class=\"elementor-column elementor-col-100 elementor-top-column elementor-element elementor-element-0d1cf8a\" data-id=\"0d1cf8a\" data-element_type=\"column\">\n\t\t\t<div class=\"elementor-widget-wrap elementor-element-populated\">\n\t\t\t\t\t\t<div class=\"elementor-element elementor-element-87bd682 elementor-widget elementor-widget-spacer\" data-id=\"87bd682\" data-element_type=\"widget\" data-widget_type=\"spacer.default\">\n\t\t\t\t<div class=\"elementor-widget-container\">\n\t\t\t\t\t\t\t<div class=\"elementor-spacer\">\n\t\t\t<div class=\"elementor-spacer-inner\"><\/div>\n\t\t<\/div>\n\t\t\t\t\t\t<\/div>\n\t\t\t\t<\/div>\n\t\t\t\t\t<\/div>\n\t\t<\/div>\n\t\t\t\t\t<\/div>\n\t\t<\/section>\n\t\t\t\t<section class=\"elementor-section elementor-top-section elementor-element elementor-element-b682d87 elementor-section-boxed elementor-section-height-default elementor-section-height-default\" data-id=\"b682d87\" data-element_type=\"section\">\n\t\t\t\t\t\t<div class=\"elementor-container elementor-column-gap-default\">\n\t\t\t\t\t<div class=\"elementor-column elementor-col-100 elementor-top-column elementor-element elementor-element-ec8919c\" data-id=\"ec8919c\" data-element_type=\"column\">\n\t\t\t<div class=\"elementor-widget-wrap elementor-element-populated\">\n\t\t\t\t\t\t<div class=\"elementor-element elementor-element-56893bc elementor-widget elementor-widget-text-editor\" data-id=\"56893bc\" data-element_type=\"widget\" data-widget_type=\"text-editor.default\">\n\t\t\t\t<div class=\"elementor-widget-container\">\n\t\t\t\t\t\t\t\t\t<p style=\"text-align: justify;\">La Biblioteca Jur\u00eddica del Colegio Brasile\u00f1o de Radiolog\u00eda y Diagn\u00f3stico por Im\u00e1genes (CBR) es un recurso valioso que ofrece enormes beneficios a nuestros miembros. Como parte integral de una entidad dedicada al avance de la Radiolog\u00eda y el Diagn\u00f3stico por Im\u00e1genes en Brasil, la biblioteca cuenta con las principales dudas, jurisprudencia, normas y otras fuentes relacionadas con el campo legal y la pr\u00e1ctica de la radiolog\u00eda.<\/p>\n<p style=\"text-align: justify;\">A trav\u00e9s de nuestra Biblioteca Jur\u00eddica, los asociados de CBR pueden acceder a informaci\u00f3n relevante sobre temas legales que impactan en sus actividades profesionales, tales como normas, derechos y deberes, responsabilidades m\u00e9dicas, legislaci\u00f3n espec\u00edfica en la materia, entre otras materias. Adem\u00e1s, la biblioteca puede ofrecer apoyo para la resoluci\u00f3n de dudas jur\u00eddicas brindando importantes subsidios para un desempe\u00f1o \u00e9tico y dentro de las normas vigentes.<\/p>\n<p style=\"text-align: justify;\">En definitiva, la Biblioteca Jur\u00eddica de CBR juega un papel fundamental a la hora de proporcionar el apoyo y los conocimientos jur\u00eddicos necesarios para que los profesionales de la radiolog\u00eda puedan desarrollar su actividad con excelencia, respetando las normas legales y \u00e9ticas vigentes en su \u00e1mbito de actuaci\u00f3n.<\/p>\n<p>Descubre nuestra colecci\u00f3n a continuaci\u00f3n:<\/p>\t\t\t\t\t\t\t\t<\/div>\n\t\t\t\t<\/div>\n\t\t\t\t\t<\/div>\n\t\t<\/div>\n\t\t\t\t\t<\/div>\n\t\t<\/section>\n\t\t\t\t<section class=\"elementor-section elementor-top-section elementor-element elementor-element-eefe496 elementor-section-boxed elementor-section-height-default elementor-section-height-default\" data-id=\"eefe496\" data-element_type=\"section\">\n\t\t\t\t\t\t<div class=\"elementor-container elementor-column-gap-default\">\n\t\t\t\t\t<div class=\"elementor-column elementor-col-100 elementor-top-column elementor-element elementor-element-2c6ad39\" data-id=\"2c6ad39\" data-element_type=\"column\">\n\t\t\t<div class=\"elementor-widget-wrap elementor-element-populated\">\n\t\t\t\t\t\t<div class=\"elementor-element elementor-element-9ca1f8b elementor-widget elementor-widget-spacer\" data-id=\"9ca1f8b\" data-element_type=\"widget\" data-widget_type=\"spacer.default\">\n\t\t\t\t<div class=\"elementor-widget-container\">\n\t\t\t\t\t\t\t<div class=\"elementor-spacer\">\n\t\t\t<div class=\"elementor-spacer-inner\"><\/div>\n\t\t<\/div>\n\t\t\t\t\t\t<\/div>\n\t\t\t\t<\/div>\n\t\t\t\t\t<\/div>\n\t\t<\/div>\n\t\t\t\t\t<\/div>\n\t\t<\/section>\n\t\t\t\t<section class=\"elementor-section elementor-top-section elementor-element elementor-element-92bd705 elementor-section-boxed elementor-section-height-default elementor-section-height-default\" data-id=\"92bd705\" data-element_type=\"section\">\n\t\t\t\t\t\t<div class=\"elementor-container elementor-column-gap-default\">\n\t\t\t\t\t<div class=\"elementor-column elementor-col-33 elementor-top-column elementor-element elementor-element-e9fe3a5\" data-id=\"e9fe3a5\" data-element_type=\"column\">\n\t\t\t<div class=\"elementor-widget-wrap elementor-element-populated\">\n\t\t\t\t\t\t<div class=\"elementor-element elementor-element-a42677c elementor-widget elementor-widget-image\" data-id=\"a42677c\" data-element_type=\"widget\" data-widget_type=\"image.default\">\n\t\t\t\t<div class=\"elementor-widget-container\">\n\t\t\t\t\t\t\t\t\t\t\t\t\t\t\t<img fetchpriority=\"high\" decoding=\"async\" width=\"960\" height=\"540\" src=\"https:\/\/cbr.org.br\/wp-content\/uploads\/2023\/07\/direitoprofissional_siteCBR_BibliotecaJuridica.jpg\" class=\"attachment-medium size-medium wp-image-46357\" alt=\"\" srcset=\"https:\/\/cbr.org.br\/wp-content\/uploads\/2023\/07\/direitoprofissional_siteCBR_BibliotecaJuridica.jpg 960w, https:\/\/cbr.org.br\/wp-content\/uploads\/2023\/07\/direitoprofissional_siteCBR_BibliotecaJuridica-450x254.jpg 450w, https:\/\/cbr.org.br\/wp-content\/uploads\/2023\/07\/direitoprofissional_siteCBR_BibliotecaJuridica-768x432.jpg 768w, https:\/\/cbr.org.br\/wp-content\/uploads\/2023\/07\/direitoprofissional_siteCBR_BibliotecaJuridica-18x10.jpg 18w\" sizes=\"(max-width: 960px) 100vw, 960px\" \/>\t\t\t\t\t\t\t\t\t\t\t\t\t\t\t<\/div>\n\t\t\t\t<\/div>\n\t\t\t\t<div class=\"elementor-element elementor-element-2950de8 elementor-widget elementor-widget-text-editor\" data-id=\"2950de8\" data-element_type=\"widget\" data-widget_type=\"text-editor.default\">\n\t\t\t\t<div class=\"elementor-widget-container\">\n\t\t\t\t\t\t\t\t\t<p style=\"text-align: center;\"><span style=\"color: #000000;\"><strong>Derecho Profesional<\/strong><\/span><\/p>\t\t\t\t\t\t\t\t<\/div>\n\t\t\t\t<\/div>\n\t\t\t\t<div class=\"elementor-element elementor-element-6c6434b elementor-align-center elementor-widget elementor-widget-button\" data-id=\"6c6434b\" data-element_type=\"widget\" data-widget_type=\"button.default\">\n\t\t\t\t<div class=\"elementor-widget-container\">\n\t\t\t\t\t\t\t\t\t<div class=\"elementor-button-wrapper\">\n\t\t\t\t\t<a class=\"elementor-button elementor-button-link elementor-size-sm\" href=\"https:\/\/cbr.org.br\/es\/biblioteca-juridica-direito-profissional\/\">\n\t\t\t\t\t\t<span class=\"elementor-button-content-wrapper\">\n\t\t\t\t\t\t<span class=\"elementor-button-icon\">\n\t\t\t\t<i aria-hidden=\"true\" class=\"far fa-arrow-alt-circle-right\"><\/i>\t\t\t<\/span>\n\t\t\t\t\t\t\t\t\t<span class=\"elementor-button-text\">Accede aqu\u00ed<\/span>\n\t\t\t\t\t<\/span>\n\t\t\t\t\t<\/a>\n\t\t\t\t<\/div>\n\t\t\t\t\t\t\t\t<\/div>\n\t\t\t\t<\/div>\n\t\t\t\t\t<\/div>\n\t\t<\/div>\n\t\t\t\t<div class=\"elementor-column elementor-col-33 elementor-top-column elementor-element elementor-element-21b2f1a\" data-id=\"21b2f1a\" data-element_type=\"column\">\n\t\t\t<div class=\"elementor-widget-wrap elementor-element-populated\">\n\t\t\t\t\t\t<div class=\"elementor-element elementor-element-bcef222 elementor-widget elementor-widget-image\" data-id=\"bcef222\" data-element_type=\"widget\" data-widget_type=\"image.default\">\n\t\t\t\t<div class=\"elementor-widget-container\">\n\t\t\t\t\t\t\t\t\t\t\t\t\t\t\t<img decoding=\"async\" width=\"960\" height=\"540\" src=\"https:\/\/cbr.org.br\/wp-content\/uploads\/2023\/07\/direitotrabalhista_siteCBR_BibliotecaJuridica.jpg\" class=\"attachment-medium size-medium wp-image-46358\" alt=\"\" srcset=\"https:\/\/cbr.org.br\/wp-content\/uploads\/2023\/07\/direitotrabalhista_siteCBR_BibliotecaJuridica.jpg 960w, https:\/\/cbr.org.br\/wp-content\/uploads\/2023\/07\/direitotrabalhista_siteCBR_BibliotecaJuridica-450x254.jpg 450w, https:\/\/cbr.org.br\/wp-content\/uploads\/2023\/07\/direitotrabalhista_siteCBR_BibliotecaJuridica-768x432.jpg 768w, https:\/\/cbr.org.br\/wp-content\/uploads\/2023\/07\/direitotrabalhista_siteCBR_BibliotecaJuridica-18x10.jpg 18w\" sizes=\"(max-width: 960px) 100vw, 960px\" \/>\t\t\t\t\t\t\t\t\t\t\t\t\t\t\t<\/div>\n\t\t\t\t<\/div>\n\t\t\t\t<div class=\"elementor-element elementor-element-3f30048 elementor-widget elementor-widget-text-editor\" data-id=\"3f30048\" data-element_type=\"widget\" data-widget_type=\"text-editor.default\">\n\t\t\t\t<div class=\"elementor-widget-container\">\n\t\t\t\t\t\t\t\t\t<p style=\"text-align: center;\"><span style=\"--tw-border-spacing-x: 0; --tw-border-spacing-y: 0; --tw-translate-x: 0; --tw-translate-y: 0; --tw-rotate: 0; --tw-skew-x: 0; --tw-skew-y: 0; --tw-scale-x: 1; --tw-scale-y: 1; --tw-scroll-snap-strictness: proximity; --tw-ring-offset-width: 0px; --tw-ring-offset-color: #fff; --tw-ring-color: rgba(59,130,246,.5); --tw-ring-offset-shadow: 0 0 transparent; --tw-ring-shadow: 0 0 transparent; --tw-shadow: 0 0 transparent; --tw-shadow-colored: 0 0 transparent; font-weight: bold; color: #000000; text-align: center;\">Derecho laboral<\/span><\/p>\t\t\t\t\t\t\t\t<\/div>\n\t\t\t\t<\/div>\n\t\t\t\t<div class=\"elementor-element elementor-element-e5c35c0 elementor-align-center elementor-widget elementor-widget-button\" data-id=\"e5c35c0\" data-element_type=\"widget\" data-widget_type=\"button.default\">\n\t\t\t\t<div class=\"elementor-widget-container\">\n\t\t\t\t\t\t\t\t\t<div class=\"elementor-button-wrapper\">\n\t\t\t\t\t<a class=\"elementor-button elementor-button-link elementor-size-sm\" href=\"https:\/\/cbr.org.br\/es\/biblioteca-juridica-direito-trabalhista\/\">\n\t\t\t\t\t\t<span class=\"elementor-button-content-wrapper\">\n\t\t\t\t\t\t<span class=\"elementor-button-icon\">\n\t\t\t\t<i aria-hidden=\"true\" class=\"far fa-arrow-alt-circle-right\"><\/i>\t\t\t<\/span>\n\t\t\t\t\t\t\t\t\t<span class=\"elementor-button-text\">Accede aqu\u00ed<\/span>\n\t\t\t\t\t<\/span>\n\t\t\t\t\t<\/a>\n\t\t\t\t<\/div>\n\t\t\t\t\t\t\t\t<\/div>\n\t\t\t\t<\/div>\n\t\t\t\t\t<\/div>\n\t\t<\/div>\n\t\t\t\t<div class=\"elementor-column elementor-col-33 elementor-top-column elementor-element elementor-element-35ac7f7\" data-id=\"35ac7f7\" data-element_type=\"column\">\n\t\t\t<div class=\"elementor-widget-wrap\">\n\t\t\t\t\t\t\t<\/div>\n\t\t<\/div>\n\t\t\t\t\t<\/div>\n\t\t<\/section>\n\t\t\t\t<section class=\"elementor-section elementor-top-section elementor-element elementor-element-6160d5d elementor-section-boxed elementor-section-height-default elementor-section-height-default\" data-id=\"6160d5d\" data-element_type=\"section\">\n\t\t\t\t\t\t<div class=\"elementor-container elementor-column-gap-default\">\n\t\t\t\t\t<div class=\"elementor-column elementor-col-100 elementor-top-column elementor-element elementor-element-59f95c0\" data-id=\"59f95c0\" data-element_type=\"column\">\n\t\t\t<div class=\"elementor-widget-wrap elementor-element-populated\">\n\t\t\t\t\t\t<div class=\"elementor-element elementor-element-1f5cffd elementor-widget elementor-widget-spacer\" data-id=\"1f5cffd\" data-element_type=\"widget\" data-widget_type=\"spacer.default\">\n\t\t\t\t<div class=\"elementor-widget-container\">\n\t\t\t\t\t\t\t<div class=\"elementor-spacer\">\n\t\t\t<div class=\"elementor-spacer-inner\"><\/div>\n\t\t<\/div>\n\t\t\t\t\t\t<\/div>\n\t\t\t\t<\/div>\n\t\t\t\t\t<\/div>\n\t\t<\/div>\n\t\t\t\t\t<\/div>\n\t\t<\/section>\n\t\t\t\t<\/div>","protected":false},"excerpt":{"rendered":"<p>La Biblioteca Jur\u00eddica del Colegio Brasile\u00f1o de Radiolog\u00eda y Diagn\u00f3stico por Im\u00e1genes (CBR) es un recurso valioso que ofrece enormes beneficios a nuestros miembros. Como parte integral de una entidad dedicada al avance de la Radiolog\u00eda y el Diagn\u00f3stico por Imagen en Brasil, la biblioteca cuenta con las principales dudas, jurisprudencia, normas y otras fuentes relacionadas\u2026 <a href=\"https:\/\/cbr.org.br\/es\/biblioteca-juridica\/\">Sigue leyendo<\/a><\/p>","protected":false},"author":8,"featured_media":0,"parent":0,"menu_order":0,"comment_status":"closed","ping_status":"closed","template":"","meta":{"_acf_changed":false,"footnotes":""},"class_list":["post-46337","page","type-page","status-publish","hentry"],"acf":[],"_links":{"self":[{"href":"https:\/\/cbr.org.br\/es\/wp-json\/wp\/v2\/pages\/46337","targetHints":{"allow":["GET"]}}],"collection":[{"href":"https:\/\/cbr.org.br\/es\/wp-json\/wp\/v2\/pages"}],"about":[{"href":"https:\/\/cbr.org.br\/es\/wp-json\/wp\/v2\/types\/page"}],"author":[{"embeddable":true,"href":"https:\/\/cbr.org.br\/es\/wp-json\/wp\/v2\/users\/8"}],"replies":[{"embeddable":true,"href":"https:\/\/cbr.org.br\/es\/wp-json\/wp\/v2\/comments?post=46337"}],"version-history":[{"count":3,"href":"https:\/\/cbr.org.br\/es\/wp-json\/wp\/v2\/pages\/46337\/revisions"}],"predecessor-version":[{"id":46402,"href":"https:\/\/cbr.org.br\/es\/wp-json\/wp\/v2\/pages\/46337\/revisions\/46402"}],"wp:attachment":[{"href":"https:\/\/cbr.org.br\/es\/wp-json\/wp\/v2\/media?parent=46337"}],"curies":[{"name":"wp","href":"https:\/\/api.w.org\/{rel}","templated":true}]}}