{"id":46727,"date":"2023-08-23T16:00:22","date_gmt":"2023-08-23T19:00:22","guid":{"rendered":"https:\/\/cbr.org.br\/?page_id=46727"},"modified":"2024-02-08T18:53:43","modified_gmt":"2024-02-08T21:53:43","slug":"regulamentos-e-leis","status":"publish","type":"page","link":"https:\/\/cbr.org.br\/es\/regulamentos-e-leis\/","title":{"rendered":"Regulaciones y Leyes"},"content":{"rendered":"<div data-elementor-type=\"wp-page\" data-elementor-id=\"46727\" class=\"elementor elementor-46727\" data-elementor-post-type=\"page\">\n\t\t\t\t\t\t<section class=\"elementor-section elementor-top-section elementor-element elementor-element-1f93c48 elementor-section-boxed elementor-section-height-default elementor-section-height-default\" data-id=\"1f93c48\" data-element_type=\"section\">\n\t\t\t\t\t\t<div class=\"elementor-container elementor-column-gap-default\">\n\t\t\t\t\t<div class=\"elementor-column elementor-col-100 elementor-top-column elementor-element elementor-element-08308b0\" data-id=\"08308b0\" data-element_type=\"column\">\n\t\t\t<div class=\"elementor-widget-wrap elementor-element-populated\">\n\t\t\t\t\t\t<div class=\"elementor-element elementor-element-ff5ed61 elementor-widget elementor-widget-toggle\" data-id=\"ff5ed61\" data-element_type=\"widget\" data-widget_type=\"toggle.default\">\n\t\t\t\t<div class=\"elementor-widget-container\">\n\t\t\t\t\t\t\t<div class=\"elementor-toggle\">\n\t\t\t\t\t\t\t<div class=\"elementor-toggle-item\">\n\t\t\t\t\t<div id=\"elementor-tab-title-2671\" class=\"elementor-tab-title\" data-tab=\"1\" role=\"button\" aria-controls=\"elementor-tab-content-2671\" aria-expanded=\"false\">\n\t\t\t\t\t\t\t\t\t\t\t\t<span class=\"elementor-toggle-icon elementor-toggle-icon-left\" aria-hidden=\"true\">\n\t\t\t\t\t\t\t\t\t\t\t\t\t\t\t<span class=\"elementor-toggle-icon-closed\"><i class=\"far fa-folder-open\"><\/i><\/span>\n\t\t\t\t\t\t\t\t<span class=\"elementor-toggle-icon-opened\"><i class=\"elementor-toggle-icon-opened fas fa-caret-up\"><\/i><\/span>\n\t\t\t\t\t\t\t\t\t\t\t\t\t<\/span>\n\t\t\t\t\t\t\t\t\t\t\t\t<a class=\"elementor-toggle-title\" tabindex=\"0\"><h4>Respuesta<\/h4><\/a>\n\t\t\t\t\t<\/div>\n\n\t\t\t\t\t<div id=\"elementor-tab-content-2671\" class=\"elementor-tab-content elementor-clearfix\" data-tab=\"1\" role=\"region\" aria-labelledby=\"elementor-tab-title-2671\"><p><strong>\u25b6<\/strong>\u00a0<a href=\"https:\/\/cbr.org.br\/wp-content\/uploads\/2023\/08\/RN-ANS-de-2022-no-567_Substituicao-de-prestadores-de-servicos-nao-hospitalares.pdf\"><span style=\"color: #000000;\"><b>RN ANS de 2022 No. 567:\u00a0<\/b><\/span><b style=\"color: #000000; font-family: var( --e-global-typography-text-font-family ), Sans-serif; font-size: 1rem;\">Reemplazo de proveedores de servicios no hospitalarios<\/b><\/a><\/p><p><strong>\u25b6 <a href=\"https:\/\/cbr.org.br\/wp-content\/uploads\/2023\/08\/RN-ANS-de-2022-no-512_Definicao-de-indice-de-reajuste-a-ser-aplicado-pelas-operadoras-aos-prestadores.pdf\">RN ANS de 2022 N\u00b0 512: Definici\u00f3n del \u00edndice de reajuste que deben aplicar los operadores a los proveedores<\/a><\/strong><\/p><p><strong>\u25b6 <a href=\"https:\/\/cbr.org.br\/wp-content\/uploads\/2023\/08\/RN-ANS-de-2022-no-503_Contratos-entre-as-operadoras-e-prestadores-de-servicos.pdf\">RN ANS de 2022 N\u00b0 503: Contratos entre operadores y prestadores de servicios<\/a><\/strong><\/p><p><strong>\u25b6 <a href=\"https:\/\/cbr.org.br\/wp-content\/uploads\/2023\/08\/RN-ANS-de-2021-no-465_Atualiza-Rol-de-Procedimentos.pdf\">RN ANS de 2021 N\u00b0 465: Actualiza Lista de Tr\u00e1mites<\/a><\/strong><\/p><p><strong>\u25b6 <a href=\"https:\/\/cbr.org.br\/wp-content\/uploads\/2023\/08\/Lei-de-2014-no-13003_Contratos-dos-prestadores-de-plano-de-saude.pdf\">2014 Ley N\u00b0 13003: Contratos para proveedores de planes de salud<\/a><\/strong><\/p><p><strong>\u25b6<a href=\"https:\/\/cbr.org.br\/wp-content\/uploads\/2023\/08\/Lei-de-2000-no-9961_Criacao-da-ANS.pdf\"> 2000 Ley N\u00b0 9961: Creaci\u00f3n de la ANS<\/a><\/strong><\/p><p><strong>\u25b6<a href=\"https:\/\/cbr.org.br\/wp-content\/uploads\/2023\/08\/Lei-de-1998-no-9656_Planos-de-Saude.pdf\"> 1998 Ley N\u00b0 9656: Planes de Salud<\/a><\/strong><\/p><\/div>\n\t\t\t\t<\/div>\n\t\t\t\t\t\t\t<div class=\"elementor-toggle-item\">\n\t\t\t\t\t<div id=\"elementor-tab-title-2672\" class=\"elementor-tab-title\" data-tab=\"2\" role=\"button\" aria-controls=\"elementor-tab-content-2672\" aria-expanded=\"false\">\n\t\t\t\t\t\t\t\t\t\t\t\t<span class=\"elementor-toggle-icon elementor-toggle-icon-left\" aria-hidden=\"true\">\n\t\t\t\t\t\t\t\t\t\t\t\t\t\t\t<span class=\"elementor-toggle-icon-closed\"><i class=\"far fa-folder-open\"><\/i><\/span>\n\t\t\t\t\t\t\t\t<span class=\"elementor-toggle-icon-opened\"><i class=\"elementor-toggle-icon-opened fas fa-caret-up\"><\/i><\/span>\n\t\t\t\t\t\t\t\t\t\t\t\t\t<\/span>\n\t\t\t\t\t\t\t\t\t\t\t\t<a class=\"elementor-toggle-title\" tabindex=\"0\"><h4>ANVISA<\/h4><\/a>\n\t\t\t\t\t<\/div>\n\n\t\t\t\t\t<div id=\"elementor-tab-content-2672\" class=\"elementor-tab-content elementor-clearfix\" data-tab=\"2\" role=\"region\" aria-labelledby=\"elementor-tab-title-2672\"><p><strong>\u25b6<a href=\"https:\/\/cbr.org.br\/wp-content\/uploads\/2024\/02\/RDC-ANVISA-de-2022-no-751_Classificacao-de-risco-regimes-de-notificacao-e-registro-os-requisitos-de-rotulagem-e-instrucoes-de-uso-de-dispositivos-medicos.pdf\"> RDC ANVISA de 2022 N\u00b0 751 Prev\u00e9 clasificaci\u00f3n de riesgos, reg\u00edmenes de notificaci\u00f3n y registro, requisitos de etiquetado e instrucciones de uso de dispositivos m\u00e9dicos<\/a><\/strong><\/p><p><strong><a href=\"https:\/\/cbr.org.br\/wp-content\/uploads\/2023\/08\/RDC-ANVISA-de-2022-no-611_Requisitos-sanitarios-de-organizacao-e-funcionamento-de-servico-de-radiologia-diagnostica-ou-intervencionista.pdf\">\u25b6 RDC ANVISA de 2022 N\u00b0 611: Requisitos sanitarios para la organizaci\u00f3n y funcionamiento de servicios de radiolog\u00eda diagn\u00f3stica o intervencionista<\/a><\/strong><\/p><p><strong>\u25b6 <a href=\"https:\/\/cbr.org.br\/wp-content\/uploads\/2023\/08\/IN-ANVISA-de-2021-no-97_Requisitos-sanitarios-de-ressonancia-magnetica-nuclear.pdf\">EN ANVISA de 2021 N\u00b0 97: Requisitos sanitarios de la resonancia magn\u00e9tica nuclear<\/a><\/strong><\/p><p><strong>\u25b6 <a href=\"https:\/\/cbr.org.br\/wp-content\/uploads\/2023\/08\/IN-ANVISA-de-2021-no-96_Requisitos-sanitarios-de-ultrassom-diagnostico-ou-terapeutico.pdf\">EN ANVISA de 2021 N\u00b0 96: Requisitos sanitarios para ultrasonido diagn\u00f3stico o terap\u00e9utico<\/a><\/strong><\/p><p><strong>\u25b6 <a href=\"https:\/\/cbr.org.br\/wp-content\/uploads\/2023\/08\/IN-ANVISA-de-2021-no-93_Requisitos-sanitarios-de-tomografia.pdf\">EN ANVISA de 2021 N\u00b0 93: Requisitos sanitarios para tomograf\u00eda<\/a>\u00a0<\/strong><\/p><p><strong>\u25b6 <a href=\"https:\/\/cbr.org.br\/wp-content\/uploads\/2023\/08\/IN-ANVISA-de-2021-no-92_Requisitos-sanitarios-de-mamografia.pdf\">EN ANVISA de 2021 N\u00b0 92: Requisitos sanitarios para mamograf\u00eda<\/a><\/strong><\/p><p><strong>\u25b6 <a href=\"https:\/\/cbr.org.br\/wp-content\/uploads\/2023\/08\/IN-ANVISA-de-2021-no-91_Resquisitos-sanitarios-de-fluoroscopia-e-radiologia-intervencionista.pdf\">EN ANVISA de 2021 N\u00b0 91: Requisitos sanitarios para fluoroscopia y radiolog\u00eda intervencionista<\/a><\/strong><\/p><p><strong>\u25b6 <a href=\"https:\/\/cbr.org.br\/wp-content\/uploads\/2023\/08\/IN-ANVISA-de-2021-no-90_Requisitos-sanitarios-de-radiografia-medica-convencional.pdf\">EN ANVISA de 2021 N\u00b0 90: Requisitos sanitarios para la radiograf\u00eda m\u00e9dica convencional\u00a0<\/a><\/strong><\/p><\/div>\n\t\t\t\t<\/div>\n\t\t\t\t\t\t\t<div class=\"elementor-toggle-item\">\n\t\t\t\t\t<div id=\"elementor-tab-title-2673\" class=\"elementor-tab-title\" data-tab=\"3\" role=\"button\" aria-controls=\"elementor-tab-content-2673\" aria-expanded=\"false\">\n\t\t\t\t\t\t\t\t\t\t\t\t<span class=\"elementor-toggle-icon elementor-toggle-icon-left\" aria-hidden=\"true\">\n\t\t\t\t\t\t\t\t\t\t\t\t\t\t\t<span class=\"elementor-toggle-icon-closed\"><i class=\"far fa-folder-open\"><\/i><\/span>\n\t\t\t\t\t\t\t\t<span class=\"elementor-toggle-icon-opened\"><i class=\"elementor-toggle-icon-opened fas fa-caret-up\"><\/i><\/span>\n\t\t\t\t\t\t\t\t\t\t\t\t\t<\/span>\n\t\t\t\t\t\t\t\t\t\t\t\t<a class=\"elementor-toggle-title\" tabindex=\"0\"><h4>CFM: Resoluciones<\/h4><\/a>\n\t\t\t\t\t<\/div>\n\n\t\t\t\t\t<div id=\"elementor-tab-content-2673\" class=\"elementor-tab-content elementor-clearfix\" data-tab=\"3\" role=\"region\" aria-labelledby=\"elementor-tab-title-2673\"><p><strong>\u25b6<a href=\"https:\/\/cbr.org.br\/wp-content\/uploads\/2023\/09\/Resolucao-Normativa-CFM-de-2023-no-2336_Dispoe-sobre-publicidades-e-propagandas-medicas.pdf\"> Resoluci\u00f3n Normativa CFM de 2023 N\u00b0 2336: Dispone sobre publicidad y publicidad m\u00e9dica<\/a><\/strong><\/p><p><strong>\u25b6<a href=\"https:\/\/cbr.org.br\/wp-content\/uploads\/2023\/09\/Resolucao-Normativa-CFM-de-2023-no-2331_Visto-provisorio-exercicio-temporario-de-ate-90-dias.pdf\"> Resoluci\u00f3n Normativa CFM de 2023 N\u00b0 2331: Visa provisional por per\u00edodo temporal de hasta 90 d\u00edas<\/a><\/strong><\/p><p><strong>\u25b6<a href=\"https:\/\/cbr.org.br\/wp-content\/uploads\/2023\/08\/Resolucao-Normativa-CFM-de-2023-no-2330_Relacao-de-Especialidades-e-Areas-de-Atuacao.pdf\"> Resoluci\u00f3n Normativa CFM de 2023 N\u00b0 2330: Lista de Especialidades y \u00c1reas de Especializaci\u00f3n\u00a0<\/a><\/strong><\/p><p><strong>\u25b6 <a href=\"https:\/\/cbr.org.br\/wp-content\/uploads\/2023\/08\/Resolucao-Normativa-CFM-de-2022-no-2314_Telemedicina.pdf\">Resoluci\u00f3n Normativa CFM de 2022 N\u00b0 2314: Telemedicina<\/a><\/strong><\/p><p><strong>\u25b6 <a href=\"https:\/\/cbr.org.br\/wp-content\/uploads\/2023\/08\/Resolucao-Normativa-CFM-de-2021-no-2299_Documentos-medicos-eletronicos.pdf\">Resoluci\u00f3n Normativa CFM de 2021 N\u00b0 2299: Documentos m\u00e9dicos electr\u00f3nicos<\/a><\/strong><\/p><p><strong>\u25b6<a href=\"https:\/\/cbr.org.br\/wp-content\/uploads\/2023\/08\/Resolucao-Normativa-CFM-de-2019-no-2235_Laudos-de-exames.pdf\"> Resoluci\u00f3n Normativa CFM de 2019 N\u00b0 2235: Informes de ex\u00e1menes<\/a><\/strong><\/p><p><strong>\u25b6<a href=\"https:\/\/cbr.org.br\/wp-content\/uploads\/2023\/08\/Resolucao-Normativa-CFM-de-2016-no-2148_Comissao-Mista-de-Especialidades.pdf\"> Resoluci\u00f3n Normativa CFM de 2016 N\u00b0 2148: Comisi\u00f3n Mixta de Especialidades\u00a0<\/a><\/strong><\/p><p><strong>\u25b6 <a href=\"https:\/\/cbr.org.br\/wp-content\/uploads\/2023\/08\/Resolucao-Normativa-CFM-de-2016-no-2147_Diretor-tecnico-responsabilidades-atribuicoes-e-direitos.pdf\">Resoluci\u00f3n Normativa CFM de 2016 N\u00b0 2147: Director t\u00e9cnico - responsabilidades, atribuciones y derechos<\/a><\/strong><\/p><p><strong>\u25b6<a href=\"https:\/\/cbr.org.br\/wp-content\/uploads\/2023\/08\/Resolucao-Normativa-CFm-de-2014-no-2114_-Diretor-tecnico-2.pdf\"> Resoluci\u00f3n Normativa CFM de 2014 N\u00b0 2114: Director T\u00e9cnico<\/a><\/strong><\/p><p><strong>\u25b6<a href=\"https:\/\/cbr.org.br\/wp-content\/uploads\/2023\/08\/Resolucao-Normativa-CFM-de-2014-no-2107_Telerradiologia.pdf\"> Resoluci\u00f3n Normativa CFM de 2014 N\u00b0 2107: Telerradiolog\u00eda\u00a0<\/a><\/strong><\/p><p><strong>\u25b6<a href=\"https:\/\/cbr.org.br\/wp-content\/uploads\/2023\/08\/Resolucao-Normativa-CFM-de-2013-no-2007_Diretor-tecnico-1.pdf\"> Resoluci\u00f3n Normativa CFM de 2013 N\u00b0 2007: Director T\u00e9cnico<\/a><\/strong><\/p><p><strong>\u25b6<a href=\"https:\/\/cbr.org.br\/wp-content\/uploads\/2023\/08\/Resolucao-Normativa-CFM-de-2008-no-1834_Sobreaviso.pdf\"> Resoluci\u00f3n Normativa CFM de 2008 N\u00b0 1834: Sobre aviso<\/a><\/strong><\/p><p><strong>\u25b6 <a href=\"https:\/\/cbr.org.br\/wp-content\/uploads\/2023\/08\/Resolucao-Normativa-CFM-de-1992-no-1361_Execucao-e-interpretacao-de-Ultrassom.pdf\">Resoluci\u00f3n Normativa CFM de 1992 n\u00ba 1361: Ejecuci\u00f3n e Interpretaci\u00f3n de Ultrasonidos<\/a><\/strong><\/p><p><strong>\u25b6 <a href=\"https:\/\/cbr.org.br\/wp-content\/uploads\/2023\/08\/Resolucao-Normativa-CFM-de-1992-no-1361_Execucao-e-interpretacao-de-Ultrassom.pdf\">Resoluci\u00f3n Normativa CFM de 1992 n\u00ba 1361: Ejecuci\u00f3n e Interpretaci\u00f3n de Ultrasonidos<\/a><\/strong><\/p><\/div>\n\t\t\t\t<\/div>\n\t\t\t\t\t\t\t<div class=\"elementor-toggle-item\">\n\t\t\t\t\t<div id=\"elementor-tab-title-2674\" class=\"elementor-tab-title\" data-tab=\"4\" role=\"button\" aria-controls=\"elementor-tab-content-2674\" aria-expanded=\"false\">\n\t\t\t\t\t\t\t\t\t\t\t\t<span class=\"elementor-toggle-icon elementor-toggle-icon-left\" aria-hidden=\"true\">\n\t\t\t\t\t\t\t\t\t\t\t\t\t\t\t<span class=\"elementor-toggle-icon-closed\"><i class=\"far fa-folder-open\"><\/i><\/span>\n\t\t\t\t\t\t\t\t<span class=\"elementor-toggle-icon-opened\"><i class=\"elementor-toggle-icon-opened fas fa-caret-up\"><\/i><\/span>\n\t\t\t\t\t\t\t\t\t\t\t\t\t<\/span>\n\t\t\t\t\t\t\t\t\t\t\t\t<a class=\"elementor-toggle-title\" tabindex=\"0\"><h4>CFM: Opiniones<\/h4><\/a>\n\t\t\t\t\t<\/div>\n\n\t\t\t\t\t<div id=\"elementor-tab-content-2674\" class=\"elementor-tab-content elementor-clearfix\" data-tab=\"4\" role=\"region\" aria-labelledby=\"elementor-tab-title-2674\"><p><strong>\u25b6<\/strong> <a href=\"https:\/\/cbr.org.br\/wp-content\/uploads\/2023\/08\/Parecer-CFM-de-2019-no-23_Exames-em-pelicula-ou-papel-CD-DVD-on-line.pdf\"><strong>2019 CFM Dictamen n\u00ba 23: Ex\u00e1menes en pel\u00edcula o en papel, CD DVD, en l\u00ednea<\/strong><\/a><\/p><p><strong>\u25b6 <a href=\"https:\/\/cbr.org.br\/wp-content\/uploads\/2023\/08\/Parecer-CFM-de-2019-no-20_Comunicacao-de-resultados-de-exames-ao-medico-assistente.pdf\">Opini\u00f3n CFM N\u00b0 20 de 2019: Comunicaci\u00f3n de los resultados de las pruebas al m\u00e9dico tratante<\/a><\/strong><\/p><p><strong>\u25b6 <a href=\"https:\/\/cbr.org.br\/wp-content\/uploads\/2023\/08\/Parecer-CFM-de-2019-no-17_Uso-de-contraste.pdf\">Opini\u00f3n CFM No. 17 de 2019: Uso del contraste<\/a><\/strong><\/p><p><strong>\u25b6 <a href=\"https:\/\/cbr.org.br\/wp-content\/uploads\/2023\/08\/Parecer-CFM-de-2017-no-43_Aumento-de-carga-horaria.pdf\">Opini\u00f3n CFM n\u00b0 43 de 2017: Aumento de la carga de trabajo<\/a><\/strong><\/p><p><strong>\u25b6<a href=\"https:\/\/cbr.org.br\/wp-content\/uploads\/2023\/08\/Parecer-CFM-de-2017-no-35_Realizacao-de-ultrassom-obstetrica-por-nao-medico.pdf\"> Opini\u00f3n CFM n\u00ba 35 de 2017: Ecograf\u00eda obst\u00e9trica realizada por alguien que no es m\u00e9dico<\/a><\/strong><\/p><p><strong>\u25b6<a href=\"https:\/\/cbr.org.br\/wp-content\/uploads\/2023\/08\/Parecer-CFM-de-2017-no-22_Retirada-de-cateter.pdf\"> Opini\u00f3n CFM n.\u00b0 22 de 2017: Retiro del cat\u00e9ter<\/a><\/strong><\/p><p><strong>\u25b6<a href=\"https:\/\/cbr.org.br\/wp-content\/uploads\/2023\/08\/Parecer-CFM-de-2017-no-05_Formacao-de-especialista.pdf\"> Dictamen CFM de 2017 N\u00b0 05: Formaci\u00f3n de especialistas<\/a><\/strong><\/p><p><strong>\u25b6<a href=\"https:\/\/cbr.org.br\/wp-content\/uploads\/2023\/08\/Parecer-CFM-de-2015-no-14_Responsabilidade-na-ressonancia-magnetica.pdf\"> Opini\u00f3n CFM No. 14 de 2015: Responsabilidad en la resonancia magn\u00e9tica\u00a0<\/a><\/strong><\/p><p><strong>\u25b6<a href=\"https:\/\/cbr.org.br\/wp-content\/uploads\/2023\/08\/Parecer-CFM-de-2015-no-01_Obrigatoriedade-de-exames-radiologico.pdf\"> Dictamen CFM de 2015 N\u00b0 01: Ex\u00e1menes radiol\u00f3gicos obligatorios<\/a><\/strong><\/p><p><strong>\u25b6<a href=\"https:\/\/cbr.org.br\/wp-content\/uploads\/2023\/08\/Parecer-CFM-de-2014-no-27_Reavaliacao-de-exames-radiologicos-2a-opiniao-medica.pdf\"> Dictamen CFM de 2014 n\u00ba 27: Reevaluaci\u00f3n de ex\u00e1menes radiol\u00f3gicos 2do dictamen m\u00e9dico<\/a><\/strong><\/p><p><strong>\u25b6<a href=\"https:\/\/cbr.org.br\/wp-content\/uploads\/2023\/08\/Parecer-CFM-de-2013-no-29_Embolizacao-das-arterias-da-prostata.pdf\"> 2013 CFM Dictamen n\u00ba 29: Embolizaci\u00f3n de las arterias prost\u00e1ticas<\/a><\/strong><\/p><p><strong>\u25b6<a href=\"https:\/\/cbr.org.br\/wp-content\/uploads\/2023\/08\/Parecer-CFM-de-2011-no-36_Procedimento-de-radioablacao-guiada-por-TC-e-puncao-biopsia.pdf\"> 2011 CFM Opini\u00f3n n\u00ba 36: Procedimiento de radioablaci\u00f3n guiada por TC y biopsia por punci\u00f3n\u00a0<\/a><\/strong><\/p><p><strong>\u25b6<a href=\"https:\/\/cbr.org.br\/wp-content\/uploads\/2023\/08\/Parecer-CFM-de-2009-no-10_Tempo-de-guarda-de-exames-laudos.pdf\"> Dictamen CFM de 2009 n\u00ba 10: Tiempo de conservaci\u00f3n de los ex\u00e1menes, informes\u00a0<\/a><\/strong><\/p><p><strong>\u25b6<a href=\"https:\/\/cbr.org.br\/wp-content\/uploads\/2023\/08\/Parecer-CFM-de-2003-no-47_Obrigacao-na-elaboracao-de-laudo.pdf\"> Dictamen CFM de 2003 n\u00ba 47: Obligaci\u00f3n en la elaboraci\u00f3n de un informe<\/a><\/strong><\/p><p><strong>\u25b6<a href=\"https:\/\/cbr.org.br\/wp-content\/uploads\/2023\/08\/Parecer-CFM-de-2003-no-20_Sugestao-de-exames-no-laudo.pdf\"> Dictamen CFM de 2003 n\u00ba 20: Sugerencia de ex\u00e1menes en el informe\u00a0<\/a><\/strong><\/p><p><strong>\u25b6<a href=\"https:\/\/cbr.org.br\/wp-content\/uploads\/2023\/08\/Parecer-CFM-de-2001-no-02_Curso-de-Tecnologia-em-Radiologia-de-nivel-superior.pdf\"> Dictamen CFM de 2001 n\u00ba 02: Curso Superior de Tecnolog\u00eda en Radiolog\u00eda\u00a0<\/a><\/strong><\/p><p><strong>\u25b6<a href=\"https:\/\/cbr.org.br\/wp-content\/uploads\/2023\/08\/Parecer-CFM-de-1999-no-04_Servico-para-leitura-centralizada-de-radiografia.pdf\"> Dictamen CFM de 1999 n\u00ba 04: Servicio de lectura centralizada de radiograf\u00edas<\/a><\/strong><\/p><p><strong>\u25b6<a href=\"https:\/\/cbr.org.br\/wp-content\/uploads\/2023\/08\/Parecer-CFM-de-1997-no-04_Resposnabilidade-tecnica-em-servicos-de-radiologia.pdf\"> Dictamen CFM de 1997 n\u00ba 04: Responsabilidad t\u00e9cnica en los servicios de radiolog\u00eda<\/a><\/strong><\/p><p><strong>\u25b6<a href=\"https:\/\/cbr.org.br\/wp-content\/uploads\/2023\/08\/Parecer-CFM-de-1995-no-09_Emissao-de-laudos-radiograficos.pdf\"> Dictamen CFM de 1995 N\u00b0 09: Emisi\u00f3n de informes radiogr\u00e1ficos<\/a><\/strong><\/p><p><strong>\u25b6 <a href=\"https:\/\/cbr.org.br\/wp-content\/uploads\/2023\/08\/Parecer-CFM-de-1992-no-03_Responsabilidade-do-residente.pdf\">Dictamen CFM de 1992 n\u00ba 03: Responsabilidad del residente<\/a><\/strong><\/p><\/div>\n\t\t\t\t<\/div>\n\t\t\t\t\t\t\t<div class=\"elementor-toggle-item\">\n\t\t\t\t\t<div id=\"elementor-tab-title-2675\" class=\"elementor-tab-title\" data-tab=\"5\" role=\"button\" aria-controls=\"elementor-tab-content-2675\" aria-expanded=\"false\">\n\t\t\t\t\t\t\t\t\t\t\t\t<span class=\"elementor-toggle-icon elementor-toggle-icon-left\" aria-hidden=\"true\">\n\t\t\t\t\t\t\t\t\t\t\t\t\t\t\t<span class=\"elementor-toggle-icon-closed\"><i class=\"far fa-folder-open\"><\/i><\/span>\n\t\t\t\t\t\t\t\t<span class=\"elementor-toggle-icon-opened\"><i class=\"elementor-toggle-icon-opened fas fa-caret-up\"><\/i><\/span>\n\t\t\t\t\t\t\t\t\t\t\t\t\t<\/span>\n\t\t\t\t\t\t\t\t\t\t\t\t<a class=\"elementor-toggle-title\" tabindex=\"0\"><h4>C\u00f3digos de \u00e9tica<\/h4><\/a>\n\t\t\t\t\t<\/div>\n\n\t\t\t\t\t<div id=\"elementor-tab-content-2675\" class=\"elementor-tab-content elementor-clearfix\" data-tab=\"5\" role=\"region\" aria-labelledby=\"elementor-tab-title-2675\"><p><strong>\u25b6<\/strong> <a href=\"https:\/\/cbr.org.br\/wp-content\/uploads\/2023\/08\/Codigo-de-Processo-Etico_Profissional.pdf\"><strong>C\u00f3digo de Proceso \u00c9tico Profesional<\/strong><\/a><\/p><p><strong>\u25b6 <a href=\"https:\/\/cbr.org.br\/wp-content\/uploads\/2023\/08\/Codigo-de-Etica-Medica.pdf\">C\u00f3digo de \u00c9tica M\u00e9dica\u00a0<\/a><\/strong><\/p><p><strong>\u25b6 <a href=\"https:\/\/cbr.org.br\/wp-content\/uploads\/2023\/08\/Codigo-de-Etica-do-estudante-de-Medicina.pdf\">C\u00f3digo de \u00c9tica para Estudiantes de Medicina<\/a><\/strong><\/p><\/div>\n\t\t\t\t<\/div>\n\t\t\t\t\t\t\t<div class=\"elementor-toggle-item\">\n\t\t\t\t\t<div id=\"elementor-tab-title-2676\" class=\"elementor-tab-title\" data-tab=\"6\" role=\"button\" aria-controls=\"elementor-tab-content-2676\" aria-expanded=\"false\">\n\t\t\t\t\t\t\t\t\t\t\t\t<span class=\"elementor-toggle-icon elementor-toggle-icon-left\" aria-hidden=\"true\">\n\t\t\t\t\t\t\t\t\t\t\t\t\t\t\t<span class=\"elementor-toggle-icon-closed\"><i class=\"far fa-folder-open\"><\/i><\/span>\n\t\t\t\t\t\t\t\t<span class=\"elementor-toggle-icon-opened\"><i class=\"elementor-toggle-icon-opened fas fa-caret-up\"><\/i><\/span>\n\t\t\t\t\t\t\t\t\t\t\t\t\t<\/span>\n\t\t\t\t\t\t\t\t\t\t\t\t<a class=\"elementor-toggle-title\" tabindex=\"0\"><h4>practica profesional<\/h4><\/a>\n\t\t\t\t\t<\/div>\n\n\t\t\t\t\t<div id=\"elementor-tab-content-2676\" class=\"elementor-tab-content elementor-clearfix\" data-tab=\"6\" role=\"region\" aria-labelledby=\"elementor-tab-title-2676\"><p><strong>\u25b6<\/strong> <a href=\"https:\/\/cbr.org.br\/wp-content\/uploads\/2023\/08\/Publicidade-Medica.pdf\"><strong>Publicidad m\u00e9dica<\/strong><\/a><\/p><p><strong>\u25b6 <a href=\"https:\/\/cbr.org.br\/wp-content\/uploads\/2023\/08\/LGPD-e-a-atuacao-do-profissional-da-Medicina.pdf\">LGPD y el papel del profesional m\u00e9dico<\/a><\/strong><\/p><p><strong>\u25b6 <a href=\"https:\/\/cbr.org.br\/wp-content\/uploads\/2023\/08\/Lei-do-Ato-Medico.pdf\">Ley de Ley M\u00e9dica<\/a><\/strong><\/p><p><strong>\u25b6 <a href=\"https:\/\/cbr.org.br\/wp-content\/uploads\/2023\/08\/Guia-de-boas-Praticas-nas-redes-sociais-prara-medicos.pdf\">Gu\u00eda de mejores pr\u00e1cticas en redes sociales para m\u00e9dicos<\/a><\/strong><\/p><p><strong>\u25b6<a href=\"https:\/\/cbr.org.br\/wp-content\/uploads\/2023\/08\/Demografia-Medica-no-Brasil-2023.pdf\"> Demograf\u00eda m\u00e9dica en Brasil 2023<\/a><\/strong><\/p><\/div>\n\t\t\t\t<\/div>\n\t\t\t\t\t\t\t\t<\/div>\n\t\t\t\t\t\t<\/div>\n\t\t\t\t<\/div>\n\t\t\t\t\t<\/div>\n\t\t<\/div>\n\t\t\t\t\t<\/div>\n\t\t<\/section>\n\t\t\t\t<\/div>","protected":false},"excerpt":{"rendered":"<p>ANS \u25b6 RN ANS de 2022 n\u00ba 567: Reemplazo de proveedores de servicios no hospitalarios \u25b6 RN ANS de 2022 n\u00ba 512: Definici\u00f3n del \u00edndice de ajuste que deben aplicar los operadores a los proveedores \u25b6 RN ANS de 2022 n\u00ba 503: Contratos entre operadores y proveedores de servicios \u25b6 RN ANS de 2021 n\u00ba 465: Actualizaciones\u2026 <a href=\"https:\/\/cbr.org.br\/es\/regulamentos-e-leis\/\">Sigue leyendo<\/a><\/p>","protected":false},"author":22,"featured_media":0,"parent":0,"menu_order":0,"comment_status":"closed","ping_status":"closed","template":"","meta":{"_acf_changed":false,"footnotes":""},"class_list":["post-46727","page","type-page","status-publish","hentry"],"acf":[],"_links":{"self":[{"href":"https:\/\/cbr.org.br\/es\/wp-json\/wp\/v2\/pages\/46727","targetHints":{"allow":["GET"]}}],"collection":[{"href":"https:\/\/cbr.org.br\/es\/wp-json\/wp\/v2\/pages"}],"about":[{"href":"https:\/\/cbr.org.br\/es\/wp-json\/wp\/v2\/types\/page"}],"author":[{"embeddable":true,"href":"https:\/\/cbr.org.br\/es\/wp-json\/wp\/v2\/users\/22"}],"replies":[{"embeddable":true,"href":"https:\/\/cbr.org.br\/es\/wp-json\/wp\/v2\/comments?post=46727"}],"version-history":[{"count":3,"href":"https:\/\/cbr.org.br\/es\/wp-json\/wp\/v2\/pages\/46727\/revisions"}],"predecessor-version":[{"id":48091,"href":"https:\/\/cbr.org.br\/es\/wp-json\/wp\/v2\/pages\/46727\/revisions\/48091"}],"wp:attachment":[{"href":"https:\/\/cbr.org.br\/es\/wp-json\/wp\/v2\/media?parent=46727"}],"curies":[{"name":"wp","href":"https:\/\/api.w.org\/{rel}","templated":true}]}}