{"id":47303,"date":"2023-11-29T10:39:43","date_gmt":"2023-11-29T13:39:43","guid":{"rendered":"https:\/\/cbr.org.br\/?page_id=47303"},"modified":"2024-03-08T16:03:16","modified_gmt":"2024-03-08T19:03:16","slug":"residentes-credenciamento","status":"publish","type":"page","link":"https:\/\/cbr.org.br\/es\/cbr-formacao\/residentes-credenciamento\/","title":{"rendered":""},"content":{"rendered":"<div data-elementor-type=\"wp-page\" data-elementor-id=\"47303\" class=\"elementor elementor-47303\" data-elementor-post-type=\"page\">\n\t\t\t\t<div class=\"elementor-element elementor-element-2c6f9b3 e-con-full residentes-row e-flex e-con e-parent\" data-id=\"2c6f9b3\" data-element_type=\"container\">\n\t\t<div class=\"elementor-element elementor-element-d74312f e-con-full e-flex e-con e-child\" data-id=\"d74312f\" data-element_type=\"container\">\n\t\t\t\t<div class=\"elementor-element elementor-element-94e304d elementor-widget elementor-widget-image\" data-id=\"94e304d\" data-element_type=\"widget\" data-widget_type=\"image.default\">\n\t\t\t\t<div class=\"elementor-widget-container\">\n\t\t\t\t\t\t\t\t\t\t\t\t\t\t\t<img fetchpriority=\"high\" decoding=\"async\" width=\"1536\" height=\"640\" src=\"https:\/\/cbr.org.br\/wp-content\/uploads\/2024\/03\/Sem-titulo-1-3.jpg\" class=\"attachment-large size-large wp-image-48393\" alt=\"\" srcset=\"https:\/\/cbr.org.br\/wp-content\/uploads\/2024\/03\/Sem-titulo-1-3.jpg 1536w, https:\/\/cbr.org.br\/wp-content\/uploads\/2024\/03\/Sem-titulo-1-3-960x400.jpg 960w, https:\/\/cbr.org.br\/wp-content\/uploads\/2024\/03\/Sem-titulo-1-3-450x188.jpg 450w, https:\/\/cbr.org.br\/wp-content\/uploads\/2024\/03\/Sem-titulo-1-3-768x320.jpg 768w, https:\/\/cbr.org.br\/wp-content\/uploads\/2024\/03\/Sem-titulo-1-3-18x8.jpg 18w\" sizes=\"(max-width: 1536px) 100vw, 1536px\" \/>\t\t\t\t\t\t\t\t\t\t\t\t\t\t\t<\/div>\n\t\t\t\t<\/div>\n\t\t\t\t<div class=\"elementor-element elementor-element-504ef82 elementor-widget elementor-widget-heading\" data-id=\"504ef82\" data-element_type=\"widget\" data-widget_type=\"heading.default\">\n\t\t\t\t<div class=\"elementor-widget-container\">\n\t\t\t\t\t<h2 class=\"elementor-heading-title elementor-size-default\">Acreditaci\u00f3n y Reacreditaci\u00f3n de instituciones<\/h2>\t\t\t\t<\/div>\n\t\t\t\t<\/div>\n\t\t\t\t<div class=\"elementor-element elementor-element-ed96905 elementor-widget elementor-widget-text-editor\" data-id=\"ed96905\" data-element_type=\"widget\" data-widget_type=\"text-editor.default\">\n\t\t\t\t<div class=\"elementor-widget-container\">\n\t\t\t\t\t\t\t\t\t<p>Aqu\u00ed encontrar\u00e1 informaci\u00f3n sobre programas e instrucciones para la acreditaci\u00f3n\/reacreditaci\u00f3n de instituciones educativas.<\/p>\t\t\t\t\t\t\t\t<\/div>\n\t\t\t\t<\/div>\n\t\t<div class=\"elementor-element elementor-element-3cf8cd0 e-con-full e-flex e-con e-child\" data-id=\"3cf8cd0\" data-element_type=\"container\">\n\t\t\t\t<div class=\"elementor-element elementor-element-5318230 elementor-widget elementor-widget-shortcode\" data-id=\"5318230\" data-element_type=\"widget\" data-widget_type=\"shortcode.default\">\n\t\t\t\t<div class=\"elementor-widget-container\">\n\t\t\t\t\t\t\t<div class=\"elementor-shortcode\"><a href=\"https:\/\/cbr.org.br\/es\/cbr-formacao\/credenciamentos\/\"  class=\"button is-green is-border-green is-boxed is-bigger\">sepa mas<\/a><\/div>\n\t\t\t\t\t\t<\/div>\n\t\t\t\t<\/div>\n\t\t\t\t<\/div>\n\t\t\t\t<\/div>\n\t\t<div class=\"elementor-element elementor-element-487c084 e-con-full e-flex e-con e-child\" data-id=\"487c084\" data-element_type=\"container\">\n\t\t\t\t<div class=\"elementor-element elementor-element-31a49a5 elementor-widget elementor-widget-image\" data-id=\"31a49a5\" data-element_type=\"widget\" data-widget_type=\"image.default\">\n\t\t\t\t<div class=\"elementor-widget-container\">\n\t\t\t\t\t\t\t\t\t\t\t\t\t\t\t<img decoding=\"async\" width=\"1536\" height=\"640\" src=\"https:\/\/cbr.org.br\/wp-content\/uploads\/2024\/01\/banner-Formacao-1536x640px_Espaco-do-Residente.jpg\" class=\"attachment-large size-large wp-image-47846\" alt=\"\" srcset=\"https:\/\/cbr.org.br\/wp-content\/uploads\/2024\/01\/banner-Formacao-1536x640px_Espaco-do-Residente.jpg 1536w, https:\/\/cbr.org.br\/wp-content\/uploads\/2024\/01\/banner-Formacao-1536x640px_Espaco-do-Residente-960x400.jpg 960w, https:\/\/cbr.org.br\/wp-content\/uploads\/2024\/01\/banner-Formacao-1536x640px_Espaco-do-Residente-450x188.jpg 450w, https:\/\/cbr.org.br\/wp-content\/uploads\/2024\/01\/banner-Formacao-1536x640px_Espaco-do-Residente-768x320.jpg 768w, https:\/\/cbr.org.br\/wp-content\/uploads\/2024\/01\/banner-Formacao-1536x640px_Espaco-do-Residente-18x8.jpg 18w\" sizes=\"(max-width: 1536px) 100vw, 1536px\" \/>\t\t\t\t\t\t\t\t\t\t\t\t\t\t\t<\/div>\n\t\t\t\t<\/div>\n\t\t\t\t<div class=\"elementor-element elementor-element-78a0ee0 elementor-widget elementor-widget-heading\" data-id=\"78a0ee0\" data-element_type=\"widget\" data-widget_type=\"heading.default\">\n\t\t\t\t<div class=\"elementor-widget-container\">\n\t\t\t\t\t<h2 class=\"elementor-heading-title elementor-size-default\">Espacio para residentes<\/h2>\t\t\t\t<\/div>\n\t\t\t\t<\/div>\n\t\t\t\t<div class=\"elementor-element elementor-element-81b0039 elementor-widget elementor-widget-text-editor\" data-id=\"81b0039\" data-element_type=\"widget\" data-widget_type=\"text-editor.default\">\n\t\t\t\t<div class=\"elementor-widget-container\">\n\t\t\t\t\t\t\t\t\t<p>En este espacio encontrar\u00e1 la informaci\u00f3n principal para el residente, tales como: Evaluaci\u00f3n Anual de Residentes, y Perfeccionamiento de avisos de inscripci\u00f3n y reinscripci\u00f3n y selecci\u00f3n.<\/p>\t\t\t\t\t\t\t\t<\/div>\n\t\t\t\t<\/div>\n\t\t<div class=\"elementor-element elementor-element-fb788c0 e-con-full e-flex e-con e-child\" data-id=\"fb788c0\" data-element_type=\"container\">\n\t\t\t\t<div class=\"elementor-element elementor-element-085b9ee elementor-widget elementor-widget-shortcode\" data-id=\"085b9ee\" data-element_type=\"widget\" data-widget_type=\"shortcode.default\">\n\t\t\t\t<div class=\"elementor-widget-container\">\n\t\t\t\t\t\t\t<div class=\"elementor-shortcode\"><a href=\"https:\/\/cbr.org.br\/es\/cbr-formacao\/residentes\/\"  class=\"button is-green is-border-green is-boxed is-bigger\">sepa mas<\/a><\/div>\n\t\t\t\t\t\t<\/div>\n\t\t\t\t<\/div>\n\t\t\t\t<\/div>\n\t\t\t\t<\/div>\n\t\t\t\t<\/div>\n\t\t\t\t<\/div>","protected":false},"excerpt":{"rendered":"<p>Acreditaci\u00f3n y Reacreditaci\u00f3n de instituciones Aqu\u00ed encontrar\u00e1 informaci\u00f3n sobre programas e instrucciones para la acreditaci\u00f3n\/reacreditaci\u00f3n de instituciones educativas. Espacio Residente En este espacio encontrar\u00e1 la informaci\u00f3n principal para el residente, tales como: Evaluaci\u00f3n Anual de Residentes, y Perfeccionamiento de registros y avisos de reinscripci\u00f3n y selecci\u00f3n.<\/p>","protected":false},"author":18,"featured_media":0,"parent":13,"menu_order":0,"comment_status":"closed","ping_status":"closed","template":"","meta":{"_acf_changed":false,"footnotes":""},"class_list":["post-47303","page","type-page","status-publish","hentry"],"acf":[],"_links":{"self":[{"href":"https:\/\/cbr.org.br\/es\/wp-json\/wp\/v2\/pages\/47303","targetHints":{"allow":["GET"]}}],"collection":[{"href":"https:\/\/cbr.org.br\/es\/wp-json\/wp\/v2\/pages"}],"about":[{"href":"https:\/\/cbr.org.br\/es\/wp-json\/wp\/v2\/types\/page"}],"author":[{"embeddable":true,"href":"https:\/\/cbr.org.br\/es\/wp-json\/wp\/v2\/users\/18"}],"replies":[{"embeddable":true,"href":"https:\/\/cbr.org.br\/es\/wp-json\/wp\/v2\/comments?post=47303"}],"version-history":[{"count":3,"href":"https:\/\/cbr.org.br\/es\/wp-json\/wp\/v2\/pages\/47303\/revisions"}],"predecessor-version":[{"id":48396,"href":"https:\/\/cbr.org.br\/es\/wp-json\/wp\/v2\/pages\/47303\/revisions\/48396"}],"up":[{"embeddable":true,"href":"https:\/\/cbr.org.br\/es\/wp-json\/wp\/v2\/pages\/13"}],"wp:attachment":[{"href":"https:\/\/cbr.org.br\/es\/wp-json\/wp\/v2\/media?parent=47303"}],"curies":[{"name":"wp","href":"https:\/\/api.w.org\/{rel}","templated":true}]}}