{"id":47323,"date":"2023-11-13T12:02:05","date_gmt":"2023-11-13T15:02:05","guid":{"rendered":"https:\/\/cbr.org.br\/?page_id=47323"},"modified":"2023-11-23T17:21:04","modified_gmt":"2023-11-23T20:21:04","slug":"mapa-cear","status":"publish","type":"page","link":"https:\/\/cbr.org.br\/es\/cbr-formacao\/mapa-cear\/","title":{"rendered":"mapa CEAR"},"content":{"rendered":"<h2 class=\"wp-block-heading mb-4\">Descubre las vacantes y programas acreditados<\/h2>\n\n\n\n<p>Descubre y consulta las vacantes que ofrecen todos los servicios acreditados de Radiolog\u00eda Diagn\u00f3stico por Im\u00e1genes (RDDI), Fellow y Ultrasonograf\u00eda General. Utilice los filtros para encontrar servicios:<\/p>","protected":false},"excerpt":{"rendered":"<p>Descubra la oferta de vacantes y programas acreditados. Descubra y consulte la oferta de vacantes de todos los servicios acreditados de Radiolog\u00eda Diagn\u00f3stico por Im\u00e1genes (RDDI), Fellow y Ultrasonograf\u00eda General. Utilice los filtros para encontrar servicios:<\/p>","protected":false},"author":18,"featured_media":0,"parent":13,"menu_order":0,"comment_status":"closed","ping_status":"closed","template":"","meta":{"_acf_changed":false,"footnotes":""},"class_list":["post-47323","page","type-page","status-publish","hentry"],"acf":[],"_links":{"self":[{"href":"https:\/\/cbr.org.br\/es\/wp-json\/wp\/v2\/pages\/47323","targetHints":{"allow":["GET"]}}],"collection":[{"href":"https:\/\/cbr.org.br\/es\/wp-json\/wp\/v2\/pages"}],"about":[{"href":"https:\/\/cbr.org.br\/es\/wp-json\/wp\/v2\/types\/page"}],"author":[{"embeddable":true,"href":"https:\/\/cbr.org.br\/es\/wp-json\/wp\/v2\/users\/18"}],"replies":[{"embeddable":true,"href":"https:\/\/cbr.org.br\/es\/wp-json\/wp\/v2\/comments?post=47323"}],"version-history":[{"count":3,"href":"https:\/\/cbr.org.br\/es\/wp-json\/wp\/v2\/pages\/47323\/revisions"}],"predecessor-version":[{"id":47434,"href":"https:\/\/cbr.org.br\/es\/wp-json\/wp\/v2\/pages\/47323\/revisions\/47434"}],"up":[{"embeddable":true,"href":"https:\/\/cbr.org.br\/es\/wp-json\/wp\/v2\/pages\/13"}],"wp:attachment":[{"href":"https:\/\/cbr.org.br\/es\/wp-json\/wp\/v2\/media?parent=47323"}],"curies":[{"name":"wp","href":"https:\/\/api.w.org\/{rel}","templated":true}]}}