{"id":50226,"date":"2024-12-18T16:59:02","date_gmt":"2024-12-18T19:59:02","guid":{"rendered":"https:\/\/cbr.org.br\/?page_id=50226"},"modified":"2024-12-18T17:19:34","modified_gmt":"2024-12-18T20:19:34","slug":"cbr-docs","status":"publish","type":"page","link":"https:\/\/cbr.org.br\/es\/cbr-docs\/","title":{"rendered":"Documentos CBR"},"content":{"rendered":"<div data-elementor-type=\"wp-page\" data-elementor-id=\"50226\" class=\"elementor elementor-50226\" data-elementor-post-type=\"page\">\n\t\t\t\t<div class=\"elementor-element elementor-element-58f823b e-flex e-con-boxed e-con e-parent\" data-id=\"58f823b\" data-element_type=\"container\">\n\t\t\t\t\t<div class=\"e-con-inner\">\n\t\t\t\t<div class=\"elementor-element elementor-element-ceb3aed elementor-widget elementor-widget-spacer\" data-id=\"ceb3aed\" data-element_type=\"widget\" data-widget_type=\"spacer.default\">\n\t\t\t\t<div class=\"elementor-widget-container\">\n\t\t\t\t\t\t\t<div class=\"elementor-spacer\">\n\t\t\t<div class=\"elementor-spacer-inner\"><\/div>\n\t\t<\/div>\n\t\t\t\t\t\t<\/div>\n\t\t\t\t<\/div>\n\t\t\t\t\t<\/div>\n\t\t\t\t<\/div>\n\t\t<div class=\"elementor-element elementor-element-29d15ce e-flex e-con-boxed e-con e-parent\" data-id=\"29d15ce\" data-element_type=\"container\">\n\t\t\t\t\t<div class=\"e-con-inner\">\n\t\t\t\t<div class=\"elementor-element elementor-element-6fd84b6 elementor-widget elementor-widget-text-editor\" data-id=\"6fd84b6\" data-element_type=\"widget\" data-widget_type=\"text-editor.default\">\n\t\t\t\t<div class=\"elementor-widget-container\">\n\t\t\t\t\t\t\t\t\t<p style=\"text-align: justify;\">O <strong>Documentos CBR<\/strong> es un espacio dedicado a presentar producciones exclusivas que retratan la <strong>Papel esencial de la Radiolog\u00eda y el Diagn\u00f3stico por Im\u00e1genes<\/strong> en salud, ciencia y sociedad.<br \/><span style=\"color: var( --e-global-color-text ); font-family: var( --e-global-typography-text-font-family ), Sans-serif; font-weight: var( --e-global-typography-text-font-weight ); text-align: var(--text-align); font-size: 1rem;\"><br \/>Con historias inspiradoras, datos relevantes y una narrativa cautivadora, estos documentales abordan temas como el impacto social y la contribuci\u00f3n de los radi\u00f3logos al bienestar de la poblaci\u00f3n.<br \/><\/span><span style=\"color: var( --e-global-color-text ); font-family: var( --e-global-typography-text-font-family ), Sans-serif; font-weight: var( --e-global-typography-text-font-weight ); text-align: var(--text-align); font-size: 1rem;\"><br \/>Accede y descubre c\u00f3mo la Radiolog\u00eda va m\u00e1s all\u00e1 de los ex\u00e1menes, conectando ciencia, humanidad y cuidado en historias que transforman vidas.<\/span><\/p>\t\t\t\t\t\t\t\t<\/div>\n\t\t\t\t<\/div>\n\t\t\t\t\t<\/div>\n\t\t\t\t<\/div>\n\t\t<div class=\"elementor-element elementor-element-6d0353e e-flex e-con-boxed e-con e-parent\" data-id=\"6d0353e\" data-element_type=\"container\">\n\t\t\t\t\t<div class=\"e-con-inner\">\n\t\t\t\t<div class=\"elementor-element elementor-element-d478bbd elementor-widget elementor-widget-spacer\" data-id=\"d478bbd\" data-element_type=\"widget\" data-widget_type=\"spacer.default\">\n\t\t\t\t<div class=\"elementor-widget-container\">\n\t\t\t\t\t\t\t<div class=\"elementor-spacer\">\n\t\t\t<div class=\"elementor-spacer-inner\"><\/div>\n\t\t<\/div>\n\t\t\t\t\t\t<\/div>\n\t\t\t\t<\/div>\n\t\t\t\t\t<\/div>\n\t\t\t\t<\/div>\n\t\t<div class=\"elementor-element elementor-element-60ee265 e-flex e-con-boxed e-con e-parent\" data-id=\"60ee265\" data-element_type=\"container\">\n\t\t\t\t\t<div class=\"e-con-inner\">\n\t\t\t\t<div class=\"elementor-element elementor-element-2434758 elementor-widget elementor-widget-heading\" data-id=\"2434758\" data-element_type=\"widget\" data-widget_type=\"heading.default\">\n\t\t\t\t<div class=\"elementor-widget-container\">\n\t\t\t\t\t<h2 class=\"elementor-heading-title elementor-size-default\">La diferencia visible: Radiolog\u00eda en otras pantallas<\/h2>\t\t\t\t<\/div>\n\t\t\t\t<\/div>\n\t\t\t\t\t<\/div>\n\t\t\t\t<\/div>\n\t\t<div class=\"elementor-element elementor-element-208e2b2 e-flex e-con-boxed e-con e-parent\" data-id=\"208e2b2\" data-element_type=\"container\">\n\t\t\t\t\t<div class=\"e-con-inner\">\n\t\t<div class=\"elementor-element elementor-element-3af926f e-con-full e-flex e-con e-child\" data-id=\"3af926f\" data-element_type=\"container\">\n\t\t\t\t<div class=\"elementor-element elementor-element-450f687 elementor-widget elementor-widget-video\" data-id=\"450f687\" data-element_type=\"widget\" data-settings=\"{&quot;youtube_url&quot;:&quot;https:\\\/\\\/youtu.be\\\/tl82_pUFCpc&quot;,&quot;video_type&quot;:&quot;youtube&quot;,&quot;controls&quot;:&quot;yes&quot;}\" data-widget_type=\"video.default\">\n\t\t\t\t<div class=\"elementor-widget-container\">\n\t\t\t\t\t\t\t<div class=\"elementor-wrapper elementor-open-inline\">\n\t\t\t<div class=\"elementor-video\"><\/div>\t\t<\/div>\n\t\t\t\t\t\t<\/div>\n\t\t\t\t<\/div>\n\t\t\t\t<\/div>\n\t\t<div class=\"elementor-element elementor-element-a44eb97 e-con-full e-flex e-con e-child\" data-id=\"a44eb97\" data-element_type=\"container\">\n\t\t\t\t<div class=\"elementor-element elementor-element-ea9afa6 elementor-widget elementor-widget-heading\" data-id=\"ea9afa6\" data-element_type=\"widget\" data-widget_type=\"heading.default\">\n\t\t\t\t<div class=\"elementor-widget-container\">\n\t\t\t\t\t<h3 class=\"elementor-heading-title elementor-size-default\">La diferencia visible: Radiolog\u00eda en otras pantallas<\/h3>\t\t\t\t<\/div>\n\t\t\t\t<\/div>\n\t\t\t\t<div class=\"elementor-element elementor-element-6c1f95a elementor-widget elementor-widget-text-editor\" data-id=\"6c1f95a\" data-element_type=\"widget\" data-widget_type=\"text-editor.default\">\n\t\t\t\t<div class=\"elementor-widget-container\">\n\t\t\t\t\t\t\t\t\t<div class=\"wp-block-columns is-layout-flex wp-container-core-columns-is-layout-1 wp-block-columns-is-layout-flex\"><div class=\"wp-block-column is-layout-flow wp-block-column-is-layout-flow\"><p>Documental original y exclusivo, cuyo objetivo principal es mostrar la historia de vida y el trabajo diario de los radi\u00f3logos de diferentes regiones del pa\u00eds: Centro-Oeste, Norte, Nordeste, Sudeste y Sur.<\/p><p>Fecha de la 1\u00aa proyecci\u00f3n: <br \/><strong>8 de noviembre de 2021.<\/strong><\/p><\/div><\/div><div class=\"wp-block-columns is-layout-flex wp-container-core-columns-is-layout-2 wp-block-columns-is-layout-flex\"><div class=\"wp-block-column is-layout-flow wp-block-column-is-layout-flow\">\u00a0<\/div><\/div>\t\t\t\t\t\t\t\t<\/div>\n\t\t\t\t<\/div>\n\t\t\t\t<\/div>\n\t\t\t\t\t<\/div>\n\t\t\t\t<\/div>\n\t\t<div class=\"elementor-element elementor-element-66d63f8 e-flex e-con-boxed e-con e-parent\" data-id=\"66d63f8\" data-element_type=\"container\">\n\t\t\t\t\t<div class=\"e-con-inner\">\n\t\t\t\t<div class=\"elementor-element elementor-element-63b026b elementor-widget-divider--view-line elementor-widget elementor-widget-divider\" data-id=\"63b026b\" data-element_type=\"widget\" data-widget_type=\"divider.default\">\n\t\t\t\t<div class=\"elementor-widget-container\">\n\t\t\t\t\t\t\t<div class=\"elementor-divider\">\n\t\t\t<span class=\"elementor-divider-separator\">\n\t\t\t\t\t\t<\/span>\n\t\t<\/div>\n\t\t\t\t\t\t<\/div>\n\t\t\t\t<\/div>\n\t\t\t\t\t<\/div>\n\t\t\t\t<\/div>\n\t\t<div class=\"elementor-element elementor-element-ca6c983 e-flex e-con-boxed e-con e-parent\" data-id=\"ca6c983\" data-element_type=\"container\">\n\t\t\t\t\t<div class=\"e-con-inner\">\n\t\t<div class=\"elementor-element elementor-element-c73f218 e-con-full e-flex e-con e-child\" data-id=\"c73f218\" data-element_type=\"container\">\n\t\t\t\t<div class=\"elementor-element elementor-element-1d79460 elementor-widget elementor-widget-video\" data-id=\"1d79460\" data-element_type=\"widget\" data-settings=\"{&quot;youtube_url&quot;:&quot;https:\\\/\\\/youtu.be\\\/4y660G0jSFo&quot;,&quot;video_type&quot;:&quot;youtube&quot;,&quot;controls&quot;:&quot;yes&quot;}\" data-widget_type=\"video.default\">\n\t\t\t\t<div class=\"elementor-widget-container\">\n\t\t\t\t\t\t\t<div class=\"elementor-wrapper elementor-open-inline\">\n\t\t\t<div class=\"elementor-video\"><\/div>\t\t<\/div>\n\t\t\t\t\t\t<\/div>\n\t\t\t\t<\/div>\n\t\t\t\t<\/div>\n\t\t<div class=\"elementor-element elementor-element-c4293ec e-con-full e-flex e-con e-child\" data-id=\"c4293ec\" data-element_type=\"container\">\n\t\t\t\t<div class=\"elementor-element elementor-element-4341eb3 elementor-widget elementor-widget-heading\" data-id=\"4341eb3\" data-element_type=\"widget\" data-widget_type=\"heading.default\">\n\t\t\t\t<div class=\"elementor-widget-container\">\n\t\t\t\t\t<h3 class=\"elementor-heading-title elementor-size-default\">Tragedia clim\u00e1tica y radiolog\u00eda en Rio Grande do Sul: una historia de superaci\u00f3n<\/h3>\t\t\t\t<\/div>\n\t\t\t\t<\/div>\n\t\t\t\t<div class=\"elementor-element elementor-element-e2aa12c elementor-widget elementor-widget-text-editor\" data-id=\"e2aa12c\" data-element_type=\"widget\" data-widget_type=\"text-editor.default\">\n\t\t\t\t<div class=\"elementor-widget-container\">\n\t\t\t\t\t\t\t\t\t<div class=\"wp-block-columns is-layout-flex wp-container-core-columns-is-layout-1 wp-block-columns-is-layout-flex\"><div class=\"wp-block-column is-layout-flow wp-block-column-is-layout-flow\"><p>El documental \u201cTragedia clim\u00e1tica y radiolog\u00eda en Rio Grande do Sul: Una historia de superaci\u00f3n\u201d relata el trabajo de los radi\u00f3logos en una de las mayores tragedias clim\u00e1ticas de Brasil. La din\u00e1mica del documental muestra los puntos de vista de cuatro radi\u00f3logos que trabajan en diferentes ciudades de Rio Grande do Sul.<\/p><p>Fecha de la 1\u00aa proyecci\u00f3n: <br \/><strong>19 de septiembre de 2024.\u00a0<\/strong><\/p><\/div><\/div><div class=\"wp-block-columns is-layout-flex wp-container-core-columns-is-layout-2 wp-block-columns-is-layout-flex\"><div class=\"wp-block-column is-layout-flow wp-block-column-is-layout-flow\">\u00a0<\/div><\/div>\t\t\t\t\t\t\t\t<\/div>\n\t\t\t\t<\/div>\n\t\t\t\t<\/div>\n\t\t\t\t\t<\/div>\n\t\t\t\t<\/div>\n\t\t<div class=\"elementor-element elementor-element-ac9ccfd e-flex e-con-boxed e-con e-parent\" data-id=\"ac9ccfd\" data-element_type=\"container\">\n\t\t\t\t\t<div class=\"e-con-inner\">\n\t\t\t\t<div class=\"elementor-element elementor-element-c8a6ef2 elementor-widget elementor-widget-spacer\" data-id=\"c8a6ef2\" data-element_type=\"widget\" data-widget_type=\"spacer.default\">\n\t\t\t\t<div class=\"elementor-widget-container\">\n\t\t\t\t\t\t\t<div class=\"elementor-spacer\">\n\t\t\t<div class=\"elementor-spacer-inner\"><\/div>\n\t\t<\/div>\n\t\t\t\t\t\t<\/div>\n\t\t\t\t<\/div>\n\t\t\t\t\t<\/div>\n\t\t\t\t<\/div>\n\t\t\t\t<\/div>","protected":false},"excerpt":{"rendered":"<p>CBR Doc&#039;s es un espacio dedicado a presentar producciones exclusivas que retratan el papel esencial de la Radiolog\u00eda y el Diagn\u00f3stico por Imagen en la salud, la ciencia y la sociedad. Con historias inspiradoras, datos relevantes y una narrativa cautivadora, estos documentales abordan temas como el impacto social y la contribuci\u00f3n de los radi\u00f3logos al bienestar de\u2026 <a href=\"https:\/\/cbr.org.br\/es\/cbr-docs\/\">Sigue leyendo<\/a><\/p>","protected":false},"author":8,"featured_media":0,"parent":0,"menu_order":0,"comment_status":"closed","ping_status":"closed","template":"","meta":{"_acf_changed":false,"footnotes":""},"class_list":["post-50226","page","type-page","status-publish","hentry"],"acf":[],"_links":{"self":[{"href":"https:\/\/cbr.org.br\/es\/wp-json\/wp\/v2\/pages\/50226","targetHints":{"allow":["GET"]}}],"collection":[{"href":"https:\/\/cbr.org.br\/es\/wp-json\/wp\/v2\/pages"}],"about":[{"href":"https:\/\/cbr.org.br\/es\/wp-json\/wp\/v2\/types\/page"}],"author":[{"embeddable":true,"href":"https:\/\/cbr.org.br\/es\/wp-json\/wp\/v2\/users\/8"}],"replies":[{"embeddable":true,"href":"https:\/\/cbr.org.br\/es\/wp-json\/wp\/v2\/comments?post=50226"}],"version-history":[{"count":3,"href":"https:\/\/cbr.org.br\/es\/wp-json\/wp\/v2\/pages\/50226\/revisions"}],"predecessor-version":[{"id":50231,"href":"https:\/\/cbr.org.br\/es\/wp-json\/wp\/v2\/pages\/50226\/revisions\/50231"}],"wp:attachment":[{"href":"https:\/\/cbr.org.br\/es\/wp-json\/wp\/v2\/media?parent=50226"}],"curies":[{"name":"wp","href":"https:\/\/api.w.org\/{rel}","templated":true}]}}