{"id":51943,"date":"2025-05-06T11:33:37","date_gmt":"2025-05-06T14:33:37","guid":{"rendered":"https:\/\/cbr.org.br\/?page_id=51943"},"modified":"2025-11-06T11:29:40","modified_gmt":"2025-11-06T14:29:40","slug":"podcast-cultural-cbr-temporada-2","status":"publish","type":"page","link":"https:\/\/cbr.org.br\/es\/podcast-cultural-cbr-temporada-2\/","title":{"rendered":"Podcast Cultural CBR \u2013 Temporada 2"},"content":{"rendered":"<div data-elementor-type=\"wp-page\" data-elementor-id=\"51943\" class=\"elementor elementor-51943\" data-elementor-post-type=\"page\">\n\t\t\t\t<div class=\"elementor-element elementor-element-0d60cd7 e-flex e-con-boxed e-con e-parent\" data-id=\"0d60cd7\" data-element_type=\"container\">\n\t\t\t\t\t<div class=\"e-con-inner\">\n\t\t\t\t<div class=\"elementor-element elementor-element-30e3fc1 elementor-widget elementor-widget-spacer\" data-id=\"30e3fc1\" data-element_type=\"widget\" data-widget_type=\"spacer.default\">\n\t\t\t\t<div class=\"elementor-widget-container\">\n\t\t\t\t\t\t\t<div class=\"elementor-spacer\">\n\t\t\t<div class=\"elementor-spacer-inner\"><\/div>\n\t\t<\/div>\n\t\t\t\t\t\t<\/div>\n\t\t\t\t<\/div>\n\t\t\t\t\t<\/div>\n\t\t\t\t<\/div>\n\t\t<div class=\"elementor-element elementor-element-5467bbf e-flex e-con-boxed e-con e-parent\" data-id=\"5467bbf\" data-element_type=\"container\">\n\t\t\t\t\t<div class=\"e-con-inner\">\n\t\t\t\t<div class=\"elementor-element elementor-element-52b0769 elementor-widget elementor-widget-spacer\" data-id=\"52b0769\" data-element_type=\"widget\" data-widget_type=\"spacer.default\">\n\t\t\t\t<div class=\"elementor-widget-container\">\n\t\t\t\t\t\t\t<div class=\"elementor-spacer\">\n\t\t\t<div class=\"elementor-spacer-inner\"><\/div>\n\t\t<\/div>\n\t\t\t\t\t\t<\/div>\n\t\t\t\t<\/div>\n\t\t\t\t\t<\/div>\n\t\t\t\t<\/div>\n\t\t<div class=\"elementor-element elementor-element-7725712 e-flex e-con-boxed e-con e-parent\" data-id=\"7725712\" data-element_type=\"container\">\n\t\t\t\t\t<div class=\"e-con-inner\">\n\t\t\t\t<div class=\"elementor-element elementor-element-a7e4395 elementor-widget elementor-widget-text-editor\" data-id=\"a7e4395\" data-element_type=\"widget\" data-widget_type=\"text-editor.default\">\n\t\t\t\t<div class=\"elementor-widget-container\">\n\t\t\t\t\t\t\t\t\t<p>La segunda temporada de <strong>Podcast cultural de CBR<\/strong> trae una serie de episodios atractivos y esclarecedores que trascienden y van <strong>M\u00e1s all\u00e1 de la radiolog\u00eda<\/strong>A lo largo de los episodios, se reunieron expertos de radiolog\u00eda y otros campos para debatir temas relevantes y actuales.<\/p><p>Cada episodio explora los desaf\u00edos, las innovaciones y las tendencias de la profesi\u00f3n, abarcando desde avances tecnol\u00f3gicos hasta cuestiones \u00e9ticas y culturales, con el objetivo de brindar a los oyentes una visi\u00f3n integral de lo que son los radi\u00f3logos.<\/p><p>Con un formato accesible y atractivo, esta temporada sent\u00f3 las bases para un di\u00e1logo permanente y enriquecedor, conectando profesionales y ampliando horizontes.<\/p>\t\t\t\t\t\t\t\t<\/div>\n\t\t\t\t<\/div>\n\t\t\t\t\t<\/div>\n\t\t\t\t<\/div>\n\t\t<div class=\"elementor-element elementor-element-558957b e-flex e-con-boxed e-con e-parent\" data-id=\"558957b\" data-element_type=\"container\">\n\t\t\t\t\t<div class=\"e-con-inner\">\n\t\t\t\t<div class=\"elementor-element elementor-element-b6f14cb elementor-widget elementor-widget-heading\" data-id=\"b6f14cb\" data-element_type=\"widget\" data-widget_type=\"heading.default\">\n\t\t\t\t<div class=\"elementor-widget-container\">\n\t\t\t\t\t<h2 class=\"elementor-heading-title elementor-size-default\">Escucha todos los episodios de esta temporada:<\/h2>\t\t\t\t<\/div>\n\t\t\t\t<\/div>\n\t\t\t\t\t<\/div>\n\t\t\t\t<\/div>\n\t\t<div class=\"elementor-element elementor-element-31c353f e-flex e-con-boxed e-con e-parent\" data-id=\"31c353f\" data-element_type=\"container\">\n\t\t\t\t\t<div class=\"e-con-inner\">\n\t\t\t\t<div class=\"elementor-element elementor-element-8c70b5c elementor-widget elementor-widget-spacer\" data-id=\"8c70b5c\" data-element_type=\"widget\" data-widget_type=\"spacer.default\">\n\t\t\t\t<div class=\"elementor-widget-container\">\n\t\t\t\t\t\t\t<div class=\"elementor-spacer\">\n\t\t\t<div class=\"elementor-spacer-inner\"><\/div>\n\t\t<\/div>\n\t\t\t\t\t\t<\/div>\n\t\t\t\t<\/div>\n\t\t\t\t\t<\/div>\n\t\t\t\t<\/div>\n\t\t<div class=\"elementor-element elementor-element-df94f59 e-flex e-con-boxed e-con e-parent\" data-id=\"df94f59\" data-element_type=\"container\">\n\t\t\t\t\t<div class=\"e-con-inner\">\n\t\t<div class=\"elementor-element elementor-element-bb586f8 e-con-full e-flex e-con e-child\" data-id=\"bb586f8\" data-element_type=\"container\">\n\t\t\t\t<div class=\"elementor-element elementor-element-88d88cd elementor-widget elementor-widget-shortcode\" data-id=\"88d88cd\" data-element_type=\"widget\" data-widget_type=\"shortcode.default\">\n\t\t\t\t<div class=\"elementor-widget-container\">\n\t\t\t\t\t\t\t<div class=\"elementor-shortcode\"><iframe style=\"border-radius:12px\" src=\"https:\/\/open.spotify.com\/embed\/episode\/1Z7hiCj9ydrCoAGFLDhxVT\/video?utm_source=generator\" width=\"496\" height=\"279\" frameborder=\"0\" allowfullscreen=\"\" allow=\"autoplay; clipboard-write; encrypted-media; fullscreen; picture-in-picture\" loading=\"lazy\"><\/iframe>\n\n<body>\n<br>\n<h3>Episodio 35<\/h3>\n<h4>Ella es una l\u00edder - Liderazgo femenino en Radiolog\u00eda<\/h4>\n<br>\n<p> Invitado: <b>Dr. luciana costa<\/b><\/p>\n<p> Moderaci\u00f3n: <b>Dra. Aline Guimar\u00e3es<\/b><\/p>\n<\/body><\/div>\n\t\t\t\t\t\t<\/div>\n\t\t\t\t<\/div>\n\t\t\t\t<\/div>\n\t\t<div class=\"elementor-element elementor-element-818fedc e-con-full e-flex e-con e-child\" data-id=\"818fedc\" data-element_type=\"container\">\n\t\t\t\t<div class=\"elementor-element elementor-element-b5dd0e1 elementor-widget elementor-widget-shortcode\" data-id=\"b5dd0e1\" data-element_type=\"widget\" data-widget_type=\"shortcode.default\">\n\t\t\t\t<div class=\"elementor-widget-container\">\n\t\t\t\t\t\t\t<div class=\"elementor-shortcode\"><iframe style=\"border-radius:12px\" src=\"https:\/\/open.spotify.com\/embed\/episode\/03ViPv08ev2EUJyfg386wU\/video?utm_source=generator\" width=\"496\" height=\"279\" frameborder=\"0\" allowfullscreen=\"\" allow=\"autoplay; clipboard-write; encrypted-media; fullscreen; picture-in-picture\" loading=\"lazy\"><\/iframe>\n\n\n<body>\n<br>\n<h3>Episodio 36<\/h3>\n<h4>Innovaci\u00f3n en Radiolog\u00eda - Tecnolog\u00eda al servicio de la humanizaci\u00f3n<\/h4>\n<p> Invitado: <b>Dr. Gustavo Meirelles<\/b><\/p>\n<p> Moderaci\u00f3n: <b>Dra. Aline Guimar\u00e3es<\/b><\/p>\n<\/body><\/div>\n\t\t\t\t\t\t<\/div>\n\t\t\t\t<\/div>\n\t\t\t\t<\/div>\n\t\t<div class=\"elementor-element elementor-element-df739bc e-con-full e-flex e-con e-child\" data-id=\"df739bc\" data-element_type=\"container\">\n\t\t\t\t<div class=\"elementor-element elementor-element-a4e4b96 elementor-widget elementor-widget-shortcode\" data-id=\"a4e4b96\" data-element_type=\"widget\" data-widget_type=\"shortcode.default\">\n\t\t\t\t<div class=\"elementor-widget-container\">\n\t\t\t\t\t\t\t<div class=\"elementor-shortcode\"><iframe style=\"border-radius:12px\" src=\"https:\/\/open.spotify.com\/embed\/episode\/4owegzxs1kvJKwCMOUcbwj\/video?utm_source=generator\" width=\"496\" height=\"279\" frameborder=\"0\" allowfullscreen=\"\" allow=\"autoplay; clipboard-write; encrypted-media; fullscreen; picture-in-picture\" loading=\"lazy\"><\/iframe>\n\n\n<body>\n<br>\n<h3>Episodio 37<\/h3>\n<h4>Autoconocimiento y liderazgo<\/h4>\n<br>\n<p> Invitado: <b>Dr. Emerson Gasparetto<\/b><\/p>\n<p> Moderaci\u00f3n: <b>Dra. Aline Guimar\u00e3es<\/b><\/p>\n<\/body><\/div>\n\t\t\t\t\t\t<\/div>\n\t\t\t\t<\/div>\n\t\t\t\t<\/div>\n\t\t<div class=\"elementor-element elementor-element-ec84b96 e-con-full e-flex e-con e-child\" data-id=\"ec84b96\" data-element_type=\"container\">\n\t\t\t\t<div class=\"elementor-element elementor-element-265bf92 elementor-widget elementor-widget-shortcode\" data-id=\"265bf92\" data-element_type=\"widget\" data-widget_type=\"shortcode.default\">\n\t\t\t\t<div class=\"elementor-widget-container\">\n\t\t\t\t\t\t\t<div class=\"elementor-shortcode\"><iframe style=\"border-radius:12px\" src=\"https:\/\/open.spotify.com\/embed\/episode\/3dhgfcUIakqroZjl9ge9uG\/video?utm_source=generator\" width=\"496\" height=\"279\" frameborder=\"0\" allowfullscreen=\"\" allow=\"autoplay; clipboard-write; encrypted-media; fullscreen; picture-in-picture\" loading=\"lazy\"><\/iframe>\n<body>\n<br>\n<h3>Episodio 38 <\/h3>\n<h4>La sociedad como protagonista de la transformaci\u00f3n de la salud<\/h4> \n<p> \n<br>\n<br>\n<br>\nInvitado: <b>Dr. Ivi Braga de Paula<\/b><\/p>\n<br>\n<br>\n<p> Moderaci\u00f3n: <b>Dra. Aline Guimar\u00e3es<\/b><\/p>\n<\/body><\/div>\n\t\t\t\t\t\t<\/div>\n\t\t\t\t<\/div>\n\t\t\t\t<div class=\"elementor-element elementor-element-cf06ba7 elementor-widget elementor-widget-shortcode\" data-id=\"cf06ba7\" data-element_type=\"widget\" data-widget_type=\"shortcode.default\">\n\t\t\t\t<div class=\"elementor-widget-container\">\n\t\t\t\t\t\t\t<div class=\"elementor-shortcode\"><iframe data-testid=\"embed-iframe\" style=\"border-radius:12px\" src=\"https:\/\/open.spotify.com\/embed\/episode\/4u73kFshkN5alVXGHI9OVB\/video?utm_source=generator\" width=\"496\" height=\"279\" frameborder=\"0\" allowfullscreen=\"\" allow=\"autoplay; clipboard-write; encrypted-media; fullscreen; picture-in-picture\" loading=\"lazy\"><\/iframe><body>\n<br>\n<h3>Episodio 41<\/h3>\n<h4>Noticias falsas <br>en<br> Radiolog\u00eda <\/h4> \n Invitado: <br><b> Dr. Beatriz Mara\u00f1\u00f3n<\/b><\/p>\n<p> Moderaci\u00f3n: <b>Dra. Aline Guimar\u00e3es<\/b><\/p>\n<\/body><\/div>\n\t\t\t\t\t\t<\/div>\n\t\t\t\t<\/div>\n\t\t\t\t<\/div>\n\t\t<div class=\"elementor-element elementor-element-700386f e-con-full e-flex e-con e-child\" data-id=\"700386f\" data-element_type=\"container\">\n\t\t\t\t<div class=\"elementor-element elementor-element-2adedbf elementor-widget elementor-widget-shortcode\" data-id=\"2adedbf\" data-element_type=\"widget\" data-widget_type=\"shortcode.default\">\n\t\t\t\t<div class=\"elementor-widget-container\">\n\t\t\t\t\t\t\t<div class=\"elementor-shortcode\"><iframe style=\"border-radius:12px\" src=\"https:\/\/open.spotify.com\/embed\/episode\/5RxiNO0NT7bIhZLq1G33DW\/video?utm_source=generator\" width=\"496\" height=\"279\" frameborder=\"0\" allowfullscreen=\"\" allow=\"autoplay; clipboard-write; encrypted-media; fullscreen; picture-in-picture\" loading=\"lazy\"><\/iframe>\n<body>\n<br>\n<h3>Episodio 39 <\/h3>\n<h4>Prioridades fluidas a lo largo de la vida profesional<\/h4>\n<br>\n<br>\n<br>\nInvitado:<b> Dr. Rogerio Caldana<\/b><\/p> <body>\n<br>\n<p> Moderaci\u00f3n: <b>Dra. Aline Guimar\u00e3es y Dr. Giuseppe D&#039;Ippolito<\/b><\/p>\n<\/body><\/div>\n\t\t\t\t\t\t<\/div>\n\t\t\t\t<\/div>\n\t\t\t\t<div class=\"elementor-element elementor-element-4b7f900 elementor-widget elementor-widget-shortcode\" data-id=\"4b7f900\" data-element_type=\"widget\" data-widget_type=\"shortcode.default\">\n\t\t\t\t<div class=\"elementor-widget-container\">\n\t\t\t\t\t\t\t<div class=\"elementor-shortcode\"><iframe data-testid=\"embed-iframe\" style=\"border-radius:12px\" src=\"https:\/\/open.spotify.com\/embed\/episode\/6hvdx8xTuHuwORlaLclBAQ\/video?utm_source=generator\" width=\"496\" height=\"279\" frameborder=\"0\" allowfullscreen=\"\" allow=\"autoplay; clipboard-write; encrypted-media; fullscreen; picture-in-picture\" loading=\"lazy\"><\/iframe>\n<body>\n<br>\n<h3>Episodio 42<\/h3>\n<h4>Mudarse a otro pa\u00eds despu\u00e9s de alcanzar la estabilidad profesional: opciones e implicaciones<\/h4> \n Invitado: <br><b> Dr. Luiz de Abreu y Dr. Marcelo Bordalo<\/p>\n<p> Moderaci\u00f3n: <b>Dra. Aline Guimar\u00e3es<\/b><\/p>\n<\/body><\/div>\n\t\t\t\t\t\t<\/div>\n\t\t\t\t<\/div>\n\t\t\t\t<\/div>\n\t\t<div class=\"elementor-element elementor-element-84fdd36 e-con-full e-flex e-con e-child\" data-id=\"84fdd36\" data-element_type=\"container\">\n\t\t\t\t<div class=\"elementor-element elementor-element-631f26b elementor-widget elementor-widget-shortcode\" data-id=\"631f26b\" data-element_type=\"widget\" data-widget_type=\"shortcode.default\">\n\t\t\t\t<div class=\"elementor-widget-container\">\n\t\t\t\t\t\t\t<div class=\"elementor-shortcode\"><iframe data-testid=\"embed-iframe\" style=\"border-radius:12px\" src=\"https:\/\/open.spotify.com\/embed\/episode\/4nixjdOaPV4C4EZWHGDF5y\/video?utm_source=generator\" width=\"496\" height=\"279\" frameborder=\"0\" allowfullscreen=\"\" allow=\"autoplay; clipboard-write; encrypted-media; fullscreen; picture-in-picture\" loading=\"lazy\"><\/iframe>\n<body>\n<br>\n<h3>Episodio 40 <\/h3>\n<h4>Mentor\u00eda y ense\u00f1anza: extensi\u00f3n profesional natural y c\u00f3mo dejar un legado <\/h4> <br>\n Invitado: <b> Dr. Luis Ronan <\/b><\/p>\n<p> Moderaci\u00f3n: <b>Dr. Giuseppe D&#039;Ippolito<\/b><\/p>\n<\/body><\/div>\n\t\t\t\t\t\t<\/div>\n\t\t\t\t<\/div>\n\t\t\t\t<\/div>\n\t\t\t\t\t<\/div>\n\t\t\t\t<\/div>\n\t\t<div class=\"elementor-element elementor-element-d64d779 e-flex e-con-boxed e-con e-parent\" data-id=\"d64d779\" data-element_type=\"container\">\n\t\t\t\t\t<div class=\"e-con-inner\">\n\t\t\t\t<div class=\"elementor-element elementor-element-47d3052 elementor-widget elementor-widget-spacer\" data-id=\"47d3052\" data-element_type=\"widget\" data-widget_type=\"spacer.default\">\n\t\t\t\t<div class=\"elementor-widget-container\">\n\t\t\t\t\t\t\t<div class=\"elementor-spacer\">\n\t\t\t<div class=\"elementor-spacer-inner\"><\/div>\n\t\t<\/div>\n\t\t\t\t\t\t<\/div>\n\t\t\t\t<\/div>\n\t\t\t\t\t<\/div>\n\t\t\t\t<\/div>\n\t\t\t\t<\/div>","protected":false},"excerpt":{"rendered":"<p>La segunda temporada del Podcast Cultural CBR presenta una serie de episodios interesantes y profundos que trascienden la radiolog\u00eda. A lo largo de los episodios, expertos en radiolog\u00eda y otros campos se reunieron para debatir temas relevantes y actuales. Cada episodio explora los desaf\u00edos, las innovaciones y las tendencias de la profesi\u00f3n, abarcando desde avances tecnol\u00f3gicos hasta... <a href=\"https:\/\/cbr.org.br\/es\/podcast-cultural-cbr-temporada-2\/\">Sigue leyendo<\/a><\/p>","protected":false},"author":8,"featured_media":0,"parent":0,"menu_order":0,"comment_status":"closed","ping_status":"closed","template":"","meta":{"_acf_changed":false,"footnotes":""},"class_list":["post-51943","page","type-page","status-publish","hentry"],"acf":[],"_links":{"self":[{"href":"https:\/\/cbr.org.br\/es\/wp-json\/wp\/v2\/pages\/51943","targetHints":{"allow":["GET"]}}],"collection":[{"href":"https:\/\/cbr.org.br\/es\/wp-json\/wp\/v2\/pages"}],"about":[{"href":"https:\/\/cbr.org.br\/es\/wp-json\/wp\/v2\/types\/page"}],"author":[{"embeddable":true,"href":"https:\/\/cbr.org.br\/es\/wp-json\/wp\/v2\/users\/8"}],"replies":[{"embeddable":true,"href":"https:\/\/cbr.org.br\/es\/wp-json\/wp\/v2\/comments?post=51943"}],"version-history":[{"count":4,"href":"https:\/\/cbr.org.br\/es\/wp-json\/wp\/v2\/pages\/51943\/revisions"}],"predecessor-version":[{"id":53433,"href":"https:\/\/cbr.org.br\/es\/wp-json\/wp\/v2\/pages\/51943\/revisions\/53433"}],"wp:attachment":[{"href":"https:\/\/cbr.org.br\/es\/wp-json\/wp\/v2\/media?parent=51943"}],"curies":[{"name":"wp","href":"https:\/\/api.w.org\/{rel}","templated":true}]}}