{"id":54524,"date":"2026-01-20T15:18:34","date_gmt":"2026-01-20T18:18:34","guid":{"rendered":"https:\/\/cbr.org.br\/?page_id=54524"},"modified":"2026-01-20T15:18:36","modified_gmt":"2026-01-20T18:18:36","slug":"true-news","status":"publish","type":"page","link":"https:\/\/cbr.org.br\/es\/comissao-nacional-de-mamografia\/true-news\/","title":{"rendered":"Noticias verdaderas"},"content":{"rendered":"<div data-elementor-type=\"wp-page\" data-elementor-id=\"54524\" class=\"elementor elementor-54524\" data-elementor-post-type=\"page\">\n\t\t\t\t<div class=\"elementor-element elementor-element-18aa006 e-flex e-con-boxed e-con e-parent\" data-id=\"18aa006\" data-element_type=\"container\">\n\t\t\t\t\t<div class=\"e-con-inner\">\n\t\t\t\t<div class=\"elementor-element elementor-element-624eb82 elementor-widget elementor-widget-spacer\" data-id=\"624eb82\" data-element_type=\"widget\" data-widget_type=\"spacer.default\">\n\t\t\t\t<div class=\"elementor-widget-container\">\n\t\t\t\t\t\t\t<div class=\"elementor-spacer\">\n\t\t\t<div class=\"elementor-spacer-inner\"><\/div>\n\t\t<\/div>\n\t\t\t\t\t\t<\/div>\n\t\t\t\t<\/div>\n\t\t\t\t\t<\/div>\n\t\t\t\t<\/div>\n\t\t<div class=\"elementor-element elementor-element-58a6fb8 e-flex e-con-boxed e-con e-parent\" data-id=\"58a6fb8\" data-element_type=\"container\">\n\t\t\t\t\t<div class=\"e-con-inner\">\n\t\t\t\t<div class=\"elementor-element elementor-element-0c8a9ee elementor-hidden-tablet elementor-hidden-mobile elementor-widget elementor-widget-image\" data-id=\"0c8a9ee\" data-element_type=\"widget\" data-widget_type=\"image.default\">\n\t\t\t\t<div class=\"elementor-widget-container\">\n\t\t\t\t\t\t\t\t\t\t\t\t\t\t\t<img fetchpriority=\"high\" decoding=\"async\" width=\"1900\" height=\"300\" src=\"https:\/\/cbr.org.br\/wp-content\/uploads\/2026\/01\/SiteComissaoMama_1900x300_TrueNews_.jpg\" class=\"attachment-full size-full wp-image-54511\" alt=\"\" srcset=\"https:\/\/cbr.org.br\/wp-content\/uploads\/2026\/01\/SiteComissaoMama_1900x300_TrueNews_.jpg 1900w, https:\/\/cbr.org.br\/wp-content\/uploads\/2026\/01\/SiteComissaoMama_1900x300_TrueNews_-960x152.jpg 960w, https:\/\/cbr.org.br\/wp-content\/uploads\/2026\/01\/SiteComissaoMama_1900x300_TrueNews_-450x71.jpg 450w, https:\/\/cbr.org.br\/wp-content\/uploads\/2026\/01\/SiteComissaoMama_1900x300_TrueNews_-768x121.jpg 768w, https:\/\/cbr.org.br\/wp-content\/uploads\/2026\/01\/SiteComissaoMama_1900x300_TrueNews_-1536x243.jpg 1536w, https:\/\/cbr.org.br\/wp-content\/uploads\/2026\/01\/SiteComissaoMama_1900x300_TrueNews_-18x3.jpg 18w\" sizes=\"(max-width: 1900px) 100vw, 1900px\" \/>\t\t\t\t\t\t\t\t\t\t\t\t\t\t\t<\/div>\n\t\t\t\t<\/div>\n\t\t\t\t\t<\/div>\n\t\t\t\t<\/div>\n\t\t<div class=\"elementor-element elementor-element-9033042 e-flex e-con-boxed e-con e-parent\" data-id=\"9033042\" data-element_type=\"container\">\n\t\t\t\t\t<div class=\"e-con-inner\">\n\t\t\t\t<div class=\"elementor-element elementor-element-60f15bc elementor-hidden-desktop elementor-hidden-mobile elementor-widget elementor-widget-image\" data-id=\"60f15bc\" data-element_type=\"widget\" data-widget_type=\"image.default\">\n\t\t\t\t<div class=\"elementor-widget-container\">\n\t\t\t\t\t\t\t\t\t\t\t\t\t\t\t<img decoding=\"async\" src=\"https:\/\/cbr.org.br\/wp-content\/uploads\/elementor\/thumbs\/SiteComissaoMama_700x500_TrueNews_-rhr73huidjcs95qs7hj0oufxfavfb0zhqlrdreoo7c.jpg\" title=\"SitioComissaoMama_700x500_NoticiasVerdaderas_\" alt=\"SiteComissaoMama_700x500_TrueNews_\" loading=\"lazy\" \/>\t\t\t\t\t\t\t\t\t\t\t\t\t\t\t<\/div>\n\t\t\t\t<\/div>\n\t\t\t\t\t<\/div>\n\t\t\t\t<\/div>\n\t\t<div class=\"elementor-element elementor-element-91966a0 e-flex e-con-boxed e-con e-parent\" data-id=\"91966a0\" data-element_type=\"container\">\n\t\t\t\t\t<div class=\"e-con-inner\">\n\t\t\t\t<div class=\"elementor-element elementor-element-991755f elementor-hidden-desktop elementor-hidden-tablet elementor-widget elementor-widget-image\" data-id=\"991755f\" data-element_type=\"widget\" data-widget_type=\"image.default\">\n\t\t\t\t<div class=\"elementor-widget-container\">\n\t\t\t\t\t\t\t\t\t\t\t\t\t\t\t<img decoding=\"async\" src=\"https:\/\/cbr.org.br\/wp-content\/uploads\/elementor\/thumbs\/SiteComissaoMama_400x500_TrueNews_-rhr73f0w5gxbu3ejffr08g4honz1ibyovaiwy8y3rc.jpg\" title=\"SitioComissaoMama_400x500_NoticiasVerdaderas_\" alt=\"SiteComissaoMama_400x500_TrueNews_\" loading=\"lazy\" \/>\t\t\t\t\t\t\t\t\t\t\t\t\t\t\t<\/div>\n\t\t\t\t<\/div>\n\t\t\t\t\t<\/div>\n\t\t\t\t<\/div>\n\t\t<div class=\"elementor-element elementor-element-6608352 e-flex e-con-boxed e-con e-parent\" data-id=\"6608352\" data-element_type=\"container\">\n\t\t\t\t\t<div class=\"e-con-inner\">\n\t\t\t\t<div class=\"elementor-element elementor-element-9193e00 elementor-widget elementor-widget-spacer\" data-id=\"9193e00\" data-element_type=\"widget\" data-widget_type=\"spacer.default\">\n\t\t\t\t<div class=\"elementor-widget-container\">\n\t\t\t\t\t\t\t<div class=\"elementor-spacer\">\n\t\t\t<div class=\"elementor-spacer-inner\"><\/div>\n\t\t<\/div>\n\t\t\t\t\t\t<\/div>\n\t\t\t\t<\/div>\n\t\t\t\t\t<\/div>\n\t\t\t\t<\/div>\n\t\t<div class=\"elementor-element elementor-element-d52bfd7 e-flex e-con-boxed e-con e-parent\" data-id=\"d52bfd7\" data-element_type=\"container\">\n\t\t\t\t\t<div class=\"e-con-inner\">\n\t\t\t\t<div class=\"elementor-element elementor-element-7b349a2 elementor-widget elementor-widget-text-editor\" data-id=\"7b349a2\" data-element_type=\"widget\" data-widget_type=\"text-editor.default\">\n\t\t\t\t<div class=\"elementor-widget-container\">\n\t\t\t\t\t\t\t\t\t<p style=\"text-align: justify;\">O <strong>Colegio Brasile\u00f1o de Radiolog\u00eda y Diagn\u00f3stico por Im\u00e1genes (CBR), principal sociedad que representa la Radiolog\u00eda y Diagn\u00f3stico por Im\u00e1genes en Brasil<\/strong> proporciona, a trav\u00e9s de esta p\u00e1gina, informaci\u00f3n curada por m\u00e9dicos especialistas en Radiolog\u00eda y Diagn\u00f3stico por Im\u00e1genes y Ultrasonograf\u00eda.<br>La campa\u00f1a\u201d<span style=\"--tw-border-spacing-x: 0; --tw-border-spacing-y: 0; --tw-translate-x: 0; --tw-translate-y: 0; --tw-rotate: 0; --tw-skew-x: 0; --tw-skew-y: 0; --tw-scale-x: 1; --tw-scale-y: 1; --tw-scroll-snap-strictness: proximity; --tw-ring-offset-width: 0px; --tw-ring-offset-color: #fff; --tw-ring-color: rgba(59,130,246,.5); --tw-ring-offset-shadow: 0 0 transparent; --tw-ring-shadow: 0 0 transparent; --tw-shadow: 0 0 transparent; --tw-shadow-colored: 0 0 transparent; font-weight: bold;\"><em style=\"--tw-border-spacing-x: 0; --tw-border-spacing-y: 0; --tw-translate-x: 0; --tw-translate-y: 0; --tw-rotate: 0; --tw-skew-x: 0; --tw-skew-y: 0; --tw-scale-x: 1; --tw-scale-y: 1; --tw-scroll-snap-strictness: proximity; --tw-ring-offset-width: 0px; --tw-ring-offset-color: #fff; --tw-ring-color: rgba(59,130,246,.5); --tw-ring-offset-shadow: 0 0 transparent; --tw-ring-shadow: 0 0 transparent; --tw-shadow: 0 0 transparent; --tw-shadow-colored: 0 0 transparent;\">Noticias falsas, Mata<\/em><\/span>\u201dtiene como objetivo combatir activamente la difusi\u00f3n de noticias falsas sobre: Mamograf\u00eda, C\u00e1ncer de Mama y Mitos y creencias mediante el suministro de informaci\u00f3n contrastada y verificada por radi\u00f3logos especialistas.<br><span style=\"color: var( --e-global-color-text ); font-size: 1rem;\">Con esta p\u00e1gina buscamos <\/span><strong style=\"color: var( --e-global-color-text ); font-size: 1rem;\">sensibilizar a la sociedad brasile\u00f1a<\/strong><span style=\"color: var( --e-global-color-text ); font-size: 1rem;\"> sobre la importancia de las pruebas de imagen como la mamograf\u00eda y la ecograf\u00eda para el diagn\u00f3stico y tratamiento temprano del C\u00e1ncer de Mama.<br><\/span><span style=\"text-align: var(--text-align); color: var( --e-global-color-text ); font-family: var( --e-global-typography-text-font-family ), Sans-serif; font-weight: var( --e-global-typography-text-font-weight ); font-size: 1rem;\">Invitamos a la sociedad brasile\u00f1a a unirse a la lucha contra <\/span><b style=\"text-align: var(--text-align); color: var( --e-global-color-text ); font-family: var( --e-global-typography-text-font-family ), Sans-serif; font-size: 1rem;\">C\u00e1ncer de mama<\/b><span style=\"text-align: var(--text-align); color: var( --e-global-color-text ); font-family: var( --e-global-typography-text-font-family ), Sans-serif; font-weight: var( --e-global-typography-text-font-weight ); font-size: 1rem;\">.<br><\/span><span style=\"color: var( --e-global-color-text ); font-size: 1rem; text-align: var(--text-align);\">\u00a1\u00danete a nosotros y marca la diferencia!<\/span><\/p>\t\t\t\t\t\t\t\t<\/div>\n\t\t\t\t<\/div>\n\t\t\t\t\t<\/div>\n\t\t\t\t<\/div>\n\t\t<div class=\"elementor-element elementor-element-1221f5c e-flex e-con-boxed e-con e-parent\" data-id=\"1221f5c\" data-element_type=\"container\">\n\t\t\t\t\t<div class=\"e-con-inner\">\n\t\t\t\t<div class=\"elementor-element elementor-element-7a802a8 elementor-widget elementor-widget-spacer\" data-id=\"7a802a8\" data-element_type=\"widget\" data-widget_type=\"spacer.default\">\n\t\t\t\t<div class=\"elementor-widget-container\">\n\t\t\t\t\t\t\t<div class=\"elementor-spacer\">\n\t\t\t<div class=\"elementor-spacer-inner\"><\/div>\n\t\t<\/div>\n\t\t\t\t\t\t<\/div>\n\t\t\t\t<\/div>\n\t\t\t\t\t<\/div>\n\t\t\t\t<\/div>\n\t\t<div class=\"elementor-element elementor-element-028e69e e-flex e-con-boxed e-con e-parent\" data-id=\"028e69e\" data-element_type=\"container\">\n\t\t\t\t\t<div class=\"e-con-inner\">\n\t\t\t\t<div class=\"elementor-element elementor-element-db02a6c elementor-widget elementor-widget-text-editor\" data-id=\"db02a6c\" data-element_type=\"widget\" data-widget_type=\"text-editor.default\">\n\t\t\t\t<div class=\"elementor-widget-container\">\n\t\t\t\t\t\t\t\t\t<h2><span style=\"color: #c0095c;\">\u00bfRealidad o mentira?<\/span><\/h2>\t\t\t\t\t\t\t\t<\/div>\n\t\t\t\t<\/div>\n\t\t\t\t\t<\/div>\n\t\t\t\t<\/div>\n\t\t<div class=\"elementor-element elementor-element-af0af78 e-flex e-con-boxed e-con e-parent\" data-id=\"af0af78\" data-element_type=\"container\">\n\t\t\t\t\t<div class=\"e-con-inner\">\n\t\t\t\t<div class=\"elementor-element elementor-element-e74e866 elementor-widget elementor-widget-spacer\" data-id=\"e74e866\" data-element_type=\"widget\" data-widget_type=\"spacer.default\">\n\t\t\t\t<div class=\"elementor-widget-container\">\n\t\t\t\t\t\t\t<div class=\"elementor-spacer\">\n\t\t\t<div class=\"elementor-spacer-inner\"><\/div>\n\t\t<\/div>\n\t\t\t\t\t\t<\/div>\n\t\t\t\t<\/div>\n\t\t\t\t\t<\/div>\n\t\t\t\t<\/div>\n\t\t<div class=\"elementor-element elementor-element-5d9c237 e-flex e-con-boxed e-con e-parent\" data-id=\"5d9c237\" data-element_type=\"container\">\n\t\t\t\t\t<div class=\"e-con-inner\">\n\t\t<div class=\"elementor-element elementor-element-6f34053 e-con-full e-flex e-con e-child\" data-id=\"6f34053\" data-element_type=\"container\">\n\t\t\t\t<div class=\"elementor-element elementor-element-d91c596 elementor-widget elementor-widget-image\" data-id=\"d91c596\" data-element_type=\"widget\" data-widget_type=\"image.default\">\n\t\t\t\t<div class=\"elementor-widget-container\">\n\t\t\t\t\t\t\t\t\t\t\t\t\t\t\t<img decoding=\"async\" src=\"https:\/\/cbr.org.br\/wp-content\/plugins\/elementor\/assets\/images\/placeholder.png\" title=\"\" alt=\"\" loading=\"lazy\" \/>\t\t\t\t\t\t\t\t\t\t\t\t\t\t\t<\/div>\n\t\t\t\t<\/div>\n\t\t\t\t<\/div>\n\t\t<div class=\"elementor-element elementor-element-bde9ef1 e-con-full e-flex e-con e-child\" data-id=\"bde9ef1\" data-element_type=\"container\">\n\t\t\t\t<div class=\"elementor-element elementor-element-23eeed3 elementor-widget elementor-widget-text-editor\" data-id=\"23eeed3\" data-element_type=\"widget\" data-widget_type=\"text-editor.default\">\n\t\t\t\t<div class=\"elementor-widget-container\">\n\t\t\t\t\t\t\t\t\t<p>Lorem fistrum por la gloria de mi madre esse jarl aliqua llevame al sircoo. De la pradera ullamco que dec\u00eda usteer es lo muy malar.<\/p>\t\t\t\t\t\t\t\t<\/div>\n\t\t\t\t<\/div>\n\t\t\t\t<\/div>\n\t\t\t\t\t<\/div>\n\t\t\t\t<\/div>\n\t\t\t\t<\/div>","protected":false},"excerpt":{"rendered":"<p>El Colegio Brasile\u00f1o de Radiolog\u00eda y Diagn\u00f3stico por Imagen (CBR), principal sociedad que representa la radiolog\u00eda y el diagn\u00f3stico por imagen en Brasil, ofrece, a trav\u00e9s de esta p\u00e1gina, informaci\u00f3n seleccionada por m\u00e9dicos especialistas en radiolog\u00eda, diagn\u00f3stico por imagen y ecograf\u00eda. La campa\u00f1a &quot;Noticias Falsas, Matar&quot; busca combatir activamente la difusi\u00f3n de noticias falsas. <a href=\"https:\/\/cbr.org.br\/es\/comissao-nacional-de-mamografia\/true-news\/\">Sigue leyendo<\/a><\/p>","protected":false},"author":8,"featured_media":0,"parent":405,"menu_order":0,"comment_status":"closed","ping_status":"closed","template":"","meta":{"_acf_changed":false,"footnotes":""},"class_list":["post-54524","page","type-page","status-publish","hentry"],"acf":[],"_links":{"self":[{"href":"https:\/\/cbr.org.br\/es\/wp-json\/wp\/v2\/pages\/54524","targetHints":{"allow":["GET"]}}],"collection":[{"href":"https:\/\/cbr.org.br\/es\/wp-json\/wp\/v2\/pages"}],"about":[{"href":"https:\/\/cbr.org.br\/es\/wp-json\/wp\/v2\/types\/page"}],"author":[{"embeddable":true,"href":"https:\/\/cbr.org.br\/es\/wp-json\/wp\/v2\/users\/8"}],"replies":[{"embeddable":true,"href":"https:\/\/cbr.org.br\/es\/wp-json\/wp\/v2\/comments?post=54524"}],"version-history":[{"count":1,"href":"https:\/\/cbr.org.br\/es\/wp-json\/wp\/v2\/pages\/54524\/revisions"}],"predecessor-version":[{"id":54549,"href":"https:\/\/cbr.org.br\/es\/wp-json\/wp\/v2\/pages\/54524\/revisions\/54549"}],"up":[{"embeddable":true,"href":"https:\/\/cbr.org.br\/es\/wp-json\/wp\/v2\/pages\/405"}],"wp:attachment":[{"href":"https:\/\/cbr.org.br\/es\/wp-json\/wp\/v2\/media?parent=54524"}],"curies":[{"name":"wp","href":"https:\/\/api.w.org\/{rel}","templated":true}]}}