{"id":54550,"date":"2026-01-20T15:21:43","date_gmt":"2026-01-20T18:21:43","guid":{"rendered":"https:\/\/cbr.org.br\/?page_id=54550"},"modified":"2026-01-20T15:54:09","modified_gmt":"2026-01-20T18:54:09","slug":"podcast-cnm-cbr","status":"publish","type":"page","link":"https:\/\/cbr.org.br\/es\/comissao-nacional-de-mamografia\/podcast-cnm-cbr\/","title":{"rendered":"Podcast CBR-CNM"},"content":{"rendered":"<div data-elementor-type=\"wp-page\" data-elementor-id=\"54550\" class=\"elementor elementor-54550\" data-elementor-post-type=\"page\">\n\t\t\t\t<div class=\"elementor-element elementor-element-18aa006 e-flex e-con-boxed e-con e-parent\" data-id=\"18aa006\" data-element_type=\"container\">\n\t\t\t\t\t<div class=\"e-con-inner\">\n\t\t\t\t<div class=\"elementor-element elementor-element-624eb82 elementor-widget elementor-widget-spacer\" data-id=\"624eb82\" data-element_type=\"widget\" data-widget_type=\"spacer.default\">\n\t\t\t\t<div class=\"elementor-widget-container\">\n\t\t\t\t\t\t\t<div class=\"elementor-spacer\">\n\t\t\t<div class=\"elementor-spacer-inner\"><\/div>\n\t\t<\/div>\n\t\t\t\t\t\t<\/div>\n\t\t\t\t<\/div>\n\t\t\t\t\t<\/div>\n\t\t\t\t<\/div>\n\t\t<div class=\"elementor-element elementor-element-58a6fb8 e-flex e-con-boxed e-con e-parent\" data-id=\"58a6fb8\" data-element_type=\"container\">\n\t\t\t\t\t<div class=\"e-con-inner\">\n\t\t\t\t<div class=\"elementor-element elementor-element-0c8a9ee elementor-hidden-tablet elementor-hidden-mobile elementor-widget elementor-widget-image\" data-id=\"0c8a9ee\" data-element_type=\"widget\" data-widget_type=\"image.default\">\n\t\t\t\t<div class=\"elementor-widget-container\">\n\t\t\t\t\t\t\t\t\t\t\t\t\t\t\t<img fetchpriority=\"high\" decoding=\"async\" width=\"1900\" height=\"300\" src=\"https:\/\/cbr.org.br\/wp-content\/uploads\/2026\/01\/SiteComissaoMama_1900x300_Podcasts.jpg\" class=\"attachment-full size-full wp-image-54536\" alt=\"\" srcset=\"https:\/\/cbr.org.br\/wp-content\/uploads\/2026\/01\/SiteComissaoMama_1900x300_Podcasts.jpg 1900w, https:\/\/cbr.org.br\/wp-content\/uploads\/2026\/01\/SiteComissaoMama_1900x300_Podcasts-960x152.jpg 960w, https:\/\/cbr.org.br\/wp-content\/uploads\/2026\/01\/SiteComissaoMama_1900x300_Podcasts-450x71.jpg 450w, https:\/\/cbr.org.br\/wp-content\/uploads\/2026\/01\/SiteComissaoMama_1900x300_Podcasts-768x121.jpg 768w, https:\/\/cbr.org.br\/wp-content\/uploads\/2026\/01\/SiteComissaoMama_1900x300_Podcasts-1536x243.jpg 1536w, https:\/\/cbr.org.br\/wp-content\/uploads\/2026\/01\/SiteComissaoMama_1900x300_Podcasts-18x3.jpg 18w\" sizes=\"(max-width: 1900px) 100vw, 1900px\" \/>\t\t\t\t\t\t\t\t\t\t\t\t\t\t\t<\/div>\n\t\t\t\t<\/div>\n\t\t\t\t\t<\/div>\n\t\t\t\t<\/div>\n\t\t<div class=\"elementor-element elementor-element-9033042 e-flex e-con-boxed e-con e-parent\" data-id=\"9033042\" data-element_type=\"container\">\n\t\t\t\t\t<div class=\"e-con-inner\">\n\t\t\t\t<div class=\"elementor-element elementor-element-60f15bc elementor-hidden-desktop elementor-hidden-mobile elementor-widget elementor-widget-image\" data-id=\"60f15bc\" data-element_type=\"widget\" data-widget_type=\"image.default\">\n\t\t\t\t<div class=\"elementor-widget-container\">\n\t\t\t\t\t\t\t\t\t\t\t\t\t\t\t<img decoding=\"async\" src=\"https:\/\/cbr.org.br\/wp-content\/uploads\/elementor\/thumbs\/SiteComissaoMama_700x500_Podcasts-rhr8qpogxsf3orq6f30vrwhcp6zw8k2pvpcm6yvs7c.jpg\" title=\"SitioComissaoMama_700x500_Podcasts\" alt=\"SiteComissaoMama_700x500_Podcasts\" loading=\"lazy\" \/>\t\t\t\t\t\t\t\t\t\t\t\t\t\t\t<\/div>\n\t\t\t\t<\/div>\n\t\t\t\t\t<\/div>\n\t\t\t\t<\/div>\n\t\t<div class=\"elementor-element elementor-element-91966a0 e-flex e-con-boxed e-con e-parent\" data-id=\"91966a0\" data-element_type=\"container\">\n\t\t\t\t\t<div class=\"e-con-inner\">\n\t\t\t\t<div class=\"elementor-element elementor-element-991755f elementor-hidden-desktop elementor-hidden-tablet elementor-widget elementor-widget-image\" data-id=\"991755f\" data-element_type=\"widget\" data-widget_type=\"image.default\">\n\t\t\t\t<div class=\"elementor-widget-container\">\n\t\t\t\t\t\t\t\t\t\t\t\t\t\t\t<img decoding=\"async\" src=\"https:\/\/cbr.org.br\/wp-content\/uploads\/elementor\/thumbs\/SiteComissaoMama_400x500_Podcasts-rhr8qmuuppzn9pdxn18vbi5wyk3ifv1x0e45dt57rc.jpg\" title=\"SitioComissaoMama_400x500_Podcasts\" alt=\"SiteComissaoMama_400x500_Podcasts\" loading=\"lazy\" \/>\t\t\t\t\t\t\t\t\t\t\t\t\t\t\t<\/div>\n\t\t\t\t<\/div>\n\t\t\t\t\t<\/div>\n\t\t\t\t<\/div>\n\t\t<div class=\"elementor-element elementor-element-6608352 e-flex e-con-boxed e-con e-parent\" data-id=\"6608352\" data-element_type=\"container\">\n\t\t\t\t\t<div class=\"e-con-inner\">\n\t\t\t\t<div class=\"elementor-element elementor-element-9193e00 elementor-widget elementor-widget-spacer\" data-id=\"9193e00\" data-element_type=\"widget\" data-widget_type=\"spacer.default\">\n\t\t\t\t<div class=\"elementor-widget-container\">\n\t\t\t\t\t\t\t<div class=\"elementor-spacer\">\n\t\t\t<div class=\"elementor-spacer-inner\"><\/div>\n\t\t<\/div>\n\t\t\t\t\t\t<\/div>\n\t\t\t\t<\/div>\n\t\t\t\t\t<\/div>\n\t\t\t\t<\/div>\n\t\t<div class=\"elementor-element elementor-element-d52bfd7 e-flex e-con-boxed e-con e-parent\" data-id=\"d52bfd7\" data-element_type=\"container\">\n\t\t\t\t\t<div class=\"e-con-inner\">\n\t\t\t\t<div class=\"elementor-element elementor-element-7b349a2 elementor-widget elementor-widget-text-editor\" data-id=\"7b349a2\" data-element_type=\"widget\" data-widget_type=\"text-editor.default\">\n\t\t\t\t<div class=\"elementor-widget-container\">\n\t\t\t\t\t\t\t\t\t<p style=\"text-align: justify;\">O <strong>El Colegio Brasile\u00f1o de Radiolog\u00eda y Diagn\u00f3stico por Imagen (CBR) y la Comisi\u00f3n Nacional de Mamograf\u00eda (CNM-CBR) ponen a disposici\u00f3n de forma gratuita su colecci\u00f3n completa de podcasts relacionados con la prevenci\u00f3n y el tratamiento del c\u00e1ncer de mama.<\/strong><br \/><span style=\"color: var( --e-global-color-text ); font-size: 1rem;\">Los episodios disponibles presentan radi\u00f3logos especializados en radiolog\u00eda mamaria. A lo largo de los episodios, encontrar\u00e1 amplias discusiones sobre la importancia de las pruebas de imagen, como la mamograf\u00eda y la ecograf\u00eda, para el diagn\u00f3stico y tratamiento tempranos del c\u00e1ncer de mama.<br \/><\/span><span style=\"text-align: var(--text-align); color: var( --e-global-color-text ); font-family: var( --e-global-typography-text-font-family ), Sans-serif; font-weight: var( --e-global-typography-text-font-weight ); font-size: 1rem;\">Invitamos a la sociedad brasile\u00f1a a unirse a la lucha contra <\/span><b style=\"text-align: var(--text-align); color: var( --e-global-color-text ); font-family: var( --e-global-typography-text-font-family ), Sans-serif; font-size: 1rem;\">C\u00e1ncer de mama<\/b><span style=\"text-align: var(--text-align); color: var( --e-global-color-text ); font-family: var( --e-global-typography-text-font-family ), Sans-serif; font-weight: var( --e-global-typography-text-font-weight ); font-size: 1rem;\">.<br \/><\/span><span style=\"color: var( --e-global-color-text ); font-size: 1rem; text-align: var(--text-align);\">\u00a1\u00danete a nosotros y marca la diferencia!<\/span><\/p>\t\t\t\t\t\t\t\t<\/div>\n\t\t\t\t<\/div>\n\t\t\t\t\t<\/div>\n\t\t\t\t<\/div>\n\t\t<div class=\"elementor-element elementor-element-1221f5c e-flex e-con-boxed e-con e-parent\" data-id=\"1221f5c\" data-element_type=\"container\">\n\t\t\t\t\t<div class=\"e-con-inner\">\n\t\t\t\t<div class=\"elementor-element elementor-element-7a802a8 elementor-widget elementor-widget-spacer\" data-id=\"7a802a8\" data-element_type=\"widget\" data-widget_type=\"spacer.default\">\n\t\t\t\t<div class=\"elementor-widget-container\">\n\t\t\t\t\t\t\t<div class=\"elementor-spacer\">\n\t\t\t<div class=\"elementor-spacer-inner\"><\/div>\n\t\t<\/div>\n\t\t\t\t\t\t<\/div>\n\t\t\t\t<\/div>\n\t\t\t\t\t<\/div>\n\t\t\t\t<\/div>\n\t\t<div class=\"elementor-element elementor-element-028e69e e-flex e-con-boxed e-con e-parent\" data-id=\"028e69e\" data-element_type=\"container\">\n\t\t\t\t\t<div class=\"e-con-inner\">\n\t\t\t\t<div class=\"elementor-element elementor-element-db02a6c elementor-widget elementor-widget-text-editor\" data-id=\"db02a6c\" data-element_type=\"widget\" data-widget_type=\"text-editor.default\">\n\t\t\t\t<div class=\"elementor-widget-container\">\n\t\t\t\t\t\t\t\t\t<h2><span style=\"color: #c0095c;\">Accede a la colecci\u00f3n completa aqu\u00ed:<\/span><\/h2>\t\t\t\t\t\t\t\t<\/div>\n\t\t\t\t<\/div>\n\t\t\t\t\t<\/div>\n\t\t\t\t<\/div>\n\t\t<div class=\"elementor-element elementor-element-af0af78 e-flex e-con-boxed e-con e-parent\" data-id=\"af0af78\" data-element_type=\"container\">\n\t\t\t\t\t<div class=\"e-con-inner\">\n\t\t\t\t<div class=\"elementor-element elementor-element-e74e866 elementor-widget elementor-widget-spacer\" data-id=\"e74e866\" data-element_type=\"widget\" data-widget_type=\"spacer.default\">\n\t\t\t\t<div class=\"elementor-widget-container\">\n\t\t\t\t\t\t\t<div class=\"elementor-spacer\">\n\t\t\t<div class=\"elementor-spacer-inner\"><\/div>\n\t\t<\/div>\n\t\t\t\t\t\t<\/div>\n\t\t\t\t<\/div>\n\t\t\t\t\t<\/div>\n\t\t\t\t<\/div>\n\t\t<div class=\"elementor-element elementor-element-b07253e e-flex e-con-boxed e-con e-parent\" data-id=\"b07253e\" data-element_type=\"container\">\n\t\t\t\t\t<div class=\"e-con-inner\">\n\t\t<div class=\"elementor-element elementor-element-48afada e-con-full e-flex e-con e-child\" data-id=\"48afada\" data-element_type=\"container\">\n\t\t\t\t<div class=\"elementor-element elementor-element-7de44b6 elementor-widget elementor-widget-shortcode\" data-id=\"7de44b6\" data-element_type=\"widget\" data-widget_type=\"shortcode.default\">\n\t\t\t\t<div class=\"elementor-widget-container\">\n\t\t\t\t\t\t\t<div class=\"elementor-shortcode\"><iframe data-testid=\"embed-iframe\" style=\"border-radius:12px\" src=\"https:\/\/open.spotify.com\/embed\/episode\/4u73kFshkN5alVXGHI9OVB\/video?utm_source=generator\" width=\"496\" height=\"279\" frameborder=\"0\" allowfullscreen=\"\" allow=\"autoplay; clipboard-write; encrypted-media; fullscreen; picture-in-picture\" loading=\"lazy\"><\/iframe><\/div>\n\t\t\t\t\t\t<\/div>\n\t\t\t\t<\/div>\n\t\t\t\t<div class=\"elementor-element elementor-element-0ae67dd elementor-widget elementor-widget-heading\" data-id=\"0ae67dd\" data-element_type=\"widget\" data-widget_type=\"heading.default\">\n\t\t\t\t<div class=\"elementor-widget-container\">\n\t\t\t\t\t<h3 class=\"elementor-heading-title elementor-size-default\"><i>Noticias falsas<\/i> en radiolog\u00eda<\/h3>\t\t\t\t<\/div>\n\t\t\t\t<\/div>\n\t\t\t\t<div class=\"elementor-element elementor-element-2e8c26b elementor-widget elementor-widget-text-editor\" data-id=\"2e8c26b\" data-element_type=\"widget\" data-widget_type=\"text-editor.default\">\n\t\t\t\t<div class=\"elementor-widget-container\">\n\t\t\t\t\t\t\t\t\t<p style=\"text-align: center;\">Invitado: <strong>Dr. Beatriz Mara\u00f1\u00f3n<\/strong><br \/>Moderador: <strong>Dra. Aline Guimar\u00e3es<\/strong><\/p>\t\t\t\t\t\t\t\t<\/div>\n\t\t\t\t<\/div>\n\t\t\t\t<\/div>\n\t\t<div class=\"elementor-element elementor-element-0375606 e-con-full e-flex e-con e-child\" data-id=\"0375606\" data-element_type=\"container\">\n\t\t\t\t<div class=\"elementor-element elementor-element-b237caf elementor-widget elementor-widget-shortcode\" data-id=\"b237caf\" data-element_type=\"widget\" data-widget_type=\"shortcode.default\">\n\t\t\t\t<div class=\"elementor-widget-container\">\n\t\t\t\t\t\t\t<div class=\"elementor-shortcode\"><iframe data-testid=\"embed-iframe\" style=\"border-radius:12px\" src=\"https:\/\/open.spotify.com\/embed\/episode\/59nFl1sME8yCksDex7TUkd\/video?utm_source=generator\" width=\"496\" height=\"279\" frameborder=\"0\" allowfullscreen=\"\" allow=\"autoplay; clipboard-write; encrypted-media; fullscreen; picture-in-picture\" loading=\"lazy\"><\/iframe><\/div>\n\t\t\t\t\t\t<\/div>\n\t\t\t\t<\/div>\n\t\t\t\t<div class=\"elementor-element elementor-element-b383052 elementor-widget elementor-widget-heading\" data-id=\"b383052\" data-element_type=\"widget\" data-widget_type=\"heading.default\">\n\t\t\t\t<div class=\"elementor-widget-container\">\n\t\t\t\t\t<h3 class=\"elementor-heading-title elementor-size-default\">M\u00e9dicos en el interior del pa\u00eds<\/h3>\t\t\t\t<\/div>\n\t\t\t\t<\/div>\n\t\t\t\t<div class=\"elementor-element elementor-element-04ebdc6 elementor-widget elementor-widget-text-editor\" data-id=\"04ebdc6\" data-element_type=\"widget\" data-widget_type=\"text-editor.default\">\n\t\t\t\t<div class=\"elementor-widget-container\">\n\t\t\t\t\t\t\t\t\t<p style=\"text-align: center;\">Invitado: <strong>Dra. Mariana Ferri<\/strong><br \/>Moderadores: <br \/><strong>Dres. Aline Guimar\u00e3es y Linei Urban<\/strong><\/p>\t\t\t\t\t\t\t\t<\/div>\n\t\t\t\t<\/div>\n\t\t\t\t<\/div>\n\t\t<div class=\"elementor-element elementor-element-4db5a7f e-con-full e-flex e-con e-child\" data-id=\"4db5a7f\" data-element_type=\"container\">\n\t\t\t\t<div class=\"elementor-element elementor-element-6f76aa0 elementor-widget elementor-widget-shortcode\" data-id=\"6f76aa0\" data-element_type=\"widget\" data-widget_type=\"shortcode.default\">\n\t\t\t\t<div class=\"elementor-widget-container\">\n\t\t\t\t\t\t\t<div class=\"elementor-shortcode\"><iframe data-testid=\"embed-iframe\" style=\"border-radius:12px\" src=\"https:\/\/open.spotify.com\/embed\/episode\/3kP5CTP0R5M4QBEvwmO0Cd\/video?utm_source=generator\" width=\"496\" height=\"279\" frameborder=\"0\" allowfullscreen=\"\" allow=\"autoplay; clipboard-write; encrypted-media; fullscreen; picture-in-picture\" loading=\"lazy\"><\/iframe><\/div>\n\t\t\t\t\t\t<\/div>\n\t\t\t\t<\/div>\n\t\t\t\t<div class=\"elementor-element elementor-element-bbbe46b elementor-widget elementor-widget-heading\" data-id=\"bbbe46b\" data-element_type=\"widget\" data-widget_type=\"heading.default\">\n\t\t\t\t<div class=\"elementor-widget-container\">\n\t\t\t\t\t<h3 class=\"elementor-heading-title elementor-size-default\">Octubre Rosa<\/h3>\t\t\t\t<\/div>\n\t\t\t\t<\/div>\n\t\t\t\t<div class=\"elementor-element elementor-element-53f01ba elementor-widget elementor-widget-text-editor\" data-id=\"53f01ba\" data-element_type=\"widget\" data-widget_type=\"text-editor.default\">\n\t\t\t\t<div class=\"elementor-widget-container\">\n\t\t\t\t\t\t\t\t\t<p style=\"text-align: center;\">Hu\u00e9spedes: <br \/><strong>Dres. Beatriz Maranh\u00e3o, Ivie Braga de Paula, Linei Urban y Dr. Luciano Chala<\/strong><br \/>Moderador: <strong>Dra. Aline Guimar\u00e3es<\/strong><\/p>\t\t\t\t\t\t\t\t<\/div>\n\t\t\t\t<\/div>\n\t\t\t\t<\/div>\n\t\t\t\t\t<\/div>\n\t\t\t\t<\/div>\n\t\t<div class=\"elementor-element elementor-element-425e02f e-flex e-con-boxed e-con e-parent\" data-id=\"425e02f\" data-element_type=\"container\">\n\t\t\t\t\t<div class=\"e-con-inner\">\n\t\t<div class=\"elementor-element elementor-element-89f0e7b e-con-full e-flex e-con e-child\" data-id=\"89f0e7b\" data-element_type=\"container\">\n\t\t\t\t<div class=\"elementor-element elementor-element-957c5f5 elementor-widget elementor-widget-shortcode\" data-id=\"957c5f5\" data-element_type=\"widget\" data-widget_type=\"shortcode.default\">\n\t\t\t\t<div class=\"elementor-widget-container\">\n\t\t\t\t\t\t\t<div class=\"elementor-shortcode\"><iframe data-testid=\"embed-iframe\" style=\"border-radius:12px\" src=\"https:\/\/open.spotify.com\/embed\/episode\/4u73kFshkN5alVXGHI9OVB\/video?utm_source=generator\" width=\"496\" height=\"279\" frameborder=\"0\" allowfullscreen=\"\" allow=\"autoplay; clipboard-write; encrypted-media; fullscreen; picture-in-picture\" loading=\"lazy\"><\/iframe><\/div>\n\t\t\t\t\t\t<\/div>\n\t\t\t\t<\/div>\n\t\t\t\t<div class=\"elementor-element elementor-element-ec30ae3 elementor-widget elementor-widget-heading\" data-id=\"ec30ae3\" data-element_type=\"widget\" data-widget_type=\"heading.default\">\n\t\t\t\t<div class=\"elementor-widget-container\">\n\t\t\t\t\t<h3 class=\"elementor-heading-title elementor-size-default\">Radiolog\u00eda Solidaria<\/h3>\t\t\t\t<\/div>\n\t\t\t\t<\/div>\n\t\t\t\t<div class=\"elementor-element elementor-element-9c1bec6 elementor-widget elementor-widget-text-editor\" data-id=\"9c1bec6\" data-element_type=\"widget\" data-widget_type=\"text-editor.default\">\n\t\t\t\t<div class=\"elementor-widget-container\">\n\t\t\t\t\t\t\t\t\t<p style=\"text-align: center;\">Hu\u00e9spedes: <br \/><strong>Dres. Ivie Braga de Paula y Luciane St\u00fcpp de Freitas<\/strong><br \/>Moderador: <strong>Dra. Aline Guimar\u00e3es<\/strong><\/p>\t\t\t\t\t\t\t\t<\/div>\n\t\t\t\t<\/div>\n\t\t\t\t<\/div>\n\t\t<div class=\"elementor-element elementor-element-7e25ae6 e-con-full e-flex e-con e-child\" data-id=\"7e25ae6\" data-element_type=\"container\">\n\t\t\t\t<\/div>\n\t\t<div class=\"elementor-element elementor-element-35d7063 e-con-full e-flex e-con e-child\" data-id=\"35d7063\" data-element_type=\"container\">\n\t\t\t\t<\/div>\n\t\t\t\t\t<\/div>\n\t\t\t\t<\/div>\n\t\t<div class=\"elementor-element elementor-element-3e8094a e-flex e-con-boxed e-con e-parent\" data-id=\"3e8094a\" data-element_type=\"container\">\n\t\t\t\t\t<div class=\"e-con-inner\">\n\t\t\t\t\t<\/div>\n\t\t\t\t<\/div>\n\t\t\t\t<\/div>","protected":false},"excerpt":{"rendered":"<p>El Colegio Brasile\u00f1o de Radiolog\u00eda y Diagn\u00f3stico por Imagen (CBR) y la Comisi\u00f3n Nacional de Mamograf\u00eda (CNM-CBR) ponen a disposici\u00f3n, de forma gratuita, una colecci\u00f3n completa de podcasts relacionados con la prevenci\u00f3n y el tratamiento del c\u00e1ncer de mama. Los episodios disponibles cuentan con la participaci\u00f3n de radi\u00f3logos especialistas en radiolog\u00eda mamaria. A lo largo de los episodios, aprender\u00e1 sobre\u2026 <a href=\"https:\/\/cbr.org.br\/es\/comissao-nacional-de-mamografia\/podcast-cnm-cbr\/\">Sigue leyendo<\/a><\/p>","protected":false},"author":8,"featured_media":0,"parent":405,"menu_order":0,"comment_status":"closed","ping_status":"closed","template":"","meta":{"_acf_changed":false,"footnotes":""},"class_list":["post-54550","page","type-page","status-publish","hentry"],"acf":[],"_links":{"self":[{"href":"https:\/\/cbr.org.br\/es\/wp-json\/wp\/v2\/pages\/54550","targetHints":{"allow":["GET"]}}],"collection":[{"href":"https:\/\/cbr.org.br\/es\/wp-json\/wp\/v2\/pages"}],"about":[{"href":"https:\/\/cbr.org.br\/es\/wp-json\/wp\/v2\/types\/page"}],"author":[{"embeddable":true,"href":"https:\/\/cbr.org.br\/es\/wp-json\/wp\/v2\/users\/8"}],"replies":[{"embeddable":true,"href":"https:\/\/cbr.org.br\/es\/wp-json\/wp\/v2\/comments?post=54550"}],"version-history":[{"count":3,"href":"https:\/\/cbr.org.br\/es\/wp-json\/wp\/v2\/pages\/54550\/revisions"}],"predecessor-version":[{"id":54576,"href":"https:\/\/cbr.org.br\/es\/wp-json\/wp\/v2\/pages\/54550\/revisions\/54576"}],"up":[{"embeddable":true,"href":"https:\/\/cbr.org.br\/es\/wp-json\/wp\/v2\/pages\/405"}],"wp:attachment":[{"href":"https:\/\/cbr.org.br\/es\/wp-json\/wp\/v2\/media?parent=54550"}],"curies":[{"name":"wp","href":"https:\/\/api.w.org\/{rel}","templated":true}]}}