{"id":54577,"date":"2026-01-20T15:57:00","date_gmt":"2026-01-20T18:57:00","guid":{"rendered":"https:\/\/cbr.org.br\/?page_id=54577"},"modified":"2026-01-20T16:18:13","modified_gmt":"2026-01-20T19:18:13","slug":"videos-cnm-cbr","status":"publish","type":"page","link":"https:\/\/cbr.org.br\/es\/comissao-nacional-de-mamografia\/videos-cnm-cbr\/","title":{"rendered":"V\u00eddeos del CNM-CBR"},"content":{"rendered":"<div data-elementor-type=\"wp-page\" data-elementor-id=\"54577\" class=\"elementor elementor-54577\" data-elementor-post-type=\"page\">\n\t\t\t\t<div class=\"elementor-element elementor-element-18aa006 e-flex e-con-boxed e-con e-parent\" data-id=\"18aa006\" data-element_type=\"container\">\n\t\t\t\t\t<div class=\"e-con-inner\">\n\t\t\t\t<div class=\"elementor-element elementor-element-624eb82 elementor-widget elementor-widget-spacer\" data-id=\"624eb82\" data-element_type=\"widget\" data-widget_type=\"spacer.default\">\n\t\t\t\t<div class=\"elementor-widget-container\">\n\t\t\t\t\t\t\t<div class=\"elementor-spacer\">\n\t\t\t<div class=\"elementor-spacer-inner\"><\/div>\n\t\t<\/div>\n\t\t\t\t\t\t<\/div>\n\t\t\t\t<\/div>\n\t\t\t\t\t<\/div>\n\t\t\t\t<\/div>\n\t\t<div class=\"elementor-element elementor-element-58a6fb8 e-flex e-con-boxed e-con e-parent\" data-id=\"58a6fb8\" data-element_type=\"container\">\n\t\t\t\t\t<div class=\"e-con-inner\">\n\t\t\t\t<div class=\"elementor-element elementor-element-0c8a9ee elementor-hidden-tablet elementor-hidden-mobile elementor-widget elementor-widget-image\" data-id=\"0c8a9ee\" data-element_type=\"widget\" data-widget_type=\"image.default\">\n\t\t\t\t<div class=\"elementor-widget-container\">\n\t\t\t\t\t\t\t\t\t\t\t\t\t\t\t<img fetchpriority=\"high\" decoding=\"async\" width=\"1900\" height=\"300\" src=\"https:\/\/cbr.org.br\/wp-content\/uploads\/2026\/01\/SiteComissaoMama_1900x300_RadiologiaSolidaria.jpg\" class=\"attachment-full size-full wp-image-54581\" alt=\"\" srcset=\"https:\/\/cbr.org.br\/wp-content\/uploads\/2026\/01\/SiteComissaoMama_1900x300_RadiologiaSolidaria.jpg 1900w, https:\/\/cbr.org.br\/wp-content\/uploads\/2026\/01\/SiteComissaoMama_1900x300_RadiologiaSolidaria-960x152.jpg 960w, https:\/\/cbr.org.br\/wp-content\/uploads\/2026\/01\/SiteComissaoMama_1900x300_RadiologiaSolidaria-450x71.jpg 450w, https:\/\/cbr.org.br\/wp-content\/uploads\/2026\/01\/SiteComissaoMama_1900x300_RadiologiaSolidaria-768x121.jpg 768w, https:\/\/cbr.org.br\/wp-content\/uploads\/2026\/01\/SiteComissaoMama_1900x300_RadiologiaSolidaria-1536x243.jpg 1536w, https:\/\/cbr.org.br\/wp-content\/uploads\/2026\/01\/SiteComissaoMama_1900x300_RadiologiaSolidaria-18x3.jpg 18w\" sizes=\"(max-width: 1900px) 100vw, 1900px\" \/>\t\t\t\t\t\t\t\t\t\t\t\t\t\t\t<\/div>\n\t\t\t\t<\/div>\n\t\t\t\t\t<\/div>\n\t\t\t\t<\/div>\n\t\t<div class=\"elementor-element elementor-element-9033042 e-flex e-con-boxed e-con e-parent\" data-id=\"9033042\" data-element_type=\"container\">\n\t\t\t\t\t<div class=\"e-con-inner\">\n\t\t\t\t<div class=\"elementor-element elementor-element-60f15bc elementor-hidden-desktop elementor-hidden-mobile elementor-widget elementor-widget-image\" data-id=\"60f15bc\" data-element_type=\"widget\" data-widget_type=\"image.default\">\n\t\t\t\t<div class=\"elementor-widget-container\">\n\t\t\t\t\t\t\t\t\t\t\t\t\t\t\t<img decoding=\"async\" src=\"https:\/\/cbr.org.br\/wp-content\/uploads\/elementor\/thumbs\/SiteComissaoMama_700x500_RadiologiaSolidaria-rhy3ebh7arxhbllrrcboh5xj0cjv57hs1o5fd10494.jpg\" title=\"SitioComissaoMama_700x500_Radiolog\u00edaSolidaria\" alt=\"SiteComissaoMama_700x500_RadiologiaSolidaria\" loading=\"lazy\" \/>\t\t\t\t\t\t\t\t\t\t\t\t\t\t\t<\/div>\n\t\t\t\t<\/div>\n\t\t\t\t\t<\/div>\n\t\t\t\t<\/div>\n\t\t<div class=\"elementor-element elementor-element-91966a0 e-flex e-con-boxed e-con e-parent\" data-id=\"91966a0\" data-element_type=\"container\">\n\t\t\t\t\t<div class=\"e-con-inner\">\n\t\t\t\t<div class=\"elementor-element elementor-element-991755f elementor-hidden-desktop elementor-hidden-tablet elementor-widget elementor-widget-image\" data-id=\"991755f\" data-element_type=\"widget\" data-widget_type=\"image.default\">\n\t\t\t\t<div class=\"elementor-widget-container\">\n\t\t\t\t\t\t\t\t\t\t\t\t\t\t\t<img decoding=\"async\" src=\"https:\/\/cbr.org.br\/wp-content\/uploads\/elementor\/thumbs\/SiteComissaoMama_400x500_RadiologiaSolidaria-rhy3dk7s50kkio90xzzd7xs3tozxsdryezyc2o9saw.jpg\" title=\"SitioComissaoMama_400x500_Radiolog\u00edaSolidaria\" alt=\"SiteComissaoMama_400x500_RadiologiaSolidaria\" loading=\"lazy\" \/>\t\t\t\t\t\t\t\t\t\t\t\t\t\t\t<\/div>\n\t\t\t\t<\/div>\n\t\t\t\t\t<\/div>\n\t\t\t\t<\/div>\n\t\t<div class=\"elementor-element elementor-element-6608352 e-flex e-con-boxed e-con e-parent\" data-id=\"6608352\" data-element_type=\"container\">\n\t\t\t\t\t<div class=\"e-con-inner\">\n\t\t\t\t<div class=\"elementor-element elementor-element-9193e00 elementor-widget elementor-widget-spacer\" data-id=\"9193e00\" data-element_type=\"widget\" data-widget_type=\"spacer.default\">\n\t\t\t\t<div class=\"elementor-widget-container\">\n\t\t\t\t\t\t\t<div class=\"elementor-spacer\">\n\t\t\t<div class=\"elementor-spacer-inner\"><\/div>\n\t\t<\/div>\n\t\t\t\t\t\t<\/div>\n\t\t\t\t<\/div>\n\t\t\t\t\t<\/div>\n\t\t\t\t<\/div>\n\t\t<div class=\"elementor-element elementor-element-d52bfd7 e-flex e-con-boxed e-con e-parent\" data-id=\"d52bfd7\" data-element_type=\"container\">\n\t\t\t\t\t<div class=\"e-con-inner\">\n\t\t\t\t<div class=\"elementor-element elementor-element-7b349a2 elementor-widget elementor-widget-text-editor\" data-id=\"7b349a2\" data-element_type=\"widget\" data-widget_type=\"text-editor.default\">\n\t\t\t\t<div class=\"elementor-widget-container\">\n\t\t\t\t\t\t\t\t\t<p class=\"isSelectedEnd\">Bienvenido a la p\u00e1gina de videos de <strong>Comisi\u00f3n Nacional de Mamograf\u00eda (CNM) <\/strong>del <strong>Colegio Brasile\u00f1o de Radiolog\u00eda y Diagn\u00f3stico por Imagen (CBR).<\/strong> Este espacio fue creado para reunir contenido t\u00e9cnico, cient\u00edfico y educativo que refleje el compromiso de la Comisi\u00f3n con la excelencia en la pr\u00e1ctica de la mamograf\u00eda, la estandarizaci\u00f3n de procedimientos y el desarrollo profesional continuo de quienes trabajan en el diagn\u00f3stico por im\u00e1genes mamarias.<\/p><p>Aqu\u00ed encontrar\u00e1 videos con orientaci\u00f3n, debates, entrevistas, clases y debates impartidos por expertos, que abordan temas actuales y relevantes, con \u00e9nfasis en la calidad, la seguridad del paciente y el papel fundamental de la mamograf\u00eda en el diagn\u00f3stico precoz del c\u00e1ncer de mama. Nuestro objetivo es apoyar la formaci\u00f3n, el desarrollo profesional y la difusi\u00f3n del conocimiento en beneficio de la salud de la mujer.<\/p>\t\t\t\t\t\t\t\t<\/div>\n\t\t\t\t<\/div>\n\t\t\t\t\t<\/div>\n\t\t\t\t<\/div>\n\t\t<div class=\"elementor-element elementor-element-1221f5c e-flex e-con-boxed e-con e-parent\" data-id=\"1221f5c\" data-element_type=\"container\">\n\t\t\t\t\t<div class=\"e-con-inner\">\n\t\t\t\t<div class=\"elementor-element elementor-element-7a802a8 elementor-widget elementor-widget-spacer\" data-id=\"7a802a8\" data-element_type=\"widget\" data-widget_type=\"spacer.default\">\n\t\t\t\t<div class=\"elementor-widget-container\">\n\t\t\t\t\t\t\t<div class=\"elementor-spacer\">\n\t\t\t<div class=\"elementor-spacer-inner\"><\/div>\n\t\t<\/div>\n\t\t\t\t\t\t<\/div>\n\t\t\t\t<\/div>\n\t\t\t\t\t<\/div>\n\t\t\t\t<\/div>\n\t\t<div class=\"elementor-element elementor-element-028e69e e-flex e-con-boxed e-con e-parent\" data-id=\"028e69e\" data-element_type=\"container\">\n\t\t\t\t\t<div class=\"e-con-inner\">\n\t\t\t\t<div class=\"elementor-element elementor-element-db02a6c elementor-widget elementor-widget-text-editor\" data-id=\"db02a6c\" data-element_type=\"widget\" data-widget_type=\"text-editor.default\">\n\t\t\t\t<div class=\"elementor-widget-container\">\n\t\t\t\t\t\t\t\t\t<h2><span style=\"color: #c0095c;\">Accede gratuitamente a nuestra colecci\u00f3n:<\/span><\/h2>\t\t\t\t\t\t\t\t<\/div>\n\t\t\t\t<\/div>\n\t\t\t\t\t<\/div>\n\t\t\t\t<\/div>\n\t\t<div class=\"elementor-element elementor-element-af0af78 e-flex e-con-boxed e-con e-parent\" data-id=\"af0af78\" data-element_type=\"container\">\n\t\t\t\t\t<div class=\"e-con-inner\">\n\t\t\t\t<div class=\"elementor-element elementor-element-e74e866 elementor-widget elementor-widget-spacer\" data-id=\"e74e866\" data-element_type=\"widget\" data-widget_type=\"spacer.default\">\n\t\t\t\t<div class=\"elementor-widget-container\">\n\t\t\t\t\t\t\t<div class=\"elementor-spacer\">\n\t\t\t<div class=\"elementor-spacer-inner\"><\/div>\n\t\t<\/div>\n\t\t\t\t\t\t<\/div>\n\t\t\t\t<\/div>\n\t\t\t\t\t<\/div>\n\t\t\t\t<\/div>\n\t\t<div class=\"elementor-element elementor-element-c89e936 e-flex e-con-boxed e-con e-parent\" data-id=\"c89e936\" data-element_type=\"container\">\n\t\t\t\t\t<div class=\"e-con-inner\">\n\t\t<div class=\"elementor-element elementor-element-6ccd822 e-con-full e-flex e-con e-child\" data-id=\"6ccd822\" data-element_type=\"container\">\n\t\t\t\t<div class=\"elementor-element elementor-element-0a5cf73 elementor-widget elementor-widget-video\" data-id=\"0a5cf73\" data-element_type=\"widget\" data-settings=\"{&quot;youtube_url&quot;:&quot;https:\\\/\\\/www.youtube.com\\\/watch?v=NFLN4VpQzdk&amp;t=60s&quot;,&quot;video_type&quot;:&quot;youtube&quot;,&quot;controls&quot;:&quot;yes&quot;}\" data-widget_type=\"video.default\">\n\t\t\t\t<div class=\"elementor-widget-container\">\n\t\t\t\t\t\t\t<div class=\"elementor-wrapper elementor-open-inline\">\n\t\t\t<div class=\"elementor-video\"><\/div>\t\t<\/div>\n\t\t\t\t\t\t<\/div>\n\t\t\t\t<\/div>\n\t\t\t\t<div class=\"elementor-element elementor-element-b975e86 elementor-widget elementor-widget-heading\" data-id=\"b975e86\" data-element_type=\"widget\" data-widget_type=\"heading.default\">\n\t\t\t\t<div class=\"elementor-widget-container\">\n\t\t\t\t\t<h3 class=\"elementor-heading-title elementor-size-default\">Clase Octubre Rosa - C\u00e1ncer de Mama - CNM\/CBR<\/h3>\t\t\t\t<\/div>\n\t\t\t\t<\/div>\n\t\t\t\t<div class=\"elementor-element elementor-element-345f420 elementor-widget elementor-widget-text-editor\" data-id=\"345f420\" data-element_type=\"widget\" data-widget_type=\"text-editor.default\">\n\t\t\t\t<div class=\"elementor-widget-container\">\n\t\t\t\t\t\t\t\t\t<p style=\"text-align: center;\"><strong>Presentaci\u00f3n:<\/strong> <br \/>Dra. Luciane St\u00fcpp de Freitas<\/p>\t\t\t\t\t\t\t\t<\/div>\n\t\t\t\t<\/div>\n\t\t\t\t<\/div>\n\t\t<div class=\"elementor-element elementor-element-7b32a68 e-con-full e-flex e-con e-child\" data-id=\"7b32a68\" data-element_type=\"container\">\n\t\t\t\t<div class=\"elementor-element elementor-element-47bc9bc elementor-widget elementor-widget-video\" data-id=\"47bc9bc\" data-element_type=\"widget\" data-settings=\"{&quot;youtube_url&quot;:&quot;https:\\\/\\\/youtu.be\\\/cxMrQrfwY4o&quot;,&quot;video_type&quot;:&quot;youtube&quot;,&quot;controls&quot;:&quot;yes&quot;}\" data-widget_type=\"video.default\">\n\t\t\t\t<div class=\"elementor-widget-container\">\n\t\t\t\t\t\t\t<div class=\"elementor-wrapper elementor-open-inline\">\n\t\t\t<div class=\"elementor-video\"><\/div>\t\t<\/div>\n\t\t\t\t\t\t<\/div>\n\t\t\t\t<\/div>\n\t\t\t\t<div class=\"elementor-element elementor-element-e5e9f1a elementor-widget elementor-widget-heading\" data-id=\"e5e9f1a\" data-element_type=\"widget\" data-widget_type=\"heading.default\">\n\t\t\t\t<div class=\"elementor-widget-container\">\n\t\t\t\t\t<h3 class=\"elementor-heading-title elementor-size-default\">La Dra. Ivie Braga de Paula concede una entrevista a JRNews.<\/h3>\t\t\t\t<\/div>\n\t\t\t\t<\/div>\n\t\t\t\t<div class=\"elementor-element elementor-element-144b4e7 elementor-widget elementor-widget-text-editor\" data-id=\"144b4e7\" data-element_type=\"widget\" data-widget_type=\"text-editor.default\">\n\t\t\t\t<div class=\"elementor-widget-container\">\n\t\t\t\t\t\t\t\t\t<p style=\"text-align: center;\"><strong>Participaci\u00f3n:<\/strong><br \/>Dr. Ivi Braga de Paula<br \/>Coordinador del CNM-CBR<br \/>(Bienio 2025-2026)<\/p>\t\t\t\t\t\t\t\t<\/div>\n\t\t\t\t<\/div>\n\t\t\t\t<\/div>\n\t\t<div class=\"elementor-element elementor-element-1600396 e-con-full e-flex e-con e-child\" data-id=\"1600396\" data-element_type=\"container\">\n\t\t\t\t<\/div>\n\t\t\t\t\t<\/div>\n\t\t\t\t<\/div>\n\t\t<div class=\"elementor-element elementor-element-589903e e-flex e-con-boxed e-con e-parent\" data-id=\"589903e\" data-element_type=\"container\">\n\t\t\t\t\t<div class=\"e-con-inner\">\n\t\t<div class=\"elementor-element elementor-element-33d5ef8 e-con-full e-flex e-con e-child\" data-id=\"33d5ef8\" data-element_type=\"container\">\n\t\t\t\t<\/div>\n\t\t<div class=\"elementor-element elementor-element-df60749 e-con-full e-flex e-con e-child\" data-id=\"df60749\" data-element_type=\"container\">\n\t\t\t\t<\/div>\n\t\t<div class=\"elementor-element elementor-element-e560071 e-con-full e-flex e-con e-child\" data-id=\"e560071\" data-element_type=\"container\">\n\t\t\t\t<\/div>\n\t\t\t\t\t<\/div>\n\t\t\t\t<\/div>\n\t\t<div class=\"elementor-element elementor-element-6822938 e-flex e-con-boxed e-con e-parent\" data-id=\"6822938\" data-element_type=\"container\">\n\t\t\t\t\t<div class=\"e-con-inner\">\n\t\t\t\t<div class=\"elementor-element elementor-element-8fe0c4f elementor-widget elementor-widget-spacer\" data-id=\"8fe0c4f\" data-element_type=\"widget\" data-widget_type=\"spacer.default\">\n\t\t\t\t<div class=\"elementor-widget-container\">\n\t\t\t\t\t\t\t<div class=\"elementor-spacer\">\n\t\t\t<div class=\"elementor-spacer-inner\"><\/div>\n\t\t<\/div>\n\t\t\t\t\t\t<\/div>\n\t\t\t\t<\/div>\n\t\t\t\t\t<\/div>\n\t\t\t\t<\/div>\n\t\t\t\t<\/div>","protected":false},"excerpt":{"rendered":"<p>Bienvenidos a la p\u00e1gina de videos de la Comisi\u00f3n Nacional de Mamograf\u00eda (CNM) del Colegio Brasile\u00f1o de Radiolog\u00eda y Diagn\u00f3stico por Imagen (CBR). Este espacio se cre\u00f3 para reunir contenido t\u00e9cnico, cient\u00edfico y educativo que refleja el compromiso de la Comisi\u00f3n con la excelencia en la pr\u00e1ctica mamogr\u00e1fica, la estandarizaci\u00f3n de procedimientos y el desarrollo profesional continuo. <a href=\"https:\/\/cbr.org.br\/es\/comissao-nacional-de-mamografia\/videos-cnm-cbr\/\">Sigue leyendo<\/a><\/p>","protected":false},"author":8,"featured_media":0,"parent":405,"menu_order":0,"comment_status":"closed","ping_status":"closed","template":"","meta":{"_acf_changed":false,"footnotes":""},"class_list":["post-54577","page","type-page","status-publish","hentry"],"acf":[],"_links":{"self":[{"href":"https:\/\/cbr.org.br\/es\/wp-json\/wp\/v2\/pages\/54577","targetHints":{"allow":["GET"]}}],"collection":[{"href":"https:\/\/cbr.org.br\/es\/wp-json\/wp\/v2\/pages"}],"about":[{"href":"https:\/\/cbr.org.br\/es\/wp-json\/wp\/v2\/types\/page"}],"author":[{"embeddable":true,"href":"https:\/\/cbr.org.br\/es\/wp-json\/wp\/v2\/users\/8"}],"replies":[{"embeddable":true,"href":"https:\/\/cbr.org.br\/es\/wp-json\/wp\/v2\/comments?post=54577"}],"version-history":[{"count":3,"href":"https:\/\/cbr.org.br\/es\/wp-json\/wp\/v2\/pages\/54577\/revisions"}],"predecessor-version":[{"id":54594,"href":"https:\/\/cbr.org.br\/es\/wp-json\/wp\/v2\/pages\/54577\/revisions\/54594"}],"up":[{"embeddable":true,"href":"https:\/\/cbr.org.br\/es\/wp-json\/wp\/v2\/pages\/405"}],"wp:attachment":[{"href":"https:\/\/cbr.org.br\/es\/wp-json\/wp\/v2\/media?parent=54577"}],"curies":[{"name":"wp","href":"https:\/\/api.w.org\/{rel}","templated":true}]}}