{"id":54730,"date":"2026-02-09T18:36:18","date_gmt":"2026-02-09T21:36:18","guid":{"rendered":"https:\/\/cbr.org.br\/?page_id=54730"},"modified":"2026-02-26T10:30:39","modified_gmt":"2026-02-26T13:30:39","slug":"parceria-cbr-e-elsevier","status":"publish","type":"page","link":"https:\/\/cbr.org.br\/es\/parceria-cbr-e-elsevier\/","title":{"rendered":"Asociaci\u00f3n entre CBR y Elsevier"},"content":{"rendered":"<div data-elementor-type=\"wp-page\" data-elementor-id=\"54730\" class=\"elementor elementor-54730\" data-elementor-post-type=\"page\">\n\t\t\t\t<div class=\"elementor-element elementor-element-5cdd088 e-flex e-con-boxed e-con e-parent\" data-id=\"5cdd088\" data-element_type=\"container\">\n\t\t\t\t\t<div class=\"e-con-inner\">\n\t\t\t\t<div class=\"elementor-element elementor-element-9637e7a elementor-widget elementor-widget-spacer\" data-id=\"9637e7a\" data-element_type=\"widget\" data-widget_type=\"spacer.default\">\n\t\t\t\t<div class=\"elementor-widget-container\">\n\t\t\t\t\t\t\t<div class=\"elementor-spacer\">\n\t\t\t<div class=\"elementor-spacer-inner\"><\/div>\n\t\t<\/div>\n\t\t\t\t\t\t<\/div>\n\t\t\t\t<\/div>\n\t\t\t\t\t<\/div>\n\t\t\t\t<\/div>\n\t\t<div class=\"elementor-element elementor-element-ec9dfaf e-flex e-con-boxed e-con e-parent\" data-id=\"ec9dfaf\" data-element_type=\"container\">\n\t\t\t\t\t<div class=\"e-con-inner\">\n\t\t\t\t<div class=\"elementor-element elementor-element-91191a2 elementor-hidden-tablet elementor-hidden-mobile elementor-widget elementor-widget-image\" data-id=\"91191a2\" data-element_type=\"widget\" data-widget_type=\"image.default\">\n\t\t\t\t<div class=\"elementor-widget-container\">\n\t\t\t\t\t\t\t\t\t\t\t\t\t\t\t<img decoding=\"async\" src=\"https:\/\/cbr.org.br\/wp-content\/uploads\/elementor\/thumbs\/Banner-site-CBR_Elsevier_1920x300-riy8p7g7a6ss136l4nc7nrmcfnlkw9j1smhc2bt3ug.jpg\" title=\"Banner del sitio web CBR_Elsevier_1920x300\" alt=\"Banner site CBR_Elsevier_1920x300\" loading=\"lazy\" \/>\t\t\t\t\t\t\t\t\t\t\t\t\t\t\t<\/div>\n\t\t\t\t<\/div>\n\t\t\t\t\t<\/div>\n\t\t\t\t<\/div>\n\t\t<div class=\"elementor-element elementor-element-c16d9f6 e-flex e-con-boxed e-con e-parent\" data-id=\"c16d9f6\" data-element_type=\"container\">\n\t\t\t\t\t<div class=\"e-con-inner\">\n\t\t\t\t<div class=\"elementor-element elementor-element-85f622b elementor-hidden-desktop elementor-hidden-tablet elementor-widget elementor-widget-image\" data-id=\"85f622b\" data-element_type=\"widget\" data-widget_type=\"image.default\">\n\t\t\t\t<div class=\"elementor-widget-container\">\n\t\t\t\t\t\t\t\t\t\t\t\t\t\t\t<img decoding=\"async\" src=\"https:\/\/cbr.org.br\/wp-content\/uploads\/elementor\/thumbs\/Banner-site-CBR_Elsevier_400x500-riy8p6hukrfh57gxr523p3ryov1pz5kqp6lzymu93c.jpg\" title=\"Banner del sitio web CBR_Elsevier_400x500\" alt=\"Banner site CBR_Elsevier_400x500\" loading=\"lazy\" \/>\t\t\t\t\t\t\t\t\t\t\t\t\t\t\t<\/div>\n\t\t\t\t<\/div>\n\t\t\t\t\t<\/div>\n\t\t\t\t<\/div>\n\t\t<div class=\"elementor-element elementor-element-0565028 e-flex e-con-boxed e-con e-parent\" data-id=\"0565028\" data-element_type=\"container\">\n\t\t\t\t\t<div class=\"e-con-inner\">\n\t\t\t\t<div class=\"elementor-element elementor-element-8726fe6 elementor-hidden-desktop elementor-hidden-mobile elementor-widget elementor-widget-image\" data-id=\"8726fe6\" data-element_type=\"widget\" data-widget_type=\"image.default\">\n\t\t\t\t<div class=\"elementor-widget-container\">\n\t\t\t\t\t\t\t\t\t\t\t\t\t\t\t<img decoding=\"async\" src=\"https:\/\/cbr.org.br\/wp-content\/uploads\/elementor\/thumbs\/Banner-site-CBR_Elsevier_700x500-riy8p5k41hps9tyn557lvj1k1ygmx26m7z8iuoqe88.jpg\" title=\"Banner del sitio web CBR_Elsevier_700x500\" alt=\"Banner site CBR_Elsevier_700x500\" loading=\"lazy\" \/>\t\t\t\t\t\t\t\t\t\t\t\t\t\t\t<\/div>\n\t\t\t\t<\/div>\n\t\t\t\t\t<\/div>\n\t\t\t\t<\/div>\n\t\t<div class=\"elementor-element elementor-element-6370ef1 e-flex e-con-boxed e-con e-parent\" data-id=\"6370ef1\" data-element_type=\"container\">\n\t\t\t\t\t<div class=\"e-con-inner\">\n\t\t\t\t<div class=\"elementor-element elementor-element-9b71fb4 elementor-widget elementor-widget-spacer\" data-id=\"9b71fb4\" data-element_type=\"widget\" data-widget_type=\"spacer.default\">\n\t\t\t\t<div class=\"elementor-widget-container\">\n\t\t\t\t\t\t\t<div class=\"elementor-spacer\">\n\t\t\t<div class=\"elementor-spacer-inner\"><\/div>\n\t\t<\/div>\n\t\t\t\t\t\t<\/div>\n\t\t\t\t<\/div>\n\t\t\t\t\t<\/div>\n\t\t\t\t<\/div>\n\t\t<div class=\"elementor-element elementor-element-5a2a077 e-flex e-con-boxed e-con e-parent\" data-id=\"5a2a077\" data-element_type=\"container\">\n\t\t\t\t\t<div class=\"e-con-inner\">\n\t\t\t\t<div class=\"elementor-element elementor-element-ac9ae42 elementor-widget elementor-widget-heading\" data-id=\"ac9ae42\" data-element_type=\"widget\" data-widget_type=\"heading.default\">\n\t\t\t\t<div class=\"elementor-widget-container\">\n\t\t\t\t\t<h3 class=\"elementor-heading-title elementor-size-default\">RadPrimer<\/h3>\t\t\t\t<\/div>\n\t\t\t\t<\/div>\n\t\t\t\t\t<\/div>\n\t\t\t\t<\/div>\n\t\t<div class=\"elementor-element elementor-element-fbca648 e-flex e-con-boxed e-con e-parent\" data-id=\"fbca648\" data-element_type=\"container\">\n\t\t\t\t\t<div class=\"e-con-inner\">\n\t\t<div class=\"elementor-element elementor-element-a68e2d9 e-con-full e-flex e-con e-child\" data-id=\"a68e2d9\" data-element_type=\"container\">\n\t\t\t\t<div class=\"elementor-element elementor-element-aadfb67 elementor-widget elementor-widget-image\" data-id=\"aadfb67\" data-element_type=\"widget\" data-widget_type=\"image.default\">\n\t\t\t\t<div class=\"elementor-widget-container\">\n\t\t\t\t\t\t\t\t\t\t\t\t\t\t\t<img fetchpriority=\"high\" decoding=\"async\" width=\"360\" height=\"250\" src=\"https:\/\/cbr.org.br\/wp-content\/uploads\/2026\/02\/RadPrimer.jpg\" class=\"attachment-large size-large wp-image-54750\" alt=\"\" srcset=\"https:\/\/cbr.org.br\/wp-content\/uploads\/2026\/02\/RadPrimer.jpg 360w, https:\/\/cbr.org.br\/wp-content\/uploads\/2026\/02\/RadPrimer-18x12.jpg 18w\" sizes=\"(max-width: 360px) 100vw, 360px\" \/>\t\t\t\t\t\t\t\t\t\t\t\t\t\t\t<\/div>\n\t\t\t\t<\/div>\n\t\t\t\t<\/div>\n\t\t<div class=\"elementor-element elementor-element-3e1e525 e-con-full e-flex e-con e-child\" data-id=\"3e1e525\" data-element_type=\"container\">\n\t\t\t\t<div class=\"elementor-element elementor-element-906eba3 elementor-widget elementor-widget-text-editor\" data-id=\"906eba3\" data-element_type=\"widget\" data-widget_type=\"text-editor.default\">\n\t\t\t\t<div class=\"elementor-widget-container\">\n\t\t\t\t\t\t\t\t\t<p style=\"text-align: justify;\">Una plataforma educativa desarrollada para apoyar a estudiantes y residentes en Radiolog\u00eda y Diagn\u00f3stico por Imagen. La soluci\u00f3n ofrece rutas de aprendizaje estructuradas, m\u00f3dulos interactivos, evaluaciones y contenido actualizado, lo que facilita una formaci\u00f3n s\u00f3lida y alineada con las mejores pr\u00e1cticas internacionales.\u00a0\u00a0<span style=\"font-size: 1rem;\">RADPrmer es reconocido por su capacidad para preparar profesionales para certificaciones y promover la educaci\u00f3n continua de excelencia.<\/span><\/p>\n<p style=\"text-align: justify;\">Validada por nuestro Consejo Asesor Acad\u00e9mico y expertos en radiolog\u00eda, esta es la herramienta n\u00famero uno en los Estados Unidos, utilizada por los programas de residencia e im\u00e1genes 85%.<\/p>\t\t\t\t\t\t\t\t<\/div>\n\t\t\t\t<\/div>\n\t\t\t\t<div class=\"elementor-element elementor-element-82ca2cc elementor-widget elementor-widget-text-editor\" data-id=\"82ca2cc\" data-element_type=\"widget\" data-widget_type=\"text-editor.default\">\n\t\t\t\t<div class=\"elementor-widget-container\">\n\t\t\t\t\t\t\t\t\t<p><strong>Condiciones especiales:<br \/><\/strong><br \/><strong>$ 250,00\/a\u00f1o<\/strong> (doscientos cincuenta d\u00f3lares) <strong>- con permiso<\/strong><br \/>Descuento exclusivo para miembros del CBR al corriente de sus obligaciones \u2013 (descuento de 54,5%)<\/p><p>Utilice el c\u00f3digo \u00fanico para obtener el descuento:\u00a0<span style=\"color: #000000;\"><b>RADPRIMER4CBR<\/b><\/span><\/p>\t\t\t\t\t\t\t\t<\/div>\n\t\t\t\t<\/div>\n\t\t\t\t<div class=\"elementor-element elementor-element-cf07e62 elementor-widget elementor-widget-spacer\" data-id=\"cf07e62\" data-element_type=\"widget\" data-widget_type=\"spacer.default\">\n\t\t\t\t<div class=\"elementor-widget-container\">\n\t\t\t\t\t\t\t<div class=\"elementor-spacer\">\n\t\t\t<div class=\"elementor-spacer-inner\"><\/div>\n\t\t<\/div>\n\t\t\t\t\t\t<\/div>\n\t\t\t\t<\/div>\n\t\t\t\t<div class=\"elementor-element elementor-element-108f2ff elementor-align-center elementor-widget elementor-widget-button\" data-id=\"108f2ff\" data-element_type=\"widget\" data-widget_type=\"button.default\">\n\t\t\t\t<div class=\"elementor-widget-container\">\n\t\t\t\t\t\t\t\t\t<div class=\"elementor-button-wrapper\">\n\t\t\t\t\t<a class=\"elementor-button elementor-button-link elementor-size-sm\" href=\"https:\/\/www.us.elsevierhealth.com\/radprimer.html\">\n\t\t\t\t\t\t<span class=\"elementor-button-content-wrapper\">\n\t\t\t\t\t\t\t\t\t<span class=\"elementor-button-text\">Obtenga la soluci\u00f3n ahora con un descuento exclusivo.<\/span>\n\t\t\t\t\t<\/span>\n\t\t\t\t\t<\/a>\n\t\t\t\t<\/div>\n\t\t\t\t\t\t\t\t<\/div>\n\t\t\t\t<\/div>\n\t\t\t\t<\/div>\n\t\t\t\t\t<\/div>\n\t\t\t\t<\/div>\n\t\t<div class=\"elementor-element elementor-element-615c9f3 e-flex e-con-boxed e-con e-parent\" data-id=\"615c9f3\" data-element_type=\"container\">\n\t\t\t\t\t<div class=\"e-con-inner\">\n\t\t\t\t<div class=\"elementor-element elementor-element-fd579fb elementor-widget elementor-widget-spacer\" data-id=\"fd579fb\" data-element_type=\"widget\" data-widget_type=\"spacer.default\">\n\t\t\t\t<div class=\"elementor-widget-container\">\n\t\t\t\t\t\t\t<div class=\"elementor-spacer\">\n\t\t\t<div class=\"elementor-spacer-inner\"><\/div>\n\t\t<\/div>\n\t\t\t\t\t\t<\/div>\n\t\t\t\t<\/div>\n\t\t\t\t\t<\/div>\n\t\t\t\t<\/div>\n\t\t<div class=\"elementor-element elementor-element-fb74ad7 e-flex e-con-boxed e-con e-parent\" data-id=\"fb74ad7\" data-element_type=\"container\">\n\t\t\t\t\t<div class=\"e-con-inner\">\n\t\t\t\t<div class=\"elementor-element elementor-element-8db7d87 elementor-widget elementor-widget-heading\" data-id=\"8db7d87\" data-element_type=\"widget\" data-widget_type=\"heading.default\">\n\t\t\t\t<div class=\"elementor-widget-container\">\n\t\t\t\t\t<h3 class=\"elementor-heading-title elementor-size-default\">STATdx<\/h3>\t\t\t\t<\/div>\n\t\t\t\t<\/div>\n\t\t\t\t\t<\/div>\n\t\t\t\t<\/div>\n\t\t<div class=\"elementor-element elementor-element-1deebc1 e-flex e-con-boxed e-con e-parent\" data-id=\"1deebc1\" data-element_type=\"container\">\n\t\t\t\t\t<div class=\"e-con-inner\">\n\t\t<div class=\"elementor-element elementor-element-32762fa e-con-full e-flex e-con e-child\" data-id=\"32762fa\" data-element_type=\"container\">\n\t\t\t\t<div class=\"elementor-element elementor-element-712c3d3 elementor-widget elementor-widget-image\" data-id=\"712c3d3\" data-element_type=\"widget\" data-widget_type=\"image.default\">\n\t\t\t\t<div class=\"elementor-widget-container\">\n\t\t\t\t\t\t\t\t\t\t\t\t\t\t\t<img decoding=\"async\" width=\"360\" height=\"250\" src=\"https:\/\/cbr.org.br\/wp-content\/uploads\/2026\/02\/Statdx.jpg\" class=\"attachment-large size-large wp-image-54749\" alt=\"\" srcset=\"https:\/\/cbr.org.br\/wp-content\/uploads\/2026\/02\/Statdx.jpg 360w, https:\/\/cbr.org.br\/wp-content\/uploads\/2026\/02\/Statdx-18x12.jpg 18w\" sizes=\"(max-width: 360px) 100vw, 360px\" \/>\t\t\t\t\t\t\t\t\t\t\t\t\t\t\t<\/div>\n\t\t\t\t<\/div>\n\t\t\t\t<\/div>\n\t\t<div class=\"elementor-element elementor-element-2b7ef1d e-con-full e-flex e-con e-child\" data-id=\"2b7ef1d\" data-element_type=\"container\">\n\t\t\t\t<div class=\"elementor-element elementor-element-887b4d2 elementor-widget elementor-widget-text-editor\" data-id=\"887b4d2\" data-element_type=\"widget\" data-widget_type=\"text-editor.default\">\n\t\t\t\t<div class=\"elementor-widget-container\">\n\t\t\t\t\t\t\t\t\t<p style=\"text-align: justify;\">La soluci\u00f3n multidisciplinaria m\u00e1s completa y confiable para apoyar a hospitales e instituciones educativas en la mejora de la seguridad del paciente y la calidad de la atenci\u00f3n. La plataforma facilita la capacitaci\u00f3n y el aprendizaje, reduce la variabilidad cl\u00ednica y garantiza una estandarizaci\u00f3n alineada con las mejores pr\u00e1cticas.<\/p>\t\t\t\t\t\t\t\t<\/div>\n\t\t\t\t<\/div>\n\t\t\t\t<div class=\"elementor-element elementor-element-22c5529 elementor-widget elementor-widget-text-editor\" data-id=\"22c5529\" data-element_type=\"widget\" data-widget_type=\"text-editor.default\">\n\t\t\t\t<div class=\"elementor-widget-container\">\n\t\t\t\t\t\t\t\t\t<p><strong>Condiciones especiales:<br \/><\/strong><br \/><strong>$ 350,00\/a\u00f1o<\/strong> (trescientos cincuenta d\u00f3lares) \u2013 <strong>por licencia<\/strong><br \/><strong>Descuento exclusivo<\/strong> Para miembros del CBR con buena reputaci\u00f3n \u2013 <strong>(descuento 86%).<\/strong><\/p><p>Utilice el c\u00f3digo \u00fanico para obtener el descuento:\u00a0<span style=\"color: #000000;\"><b>STATDX4CBR<\/b><\/span><\/p>\t\t\t\t\t\t\t\t<\/div>\n\t\t\t\t<\/div>\n\t\t\t\t<div class=\"elementor-element elementor-element-c2a4d73 elementor-widget elementor-widget-spacer\" data-id=\"c2a4d73\" data-element_type=\"widget\" data-widget_type=\"spacer.default\">\n\t\t\t\t<div class=\"elementor-widget-container\">\n\t\t\t\t\t\t\t<div class=\"elementor-spacer\">\n\t\t\t<div class=\"elementor-spacer-inner\"><\/div>\n\t\t<\/div>\n\t\t\t\t\t\t<\/div>\n\t\t\t\t<\/div>\n\t\t\t\t<div class=\"elementor-element elementor-element-563f087 elementor-align-center elementor-widget elementor-widget-button\" data-id=\"563f087\" data-element_type=\"widget\" data-widget_type=\"button.default\">\n\t\t\t\t<div class=\"elementor-widget-container\">\n\t\t\t\t\t\t\t\t\t<div class=\"elementor-button-wrapper\">\n\t\t\t\t\t<a class=\"elementor-button elementor-button-link elementor-size-sm\" href=\"https:\/\/www.us.elsevierhealth.com\/statdx.html\">\n\t\t\t\t\t\t<span class=\"elementor-button-content-wrapper\">\n\t\t\t\t\t\t\t\t\t<span class=\"elementor-button-text\">Obtenga la soluci\u00f3n ahora con un descuento exclusivo.<\/span>\n\t\t\t\t\t<\/span>\n\t\t\t\t\t<\/a>\n\t\t\t\t<\/div>\n\t\t\t\t\t\t\t\t<\/div>\n\t\t\t\t<\/div>\n\t\t\t\t<\/div>\n\t\t\t\t\t<\/div>\n\t\t\t\t<\/div>\n\t\t<div class=\"elementor-element elementor-element-7fd95e9 e-flex e-con-boxed e-con e-parent\" data-id=\"7fd95e9\" data-element_type=\"container\">\n\t\t\t\t\t<div class=\"e-con-inner\">\n\t\t\t\t<div class=\"elementor-element elementor-element-4965669 elementor-widget elementor-widget-spacer\" data-id=\"4965669\" data-element_type=\"widget\" data-widget_type=\"spacer.default\">\n\t\t\t\t<div class=\"elementor-widget-container\">\n\t\t\t\t\t\t\t<div class=\"elementor-spacer\">\n\t\t\t<div class=\"elementor-spacer-inner\"><\/div>\n\t\t<\/div>\n\t\t\t\t\t\t<\/div>\n\t\t\t\t<\/div>\n\t\t\t\t\t<\/div>\n\t\t\t\t<\/div>\n\t\t<div class=\"elementor-element elementor-element-cbbf67f e-flex e-con-boxed e-con e-parent\" data-id=\"cbbf67f\" data-element_type=\"container\">\n\t\t\t\t\t<div class=\"e-con-inner\">\n\t\t\t\t\t<\/div>\n\t\t\t\t<\/div>\n\t\t\t\t<\/div>","protected":false},"excerpt":{"rendered":"<p>RadPrimer es una plataforma educativa desarrollada para apoyar a estudiantes y residentes de Radiolog\u00eda e Imagen Diagn\u00f3stica. La soluci\u00f3n ofrece itinerarios de aprendizaje estructurados, m\u00f3dulos interactivos, evaluaciones y contenido actualizado, lo que permite una formaci\u00f3n s\u00f3lida alineada con las mejores pr\u00e1cticas internacionales. RADPrmer es reconocida por su capacidad para preparar a los profesionales para las certificaciones y promover la formaci\u00f3n continua de excelencia. Validada\u2026 <a href=\"https:\/\/cbr.org.br\/es\/parceria-cbr-e-elsevier\/\">Sigue leyendo<\/a><\/p>","protected":false},"author":8,"featured_media":0,"parent":0,"menu_order":0,"comment_status":"closed","ping_status":"closed","template":"","meta":{"_acf_changed":false,"footnotes":""},"class_list":["post-54730","page","type-page","status-publish","hentry"],"acf":[],"_links":{"self":[{"href":"https:\/\/cbr.org.br\/es\/wp-json\/wp\/v2\/pages\/54730","targetHints":{"allow":["GET"]}}],"collection":[{"href":"https:\/\/cbr.org.br\/es\/wp-json\/wp\/v2\/pages"}],"about":[{"href":"https:\/\/cbr.org.br\/es\/wp-json\/wp\/v2\/types\/page"}],"author":[{"embeddable":true,"href":"https:\/\/cbr.org.br\/es\/wp-json\/wp\/v2\/users\/8"}],"replies":[{"embeddable":true,"href":"https:\/\/cbr.org.br\/es\/wp-json\/wp\/v2\/comments?post=54730"}],"version-history":[{"count":3,"href":"https:\/\/cbr.org.br\/es\/wp-json\/wp\/v2\/pages\/54730\/revisions"}],"predecessor-version":[{"id":55018,"href":"https:\/\/cbr.org.br\/es\/wp-json\/wp\/v2\/pages\/54730\/revisions\/55018"}],"wp:attachment":[{"href":"https:\/\/cbr.org.br\/es\/wp-json\/wp\/v2\/media?parent=54730"}],"curies":[{"name":"wp","href":"https:\/\/api.w.org\/{rel}","templated":true}]}}