{"id":68,"date":"2021-12-20T09:51:32","date_gmt":"2021-12-20T12:51:32","guid":{"rendered":"https:\/\/cbr.org.br\/?page_id=68"},"modified":"2021-12-22T12:12:38","modified_gmt":"2021-12-22T15:12:38","slug":"defesa-profissional-e-relacoes-institucionais","status":"publish","type":"page","link":"https:\/\/cbr.org.br\/es\/defesa-profissional-e-relacoes-institucionais\/","title":{"rendered":"Defensa Profesional y Relaciones Institucionales"},"content":{"rendered":"<p>Mantener di\u00e1logos interdisciplinares en todos los \u00e1mbitos de actuaci\u00f3n del radi\u00f3logo es necesario para defender los intereses de los especialistas. Entendemos que manteniendo un canal abierto de di\u00e1logo con la sociedad, traduciendo Radiolog\u00eda e interactuando con diferentes personas, contribuimos a que todos puedan entender su relevancia.<\/p>\n\n\n\n<div class=\"wp-block-cover has-background-dim\"><img fetchpriority=\"high\" decoding=\"async\" width=\"800\" height=\"457\" class=\"wp-block-cover__image-background wp-image-70\" alt=\"\" src=\"https:\/\/cbr.org.br\/wp-content\/uploads\/2021\/12\/Noticias-Site-CBR_Pacote-de-Pecas_Vitoria-do-CBR-1.png\" data-object-fit=\"cover\" srcset=\"https:\/\/cbr.org.br\/wp-content\/uploads\/2021\/12\/Noticias-Site-CBR_Pacote-de-Pecas_Vitoria-do-CBR-1.png 800w, https:\/\/cbr.org.br\/wp-content\/uploads\/2021\/12\/Noticias-Site-CBR_Pacote-de-Pecas_Vitoria-do-CBR-1-300x171.png 300w, https:\/\/cbr.org.br\/wp-content\/uploads\/2021\/12\/Noticias-Site-CBR_Pacote-de-Pecas_Vitoria-do-CBR-1-768x439.png 768w\" sizes=\"(max-width: 800px) 100vw, 800px\" \/><div class=\"wp-block-cover__inner-container is-layout-flow wp-block-cover-is-layout-flow\">\n<p class=\"has-text-align-center has-large-font-size\"><strong>La victoria de CBR en la acci\u00f3n fiscal puede beneficiar a miles de cl\u00ednicas de Radiolog\u00eda y Diagn\u00f3stico por Imagen<\/strong><\/p>\n<\/div><\/div>\n\n\n\n<p>En momentos dif\u00edciles como el que est\u00e1 viviendo todo el mundo, las noticias positivas dan aliento para seguir adelante. El sector de Diagn\u00f3stico por Im\u00e1genes vivi\u00f3 d\u00edas convulsos en 2020, no solo en Brasil, sino en todo el mundo, que en muchos lugares duran hasta ahora.<\/p>\n\n\n\n<p>Un art\u00edculo publicado en julio de 2020 en la revista Radiology (Sharper Jr RE) reflexionaba sobre la importante reducci\u00f3n del volumen de trabajo en EE. UU., en torno a 40-90%, debido a la pandemia de la COVID-19. En Brasil, estudios han demostrado que la ca\u00edda en la asistencia a laboratorios y cl\u00ednicas lleg\u00f3 a 70%.<\/p>\n\n\n\n<p>Los d\u00edas han sido realmente desafiantes para el sector y el Colegio Brasile\u00f1o de Radiolog\u00eda y Diagn\u00f3stico por Im\u00e1genes (CBR), no solo en este tiempo de pandemia, que se considera un \u201cpunto de inflexi\u00f3n para toda la sociedad\u201d, sino en todos los dem\u00e1s, desde su fundaci\u00f3n, se ha dedicado arduamente a las luchas de la especialidad y act\u00faa estrat\u00e9gicamente para apoyar a los radi\u00f3logos en todas sus necesidades.<\/p>\n\n\n\n<p>Un ejemplo de esto es una reciente e importante victoria que beneficiar\u00e1 a miles de cl\u00ednicas de Radiolog\u00eda y Diagn\u00f3stico por Imagen.<\/p>\n\n\n\n<p>En febrero de 2021, CBR obtuvo una victoria definitiva en un Auto de Mandamus Colectivo presentado a\u00f1os antes, que discut\u00eda la base de c\u00e1lculo para el pago de PIS y COFINS sobre la importaci\u00f3n de equipos m\u00e9dicos.<\/p>\n\n\n\n<p>\u201cEsta victoria permitir\u00e1 a las cl\u00ednicas de Radiolog\u00eda y Diagn\u00f3stico por Imagen del pa\u00eds recuperar los montos pagados en exceso, es decir, alrededor de 3% del valor de cada equipo importado, corregido por la Selic. Ante ese escenario, se aconseja que cada cl\u00ednica verifique internamente las importaciones realizadas entre mayo de 2004 y octubre de 2013, per\u00edodo en que la discusi\u00f3n es viable\u201d, dice Lu\u00eds Ronan, director de la Asociaci\u00f3n Brasile\u00f1a de Cl\u00ednicas de Diagn\u00f3stico por Imagen\u201d.<\/p>\n\n\n\n<p>A partir del triunfo obtenido por la CBR en beneficio de la especialidad, habr\u00e1 que ejecutar&nbsp;<strong>individual<\/strong>&nbsp;por cada una de las cl\u00ednicas que cumplan las condiciones mencionadas anteriormente, con la recopilaci\u00f3n de la documentaci\u00f3n pertinente y el c\u00e1lculo de su cr\u00e9dito.<\/p>\n\n\n\n<p>El documento fundamental para acreditar el pago de impuestos es el&nbsp;<strong>Declaraci\u00f3n de importaci\u00f3n<\/strong>&nbsp;(<strong>DI<\/strong>) en nombre de la cl\u00ednica, como importador. Cada importaci\u00f3n genera su respectivo DI, el cual debe ser anexado al momento de la ejecuci\u00f3n, junto con el c\u00e1lculo de los montos a devolver, adem\u00e1s de la escritura de constituci\u00f3n.<\/p>\n\n\n\n<p>Cl\u00ednicas que no encuentran la Declaraci\u00f3n de Importaci\u00f3n&nbsp;<strong>debe ponerse en contacto con el agente de aduanas responsable de la importaci\u00f3n<\/strong>, que puede proporcionar una forma de acceder al SISCOMEX (<a href=\"http:\/\/siscomex.gov.br\/\">http:\/\/siscomex.gov.br\/<\/a>).<\/p>\n\n\n\n<p>\u201cEste es otro ejemplo m\u00e1s de la importancia de que nuestros colegas radi\u00f3logos sean parte de CBR. Juntos somos mucho m\u00e1s fuertes y llegamos mucho m\u00e1s lejos. Siempre estamos buscando alternativas que realmente nos fortalezcan y nos encaminen a lograr nuestras victorias como clase. Por eso, reitero mi invitaci\u00f3n a los j\u00f3venes residentes y a los m\u00e1s experimentados que aprovechan los beneficios que ofrece la CBR, a participar con nosotros en nuestras iniciativas, porque la victoria es y ser\u00e1 siempre para toda nuestra especialidad\u201d, concluye Valdair. Muglia, presidente de la CBR.<\/p>\n\n\n\n<p>Los miembros que est\u00e1n al d\u00eda con la CBR pueden contar con el apoyo del departamento legal para aclarar dudas y brindar orientaci\u00f3n. Para ello, escribe a&nbsp;<a href=\"mailto:relacionamento@cbr.org.br\">relaci\u00f3n@cbr.org.br<\/a>, informando su nombre y CPF.<\/p>\n\n\n\n<p>Si a\u00fan no eres miembro, no dudes en unirte. Preinscr\u00edbase en el sitio web de CBR (<a href=\"https:\/\/icase.newcbr.itarget.com.br\/estacao\/associa-se\/index\/evento\/1\">https:\/\/icase.newcbr.itarget.com.br\/estacao\/associa-se\/index\/evento\/1<\/a>) y espere a que nuestro equipo de relaciones se comunique con usted.<\/p>\n\n\n\n<h2 class=\"wp-block-heading\">Los pr\u00f3ximos horarios se enumerar\u00e1n aqu\u00ed cuando se confirmen.<\/h2>\n\n\n\n<p><\/p>","protected":false},"excerpt":{"rendered":"<p>Mantener di\u00e1logos interdisciplinares en todos los \u00e1mbitos de actuaci\u00f3n del radi\u00f3logo es necesario para defender los intereses de los especialistas. Entendemos que manteniendo un canal abierto de di\u00e1logo con la sociedad, traduciendo Radiolog\u00eda e interactuando con diferentes personas, contribuimos a que todos puedan entender su relevancia. En tiempos dif\u00edciles como el que est\u00e1 pasando todo el mundo... <a href=\"https:\/\/cbr.org.br\/es\/defesa-profissional-e-relacoes-institucionais\/\">Sigue leyendo<\/a><\/p>","protected":false},"author":8,"featured_media":0,"parent":0,"menu_order":0,"comment_status":"closed","ping_status":"closed","template":"","meta":{"_acf_changed":false,"footnotes":""},"class_list":["post-68","page","type-page","status-publish","hentry"],"acf":[],"_links":{"self":[{"href":"https:\/\/cbr.org.br\/es\/wp-json\/wp\/v2\/pages\/68","targetHints":{"allow":["GET"]}}],"collection":[{"href":"https:\/\/cbr.org.br\/es\/wp-json\/wp\/v2\/pages"}],"about":[{"href":"https:\/\/cbr.org.br\/es\/wp-json\/wp\/v2\/types\/page"}],"author":[{"embeddable":true,"href":"https:\/\/cbr.org.br\/es\/wp-json\/wp\/v2\/users\/8"}],"replies":[{"embeddable":true,"href":"https:\/\/cbr.org.br\/es\/wp-json\/wp\/v2\/comments?post=68"}],"version-history":[{"count":3,"href":"https:\/\/cbr.org.br\/es\/wp-json\/wp\/v2\/pages\/68\/revisions"}],"predecessor-version":[{"id":172,"href":"https:\/\/cbr.org.br\/es\/wp-json\/wp\/v2\/pages\/68\/revisions\/172"}],"wp:attachment":[{"href":"https:\/\/cbr.org.br\/es\/wp-json\/wp\/v2\/media?parent=68"}],"curies":[{"name":"wp","href":"https:\/\/api.w.org\/{rel}","templated":true}]}}