{"id":73,"date":"2021-12-20T09:57:36","date_gmt":"2021-12-20T12:57:36","guid":{"rendered":"https:\/\/cbr.org.br\/?page_id=73"},"modified":"2023-10-20T15:46:42","modified_gmt":"2023-10-20T18:46:42","slug":"procedimentos-radiologicos","status":"publish","type":"page","link":"https:\/\/cbr.org.br\/es\/procedimentos-radiologicos\/","title":{"rendered":"Procedimientos radiol\u00f3gicos"},"content":{"rendered":"<p>El CBR participa activamente en el proceso de actualizaci\u00f3n constante de la Clasificaci\u00f3n Jer\u00e1rquica Brasile\u00f1a de Procedimientos M\u00e9dicos y de la Tabla TUSS (Terminolog\u00eda Unificada para la Salud Complementaria), asegurando que el radi\u00f3logo utilice esa herramienta para evaluar y cubrir de manera justa los costos de la atenci\u00f3n del paciente. Compartimos a continuaci\u00f3n las \u00faltimas actualizaciones de las Resoluciones Normativas publicadas por la Asociaci\u00f3n M\u00e9dica Brasile\u00f1a (AMB):<\/p>\n\n\n\n<p><a href=\"https:\/\/cbr.org.br\/wp-content\/uploads\/2023\/10\/RN-CNHM-064_2023.pdf\">Resoluci\u00f3n Normativa CNHM N\u00b0 064\/2023<\/a><\/p>\n\n\n\n<p><a href=\"https:\/\/cbr.org.br\/wp-content\/uploads\/2023\/10\/RN-CNHM-062_2023.pdf\">Resoluci\u00f3n Normativa CNHM N\u00b0 062\/2023<\/a><\/p>\n\n\n\n<p><a href=\"https:\/\/amb.org.br\/wp-content\/uploads\/2022\/01\/RN-CNHM-056_2022_v2.pdf\" target=\"_blank\" rel=\"noreferrer noopener\">Resoluci\u00f3n Normativa CNHM N\u00b0 056\/202<\/a>2<\/p>\n\n\n\n<p><a href=\"https:\/\/amb.org.br\/wp-content\/uploads\/2021\/12\/RN-CNHM-055_2021.pdf\" target=\"_blank\" rel=\"noreferrer noopener\">Resoluci\u00f3n Normativa CNHM N\u00b0 055\/2021<\/a><\/p>\n\n\n\n<p><a rel=\"noreferrer noopener\" href=\"https:\/\/amb.org.br\/wp-content\/uploads\/2021\/09\/RN-CNHM-054_2021.pdf\" target=\"_blank\">Resoluci\u00f3n Normativa CNHM N\u00b0 054\/2021<\/a><\/p>\n\n\n\n<p><a rel=\"noreferrer noopener\" href=\"https:\/\/amb.org.br\/wp-content\/uploads\/2021\/09\/RN-CNHM-053_2021-1.pdf\" target=\"_blank\">Resoluci\u00f3n Normativa CNHM N\u00b0 053\/2021<\/a><\/p>\n\n\n\n<p><a rel=\"noreferrer noopener\" href=\"https:\/\/amb.org.br\/wp-content\/uploads\/2021\/05\/RN-CNHM-052_2021-1.pdf\" target=\"_blank\">Resoluci\u00f3n Normativa CNHM N\u00b0 052\/2021<\/a><\/p>\n\n\n\n<p><\/p>\n\n\n\n<p><\/p>\n\n\n\n<p><\/p>","protected":false},"excerpt":{"rendered":"<p>El CBR participa activamente en el proceso de actualizaci\u00f3n constante de la Clasificaci\u00f3n Jer\u00e1rquica Brasile\u00f1a de Procedimientos M\u00e9dicos y de la Tabla TUSS (Terminolog\u00eda Unificada para la Salud Complementaria), asegurando que el radi\u00f3logo utilice esa herramienta para la valoraci\u00f3n y justa cobertura de los costos de atenci\u00f3n al paciente. Compartimos a continuaci\u00f3n las \u00faltimas actualizaciones de Resoluciones Normativas emitidas por la Asociaci\u00f3n\u2026 <a href=\"https:\/\/cbr.org.br\/es\/procedimentos-radiologicos\/\">Sigue leyendo<\/a><\/p>","protected":false},"author":8,"featured_media":0,"parent":0,"menu_order":0,"comment_status":"closed","ping_status":"closed","template":"","meta":{"_acf_changed":false,"footnotes":""},"class_list":["post-73","page","type-page","status-publish","hentry"],"acf":[],"_links":{"self":[{"href":"https:\/\/cbr.org.br\/es\/wp-json\/wp\/v2\/pages\/73","targetHints":{"allow":["GET"]}}],"collection":[{"href":"https:\/\/cbr.org.br\/es\/wp-json\/wp\/v2\/pages"}],"about":[{"href":"https:\/\/cbr.org.br\/es\/wp-json\/wp\/v2\/types\/page"}],"author":[{"embeddable":true,"href":"https:\/\/cbr.org.br\/es\/wp-json\/wp\/v2\/users\/8"}],"replies":[{"embeddable":true,"href":"https:\/\/cbr.org.br\/es\/wp-json\/wp\/v2\/comments?post=73"}],"version-history":[{"count":3,"href":"https:\/\/cbr.org.br\/es\/wp-json\/wp\/v2\/pages\/73\/revisions"}],"predecessor-version":[{"id":47181,"href":"https:\/\/cbr.org.br\/es\/wp-json\/wp\/v2\/pages\/73\/revisions\/47181"}],"wp:attachment":[{"href":"https:\/\/cbr.org.br\/es\/wp-json\/wp\/v2\/media?parent=73"}],"curies":[{"name":"wp","href":"https:\/\/api.w.org\/{rel}","templated":true}]}}