{"id":77,"date":"2021-12-20T10:47:49","date_gmt":"2021-12-20T13:47:49","guid":{"rendered":"https:\/\/cbr.org.br\/?page_id=77"},"modified":"2023-02-03T13:30:46","modified_gmt":"2023-02-03T16:30:46","slug":"curso-avr-assistencia-a-vida-em-radiologia","status":"publish","type":"page","link":"https:\/\/cbr.org.br\/es\/curso-avr-assistencia-a-vida-em-radiologia\/","title":{"rendered":"Curso AVR \u2013 Asistencia a la Vida en Radiolog\u00eda"},"content":{"rendered":"<h2 class=\"wp-block-heading\">PRONTO<\/h2>\n\n\n\n<p><\/p>\n\n\n\n<div class=\"wp-block-media-text alignwide is-stacked-on-mobile\"><figure class=\"wp-block-media-text__media\"><img fetchpriority=\"high\" decoding=\"async\" width=\"800\" height=\"457\" src=\"https:\/\/cbr.org.br\/wp-content\/uploads\/2022\/09\/Agenda-Site-CBR_Curso-AVR-2022.png\" alt=\"\" class=\"wp-image-42852 size-full\" srcset=\"https:\/\/cbr.org.br\/wp-content\/uploads\/2022\/09\/Agenda-Site-CBR_Curso-AVR-2022.png 800w, https:\/\/cbr.org.br\/wp-content\/uploads\/2022\/09\/Agenda-Site-CBR_Curso-AVR-2022-445x254.png 445w, https:\/\/cbr.org.br\/wp-content\/uploads\/2022\/09\/Agenda-Site-CBR_Curso-AVR-2022-768x439.png 768w, https:\/\/cbr.org.br\/wp-content\/uploads\/2022\/09\/Agenda-Site-CBR_Curso-AVR-2022-18x10.png 18w\" sizes=\"(max-width: 800px) 100vw, 800px\" \/><\/figure><div class=\"wp-block-media-text__content\">\n<h2 class=\"has-text-align-center wp-block-heading\" id=\"block-9caa7181-9c84-45aa-8406-9624c09f7f40\">Complete su nombre completo y direcci\u00f3n de correo electr\u00f3nico para la pr\u00f3xima clase.<\/h2>\n\n\n\n<div class=\"wp-block-buttons is-layout-flex wp-block-buttons-is-layout-flex\">\n<div class=\"wp-block-button aligncenter is-style-fill\"><a class=\"wp-block-button__link has-blue-background-color has-background wp-element-button\" href=\"mailto:educacao@cbr.org.br\" target=\"_blank\" rel=\"noreferrer noopener\"><strong>Lista de intereses<\/strong><\/a><\/div>\n<\/div>\n<\/div><\/div>\n\n\n\n<h3 class=\"wp-block-heading\"><\/h3>\n\n\n\n<div class=\"wp-block-columns is-layout-flex wp-container-core-columns-is-layout-9d6595d7 wp-block-columns-is-layout-flex\">\n<div class=\"wp-block-column is-layout-flow wp-block-column-is-layout-flow\">\n<p class=\"has-text-align-center\"><\/p>\n<\/div>\n\n\n\n<div class=\"wp-block-column is-layout-flow wp-block-column-is-layout-flow\">\n<p class=\"has-text-align-center\"><strong>:<\/strong><\/p>\n<\/div>\n<\/div>","protected":false},"excerpt":{"rendered":"<p>PRONTO :<\/p>","protected":false},"author":8,"featured_media":0,"parent":0,"menu_order":0,"comment_status":"closed","ping_status":"closed","template":"","meta":{"_acf_changed":false,"footnotes":""},"class_list":["post-77","page","type-page","status-publish","hentry"],"acf":[],"_links":{"self":[{"href":"https:\/\/cbr.org.br\/es\/wp-json\/wp\/v2\/pages\/77","targetHints":{"allow":["GET"]}}],"collection":[{"href":"https:\/\/cbr.org.br\/es\/wp-json\/wp\/v2\/pages"}],"about":[{"href":"https:\/\/cbr.org.br\/es\/wp-json\/wp\/v2\/types\/page"}],"author":[{"embeddable":true,"href":"https:\/\/cbr.org.br\/es\/wp-json\/wp\/v2\/users\/8"}],"replies":[{"embeddable":true,"href":"https:\/\/cbr.org.br\/es\/wp-json\/wp\/v2\/comments?post=77"}],"version-history":[{"count":3,"href":"https:\/\/cbr.org.br\/es\/wp-json\/wp\/v2\/pages\/77\/revisions"}],"predecessor-version":[{"id":43935,"href":"https:\/\/cbr.org.br\/es\/wp-json\/wp\/v2\/pages\/77\/revisions\/43935"}],"wp:attachment":[{"href":"https:\/\/cbr.org.br\/es\/wp-json\/wp\/v2\/media?parent=77"}],"curies":[{"name":"wp","href":"https:\/\/api.w.org\/{rel}","templated":true}]}}