{"id":86,"date":"2021-12-22T11:35:33","date_gmt":"2021-12-22T14:35:33","guid":{"rendered":"https:\/\/cbr.org.br\/?page_id=86"},"modified":"2026-03-23T15:17:43","modified_gmt":"2026-03-23T18:17:43","slug":"normas-selos","status":"publish","type":"page","link":"https:\/\/cbr.org.br\/es\/normas-selos\/","title":{"rendered":"Sellos de Normas"},"content":{"rendered":"<h2 class=\"wp-block-heading\"><strong><strong>Documentos del Programa del Sello de Calidad <\/strong><\/strong><\/h2>\n\n\n\n<div class=\"wp-block-columns is-layout-flex wp-container-core-columns-is-layout-9d6595d7 wp-block-columns-is-layout-flex\">\n<div class=\"wp-block-column is-layout-flow wp-block-column-is-layout-flow\" style=\"flex-basis:200px\">\n<figure class=\"wp-block-image size-medium is-resized\"><img fetchpriority=\"high\" decoding=\"async\" width=\"205\" height=\"300\" src=\"https:\/\/cbr.org.br\/wp-content\/uploads\/2021\/12\/selo-mamografia-205x300.png\" alt=\"\" class=\"wp-image-152\" style=\"width:205px;height:300px\" srcset=\"https:\/\/cbr.org.br\/wp-content\/uploads\/2021\/12\/selo-mamografia-205x300.png 205w, https:\/\/cbr.org.br\/wp-content\/uploads\/2021\/12\/selo-mamografia-701x1024.png 701w, https:\/\/cbr.org.br\/wp-content\/uploads\/2021\/12\/selo-mamografia-768x1122.png 768w, https:\/\/cbr.org.br\/wp-content\/uploads\/2021\/12\/selo-mamografia-1051x1536.png 1051w, https:\/\/cbr.org.br\/wp-content\/uploads\/2021\/12\/selo-mamografia-1401x2048.png 1401w\" sizes=\"(max-width: 205px) 100vw, 205px\" \/><\/figure>\n<\/div>\n\n\n\n<div class=\"wp-block-column is-layout-flow wp-block-column-is-layout-flow\" style=\"padding-top:10px;padding-right:0px;padding-bottom:0px;padding-left:0px;flex-basis:75%\">\n<h3 class=\"wp-block-heading\"><strong>Mamograf\u00eda<\/strong><\/h3>\n\n\n\n<p><a href=\"https:\/\/cbr.org.br\/wp-content\/uploads\/2026\/03\/Normativa-do-Programa-de-Selos-de-Qualidade-MG_2026.pdf\">Reglamento del Programa Sello de Calidad Mamogr\u00e1fica<\/a><\/p>\n\n\n\n<p><a href=\"https:\/\/cbr.org.br\/wp-content\/uploads\/2024\/08\/Manual-INCA_Atualizacao-em-mamografia-tecnicos-radiologia_0.pdf\">Manual INCA<\/a><\/p>\n\n\n\n<p><a href=\"https:\/\/cbr.org.br\/wp-content\/uploads\/2026\/03\/Protocolos-Mama_marco-2026.pdf\">Protocolos de mama<\/a><\/p>\n<\/div>\n<\/div>\n\n\n\n<div class=\"wp-block-columns is-layout-flex wp-container-core-columns-is-layout-9d6595d7 wp-block-columns-is-layout-flex\">\n<div class=\"wp-block-column is-layout-flow wp-block-column-is-layout-flow\" style=\"flex-basis:200px\">\n<figure class=\"wp-block-image size-full\"><img decoding=\"async\" width=\"225\" height=\"365\" src=\"https:\/\/cbr.org.br\/wp-content\/uploads\/2024\/10\/Selo-Raio-X_2024-new.png\" alt=\"\" class=\"wp-image-49831\" srcset=\"https:\/\/cbr.org.br\/wp-content\/uploads\/2024\/10\/Selo-Raio-X_2024-new.png 225w, https:\/\/cbr.org.br\/wp-content\/uploads\/2024\/10\/Selo-Raio-X_2024-new-157x254.png 157w, https:\/\/cbr.org.br\/wp-content\/uploads\/2024\/10\/Selo-Raio-X_2024-new-7x12.png 7w\" sizes=\"(max-width: 225px) 100vw, 225px\" \/><\/figure>\n<\/div>\n\n\n\n<div class=\"wp-block-column is-layout-flow wp-block-column-is-layout-flow\" style=\"padding-top:10px;flex-basis:66.66%\">\n<h3 class=\"wp-block-heading\"><strong>radiograf\u00eda<\/strong><\/h3>\n\n\n\n<p><a href=\"https:\/\/cbr.org.br\/wp-content\/uploads\/2026\/03\/Normativa-do-Programa-de-Selos-de-Qualidade-RX_2026.pdf\">Reglamento del Programa de Sello de Calidad de Rayos X<\/a><\/p>\n<\/div>\n<\/div>\n\n\n\n<div class=\"wp-block-columns is-layout-flex wp-container-core-columns-is-layout-9d6595d7 wp-block-columns-is-layout-flex\">\n<div class=\"wp-block-column is-layout-flow wp-block-column-is-layout-flow\" style=\"flex-basis:200px\">\n<figure class=\"wp-block-image size-medium\"><img decoding=\"async\" width=\"205\" height=\"300\" src=\"https:\/\/cbr.org.br\/wp-content\/uploads\/2021\/12\/selo-ressonancia-205x300.png\" alt=\"\" class=\"wp-image-158\" srcset=\"https:\/\/cbr.org.br\/wp-content\/uploads\/2021\/12\/selo-ressonancia-205x300.png 205w, https:\/\/cbr.org.br\/wp-content\/uploads\/2021\/12\/selo-ressonancia-701x1024.png 701w, https:\/\/cbr.org.br\/wp-content\/uploads\/2021\/12\/selo-ressonancia-768x1122.png 768w, https:\/\/cbr.org.br\/wp-content\/uploads\/2021\/12\/selo-ressonancia-1051x1536.png 1051w, https:\/\/cbr.org.br\/wp-content\/uploads\/2021\/12\/selo-ressonancia-1402x2048.png 1402w\" sizes=\"(max-width: 205px) 100vw, 205px\" \/><\/figure>\n<\/div>\n\n\n\n<div class=\"wp-block-column is-layout-flow wp-block-column-is-layout-flow\" style=\"padding-top:10px;flex-basis:66.66%\">\n<h3 class=\"wp-block-heading\"><strong>Resonancia magn\u00e9tica<\/strong><\/h3>\n\n\n\n<p><a href=\"https:\/\/cbr.org.br\/wp-content\/uploads\/2026\/03\/Normativa-do-Programa-de-Selos-de-Qualidade-RM_2026.pdf\">Normativa del Programa de Sellos de Calidad en Resonancia Magn\u00e9tica<\/a><\/p>\n\n\n\n<p><a href=\"https:\/\/cbr.org.br\/wp-content\/uploads\/2023\/04\/Protocolos-de-Ressonancia-Magnetica.pdf\">Protocolos de resonancia magn\u00e9tica<\/a><\/p>\n\n\n\n<p><a href=\"https:\/\/cbr.org.br\/wp-content\/uploads\/2021\/12\/Equipamentos-de-anestesia-e-assistencia-a-vida-Recomendacoes-CBR.pdf\" data-type=\"URL\" data-id=\"https:\/\/cbr.org.br\/wp-content\/uploads\/2021\/12\/Equipamentos-de-anestesia-e-assistencia-a-vida-Recomendacoes-CBR.pdf\" target=\"_blank\" rel=\"noreferrer noopener\">Equipos de anestesia y soporte vital \u2013 Recomendaciones CBR<\/a><\/p>\n<\/div>\n<\/div>\n\n\n\n<div class=\"wp-block-columns is-layout-flex wp-container-core-columns-is-layout-9d6595d7 wp-block-columns-is-layout-flex\">\n<div class=\"wp-block-column is-layout-flow wp-block-column-is-layout-flow\" style=\"flex-basis:200px\">\n<figure class=\"wp-block-image size-large\"><img loading=\"lazy\" decoding=\"async\" width=\"701\" height=\"1024\" src=\"https:\/\/cbr.org.br\/wp-content\/uploads\/2021\/12\/selo-tomografia-701x1024.png\" alt=\"\" class=\"wp-image-161\" srcset=\"https:\/\/cbr.org.br\/wp-content\/uploads\/2021\/12\/selo-tomografia-701x1024.png 701w, https:\/\/cbr.org.br\/wp-content\/uploads\/2021\/12\/selo-tomografia-205x300.png 205w, https:\/\/cbr.org.br\/wp-content\/uploads\/2021\/12\/selo-tomografia-768x1122.png 768w, https:\/\/cbr.org.br\/wp-content\/uploads\/2021\/12\/selo-tomografia-1051x1536.png 1051w, https:\/\/cbr.org.br\/wp-content\/uploads\/2021\/12\/selo-tomografia-1401x2048.png 1401w\" sizes=\"(max-width: 701px) 100vw, 701px\" \/><\/figure>\n<\/div>\n\n\n\n<div class=\"wp-block-column is-layout-flow wp-block-column-is-layout-flow\" style=\"padding-top:10px;flex-basis:66.66%\">\n<h3 class=\"wp-block-heading\"><strong><strong>Tomograf\u00eda computarizada<\/strong><\/strong><\/h3>\n\n\n\n<p><a href=\"https:\/\/cbr.org.br\/wp-content\/uploads\/2026\/03\/Normativa-do-Programa-de-Selos-de-Qualidade-TC_2025.pdf\">Normativa del Programa de Sellos de Calidad en Tomograf\u00eda Computarizada<\/a><\/p>\n\n\n\n<p><a href=\"https:\/\/cbr.org.br\/wp-content\/uploads\/2022\/03\/Protocolos-de-Tomografia-Computadorizada-1.pdf\" data-type=\"URL\" data-id=\"https:\/\/cbr.org.br\/wp-content\/uploads\/2022\/03\/Protocolos-de-Tomografia-Computadorizada-1.pdf\" target=\"_blank\" rel=\"noreferrer noopener\">Protocolos de tomograf\u00eda computarizada<\/a><\/p>\n\n\n\n<p><a href=\"https:\/\/cbr.org.br\/wp-content\/uploads\/2021\/12\/Equipamentos-de-anestesia-e-assistencia-a-vida-Recomendacoes-CBR.pdf\" data-type=\"URL\" data-id=\"https:\/\/cbr.org.br\/wp-content\/uploads\/2021\/12\/Equipamentos-de-anestesia-e-assistencia-a-vida-Recomendacoes-CBR.pdf\" target=\"_blank\" rel=\"noreferrer noopener\">Equipos de anestesia y soporte vital \u2013 Recomendaciones CBR<\/a><\/p>\n<\/div>\n<\/div>\n\n\n\n<div class=\"wp-block-columns is-layout-flex wp-container-core-columns-is-layout-9d6595d7 wp-block-columns-is-layout-flex\">\n<div class=\"wp-block-column is-layout-flow wp-block-column-is-layout-flow\" style=\"flex-basis:200px\">\n<figure class=\"wp-block-image size-large\"><img loading=\"lazy\" decoding=\"async\" width=\"701\" height=\"1024\" src=\"https:\/\/cbr.org.br\/wp-content\/uploads\/2021\/12\/selo-ultrassonografia-701x1024.png\" alt=\"\" class=\"wp-image-162\" srcset=\"https:\/\/cbr.org.br\/wp-content\/uploads\/2021\/12\/selo-ultrassonografia-701x1024.png 701w, https:\/\/cbr.org.br\/wp-content\/uploads\/2021\/12\/selo-ultrassonografia-205x300.png 205w, https:\/\/cbr.org.br\/wp-content\/uploads\/2021\/12\/selo-ultrassonografia-768x1122.png 768w, https:\/\/cbr.org.br\/wp-content\/uploads\/2021\/12\/selo-ultrassonografia-1051x1536.png 1051w, https:\/\/cbr.org.br\/wp-content\/uploads\/2021\/12\/selo-ultrassonografia-1402x2048.png 1402w\" sizes=\"(max-width: 701px) 100vw, 701px\" \/><\/figure>\n<\/div>\n\n\n\n<div class=\"wp-block-column is-layout-flow wp-block-column-is-layout-flow\" style=\"padding-top:10px;flex-basis:66.66%\">\n<h3 class=\"wp-block-heading\"><strong><strong><strong>ultrasonido<\/strong><\/strong><\/strong><\/h3>\n\n\n\n<p><a href=\"https:\/\/cbr.org.br\/wp-content\/uploads\/2026\/03\/Normativa-do-Programa-de-Selos-de-Qualidade-US_2026.pdf\">Normativa del Programa de Sellos de Calidad en Ultrasonido<\/a><\/p>\n\n\n\n<p><a href=\"https:\/\/cbr.org.br\/wp-content\/uploads\/2025\/11\/Protocolos-de-Ultrassonografia_2025.pdf\">Protocolos de ultrasonido<\/a><\/p>\n<\/div>\n<\/div>\n\n\n\n<div class=\"wp-block-columns is-layout-flex wp-container-core-columns-is-layout-9d6595d7 wp-block-columns-is-layout-flex\">\n<div class=\"wp-block-column is-layout-flow wp-block-column-is-layout-flow\" style=\"flex-basis:200px\">\n<figure class=\"wp-block-image size-full\"><img loading=\"lazy\" decoding=\"async\" width=\"701\" height=\"1024\" src=\"https:\/\/cbr.org.br\/wp-content\/uploads\/2022\/09\/banner-CBR_1024x701px.jpg\" alt=\"\" class=\"wp-image-42869\" srcset=\"https:\/\/cbr.org.br\/wp-content\/uploads\/2022\/09\/banner-CBR_1024x701px.jpg 701w, https:\/\/cbr.org.br\/wp-content\/uploads\/2022\/09\/banner-CBR_1024x701px-370x540.jpg 370w, https:\/\/cbr.org.br\/wp-content\/uploads\/2022\/09\/banner-CBR_1024x701px-174x254.jpg 174w, https:\/\/cbr.org.br\/wp-content\/uploads\/2022\/09\/banner-CBR_1024x701px-8x12.jpg 8w\" sizes=\"(max-width: 701px) 100vw, 701px\" \/><\/figure>\n<\/div>\n\n\n\n<div class=\"wp-block-column is-layout-flow wp-block-column-is-layout-flow\" style=\"padding-top:10px;flex-basis:66.66%\">\n<h3 class=\"wp-block-heading\"><strong><strong><strong>gu\u00edas completas<\/strong><\/strong><\/strong><\/h3>\n\n\n\n<p><a href=\"https:\/\/padi.org.br\/wp-content\/uploads\/2022\/09\/Regulamento_Avaliador-Medico_CBR_SET.2022-2.pdf\">Evaluado<\/a><a href=\"https:\/\/cbr.org.br\/wp-content\/uploads\/2024\/07\/Regulamento_Avaliador-Medico_CBR_SET.2022.pdf\">o M\u00e9dico CBR<\/a><\/p>\n\n\n\n<p><a href=\"https:\/\/cbr.org.br\/wp-content\/uploads\/2025\/02\/Diretrizes-de-Achados-Relevantes_2025_Programas-de-Qualidade-CBR.pdf\">Directrices para la elaboraci\u00f3n de hallazgos relevantes en 2025: programas de calidad del CBR<\/a><\/p>\n\n\n\n<p><a href=\"https:\/\/cbr.org.br\/wp-content\/uploads\/2026\/03\/MANUAL-PARA-SUBMISSAO-DE-EXAMES_2026.pdf\">Manual de presentaci\u00f3n de ex\u00e1menes<\/a><\/p>\n\n\n\n<p><a href=\"https:\/\/cbr.org.br\/wp-content\/uploads\/2022\/04\/Tutorial-Ambra_Submissao-de-imagens_Padi-e-Selos_FEV.22.pdf\">Ambra Tutorial \u2013 Instrucciones para el env\u00edo de ex\u00e1menes<\/a><\/p>\n\n\n\n<p><a href=\"https:\/\/cbr.org.br\/wp-content\/uploads\/2023\/06\/Tutorial-Portal-Selos-CBR.pdf\">Tutorial del portal de sellos CBR<\/a><\/p>\n<\/div>\n<\/div>\n\n\n\n<p><\/p>","protected":false},"excerpt":{"rendered":"<p>Documentos Programa Sello de Calidad en Mamograf\u00eda Normativa del Programa Sello de Calidad en Mamograf\u00eda Manual INCA Protocolos de Mama Rayos X Normativa del Programa Sello de Calidad en Rayos X Resonancia Magn\u00e9tica Normativa del Programa Sello de Calidad en Resonancia Magn\u00e9tica Protocolos de Resonancia Magn\u00e9tica Equipos de anestesia y asistencia vital\u2026 <a href=\"https:\/\/cbr.org.br\/es\/normas-selos\/\">Sigue leyendo<\/a><\/p>","protected":false},"author":8,"featured_media":0,"parent":0,"menu_order":0,"comment_status":"closed","ping_status":"closed","template":"","meta":{"_acf_changed":false,"footnotes":""},"class_list":["post-86","page","type-page","status-publish","hentry"],"acf":[],"_links":{"self":[{"href":"https:\/\/cbr.org.br\/es\/wp-json\/wp\/v2\/pages\/86","targetHints":{"allow":["GET"]}}],"collection":[{"href":"https:\/\/cbr.org.br\/es\/wp-json\/wp\/v2\/pages"}],"about":[{"href":"https:\/\/cbr.org.br\/es\/wp-json\/wp\/v2\/types\/page"}],"author":[{"embeddable":true,"href":"https:\/\/cbr.org.br\/es\/wp-json\/wp\/v2\/users\/8"}],"replies":[{"embeddable":true,"href":"https:\/\/cbr.org.br\/es\/wp-json\/wp\/v2\/comments?post=86"}],"version-history":[{"count":3,"href":"https:\/\/cbr.org.br\/es\/wp-json\/wp\/v2\/pages\/86\/revisions"}],"predecessor-version":[{"id":55175,"href":"https:\/\/cbr.org.br\/es\/wp-json\/wp\/v2\/pages\/86\/revisions\/55175"}],"wp:attachment":[{"href":"https:\/\/cbr.org.br\/es\/wp-json\/wp\/v2\/media?parent=86"}],"curies":[{"name":"wp","href":"https:\/\/api.w.org\/{rel}","templated":true}]}}