{"id":9,"date":"2021-12-04T11:58:04","date_gmt":"2021-12-04T14:58:04","guid":{"rendered":"http:\/\/cbr.local\/?page_id=9"},"modified":"2026-03-31T18:29:35","modified_gmt":"2026-03-31T21:29:35","slug":"cbr-clinicas","status":"publish","type":"page","link":"https:\/\/cbr.org.br\/es\/cbr-clinicas\/","title":{"rendered":"Cl\u00ednicas CBR"},"content":{"rendered":"<figure class=\"wp-block-image size-full is-resized\"><img decoding=\"async\" src=\"https:\/\/cbr.org.br\/wp-content\/uploads\/2021\/12\/CBR-Clinicas.png\" alt=\"\" class=\"wp-image-118\" style=\"width:237px;height:106px\" width=\"237\" height=\"106\" srcset=\"https:\/\/cbr.org.br\/wp-content\/uploads\/2021\/12\/CBR-Clinicas.png 1000w, https:\/\/cbr.org.br\/wp-content\/uploads\/2021\/12\/CBR-Clinicas-300x134.png 300w, https:\/\/cbr.org.br\/wp-content\/uploads\/2021\/12\/CBR-Clinicas-768x344.png 768w\" sizes=\"(max-width: 237px) 100vw, 237px\" \/><\/figure>\n\n\n\n<p>Somos el n\u00facleo del Colegio dedicado a la gesti\u00f3n de cl\u00ednicas de diagn\u00f3stico por im\u00e1genes en todo el pa\u00eds. Aliados a la experiencia acumulada y los resultados obtenidos, desarrollamos productos para fomentar la calidad y sostenibilidad de los servicios de diagn\u00f3stico por imagen, as\u00ed como para defender sus intereses en las negociaciones con los distintos actores del sector.<\/p>\n\n\n\n<p><\/p>","protected":false},"excerpt":{"rendered":"<p>Somos el n\u00facleo del Colegio dedicado a la gesti\u00f3n de cl\u00ednicas de diagn\u00f3stico por im\u00e1genes en todo el pa\u00eds. Aliados a la experiencia acumulada y los resultados obtenidos, desarrollamos productos para fomentar la calidad y sostenibilidad de los servicios de diagn\u00f3stico por imagen, as\u00ed como para defender sus intereses en las negociaciones con los distintos actores del sector.<\/p>","protected":false},"author":15,"featured_media":0,"parent":0,"menu_order":0,"comment_status":"closed","ping_status":"closed","template":"","meta":{"_acf_changed":false,"footnotes":""},"class_list":["post-9","page","type-page","status-publish","hentry"],"acf":[],"_links":{"self":[{"href":"https:\/\/cbr.org.br\/es\/wp-json\/wp\/v2\/pages\/9","targetHints":{"allow":["GET"]}}],"collection":[{"href":"https:\/\/cbr.org.br\/es\/wp-json\/wp\/v2\/pages"}],"about":[{"href":"https:\/\/cbr.org.br\/es\/wp-json\/wp\/v2\/types\/page"}],"author":[{"embeddable":true,"href":"https:\/\/cbr.org.br\/es\/wp-json\/wp\/v2\/users\/15"}],"replies":[{"embeddable":true,"href":"https:\/\/cbr.org.br\/es\/wp-json\/wp\/v2\/comments?post=9"}],"version-history":[{"count":3,"href":"https:\/\/cbr.org.br\/es\/wp-json\/wp\/v2\/pages\/9\/revisions"}],"predecessor-version":[{"id":55218,"href":"https:\/\/cbr.org.br\/es\/wp-json\/wp\/v2\/pages\/9\/revisions\/55218"}],"wp:attachment":[{"href":"https:\/\/cbr.org.br\/es\/wp-json\/wp\/v2\/media?parent=9"}],"curies":[{"name":"wp","href":"https:\/\/api.w.org\/{rel}","templated":true}]}}